{"id":3083,"date":"2022-05-27T14:07:20","date_gmt":"2022-05-27T12:07:20","guid":{"rendered":"https:\/\/www.teldat.com\/cloud-netmanager-gestion-de-red-en-la-red\/"},"modified":"2026-02-26T10:35:34","modified_gmt":"2026-02-26T09:35:34","slug":"net-cloud-administracion-infraestructura-y-gestion-de-redes","status":"publish","type":"page","link":"https:\/\/www.teldat.com\/es\/soluciones\/networking-avanzado\/net-cloud-administracion-infraestructura-y-gestion-de-redes\/","title":{"rendered":"Net Cloud Administraci\u00f3n"},"content":{"rendered":"<p>[et_pb_section fb_built=\u00bb1&#8243; _builder_version=\u00bb4.25.0&#8243; _module_preset=\u00bbdefault\u00bb background_image=\u00bbhttps:\/\/www.teldat.com\/wp-content\/uploads\/2024\/05\/Net-cloud-administration.webp\u00bb min_height=\u00bb520px\u00bb height_tablet=\u00bb\u00bb height_phone=\u00bb374px\u00bb height_last_edited=\u00bbon|phone\u00bb custom_margin_tablet=\u00bb\u00bb custom_margin_phone=\u00bb||-57px||false|false\u00bb custom_margin_last_edited=\u00bbon|phone\u00bb global_colors_info=\u00bb{}\u00bb][et_pb_row column_structure=\u00bb1_2,1_2&#8243; _builder_version=\u00bb4.17.3&#8243; _module_preset=\u00bbdefault\u00bb width_tablet=\u00bb71%\u00bb width_phone=\u00bb81%\u00bb width_last_edited=\u00bbon|phone\u00bb module_alignment=\u00bbcenter\u00bb min_height_tablet=\u00bb\u00bb min_height_phone=\u00bb\u00bb min_height_last_edited=\u00bbon|phone\u00bb height_tablet=\u00bb\u00bb height_phone=\u00bb591px\u00bb height_last_edited=\u00bbon|phone\u00bb custom_margin=\u00bb35px|auto|41px|auto||\u00bb custom_padding=\u00bb1px||0px|||\u00bb module_alignment_tablet=\u00bbleft\u00bb module_alignment_phone=\u00bbleft\u00bb module_alignment_last_edited=\u00bbon|tablet\u00bb global_colors_info=\u00bb{}\u00bb][et_pb_column type=\u00bb1_2&#8243; _builder_version=\u00bb4.17.3&#8243; _module_preset=\u00bbdefault\u00bb global_colors_info=\u00bb{}\u00bb][et_pb_text _builder_version=\u00bb4.27.4&#8243; _module_preset=\u00bbdefault\u00bb text_font=\u00bb|300|||||||\u00bb text_font_size=\u00bb20px\u00bb header_text_align=\u00bbleft\u00bb header_6_text_align=\u00bbleft\u00bb header_6_text_color=\u00bb#0099BB\u00bb background_color=\u00bbrgba(241,246,246,0.66)\u00bb width=\u00bb130.3%\u00bb custom_margin=\u00bb|-76px|-2px|||\u00bb custom_padding=\u00bb54px|24px|54px|33px||\u00bb border_color_all=\u00bb#0099BB\u00bb border_style_all=\u00bbnone\u00bb border_width_left=\u00bb6px\u00bb border_color_left=\u00bb#32244A\u00bb border_style_left=\u00bbsolid\u00bb global_colors_info=\u00bb{}\u00bb]<\/p>\n<h1 class=\"text-center h1-5g\">Toda la infraestructura de la red bajo control<\/h1>\n<p class=\"text-center h2-5g\" style=\"text-align: left;\">Una potente plataforma de gesti\u00f3n en la nube que permite gestionar, monitorizar y controlar todos tus productos Teldat. Tanto routers como puntos de acceso.<\/p>\n<p>[\/et_pb_text][\/et_pb_column][et_pb_column type=\u00bb1_2&#8243; _builder_version=\u00bb4.17.3&#8243; _module_preset=\u00bbdefault\u00bb global_colors_info=\u00bb{}\u00bb][\/et_pb_column][\/et_pb_row][\/et_pb_section][et_pb_section fb_built=\u00bb1&#8243; _builder_version=\u00bb4.17.3&#8243; _module_preset=\u00bbdefault\u00bb custom_padding=\u00bb3px||2px|||\u00bb locked=\u00bboff\u00bb global_colors_info=\u00bb{}\u00bb][et_pb_row _builder_version=\u00bb4.17.3&#8243; _module_preset=\u00bbdefault\u00bb custom_padding=\u00bb7px||9px|||\u00bb global_colors_info=\u00bb{}\u00bb][et_pb_column type=\u00bb4_4&#8243; _builder_version=\u00bb4.17.3&#8243; _module_preset=\u00bbdefault\u00bb global_colors_info=\u00bb{}\u00bb][et_pb_code _builder_version=\u00bb4.17.3&#8243; _module_preset=\u00bbdefault\u00bb text_orientation=\u00bbleft\u00bb custom_margin=\u00bb||-3px|||\u00bb global_colors_info=\u00bb{}\u00bb]<?php if (function_exists('rank_math_the_breadcrumbs')) rank_math_the_breadcrumbs(); ?> <nav aria-label=\"breadcrumbs\" class=\"rank-math-breadcrumb\"><p><span class=\"last\">Home<\/span><\/p><\/nav>[\/et_pb_code][\/et_pb_column][\/et_pb_row][\/et_pb_section][et_pb_section fb_built=\u00bb1&#8243; _builder_version=\u00bb4.17.3&#8243; _module_preset=\u00bbdefault\u00bb custom_padding=\u00bb29px||33px|||\u00bb global_colors_info=\u00bb{}\u00bb][et_pb_row _builder_version=\u00bb4.17.3&#8243; _module_preset=\u00bbdefault\u00bb custom_padding=\u00bb||26px|||\u00bb global_colors_info=\u00bb{}\u00bb][et_pb_column type=\u00bb4_4&#8243; _builder_version=\u00bb4.17.3&#8243; _module_preset=\u00bbdefault\u00bb global_colors_info=\u00bb{}\u00bb][et_pb_text _builder_version=\u00bb4.27.4&#8243; _module_preset=\u00bbdefault\u00bb custom_margin=\u00bb||-8px|||\u00bb global_colors_info=\u00bb{}\u00bb]<\/p>\n<div class=\"row\">\n<div class=\"col-xs-12 col-sm-12 col-md-6 col-lg-6 col-lg-offset-6\">\n<h2 style=\"text-align: center;\">Manteniendo toda la infraestructura de redes bajo control<\/h2>\n<\/div>\n<\/div>\n<p>[\/et_pb_text][et_pb_text _builder_version=\u00bb4.17.3&#8243; _module_preset=\u00bbdefault\u00bb text_font=\u00bb|300|||||||\u00bb width=\u00bb63.2%\u00bb module_alignment=\u00bbcenter\u00bb custom_margin=\u00bb||3px|356px||\u00bb custom_padding=\u00bb17px|||||\u00bb global_colors_info=\u00bb{}\u00bb]<\/p>\n<p style=\"text-align: center;\">Una potente plataforma de gesti\u00f3n en la nube compatible con todos los productos de Teldat que aporta m\u00e1s que la simple gesti\u00f3n del router, proporcionando avanzadas medidas de mantenimiento y de recuperaci\u00f3n ante fallos.<\/p>\n<p>[\/et_pb_text][\/et_pb_column][\/et_pb_row][et_pb_row column_structure=\u00bb1_4,1_4,1_4,1_4&#8243; _builder_version=\u00bb4.17.3&#8243; _module_preset=\u00bbdefault\u00bb module_alignment=\u00bbcenter\u00bb global_colors_info=\u00bb{}\u00bb][et_pb_column type=\u00bb1_4&#8243; _builder_version=\u00bb4.17.3&#8243; _module_preset=\u00bbdefault\u00bb global_colors_info=\u00bb{}\u00bb][et_pb_blurb title=\u00bbVisi\u00f3n de Mercado\u00bb url=\u00bb#market-overview\u00bb image=\u00bbhttps:\/\/www.teldat.com\/wp-content\/uploads\/2022\/05\/Market-Overview-1.png\u00bb image_icon_width=\u00bb100px\u00bb _builder_version=\u00bb4.17.4&#8243; _module_preset=\u00bbdefault\u00bb header_level=\u00bbh2&#8243; header_text_align=\u00bbcenter\u00bb header_text_color=\u00bb#3d8ead\u00bb global_colors_info=\u00bb{}\u00bb][\/et_pb_blurb][\/et_pb_column][et_pb_column type=\u00bb1_4&#8243; _builder_version=\u00bb4.17.3&#8243; _module_preset=\u00bbdefault\u00bb global_colors_info=\u00bb{}\u00bb][et_pb_blurb title=\u00bbIntroducci\u00f3n\u00bb url=\u00bb#introduction\u00bb image=\u00bbhttps:\/\/www.teldat.com\/wp-content\/uploads\/2022\/05\/Introduction-1.png\u00bb image_icon_width=\u00bb100px\u00bb _builder_version=\u00bb4.17.4&#8243; _module_preset=\u00bbdefault\u00bb header_level=\u00bbh2&#8243; header_text_align=\u00bbcenter\u00bb header_text_color=\u00bb#3d8ead\u00bb global_colors_info=\u00bb{}\u00bb][\/et_pb_blurb][\/et_pb_column][et_pb_column type=\u00bb1_4&#8243; _builder_version=\u00bb4.17.3&#8243; _module_preset=\u00bbdefault\u00bb global_colors_info=\u00bb{}\u00bb][et_pb_blurb title=\u00bbSoluci\u00f3n &#038; Productos\u00bb url=\u00bb#solution\u00bb image=\u00bbhttps:\/\/www.teldat.com\/wp-content\/uploads\/2022\/05\/Solutions-1.png\u00bb image_icon_width=\u00bb100px\u00bb _builder_version=\u00bb4.17.4&#8243; _module_preset=\u00bbdefault\u00bb header_level=\u00bbh2&#8243; header_text_align=\u00bbcenter\u00bb header_text_color=\u00bb#3d8ead\u00bb global_colors_info=\u00bb{}\u00bb][\/et_pb_blurb][\/et_pb_column][et_pb_column type=\u00bb1_4&#8243; _builder_version=\u00bb4.17.3&#8243; _module_preset=\u00bbdefault\u00bb global_colors_info=\u00bb{}\u00bb][et_pb_blurb title=\u00bbCaracter\u00edsticas Clave\u00bb url=\u00bb#key-features\u00bb image=\u00bbhttps:\/\/www.teldat.com\/wp-content\/uploads\/2022\/05\/Key-Features-1.png\u00bb image_icon_width=\u00bb100px\u00bb _builder_version=\u00bb4.17.4&#8243; _module_preset=\u00bbdefault\u00bb header_level=\u00bbh2&#8243; header_text_align=\u00bbcenter\u00bb header_text_color=\u00bb#3d8ead\u00bb global_colors_info=\u00bb{}\u00bb][\/et_pb_blurb][\/et_pb_column][\/et_pb_row][\/et_pb_section][et_pb_section fb_built=\u00bb1&#8243; module_id=\u00bbmarket-overview\u00bb _builder_version=\u00bb4.17.4&#8243; _module_preset=\u00bbdefault\u00bb background_color=\u00bb#F1F6F6&#8243; custom_padding=\u00bb31px||33px|||\u00bb animation_style=\u00bbfade\u00bb collapsed=\u00bbon\u00bb global_colors_info=\u00bb{}\u00bb][et_pb_row _builder_version=\u00bb4.17.3&#8243; _module_preset=\u00bbdefault\u00bb custom_padding=\u00bb0px|||||\u00bb global_colors_info=\u00bb{}\u00bb][et_pb_column type=\u00bb4_4&#8243; _builder_version=\u00bb4.17.3&#8243; _module_preset=\u00bbdefault\u00bb global_colors_info=\u00bb{}\u00bb][et_pb_text _builder_version=\u00bb4.17.3&#8243; _module_preset=\u00bbdefault\u00bb custom_margin=\u00bb36px||18px|||\u00bb global_colors_info=\u00bb{}\u00bb]<\/p>\n<h2 class=\"h3-morado-align\" style=\"text-align: left;\">Requisitos de Mercado<\/h2>\n<p>[\/et_pb_text][et_pb_image src=\u00bbhttps:\/\/www.teldat.com\/wp-content\/uploads\/2024\/05\/network-infrastructure-Teldat.webp\u00bb alt=\u00bbnetwork infrastructure Teldat\u00bb title_text=\u00bbnetwork infrastructure Teldat\u00bb align=\u00bbright\u00bb admin_label=\u00bbImagen\u00bb _builder_version=\u00bb4.25.0&#8243; _module_preset=\u00bbdefault\u00bb width=\u00bb39%\u00bb width_tablet=\u00bb45%\u00bb width_phone=\u00bb100%\u00bb width_last_edited=\u00bbon|phone\u00bb module_alignment=\u00bbleft\u00bb custom_margin=\u00bb||50px|15px|false|false\u00bb custom_margin_tablet=\u00bb||50px|50px|false|false\u00bb custom_margin_phone=\u00bb||50px|50px|false|false\u00bb custom_margin_last_edited=\u00bbon|desktop\u00bb custom_css_main_element=\u00bbfloat:right;\u00bb global_colors_info=\u00bb{}\u00bb][\/et_pb_image][et_pb_text _builder_version=\u00bb4.17.3&#8243; _module_preset=\u00bbdefault\u00bb text_font=\u00bb|300|||||||\u00bb global_colors_info=\u00bb{}\u00bb]<\/p>\n<p class=\"bodytext\">La gesti\u00f3n es un aspecto clave en la implementaci\u00f3n y el funcionamiento de redes. Aunque muchos responsables de TI tienden a conceder menos importancia a la gesti\u00f3n que a otras funcionalidades que, en un principio, pueden parecer m\u00e1s importantes, lo cierto es que un sistema de gesti\u00f3n potente y flexible aumenta el rendimiento total de la red, previene fallos puntuales y favorece una r\u00e1pida recuperaci\u00f3n ante fallos.<\/p>\n<p class=\"bodytext\">A medida que la tecnolog\u00eda y el manejo de gran cantidad de datos evolucionan, un creciente n\u00famero de funciones vinculadas a la monitorizaci\u00f3n y al an\u00e1lisis contribuyen a que m\u00e1s informaci\u00f3n est\u00e9 disponible y proporcionan datos valiosos al departamento inform\u00e1tico y al resto de la organizaci\u00f3n.<\/p>\n<p>[\/et_pb_text][\/et_pb_column][\/et_pb_row][\/et_pb_section][et_pb_section fb_built=\u00bb1&#8243; module_id=\u00bbintroduction\u00bb _builder_version=\u00bb4.17.4&#8243; _module_preset=\u00bbdefault\u00bb background_enable_color=\u00bboff\u00bb custom_padding=\u00bb29px||33px|||\u00bb animation_style=\u00bbfade\u00bb collapsed=\u00bbon\u00bb global_colors_info=\u00bb{}\u00bb][et_pb_row _builder_version=\u00bb4.17.3&#8243; _module_preset=\u00bbdefault\u00bb custom_padding=\u00bb0px|||||\u00bb global_colors_info=\u00bb{}\u00bb][et_pb_column type=\u00bb4_4&#8243; _builder_version=\u00bb4.17.3&#8243; _module_preset=\u00bbdefault\u00bb global_colors_info=\u00bb{}\u00bb][et_pb_text _builder_version=\u00bb4.17.3&#8243; _module_preset=\u00bbdefault\u00bb custom_margin=\u00bb36px||18px|||\u00bb global_colors_info=\u00bb{}\u00bb]<\/p>\n<h2>Introducci\u00f3n<\/h2>\n<p>[\/et_pb_text][et_pb_image src=\u00bbhttps:\/\/www.teldat.com\/wp-content\/uploads\/2024\/05\/cloud-management-Teldat.webp\u00bb alt=\u00bbInfraestructura de redes Teldat\u00bb title_text=\u00bbInfraestructura de redes Teldat\u00bb admin_label=\u00bbImagen\u00bb _builder_version=\u00bb4.27.4&#8243; _module_preset=\u00bbdefault\u00bb width=\u00bb42%\u00bb width_tablet=\u00bb45%\u00bb width_phone=\u00bb100%\u00bb width_last_edited=\u00bbon|phone\u00bb custom_margin=\u00bb|20px|28px||false|false\u00bb custom_margin_tablet=\u00bb||50px|50px|false|false\u00bb custom_margin_phone=\u00bb||50px|0px|false|false\u00bb custom_margin_last_edited=\u00bbon|desktop\u00bb custom_css_main_element=\u00bbfloat:left;\u00bb global_colors_info=\u00bb{}\u00bb][\/et_pb_image][et_pb_text _builder_version=\u00bb4.17.4&#8243; _module_preset=\u00bbdefault\u00bb text_font=\u00bb|300|||||||\u00bb global_colors_info=\u00bb{}\u00bb]<\/p>\n<p class=\"bodytext\">La plataforma de gesti\u00f3n en la nube Cloud Management ofrece oportunidades de gesti\u00f3n, monitorizaci\u00f3n y control sobre productos Teldat y proporciona una visi\u00f3n general de la red (desde puntos de acceso a puertos WAN).<\/p>\n<p class=\"bodytext\">Una de las principales ventajas de la plataforma es que puede funcionar en redes cloud tanto p\u00fablicas como privadas (p.ej., en el Centro de Datos del cliente), garantizando as\u00ed altos niveles de protecci\u00f3n en caso de que el cliente deba cumplir ciertas medidas de seguridad especiales.<\/p>\n<p>[\/et_pb_text][\/et_pb_column][\/et_pb_row][\/et_pb_section][et_pb_section fb_built=\u00bb1&#8243; module_id=\u00bbsolution\u00bb _builder_version=\u00bb4.17.4&#8243; _module_preset=\u00bbdefault\u00bb background_color=\u00bb#F1F6F6&#8243; min_height=\u00bb712.5px\u00bb custom_padding=\u00bb22px||21px|||\u00bb animation_style=\u00bbfade\u00bb collapsed=\u00bbon\u00bb global_colors_info=\u00bb{}\u00bb][et_pb_row _builder_version=\u00bb4.17.3&#8243; _module_preset=\u00bbdefault\u00bb custom_padding=\u00bb0px||0px|||\u00bb global_colors_info=\u00bb{}\u00bb][et_pb_column type=\u00bb4_4&#8243; _builder_version=\u00bb4.17.3&#8243; _module_preset=\u00bbdefault\u00bb global_colors_info=\u00bb{}\u00bb][et_pb_text module_id=\u00bbsolution\u00bb _builder_version=\u00bb4.17.3&#8243; _module_preset=\u00bbdefault\u00bb custom_margin=\u00bb36px||18px|||\u00bb global_colors_info=\u00bb{}\u00bb]<\/p>\n<h2 class=\"h3-morado-align\" style=\"text-align: center;\">Soluci\u00f3n<\/h2>\n<p>[\/et_pb_text][et_pb_text content_tablet=\u00bb\u00bb content_phone=\u00bb\u00bb content_last_edited=\u00bbon|phone\u00bb _builder_version=\u00bb4.17.4&#8243; _module_preset=\u00bbdefault\u00bb text_font=\u00bb|300|||||||\u00bb header_4_text_color=\u00bb#0099BB\u00bb global_colors_info=\u00bb{}\u00bb]<\/p>\n<h4>Gesti\u00f3n, monitorizaci\u00f3n y control<\/h4>\n<ul>\n<ul>\n<li>Independientemente del n\u00famero, y la calidad, de los dispositivos que tenga conectados a tu red, el rendimiento de \u00e9sta siempre puede mejorarse. Para ello, es necesario saber con exactitud qu\u00e9 est\u00e1 pasando en tu red y tomar as\u00ed las acciones correctivas necesarias que mejoren su eficiencia, creen configuraciones alternativas o maximicen su fiabilidad.<\/li>\n<\/ul>\n<\/ul>\n<h4>Instalaci\u00f3n de redes en la nube p\u00fablicas o privadas<\/h4>\n<ul>\n<ul>\n<li>Los clientes pueden usar su propia versi\u00f3n del servicio Cloud almacenado en la nube p\u00fablica de Teldat. Cada cliente recibir\u00e1 su propia cuenta de usuario para gestionar sus dispositivos. La principal ventaja de esta opci\u00f3n es que resulta muy f\u00e1cil de utilizar y no requiere un esfuerzo adicional por parte del cliente. La otra opci\u00f3n, para aquellos que precisan un nivel de seguridad m\u00e1s alto, es que el propio cliente instale la aplicaci\u00f3n en su centro de datos.<\/li>\n<\/ul>\n<\/ul>\n<h4>Instalaci\u00f3n y recuperaci\u00f3n<\/h4>\n<ul>\n<ul>\n<li>Si la empresa dispone de un gran n\u00famero de sucursales, el coste y complejidad del funcionamiento y la gesti\u00f3n es un asunto muy a tener en cuenta. Contar con una configuraci\u00f3n sencilla, una interfaz de l\u00ednea de comandos que permite la configuraci\u00f3n de lotes y un protocolo de recuperaci\u00f3n ante fallos que permite recargar y volver a configurar los routers en cuesti\u00f3n de segundos (a partir de un archivo de imagen almacenado en la nube) a\u00f1ade un enorme valor a la infraestructura WAN.<\/li>\n<\/ul>\n<\/ul>\n<h4>Un panorama general de toda la infraestructura Teldat<\/h4>\n<ul>\n<li style=\"list-style-type: none;\">\n<ul>\n<li>Sometemos toda la infraestructura de Teldat (desde puntos de acceso al router y aplicaci\u00f3n m\u00e1s complejos) a un control gr\u00e1fico \u00fanico y central, en el que se incluyen todas las funciones anal\u00edticas y de control.<\/li>\n<\/ul>\n<\/li>\n<\/ul>\n<p>[\/et_pb_text][\/et_pb_column][\/et_pb_row][\/et_pb_section][et_pb_section fb_built=\u00bb1&#8243; _builder_version=\u00bb4.17.3&#8243; _module_preset=\u00bbdefault\u00bb background_enable_color=\u00bboff\u00bb custom_padding=\u00bb29px||40px|||\u00bb animation_style=\u00bbfade\u00bb locked=\u00bboff\u00bb global_colors_info=\u00bb{}\u00bb][et_pb_row _builder_version=\u00bb4.17.3&#8243; _module_preset=\u00bbdefault\u00bb custom_padding=\u00bb0px||0px|||\u00bb global_colors_info=\u00bb{}\u00bb][et_pb_column type=\u00bb4_4&#8243; _builder_version=\u00bb4.17.3&#8243; _module_preset=\u00bbdefault\u00bb global_colors_info=\u00bb{}\u00bb][et_pb_text _builder_version=\u00bb4.27.4&#8243; _module_preset=\u00bbdefault\u00bb custom_margin=\u00bb36px||18px|||\u00bb global_colors_info=\u00bb{}\u00bb]<\/p>\n<h2 style=\"text-align: left;\">Toda la infraestructura de redes bajo control<\/h2>\n<p>[\/et_pb_text][\/et_pb_column][\/et_pb_row][et_pb_row _builder_version=\u00bb4.27.0&#8243; _module_preset=\u00bbdefault\u00bb custom_padding=\u00bb0px||3px|||\u00bb global_colors_info=\u00bb{}\u00bb][et_pb_column type=\u00bb4_4&#8243; _builder_version=\u00bb4.17.3&#8243; _module_preset=\u00bbdefault\u00bb global_colors_info=\u00bb{}\u00bb][et_pb_text _builder_version=\u00bb4.27.0&#8243; _module_preset=\u00bbdefault\u00bb text_font=\u00bb|300|||||||\u00bb width=\u00bb93.6%\u00bb custom_padding=\u00bb|0px||||\u00bb global_colors_info=\u00bb{}\u00bb]<\/p>\n<p>Descubre m\u00e1s acerca de nuestras plataformas de comunicaci\u00f3n para routers de empresa destinados a peque\u00f1as sucursales:\u00a0<\/p>\n<p>[\/et_pb_text][\/et_pb_column][\/et_pb_row][\/et_pb_section][et_pb_section fb_built=\u00bb1&#8243; module_id=\u00bbkey-features\u00bb _builder_version=\u00bb4.17.4&#8243; _module_preset=\u00bbdefault\u00bb background_color=\u00bb#F1F6F6&#8243; custom_padding=\u00bb27px||27px||true|\u00bb animation_style=\u00bbfade\u00bb global_colors_info=\u00bb{}\u00bb][et_pb_row custom_padding_last_edited=\u00bbon|phone\u00bb _builder_version=\u00bb4.17.3&#8243; _module_preset=\u00bbdefault\u00bb custom_margin=\u00bb17px|auto||auto||\u00bb custom_padding=\u00bb0px||0px|||\u00bb custom_padding_tablet=\u00bb0px|||||\u00bb custom_padding_phone=\u00bb0px||37px||false|false\u00bb global_colors_info=\u00bb{}\u00bb][et_pb_column type=\u00bb4_4&#8243; _builder_version=\u00bb4.17.3&#8243; _module_preset=\u00bbdefault\u00bb global_colors_info=\u00bb{}\u00bb][et_pb_text _builder_version=\u00bb4.27.5&#8243; _module_preset=\u00bbdefault\u00bb custom_margin=\u00bb15px||18px|||\u00bb global_colors_info=\u00bb{}\u00bb]<\/p>\n<h2 style=\"text-align: left;\">Caracter\u00edsticas Clave con la Soluci\u00f3n CNM<\/h2>\n<p>[\/et_pb_text][\/et_pb_column][\/et_pb_row][et_pb_row column_structure=\u00bb1_2,1_2&#8243; _builder_version=\u00bb4.17.3&#8243; _module_preset=\u00bbdefault\u00bb custom_padding=\u00bb0px||32px|||\u00bb global_colors_info=\u00bb{}\u00bb][et_pb_column type=\u00bb1_2&#8243; _builder_version=\u00bb4.17.3&#8243; _module_preset=\u00bbdefault\u00bb global_colors_info=\u00bb{}\u00bb][et_pb_text _builder_version=\u00bb4.27.5&#8243; _module_preset=\u00bbdefault\u00bb text_font=\u00bb|300|||||||\u00bb text_text_color=\u00bb#32244A\u00bb hover_enabled=\u00bb0&#8243; global_colors_info=\u00bb{}\u00bb sticky_enabled=\u00bb0&#8243;]<\/p>\n<div class=\"section-content row fondo-morado \">\n<div class=\"col col-lg-12 fondo-morado\">\n<div class=\"section-content row fondo-blanco\">\n<div class=\"col col-lg-12 \">\n<ul class=\"csc-bulletlist csc-bulletlist-0\">\n<li class=\"odd\">Soluci\u00f3n en nube o virtual appliance (VA).<\/li>\n<li class=\"even\">Sistema de licencias escalable por equipo\/aplicaci\u00f3n.<\/li>\n<li class=\"odd\">Aplicaci\u00f3n de plantillas y operaciones batch a grupos.<\/li>\n<li class=\"even\">Control, an\u00e1lisis y aviso de alarmas por snmp\/mail.<\/li>\n<li class=\"odd\">Acceso remoto\/local a la herramienta desde GUI.<\/li>\n<li class=\"even\">Hist\u00f3rico de configuraciones de equipos.<\/li>\n<li class=\"odd\">Dashboard global de la red, por grupos o por equipo.<\/li>\n<li class=\"even\">Seguimiento y log de todas las tareas (auditor\u00edas).<\/li>\n<li class=\"odd\">Grupos y perfiles de usuarios completamente definibles.<\/li>\n<li class=\"even\">Hypervisors est\u00e1ndares para el modo VA.<\/li>\n<li class=\"even\">Gesti\u00f3n estructurada y modular de la configuraci\u00f3n.<\/li>\n<li class=\"even\">Aplicaci\u00f3n controlada de cambios con validaci\u00f3n previa.<\/li>\n<li class=\"even\">Restauraci\u00f3n de configuraciones anteriores (rollback funcional).<\/li>\n<li class=\"even\">Almacenamiento local de m\u00faltiples versiones hist\u00f3ricas de configuraci\u00f3n (m\u00ednimo 5\u201310 backups).<\/li>\n<\/ul>\n<\/div>\n<\/div>\n<\/div>\n<\/div>\n<p>[\/et_pb_text][\/et_pb_column][et_pb_column type=\u00bb1_2&#8243; _builder_version=\u00bb4.17.3&#8243; _module_preset=\u00bbdefault\u00bb global_colors_info=\u00bb{}\u00bb][et_pb_image src=\u00bbhttps:\/\/www.teldat.com\/wp-content\/uploads\/2024\/05\/access-point-Teldat.webp\u00bb alt=\u00bbaccess point Teldat\u00bb title_text=\u00bbaccess point Teldat\u00bb align=\u00bbcenter\u00bb _builder_version=\u00bb4.25.0&#8243; _module_preset=\u00bbdefault\u00bb module_alignment=\u00bbright\u00bb global_colors_info=\u00bb{}\u00bb][\/et_pb_image][\/et_pb_column][\/et_pb_row][\/et_pb_section][et_pb_section fb_built=\u00bb1&#8243; admin_label=\u00bbSecci\u00f3n\u00bb _builder_version=\u00bb4.17.4&#8243; _module_preset=\u00bbdefault\u00bb background_color=\u00bbRGBA(255,255,255,0)\u00bb custom_margin_tablet=\u00bb\u00bb custom_margin_phone=\u00bb||20px||false|false\u00bb custom_margin_last_edited=\u00bbon|phone\u00bb animation_style=\u00bbfade\u00bb locked=\u00bboff\u00bb global_colors_info=\u00bb{}\u00bb][et_pb_row _builder_version=\u00bb4.17.4&#8243; _module_preset=\u00bbdefault\u00bb custom_padding=\u00bb15px||15px||true|false\u00bb global_colors_info=\u00bb{}\u00bb][et_pb_column type=\u00bb4_4&#8243; _builder_version=\u00bb4.17.3&#8243; _module_preset=\u00bbdefault\u00bb global_colors_info=\u00bb{}\u00bb][et_pb_text module_id=\u00bbresults\u00bb _builder_version=\u00bb4.17.4&#8243; _module_preset=\u00bbdefault\u00bb custom_margin=\u00bb||30px||false|false\u00bb custom_padding=\u00bb5px||5px||true|false\u00bb global_colors_info=\u00bb{}\u00bb]<\/p>\n<h2 class=\"text-center txt-color-a h3-5g\" style=\"text-align: center;\">Lee nuestros \u00faltimos posts<\/h2>\n<p>[\/et_pb_text][et_pb_blog fullwidth=\u00bboff\u00bb posts_number=\u00bb3&#8243; include_categories=\u00bb1156,1168&#8243; show_more=\u00bbon\u00bb module_class=\u00bbblog_igualado\u00bb _builder_version=\u00bb4.17.4&#8243; _module_preset=\u00bbdefault\u00bb body_font=\u00bb|300|||||||\u00bb body_font_size=\u00bb16px\u00bb body_line_height=\u00bb1.5em\u00bb meta_font=\u00bb||||||||\u00bb meta_text_color=\u00bb#6694A5&#8243; meta_font_size=\u00bb14px\u00bb meta_line_height=\u00bb1.3em\u00bb read_more_font=\u00bb|300|||||||\u00bb read_more_text_color=\u00bb#45993C\u00bb read_more_line_height=\u00bb2em\u00bb pagination_text_color=\u00bb#45993C\u00bb display_conditions=\u00bbW10=\u00bb custom_margin=\u00bb0px||30px||false|false\u00bb box_shadow_style=\u00bbpreset3&#8243; global_colors_info=\u00bb{}\u00bb][\/et_pb_blog][\/et_pb_column][\/et_pb_row][\/et_pb_section]<\/p>\n","protected":false},"excerpt":{"rendered":"<p>Toda la infraestructura de la red bajo control Una potente plataforma de gesti\u00f3n en la nube que permite gestionar, monitorizar y controlar todos tus productos Teldat. Tanto routers como puntos de acceso. <nav aria-label=\"breadcrumbs\" class=\"rank-math-breadcrumb\"><p><span class=\"last\">Home<\/span><\/p><\/nav> Manteniendo toda la infraestructura de redes bajo control Una potente plataforma de gesti\u00f3n en la nube compatible con todos los productos de [&hellip;]<\/p>\n","protected":false},"author":242,"featured_media":0,"parent":8301,"menu_order":0,"comment_status":"closed","ping_status":"closed","template":"","meta":{"_acf_changed":false,"_et_pb_use_builder":"on","_et_pb_old_content":"","_et_gb_content_width":"","footnotes":""},"class_list":["post-3083","page","type-page","status-publish","hentry"],"acf":[],"wpml_current_locale":"es_ES","wpml_translations":[{"locale":"en_US","id":3076,"slug":"net-cloud-administration-network-infrastructure-network-management","post_title":"Net Cloud Administration","href":"https:\/\/www.teldat.com\/solutions\/advanced-networking\/net-cloud-administration-network-infrastructure-network-management\/"}],"_links":{"self":[{"href":"https:\/\/www.teldat.com\/es\/wp-json\/wp\/v2\/pages\/3083","targetHints":{"allow":["GET"]}}],"collection":[{"href":"https:\/\/www.teldat.com\/es\/wp-json\/wp\/v2\/pages"}],"about":[{"href":"https:\/\/www.teldat.com\/es\/wp-json\/wp\/v2\/types\/page"}],"author":[{"embeddable":true,"href":"https:\/\/www.teldat.com\/es\/wp-json\/wp\/v2\/users\/242"}],"replies":[{"embeddable":true,"href":"https:\/\/www.teldat.com\/es\/wp-json\/wp\/v2\/comments?post=3083"}],"version-history":[{"count":4,"href":"https:\/\/www.teldat.com\/es\/wp-json\/wp\/v2\/pages\/3083\/revisions"}],"predecessor-version":[{"id":75565,"href":"https:\/\/www.teldat.com\/es\/wp-json\/wp\/v2\/pages\/3083\/revisions\/75565"}],"up":[{"embeddable":true,"href":"https:\/\/www.teldat.com\/es\/wp-json\/wp\/v2\/pages\/8301"}],"wp:attachment":[{"href":"https:\/\/www.teldat.com\/es\/wp-json\/wp\/v2\/media?parent=3083"}],"curies":[{"name":"wp","href":"https:\/\/api.w.org\/{rel}","templated":true}]}}