{"id":3156,"date":"2022-05-27T21:19:17","date_gmt":"2022-05-27T19:19:17","guid":{"rendered":"https:\/\/www.teldat.com\/sdwan-faqs-datacenter-edge\/"},"modified":"2022-06-05T12:01:23","modified_gmt":"2022-06-05T10:01:23","slug":"sdwan-faqs-datacenter-edge","status":"publish","type":"page","link":"https:\/\/www.teldat.com\/es\/sdwan-faqs-datacenter-edge\/","title":{"rendered":"SDWAN FAQs -Datacenter Edge"},"content":{"rendered":"<p>[et_pb_section fb_built=\u00bb1&#8243; _builder_version=\u00bb4.17.3&#8243; _module_preset=\u00bbdefault\u00bb background_image=\u00bbhttps:\/\/www.teldat.com\/wp-content\/uploads\/2022\/04\/Captura-de-Pantalla-2022-04-28-a-las-18.12.03.png\u00bb parallax=\u00bbon\u00bb height_tablet=\u00bb\u00bb height_phone=\u00bb374px\u00bb height_last_edited=\u00bbon|phone\u00bb custom_margin_tablet=\u00bb\u00bb custom_margin_phone=\u00bb||-57px||false|false\u00bb custom_margin_last_edited=\u00bbon|phone\u00bb da_disable_devices=\u00bboff|off|off\u00bb global_colors_info=\u00bb{}\u00bb da_is_popup=\u00bboff\u00bb da_exit_intent=\u00bboff\u00bb da_has_close=\u00bbon\u00bb da_alt_close=\u00bboff\u00bb da_dark_close=\u00bboff\u00bb da_not_modal=\u00bbon\u00bb da_is_singular=\u00bboff\u00bb da_with_loader=\u00bboff\u00bb da_has_shadow=\u00bbon\u00bb][et_pb_row column_structure=\u00bb1_2,1_2&#8243; _builder_version=\u00bb4.17.3&#8243; _module_preset=\u00bbdefault\u00bb width_tablet=\u00bb71%\u00bb width_phone=\u00bb81%\u00bb width_last_edited=\u00bbon|phone\u00bb module_alignment=\u00bbcenter\u00bb min_height_tablet=\u00bb\u00bb min_height_phone=\u00bb\u00bb min_height_last_edited=\u00bbon|phone\u00bb height_tablet=\u00bb\u00bb height_phone=\u00bb591px\u00bb height_last_edited=\u00bbon|phone\u00bb custom_margin=\u00bb35px|auto|41px|auto||\u00bb custom_padding=\u00bb1px||0px|||\u00bb module_alignment_tablet=\u00bbleft\u00bb module_alignment_phone=\u00bbleft\u00bb module_alignment_last_edited=\u00bbon|tablet\u00bb global_colors_info=\u00bb{}\u00bb][et_pb_column type=\u00bb1_2&#8243; _builder_version=\u00bb4.17.3&#8243; _module_preset=\u00bbdefault\u00bb global_colors_info=\u00bb{}\u00bb][et_pb_text _builder_version=\u00bb4.17.3&#8243; _module_preset=\u00bbdefault\u00bb text_font=\u00bb|300|||||||\u00bb text_font_size=\u00bb20px\u00bb header_text_align=\u00bbleft\u00bb header_6_text_align=\u00bbleft\u00bb header_6_text_color=\u00bb#0099BB\u00bb background_color=\u00bbrgba(241,246,246,0.66)\u00bb width=\u00bb130.3%\u00bb custom_margin=\u00bb|-76px|-2px|||\u00bb custom_padding=\u00bb54px|24px|54px|33px||\u00bb border_color_all=\u00bb#0099BB\u00bb border_style_all=\u00bbnone\u00bb border_width_left=\u00bb6px\u00bb border_color_left=\u00bb#32244A\u00bb border_style_left=\u00bbsolid\u00bb global_colors_info=\u00bb{}\u00bb]<\/p>\n<h1 class=\"text-center h1-5g\">SDWAN FAQs -Datacenter Edge<\/h1>\n<p>[\/et_pb_text][\/et_pb_column][et_pb_column type=\u00bb1_2&#8243; _builder_version=\u00bb4.17.3&#8243; _module_preset=\u00bbdefault\u00bb global_colors_info=\u00bb{}\u00bb][\/et_pb_column][\/et_pb_row][\/et_pb_section][et_pb_section fb_built=\u00bb1&#8243; _builder_version=\u00bb4.17.3&#8243; _module_preset=\u00bbdefault\u00bb custom_padding=\u00bb3px||2px|||\u00bb da_disable_devices=\u00bboff|off|off\u00bb global_colors_info=\u00bb{}\u00bb locked=\u00bboff\u00bb da_is_popup=\u00bboff\u00bb da_exit_intent=\u00bboff\u00bb da_has_close=\u00bbon\u00bb da_alt_close=\u00bboff\u00bb da_dark_close=\u00bboff\u00bb da_not_modal=\u00bbon\u00bb da_is_singular=\u00bboff\u00bb da_with_loader=\u00bboff\u00bb da_has_shadow=\u00bbon\u00bb][et_pb_row _builder_version=\u00bb4.17.3&#8243; _module_preset=\u00bbdefault\u00bb custom_padding=\u00bb7px||9px|||\u00bb global_colors_info=\u00bb{}\u00bb][et_pb_column type=\u00bb4_4&#8243; _builder_version=\u00bb4.17.3&#8243; _module_preset=\u00bbdefault\u00bb global_colors_info=\u00bb{}\u00bb][et_pb_code _builder_version=\u00bb4.17.3&#8243; _module_preset=\u00bbdefault\u00bb text_orientation=\u00bbleft\u00bb custom_margin=\u00bb||-3px|||\u00bb global_colors_info=\u00bb{}\u00bb]<?php if (function_exists('rank_math_the_breadcrumbs')) rank_math_the_breadcrumbs(); ?> <nav aria-label=\"breadcrumbs\" class=\"rank-math-breadcrumb\"><p><span class=\"last\">Home<\/span><\/p><\/nav>[\/et_pb_code][\/et_pb_column][\/et_pb_row][\/et_pb_section][et_pb_section fb_built=\u00bb1&#8243; _builder_version=\u00bb4.17.3&#8243; _module_preset=\u00bbdefault\u00bb custom_margin=\u00bb||-2px|||\u00bb da_disable_devices=\u00bboff|off|off\u00bb global_colors_info=\u00bb{}\u00bb da_is_popup=\u00bboff\u00bb da_exit_intent=\u00bboff\u00bb da_has_close=\u00bbon\u00bb da_alt_close=\u00bboff\u00bb da_dark_close=\u00bboff\u00bb da_not_modal=\u00bbon\u00bb da_is_singular=\u00bboff\u00bb da_with_loader=\u00bboff\u00bb da_has_shadow=\u00bbon\u00bb][et_pb_row _builder_version=\u00bb4.17.3&#8243; _module_preset=\u00bbdefault\u00bb custom_padding=\u00bb0px||0px|||\u00bb global_colors_info=\u00bb{}\u00bb][et_pb_column type=\u00bb4_4&#8243; _builder_version=\u00bb4.17.3&#8243; _module_preset=\u00bbdefault\u00bb global_colors_info=\u00bb{}\u00bb][et_pb_text module_id=\u00bbsolution\u00bb _builder_version=\u00bb4.17.3&#8243; _module_preset=\u00bbdefault\u00bb custom_margin=\u00bb36px||18px|||\u00bb global_colors_info=\u00bb{}\u00bb]<\/p>\n<h2 class=\"csc-firstHeader\" style=\"text-align: center;\">FAQs<\/h2>\n<p>[\/et_pb_text][et_pb_text _builder_version=\u00bb4.17.3&#8243; _module_preset=\u00bbdefault\u00bb header_3_text_color=\u00bb#0099BB\u00bb custom_margin=\u00bb||-2px|||\u00bb custom_margin_tablet=\u00bb||-2px|||\u00bb custom_margin_phone=\u00bb||10px||false|false\u00bb custom_margin_last_edited=\u00bbon|phone\u00bb custom_padding=\u00bb5px||0px|||\u00bb link_option_url=\u00bb#1&#8243; global_colors_info=\u00bb{}\u00bb]<\/p>\n<h3 class=\"p1\"><span class=\"s1\">1. \u00bfQu\u00e9 es y cu\u00e1l es la funci\u00f3n del elemento \u201cDatacenter Edge\u201d?<\/span><\/h3>\n<p>[\/et_pb_text][et_pb_text _builder_version=\u00bb4.17.3&#8243; _module_preset=\u00bbdefault\u00bb header_3_text_color=\u00bb#0099BB\u00bb custom_margin=\u00bb||-2px|||\u00bb custom_margin_tablet=\u00bb||-2px|||\u00bb custom_margin_phone=\u00bb||10px||false|false\u00bb custom_margin_last_edited=\u00bbon|phone\u00bb custom_padding=\u00bb5px||0px|||\u00bb link_option_url=\u00bb#2&#8243; global_colors_info=\u00bb{}\u00bb]<\/p>\n<h3>2. \u00bfCu\u00e1les son las posibilidades de elecci\u00f3n de elementos \u201cDatacenter Edge\u201d?<\/h3>\n<p>[\/et_pb_text][et_pb_text _builder_version=\u00bb4.17.3&#8243; _module_preset=\u00bbdefault\u00bb header_3_text_color=\u00bb#0099BB\u00bb custom_margin=\u00bb||-2px|||\u00bb custom_margin_tablet=\u00bb||-2px|||\u00bb custom_margin_phone=\u00bb||10px||false|false\u00bb custom_margin_last_edited=\u00bbon|phone\u00bb custom_padding=\u00bb5px||0px|||\u00bb link_option_url=\u00bb#3&#8243; global_colors_info=\u00bb{}\u00bb]<\/p>\n<h3>3. \u00bfSe soporta redundancia de \u201cDatacenter Edge\u201d?<\/h3>\n<p>[\/et_pb_text][et_pb_text _builder_version=\u00bb4.17.3&#8243; _module_preset=\u00bbdefault\u00bb header_3_text_color=\u00bb#0099BB\u00bb custom_margin=\u00bb||-2px|||\u00bb custom_margin_tablet=\u00bb||-2px|||\u00bb custom_margin_phone=\u00bb||10px||false|false\u00bb custom_margin_last_edited=\u00bbon|phone\u00bb custom_padding=\u00bb5px||0px|||\u00bb link_option_url=\u00bb#4&#8243; global_colors_info=\u00bb{}\u00bb]<\/p>\n<h3>4. \u00bfSe soporta redundancia de \u201cDatacenter Edge\u201d? \u00bfSe soporta escalabilidad de \u201cDatacenter Edge\u201d?<\/h3>\n<p>[\/et_pb_text][\/et_pb_column][\/et_pb_row][\/et_pb_section][et_pb_section fb_built=\u00bb1&#8243; module_id=\u00bbSolution\u00bb _builder_version=\u00bb4.17.3&#8243; _module_preset=\u00bbdefault\u00bb background_color=\u00bb#F1F6F6&#8243; min_height=\u00bb712.5px\u00bb custom_padding=\u00bb62px||62px||true|\u00bb animation_style=\u00bbfade\u00bb da_disable_devices=\u00bboff|off|off\u00bb global_colors_info=\u00bb{}\u00bb da_is_popup=\u00bboff\u00bb da_exit_intent=\u00bboff\u00bb da_has_close=\u00bbon\u00bb da_alt_close=\u00bboff\u00bb da_dark_close=\u00bboff\u00bb da_not_modal=\u00bbon\u00bb da_is_singular=\u00bboff\u00bb da_with_loader=\u00bboff\u00bb da_has_shadow=\u00bbon\u00bb][et_pb_row _builder_version=\u00bb4.17.3&#8243; _module_preset=\u00bbdefault\u00bb custom_padding=\u00bb2px|||||\u00bb global_colors_info=\u00bb{}\u00bb][et_pb_column type=\u00bb4_4&#8243; _builder_version=\u00bb4.17.3&#8243; _module_preset=\u00bbdefault\u00bb global_colors_info=\u00bb{}\u00bb][et_pb_text module_id=\u00bb1&#8243; _builder_version=\u00bb4.17.3&#8243; _module_preset=\u00bbdefault\u00bb text_font=\u00bb|300|||||||\u00bb header_2_font_size=\u00bb25px\u00bb header_3_text_color=\u00bb#0099BB\u00bb custom_margin=\u00bb||36px|||\u00bb header_2_font_size_tablet=\u00bb25px\u00bb header_2_font_size_phone=\u00bb25px\u00bb header_2_font_size_last_edited=\u00bbon|phone\u00bb global_colors_info=\u00bb{}\u00bb]<\/p>\n<div id=\"c37552\" class=\"csc-default\">\n<h3>1. \u00bfQu\u00e9 es y cu\u00e1l es la funci\u00f3n del elemento \u201cDatacenter Edge\u201d?<\/h3>\n<\/div>\n<div id=\"c37550\" class=\"csc-default\">\n<div class=\"csc-textpic-text\">\n<p class=\"bodytext\">Es un \u201cconcentrador de VPNs\u201d al que se conectan los puntos remotos utilizando las redes f\u00edsicas (\u201cunderlay\u201d) y estableciendo t\u00faneles para construir la red privada (\u201coverlay\u201d). Por otro lado, el Datacenter Edge se conecta a la red interna de un Datacenter en el cual se alojan servicios\/aplicaciones, dando acceso a los mismos desde los puntos remotos a trav\u00e9s del overlay.<\/p>\n<\/div>\n<\/div>\n<p>[\/et_pb_text][et_pb_text module_id=\u00bb2&#8243; _builder_version=\u00bb4.17.3&#8243; _module_preset=\u00bbdefault\u00bb text_font=\u00bb|300|||||||\u00bb header_2_font_size=\u00bb25px\u00bb header_3_text_color=\u00bb#0099BB\u00bb custom_margin=\u00bb||36px|||\u00bb global_colors_info=\u00bb{}\u00bb]<\/p>\n<div id=\"c37552\" class=\"csc-default\">\n<div id=\"c37546\" class=\"csc-default\">\n<h3>2. \u00bfCu\u00e1les son las posibilidades de elecci\u00f3n de elementos \u201cDatacenter Edge\u201d?<\/h3>\n<\/div>\n<div id=\"c37544\" class=\"csc-default\">\n<div class=\"csc-textpic-text\">\n<p>Para redes peque\u00f1as de hasta 200 puntos remotos y un agregado de 300Mbps est\u00e1 disponible una soluci\u00f3n basada en hardware propietario, Teldat RXL14000.<\/p>\n<p>Para cualquier tama\u00f1o de red, el software vRXL, disponible en formato ISO, para ejecutarse en bare-metal o en una m\u00e1quina virtual sobre KVM, o en formato AMI (Amazon Machine Image) para ejecutarse en Amazon.<\/p>\n<\/div>\n<\/div>\n<\/div>\n<p>[\/et_pb_text][et_pb_text module_id=\u00bb3&#8243; _builder_version=\u00bb4.17.3&#8243; _module_preset=\u00bbdefault\u00bb text_font=\u00bb|300|||||||\u00bb header_2_font_size=\u00bb25px\u00bb header_3_text_color=\u00bb#0099BB\u00bb custom_margin=\u00bb||36px|||\u00bb global_colors_info=\u00bb{}\u00bb]<\/p>\n<div id=\"c37552\" class=\"csc-default\">\n<div id=\"c37546\" class=\"csc-default\">\n<div id=\"c37540\" class=\"csc-default\">\n<h3>3. \u00bfSe soporta redundancia de \u201cDatacenter Edge\u201d?<\/h3>\n<\/div>\n<div id=\"c37538\" class=\"csc-default\">\n<div class=\"csc-textpic-text\">\n<p class=\"bodytext\">Si, se pueden instalar 2 Datacenters Edge en configuraci\u00f3n de alta disponibilidad en modo activo\/activo, es decir en situaci\u00f3n normal cada uno soporta X puntos remotos y si uno de ellos cae, los X puntos remotos que conectaban al Datacenter Edge ca\u00eddo, pasan a conectar con el Datacenter Edge, que por lo tanto dar\u00eda servicio a 2X puntos remotos.<\/p>\n<\/div>\n<\/div>\n<\/div>\n<\/div>\n<p>[\/et_pb_text][et_pb_text module_id=\u00bb4&#8243; _builder_version=\u00bb4.17.3&#8243; _module_preset=\u00bbdefault\u00bb text_font=\u00bb|300|||||||\u00bb header_2_font_size=\u00bb25px\u00bb header_3_text_color=\u00bb#0099BB\u00bb custom_margin=\u00bb||36px|||\u00bb global_colors_info=\u00bb{}\u00bb]<\/p>\n<div id=\"c37552\" class=\"csc-default\">\n<div id=\"c37546\" class=\"csc-default\">\n<div id=\"c37534\" class=\"csc-default\">\n<h3>4. \u00bfSe soporta escalabilidad de \u201cDatacenter Edge\u201d?<\/h3>\n<\/div>\n<div id=\"c37532\" class=\"csc-default\">\n<div class=\"csc-textpic-text\">\n<p class=\"bodytext\">Si. Un Datacenter Edge (o pareja de ellos en modo redundante) da servicio a un n\u00famero determinado de oficinas y soporta un determinado throughput agregado, pero pueden instalarse tantos Datacenter Edges (o parejas de ellos en modo redundante) como se deseen.<\/p>\n<\/div>\n<\/div>\n<\/div>\n<\/div>\n<p>[\/et_pb_text][\/et_pb_column][\/et_pb_row][\/et_pb_section][et_pb_section fb_built=\u00bb1&#8243; admin_label=\u00bbSecci\u00f3n\u00bb _builder_version=\u00bb4.17.3&#8243; _module_preset=\u00bbdefault\u00bb animation_style=\u00bbfade\u00bb da_disable_devices=\u00bboff|off|off\u00bb global_colors_info=\u00bb{}\u00bb da_is_popup=\u00bboff\u00bb da_exit_intent=\u00bboff\u00bb da_has_close=\u00bbon\u00bb da_alt_close=\u00bboff\u00bb da_dark_close=\u00bboff\u00bb da_not_modal=\u00bbon\u00bb da_is_singular=\u00bboff\u00bb da_with_loader=\u00bboff\u00bb da_has_shadow=\u00bbon\u00bb][et_pb_row _builder_version=\u00bb4.17.3&#8243; _module_preset=\u00bbdefault\u00bb custom_padding=\u00bb34px||2px||false|\u00bb global_colors_info=\u00bb{}\u00bb][et_pb_column type=\u00bb4_4&#8243; _builder_version=\u00bb4.17.3&#8243; _module_preset=\u00bbdefault\u00bb global_colors_info=\u00bb{}\u00bb][et_pb_text module_id=\u00bbresults\u00bb _builder_version=\u00bb4.17.3&#8243; _module_preset=\u00bbdefault\u00bb custom_margin=\u00bb1px||18px|||\u00bb global_colors_info=\u00bb{}\u00bb]<\/p>\n<h2 class=\"text-center txt-color-a h3-5g\" style=\"text-align: center;\">Lea nuestros \u00faltimos art\u00edculos<\/h2>\n<p>[\/et_pb_text][\/et_pb_column][\/et_pb_row][et_pb_row _builder_version=\u00bb4.17.3&#8243; _module_preset=\u00bbdefault\u00bb global_colors_info=\u00bb{}\u00bb][et_pb_column type=\u00bb4_4&#8243; _builder_version=\u00bb4.17.3&#8243; _module_preset=\u00bbdefault\u00bb global_colors_info=\u00bb{}\u00bb][et_pb_blog fullwidth=\u00bboff\u00bb posts_number=\u00bb3&#8243; show_author=\u00bboff\u00bb show_categories=\u00bboff\u00bb _builder_version=\u00bb4.17.3&#8243; _module_preset=\u00bbdefault\u00bb meta_text_color=\u00bb#6694A5&#8243; meta_font_size=\u00bb14px\u00bb global_colors_info=\u00bb{}\u00bb][\/et_pb_blog][\/et_pb_column][\/et_pb_row][\/et_pb_section]<\/p>\n","protected":false},"excerpt":{"rendered":"<p>SDWAN FAQs -Datacenter Edge <nav aria-label=\"breadcrumbs\" class=\"rank-math-breadcrumb\"><p><span class=\"last\">Home<\/span><\/p><\/nav>FAQs1. \u00bfQu\u00e9 es y cu\u00e1l es la funci\u00f3n del elemento \u201cDatacenter Edge\u201d?2. \u00bfCu\u00e1les son las posibilidades de elecci\u00f3n de elementos \u201cDatacenter Edge\u201d?3. \u00bfSe soporta redundancia de \u201cDatacenter Edge\u201d?4. \u00bfSe soporta redundancia de \u201cDatacenter Edge\u201d? \u00bfSe soporta escalabilidad de \u201cDatacenter Edge\u201d? 1. \u00bfQu\u00e9 es y cu\u00e1l es la funci\u00f3n del elemento \u201cDatacenter [&hellip;]<\/p>\n","protected":false},"author":242,"featured_media":0,"parent":0,"menu_order":0,"comment_status":"closed","ping_status":"closed","template":"","meta":{"_acf_changed":false,"_et_pb_use_builder":"on","_et_pb_old_content":"","_et_gb_content_width":"","footnotes":""},"class_list":["post-3156","page","type-page","status-publish","hentry"],"acf":[],"wpml_current_locale":"es_ES","wpml_translations":[],"_links":{"self":[{"href":"https:\/\/www.teldat.com\/es\/wp-json\/wp\/v2\/pages\/3156","targetHints":{"allow":["GET"]}}],"collection":[{"href":"https:\/\/www.teldat.com\/es\/wp-json\/wp\/v2\/pages"}],"about":[{"href":"https:\/\/www.teldat.com\/es\/wp-json\/wp\/v2\/types\/page"}],"author":[{"embeddable":true,"href":"https:\/\/www.teldat.com\/es\/wp-json\/wp\/v2\/users\/242"}],"replies":[{"embeddable":true,"href":"https:\/\/www.teldat.com\/es\/wp-json\/wp\/v2\/comments?post=3156"}],"version-history":[{"count":0,"href":"https:\/\/www.teldat.com\/es\/wp-json\/wp\/v2\/pages\/3156\/revisions"}],"wp:attachment":[{"href":"https:\/\/www.teldat.com\/es\/wp-json\/wp\/v2\/media?parent=3156"}],"curies":[{"name":"wp","href":"https:\/\/api.w.org\/{rel}","templated":true}]}}