{"id":3181,"date":"2022-05-27T22:17:56","date_gmt":"2022-05-27T20:17:56","guid":{"rendered":"https:\/\/www.teldat.com\/inspeccion-profunda-de-paquetes-dpi-visibilidad\/"},"modified":"2022-06-05T12:01:34","modified_gmt":"2022-06-05T10:01:34","slug":"inspeccion-profunda-de-paquetes-dpi-visibilidad","status":"publish","type":"page","link":"https:\/\/www.teldat.com\/es\/inspeccion-profunda-de-paquetes-dpi-visibilidad\/","title":{"rendered":"Inspecci\u00f3n Profunda de Paquetes (DPI) \/ Visibilidad"},"content":{"rendered":"<p>[et_pb_section fb_built=\u00bb1&#8243; _builder_version=\u00bb4.17.3&#8243; _module_preset=\u00bbdefault\u00bb background_image=\u00bbhttps:\/\/www.teldat.com\/wp-content\/uploads\/2022\/04\/Captura-de-Pantalla-2022-04-28-a-las-18.12.03.png\u00bb parallax=\u00bbon\u00bb height_tablet=\u00bb\u00bb height_phone=\u00bb374px\u00bb height_last_edited=\u00bbon|phone\u00bb custom_margin_tablet=\u00bb\u00bb custom_margin_phone=\u00bb||-57px||false|false\u00bb custom_margin_last_edited=\u00bbon|phone\u00bb da_disable_devices=\u00bboff|off|off\u00bb global_colors_info=\u00bb{}\u00bb da_is_popup=\u00bboff\u00bb da_exit_intent=\u00bboff\u00bb da_has_close=\u00bbon\u00bb da_alt_close=\u00bboff\u00bb da_dark_close=\u00bboff\u00bb da_not_modal=\u00bbon\u00bb da_is_singular=\u00bboff\u00bb da_with_loader=\u00bboff\u00bb da_has_shadow=\u00bbon\u00bb][et_pb_row column_structure=\u00bb1_2,1_2&#8243; _builder_version=\u00bb4.17.3&#8243; _module_preset=\u00bbdefault\u00bb width_tablet=\u00bb71%\u00bb width_phone=\u00bb81%\u00bb width_last_edited=\u00bbon|phone\u00bb module_alignment=\u00bbcenter\u00bb min_height_tablet=\u00bb\u00bb min_height_phone=\u00bb\u00bb min_height_last_edited=\u00bbon|phone\u00bb height_tablet=\u00bb\u00bb height_phone=\u00bb591px\u00bb height_last_edited=\u00bbon|phone\u00bb custom_margin=\u00bb35px|auto|41px|auto||\u00bb custom_padding=\u00bb1px||0px|||\u00bb module_alignment_tablet=\u00bbleft\u00bb module_alignment_phone=\u00bbleft\u00bb module_alignment_last_edited=\u00bbon|tablet\u00bb global_colors_info=\u00bb{}\u00bb][et_pb_column type=\u00bb1_2&#8243; _builder_version=\u00bb4.17.3&#8243; _module_preset=\u00bbdefault\u00bb global_colors_info=\u00bb{}\u00bb][et_pb_text _builder_version=\u00bb4.17.3&#8243; _module_preset=\u00bbdefault\u00bb text_font=\u00bb|300|||||||\u00bb text_font_size=\u00bb20px\u00bb header_text_align=\u00bbleft\u00bb header_6_text_align=\u00bbleft\u00bb header_6_text_color=\u00bb#0099BB\u00bb background_color=\u00bbrgba(241,246,246,0.66)\u00bb width=\u00bb130.3%\u00bb custom_margin=\u00bb|-76px|-2px|||\u00bb custom_padding=\u00bb54px|24px|54px|33px||\u00bb border_color_all=\u00bb#0099BB\u00bb border_style_all=\u00bbnone\u00bb border_width_left=\u00bb6px\u00bb border_color_left=\u00bb#32244A\u00bb border_style_left=\u00bbsolid\u00bb global_colors_info=\u00bb{}\u00bb]<\/p>\n<h1 class=\"text-center h1-5g\">Inspecci\u00f3n Profunda de Paquetes (DPI, Deep Packet Inspection) \/ Visibilidad<\/h1>\n<p>[\/et_pb_text][\/et_pb_column][et_pb_column type=\u00bb1_2&#8243; _builder_version=\u00bb4.17.3&#8243; _module_preset=\u00bbdefault\u00bb global_colors_info=\u00bb{}\u00bb][\/et_pb_column][\/et_pb_row][\/et_pb_section][et_pb_section fb_built=\u00bb1&#8243; _builder_version=\u00bb4.17.3&#8243; _module_preset=\u00bbdefault\u00bb custom_padding=\u00bb3px||2px|||\u00bb da_disable_devices=\u00bboff|off|off\u00bb global_colors_info=\u00bb{}\u00bb locked=\u00bboff\u00bb da_is_popup=\u00bboff\u00bb da_exit_intent=\u00bboff\u00bb da_has_close=\u00bbon\u00bb da_alt_close=\u00bboff\u00bb da_dark_close=\u00bboff\u00bb da_not_modal=\u00bbon\u00bb da_is_singular=\u00bboff\u00bb da_with_loader=\u00bboff\u00bb da_has_shadow=\u00bbon\u00bb][et_pb_row _builder_version=\u00bb4.17.3&#8243; _module_preset=\u00bbdefault\u00bb custom_padding=\u00bb7px||9px|||\u00bb global_colors_info=\u00bb{}\u00bb][et_pb_column type=\u00bb4_4&#8243; _builder_version=\u00bb4.17.3&#8243; _module_preset=\u00bbdefault\u00bb global_colors_info=\u00bb{}\u00bb][et_pb_code _builder_version=\u00bb4.17.3&#8243; _module_preset=\u00bbdefault\u00bb text_orientation=\u00bbleft\u00bb custom_margin=\u00bb||-3px|||\u00bb global_colors_info=\u00bb{}\u00bb]<?php if (function_exists('rank_math_the_breadcrumbs')) rank_math_the_breadcrumbs(); ?> <nav aria-label=\"breadcrumbs\" class=\"rank-math-breadcrumb\"><p><span class=\"last\">Home<\/span><\/p><\/nav>[\/et_pb_code][\/et_pb_column][\/et_pb_row][\/et_pb_section][et_pb_section fb_built=\u00bb1&#8243; _builder_version=\u00bb4.17.3&#8243; _module_preset=\u00bbdefault\u00bb custom_margin=\u00bb||-2px|||\u00bb da_disable_devices=\u00bboff|off|off\u00bb global_colors_info=\u00bb{}\u00bb da_is_popup=\u00bboff\u00bb da_exit_intent=\u00bboff\u00bb da_has_close=\u00bbon\u00bb da_alt_close=\u00bboff\u00bb da_dark_close=\u00bboff\u00bb da_not_modal=\u00bbon\u00bb da_is_singular=\u00bboff\u00bb da_with_loader=\u00bboff\u00bb da_has_shadow=\u00bbon\u00bb][et_pb_row _builder_version=\u00bb4.17.3&#8243; _module_preset=\u00bbdefault\u00bb custom_padding=\u00bb0px||0px|||\u00bb global_colors_info=\u00bb{}\u00bb][et_pb_column type=\u00bb4_4&#8243; _builder_version=\u00bb4.17.3&#8243; _module_preset=\u00bbdefault\u00bb global_colors_info=\u00bb{}\u00bb][et_pb_text module_id=\u00bbsolution\u00bb _builder_version=\u00bb4.17.3&#8243; _module_preset=\u00bbdefault\u00bb custom_margin=\u00bb36px||18px|||\u00bb global_colors_info=\u00bb{}\u00bb]<\/p>\n<h2 class=\"csc-firstHeader\" style=\"text-align: center;\">FAQs<\/h2>\n<p>[\/et_pb_text][et_pb_text _builder_version=\u00bb4.17.3&#8243; _module_preset=\u00bbdefault\u00bb header_3_text_color=\u00bb#0099BB\u00bb custom_margin=\u00bb||-2px|||\u00bb custom_margin_tablet=\u00bb||-2px|||\u00bb custom_margin_phone=\u00bb||10px||false|false\u00bb custom_margin_last_edited=\u00bbon|phone\u00bb custom_padding=\u00bb5px||0px|||\u00bb link_option_url=\u00bb#1&#8243; global_colors_info=\u00bb{}\u00bb]<\/p>\n<h3 class=\"p1\"><span class=\"s1\">1. \u00bfEs posible utilizar la informaci\u00f3n de nivel 7 obtenida por el DPI para establecer pol\u00edticas de encaminamiento, QoS y filtrado?<\/span><\/h3>\n<p>[\/et_pb_text][et_pb_text _builder_version=\u00bb4.17.3&#8243; _module_preset=\u00bbdefault\u00bb header_3_text_color=\u00bb#0099BB\u00bb custom_margin=\u00bb||-2px|||\u00bb custom_margin_tablet=\u00bb||-2px|||\u00bb custom_margin_phone=\u00bb||10px||false|false\u00bb custom_margin_last_edited=\u00bbon|phone\u00bb custom_padding=\u00bb5px||0px|||\u00bb link_option_url=\u00bb#2&#8243; global_colors_info=\u00bb{}\u00bb]<\/p>\n<h3>2. \u00bfQu\u00e9 posibilidades de inspecci\u00f3n son posibles si se usa SAP?<\/h3>\n<p>[\/et_pb_text][et_pb_text _builder_version=\u00bb4.17.3&#8243; _module_preset=\u00bbdefault\u00bb header_3_text_color=\u00bb#0099BB\u00bb custom_margin=\u00bb||-2px|||\u00bb custom_margin_tablet=\u00bb||-2px|||\u00bb custom_margin_phone=\u00bb||10px||false|false\u00bb custom_margin_last_edited=\u00bbon|phone\u00bb custom_padding=\u00bb5px||0px|||\u00bb link_option_url=\u00bb#3&#8243; global_colors_info=\u00bb{}\u00bb]<\/p>\n<h3>3. \u00bfQu\u00e9 posibilidades de inspecci\u00f3n son posibles si se usa Citrix?<\/h3>\n<p>[\/et_pb_text][et_pb_text _builder_version=\u00bb4.17.3&#8243; _module_preset=\u00bbdefault\u00bb header_3_text_color=\u00bb#0099BB\u00bb custom_margin=\u00bb||-2px|||\u00bb custom_margin_tablet=\u00bb||-2px|||\u00bb custom_margin_phone=\u00bb||10px||false|false\u00bb custom_margin_last_edited=\u00bbon|phone\u00bb custom_padding=\u00bb5px||0px|||\u00bb link_option_url=\u00bb#4&#8243; global_colors_info=\u00bb{}\u00bb]<\/p>\n<h3>4. \u00bfEs posible identificar aplicaciones en nube p\u00fablica como Salesforce, YouTube, Facebook, WhatsApp, Instagram, Skype, Snapchat, Twitter, Spotify, Google+, Telegram, LinkedIn, Viber, Pinterest o Flickr (desde m\u00f3viles o PCs?<\/h3>\n<p>[\/et_pb_text][\/et_pb_column][\/et_pb_row][\/et_pb_section][et_pb_section fb_built=\u00bb1&#8243; module_id=\u00bbSolution\u00bb _builder_version=\u00bb4.17.3&#8243; _module_preset=\u00bbdefault\u00bb background_color=\u00bb#F1F6F6&#8243; min_height=\u00bb712.5px\u00bb custom_padding=\u00bb62px||62px||true|\u00bb animation_style=\u00bbfade\u00bb da_disable_devices=\u00bboff|off|off\u00bb global_colors_info=\u00bb{}\u00bb da_is_popup=\u00bboff\u00bb da_exit_intent=\u00bboff\u00bb da_has_close=\u00bbon\u00bb da_alt_close=\u00bboff\u00bb da_dark_close=\u00bboff\u00bb da_not_modal=\u00bbon\u00bb da_is_singular=\u00bboff\u00bb da_with_loader=\u00bboff\u00bb da_has_shadow=\u00bbon\u00bb][et_pb_row _builder_version=\u00bb4.17.3&#8243; _module_preset=\u00bbdefault\u00bb custom_padding=\u00bb2px|||||\u00bb global_colors_info=\u00bb{}\u00bb][et_pb_column type=\u00bb4_4&#8243; _builder_version=\u00bb4.17.3&#8243; _module_preset=\u00bbdefault\u00bb global_colors_info=\u00bb{}\u00bb][et_pb_text module_id=\u00bb1&#8243; _builder_version=\u00bb4.17.3&#8243; _module_preset=\u00bbdefault\u00bb text_font=\u00bb|300|||||||\u00bb header_2_font_size=\u00bb25px\u00bb header_3_text_color=\u00bb#0099BB\u00bb custom_margin=\u00bb||36px|||\u00bb header_2_font_size_tablet=\u00bb25px\u00bb header_2_font_size_phone=\u00bb25px\u00bb header_2_font_size_last_edited=\u00bbon|phone\u00bb global_colors_info=\u00bb{}\u00bb]<\/p>\n<div id=\"c37552\" class=\"csc-default\">\n<h3>1. \u00bfEs posible utilizar la informaci\u00f3n de nivel 7 obtenida por el DPI para establecer pol\u00edticas de encaminamiento, QoS y filtrado?<\/h3>\n<\/div>\n<div id=\"c37550\" class=\"csc-default\">\n<div class=\"csc-textpic-text\">\n<p class=\"bodytext\">Si. Las pol\u00edticas se pueden realizar en funci\u00f3n de par\u00e1metros de nivel 3, 4 y 7.<\/p>\n<\/div>\n<\/div>\n<p>[\/et_pb_text][et_pb_text module_id=\u00bb2&#8243; _builder_version=\u00bb4.17.3&#8243; _module_preset=\u00bbdefault\u00bb text_font=\u00bb|300|||||||\u00bb header_2_font_size=\u00bb25px\u00bb header_3_text_color=\u00bb#0099BB\u00bb custom_margin=\u00bb||36px|||\u00bb global_colors_info=\u00bb{}\u00bb]<\/p>\n<div id=\"c37552\" class=\"csc-default\">\n<div id=\"c37546\" class=\"csc-default\">\n<h3>2. \u00bfQu\u00e9 posibilidades de inspecci\u00f3n son posibles si se usa SAP?<\/h3>\n<\/div>\n<div id=\"c37544\" class=\"csc-default\">\n<div class=\"csc-textpic-text\">\n<p class=\"bodytext\">La aplicaci\u00f3n propietaria SAP utiliza un puerto conocido (3200), de forma que es sencillo identificarla. Para SAP en modo servicio, ver la pregunta m\u00e1s adelante acerca de la identificaci\u00f3n de aplicaciones en nubes p\u00fablicas.<\/p>\n<\/div>\n<\/div>\n<\/div>\n<p>[\/et_pb_text][et_pb_text module_id=\u00bb3&#8243; _builder_version=\u00bb4.17.3&#8243; _module_preset=\u00bbdefault\u00bb text_font=\u00bb|300|||||||\u00bb header_2_font_size=\u00bb25px\u00bb header_3_text_color=\u00bb#0099BB\u00bb custom_margin=\u00bb||36px|||\u00bb global_colors_info=\u00bb{}\u00bb]<\/p>\n<div id=\"c37552\" class=\"csc-default\">\n<div id=\"c37546\" class=\"csc-default\">\n<div id=\"c37540\" class=\"csc-default\">\n<h3>3. \u00bfQu\u00e9 posibilidades de inspecci\u00f3n son posibles si se usa Citrix?<\/h3>\n<\/div>\n<div id=\"c37538\" class=\"csc-default\">\n<div class=\"csc-textpic-text\">\n<p class=\"bodytext\">Citrix permite inspecci\u00f3n con una granularidad a dos niveles, el primer nivel consiste en identificar las distintas aplicaciones y el segundo nivel consiste en identificar dentro de una misma aplicaci\u00f3n los distintos niveles de prioridad que puedan ser necesarios para transportar informaci\u00f3n de dicha aplicaci\u00f3n (Citrix proporciona 4 niveles de prioridad: \u201cVery High\u201d para el audio, \u201cHigh\u201d para la interface visual de usuario, \u201cMedium\u201d para MediaStream y \u201cLow\u201d para impresoras y puertos serie y paralelo). Esta \u00faltima forma de clasificaci\u00f3n es la m\u00e1s interesante, pues proporcionar una mayor granularidad y garantiza la prioridad necesaria seg\u00fan la criticidad de los datos transmitidos. Este segundo nivel es soportado por el DPI <em>(nota, requiere configurar ICA en modo Multi-Stream, lo cual implica la transmisi\u00f3n de cada nivel de prioridad en una sesi\u00f3n TCP distinta).<\/em><\/p>\n<\/div>\n<\/div>\n<\/div>\n<\/div>\n<p>[\/et_pb_text][et_pb_text module_id=\u00bb4&#8243; _builder_version=\u00bb4.17.3&#8243; _module_preset=\u00bbdefault\u00bb text_font=\u00bb|300|||||||\u00bb header_2_font_size=\u00bb25px\u00bb header_3_text_color=\u00bb#0099BB\u00bb custom_margin=\u00bb||36px|||\u00bb global_colors_info=\u00bb{}\u00bb]<\/p>\n<div id=\"c37552\" class=\"csc-default\">\n<div id=\"c37546\" class=\"csc-default\">\n<div id=\"c37534\" class=\"csc-default\">\n<h3>4. \u00bfEs posible identificar aplicaciones en nube p\u00fablica como Salesforce, YouTube, Facebook, WhatsApp, Instagram, Skype, Snapchat, Twitter, Spotify, Google+, Telegram, LinkedIn, Viber, Pinterest o Flickr (desde m\u00f3viles o PCs?<\/h3>\n<\/div>\n<div id=\"c37532\" class=\"csc-default\">\n<div class=\"csc-textpic-text\">\n<p class=\"bodytext\"><span>La identificaci\u00f3n de esas aplicaciones tiene cierta complejidad porque suelen realizar varias conexiones simult\u00e1neas para repartir los procesos, donde las direcciones IP y nombres de dominio a los que se conectan son variados y hay que tenerlos identificarlos todos. Por ejemplo, en el caso de Salesforce, la identificaci\u00f3n se realiza a nivel IP para los distintos servicios del proveedor, seg\u00fan se indica en <\/span><a href=\"https:\/\/help.salesforce.com\/articleView?id=000003652&amp;type=1\" title=\"Opens internal link in current window\" target=\"_blank\" rel=\"noopener\">este enlace<\/a><span>, para Microssoft365 la identificaci\u00f3n basada en nombres de dominios e IP y est\u00e1 disponible en <\/span><a href=\"https:\/\/support.office.com\/es-es\/article\/URL-de-Office-365-e-intervalos-de-direcciones-IP-8548a211-3fe7-47cb-abb1-355ea5aa88a2?ui=es-ES&amp;rs=es-ES&amp;ad=ES\" title=\"Opens internal link in current window\" target=\"_blank\" rel=\"noopener\">este enlace<\/a><span>, y en general la informaci\u00f3n est\u00e1 disponible en las mismas fuentes y en terceros, a modo de ejemplo, el<\/span><a href=\"https:\/\/ipinfo.io\/AS32934\" title=\"Opens internal link in current window\" target=\"_blank\" rel=\"noopener\"> tr\u00e1fico Facebook<\/a><span>.<\/span><\/p>\n<\/div>\n<\/div>\n<\/div>\n<\/div>\n<p>[\/et_pb_text][\/et_pb_column][\/et_pb_row][\/et_pb_section][et_pb_section fb_built=\u00bb1&#8243; admin_label=\u00bbSecci\u00f3n\u00bb _builder_version=\u00bb4.17.3&#8243; _module_preset=\u00bbdefault\u00bb animation_style=\u00bbfade\u00bb da_disable_devices=\u00bboff|off|off\u00bb global_colors_info=\u00bb{}\u00bb da_is_popup=\u00bboff\u00bb da_exit_intent=\u00bboff\u00bb da_has_close=\u00bbon\u00bb da_alt_close=\u00bboff\u00bb da_dark_close=\u00bboff\u00bb da_not_modal=\u00bbon\u00bb da_is_singular=\u00bboff\u00bb da_with_loader=\u00bboff\u00bb da_has_shadow=\u00bbon\u00bb][et_pb_row _builder_version=\u00bb4.17.3&#8243; _module_preset=\u00bbdefault\u00bb custom_padding=\u00bb34px||2px||false|\u00bb global_colors_info=\u00bb{}\u00bb][et_pb_column type=\u00bb4_4&#8243; _builder_version=\u00bb4.17.3&#8243; _module_preset=\u00bbdefault\u00bb global_colors_info=\u00bb{}\u00bb][et_pb_text module_id=\u00bbresults\u00bb _builder_version=\u00bb4.17.3&#8243; _module_preset=\u00bbdefault\u00bb custom_margin=\u00bb1px||18px|||\u00bb global_colors_info=\u00bb{}\u00bb]<\/p>\n<h2 class=\"text-center txt-color-a h3-5g\" style=\"text-align: center;\">Lea nuestros \u00faltimos art\u00edculos<\/h2>\n<p>[\/et_pb_text][\/et_pb_column][\/et_pb_row][et_pb_row _builder_version=\u00bb4.17.3&#8243; _module_preset=\u00bbdefault\u00bb global_colors_info=\u00bb{}\u00bb][et_pb_column type=\u00bb4_4&#8243; _builder_version=\u00bb4.17.3&#8243; _module_preset=\u00bbdefault\u00bb global_colors_info=\u00bb{}\u00bb][et_pb_blog fullwidth=\u00bboff\u00bb posts_number=\u00bb3&#8243; show_author=\u00bboff\u00bb show_categories=\u00bboff\u00bb _builder_version=\u00bb4.17.3&#8243; _module_preset=\u00bbdefault\u00bb meta_text_color=\u00bb#6694A5&#8243; meta_font_size=\u00bb14px\u00bb global_colors_info=\u00bb{}\u00bb][\/et_pb_blog][\/et_pb_column][\/et_pb_row][\/et_pb_section]<\/p>\n","protected":false},"excerpt":{"rendered":"<p>Inspecci\u00f3n Profunda de Paquetes (DPI, Deep Packet Inspection) \/ Visibilidad <nav aria-label=\"breadcrumbs\" class=\"rank-math-breadcrumb\"><p><span class=\"last\">Home<\/span><\/p><\/nav>FAQs1. \u00bfEs posible utilizar la informaci\u00f3n de nivel 7 obtenida por el DPI para establecer pol\u00edticas de encaminamiento, QoS y filtrado?2. \u00bfQu\u00e9 posibilidades de inspecci\u00f3n son posibles si se usa SAP?3. \u00bfQu\u00e9 posibilidades de inspecci\u00f3n son posibles si se usa Citrix?4. \u00bfEs posible identificar aplicaciones [&hellip;]<\/p>\n","protected":false},"author":242,"featured_media":0,"parent":0,"menu_order":0,"comment_status":"closed","ping_status":"closed","template":"","meta":{"_acf_changed":false,"_et_pb_use_builder":"on","_et_pb_old_content":"","_et_gb_content_width":"","footnotes":""},"class_list":["post-3181","page","type-page","status-publish","hentry"],"acf":[],"wpml_current_locale":"es_ES","wpml_translations":[],"_links":{"self":[{"href":"https:\/\/www.teldat.com\/es\/wp-json\/wp\/v2\/pages\/3181","targetHints":{"allow":["GET"]}}],"collection":[{"href":"https:\/\/www.teldat.com\/es\/wp-json\/wp\/v2\/pages"}],"about":[{"href":"https:\/\/www.teldat.com\/es\/wp-json\/wp\/v2\/types\/page"}],"author":[{"embeddable":true,"href":"https:\/\/www.teldat.com\/es\/wp-json\/wp\/v2\/users\/242"}],"replies":[{"embeddable":true,"href":"https:\/\/www.teldat.com\/es\/wp-json\/wp\/v2\/comments?post=3181"}],"version-history":[{"count":0,"href":"https:\/\/www.teldat.com\/es\/wp-json\/wp\/v2\/pages\/3181\/revisions"}],"wp:attachment":[{"href":"https:\/\/www.teldat.com\/es\/wp-json\/wp\/v2\/media?parent=3181"}],"curies":[{"name":"wp","href":"https:\/\/api.w.org\/{rel}","templated":true}]}}