{"id":3844,"date":"2022-05-29T21:58:15","date_gmt":"2022-05-29T19:58:15","guid":{"rendered":"https:\/\/www.teldat.com\/quality-management-environment-csr\/"},"modified":"2025-06-16T18:44:06","modified_gmt":"2025-06-16T16:44:06","slug":"politica-ambiental-gestion-de-calidad-responsabilidad-social-corporativa-teldat","status":"publish","type":"page","link":"https:\/\/www.teldat.com\/es\/politica-ambiental-gestion-de-calidad-responsabilidad-social-corporativa-teldat\/","title":{"rendered":"Pol\u00edtica de Calidad, Gesti\u00f3n Ambiental y Responsabilidad Social Corporativa"},"content":{"rendered":"<p>[et_pb_section fb_built=\u00bb1&#8243; _builder_version=\u00bb4.25.0&#8243; _module_preset=\u00bbdefault\u00bb background_image=\u00bb\/wp-content\/uploads\/2024\/06\/Quality-Management-Environment-and-CSR-Teldat.webp\u00bb min_height=\u00bb520px\u00bb height_tablet=\u00bb\u00bb height_phone=\u00bb374px\u00bb height_last_edited=\u00bbon|phone\u00bb custom_margin_tablet=\u00bb\u00bb custom_margin_phone=\u00bb||-96px||false|false\u00bb custom_margin_last_edited=\u00bbon|phone\u00bb global_colors_info=\u00bb{}\u00bb][et_pb_row column_structure=\u00bb1_2,1_2&#8243; _builder_version=\u00bb4.17.3&#8243; _module_preset=\u00bbdefault\u00bb width_tablet=\u00bb71%\u00bb width_phone=\u00bb81%\u00bb width_last_edited=\u00bbon|phone\u00bb module_alignment=\u00bbcenter\u00bb min_height_tablet=\u00bb\u00bb min_height_phone=\u00bb\u00bb min_height_last_edited=\u00bbon|phone\u00bb height_tablet=\u00bb\u00bb height_phone=\u00bb591px\u00bb height_last_edited=\u00bbon|phone\u00bb custom_margin=\u00bb35px|auto|41px|auto||\u00bb custom_padding=\u00bb1px||0px|||\u00bb module_alignment_tablet=\u00bbleft\u00bb module_alignment_phone=\u00bbleft\u00bb module_alignment_last_edited=\u00bbon|tablet\u00bb global_colors_info=\u00bb{}\u00bb][et_pb_column type=\u00bb1_2&#8243; _builder_version=\u00bb4.17.3&#8243; _module_preset=\u00bbdefault\u00bb global_colors_info=\u00bb{}\u00bb][et_pb_text _builder_version=\u00bb4.17.3&#8243; _module_preset=\u00bbdefault\u00bb text_font=\u00bb|300|||||||\u00bb text_font_size=\u00bb20px\u00bb header_text_align=\u00bbleft\u00bb header_6_text_align=\u00bbleft\u00bb header_6_text_color=\u00bb#0099BB\u00bb background_color=\u00bbrgba(241,246,246,0.66)\u00bb width=\u00bb87.4%\u00bb custom_margin=\u00bb|-76px|-2px|||\u00bb custom_padding=\u00bb54px|24px|54px|33px||\u00bb border_color_all=\u00bb#0099BB\u00bb border_style_all=\u00bbnone\u00bb border_width_left=\u00bb6px\u00bb border_color_left=\u00bb#32244A\u00bb border_style_left=\u00bbsolid\u00bb global_colors_info=\u00bb{}\u00bb]<\/p>\n<h1>Grupo Teldat<\/h1>\n<p>Contacta con nosotros<br \/>\n[\/et_pb_text][\/et_pb_column][et_pb_column type=\u00bb1_2&#8243; _builder_version=\u00bb4.17.3&#8243; _module_preset=\u00bbdefault\u00bb global_colors_info=\u00bb{}\u00bb][\/et_pb_column][\/et_pb_row][\/et_pb_section][et_pb_section fb_built=\u00bb1&#8243; _builder_version=\u00bb4.17.3&#8243; _module_preset=\u00bbdefault\u00bb custom_padding=\u00bb3px||2px|||\u00bb locked=\u00bboff\u00bb global_colors_info=\u00bb{}\u00bb][et_pb_row _builder_version=\u00bb4.17.3&#8243; _module_preset=\u00bbdefault\u00bb custom_padding=\u00bb7px||9px|||\u00bb global_colors_info=\u00bb{}\u00bb][et_pb_column type=\u00bb4_4&#8243; _builder_version=\u00bb4.17.3&#8243; _module_preset=\u00bbdefault\u00bb global_colors_info=\u00bb{}\u00bb][et_pb_code _builder_version=\u00bb4.17.3&#8243; _module_preset=\u00bbdefault\u00bb text_orientation=\u00bbleft\u00bb custom_margin=\u00bb||-3px|||\u00bb global_colors_info=\u00bb{}\u00bb]<!--?php if (function_exists('rank_math_the_breadcrumbs')) rank_math_the_breadcrumbs(); ?--> <nav aria-label=\"breadcrumbs\" class=\"rank-math-breadcrumb\"><p><span class=\"last\">Home<\/span><\/p><\/nav>[\/et_pb_code][\/et_pb_column][\/et_pb_row][\/et_pb_section][et_pb_section fb_built=\u00bb1&#8243; _builder_version=\u00bb4.17.3&#8243; _module_preset=\u00bbdefault\u00bb custom_padding=\u00bb3px||33px|||\u00bb global_colors_info=\u00bb{}\u00bb][et_pb_row _builder_version=\u00bb4.17.3&#8243; _module_preset=\u00bbdefault\u00bb custom_padding=\u00bb1px||0px|||\u00bb global_colors_info=\u00bb{}\u00bb][et_pb_column type=\u00bb4_4&#8243; _builder_version=\u00bb4.17.3&#8243; _module_preset=\u00bbdefault\u00bb global_colors_info=\u00bb{}\u00bb][et_pb_text _builder_version=\u00bb4.17.3&#8243; _module_preset=\u00bbdefault\u00bb custom_margin=\u00bb36px||-1px|||\u00bb global_colors_info=\u00bb{}\u00bb]<\/p>\n<div class=\"row\">\n<div class=\"col-xs-12 col-sm-12 col-md-6 col-lg-6 col-lg-offset-6\">\n<h2 class=\"h3-morado-first\" style=\"text-align: left;\">Pol\u00edtica de Calidad, Gesti\u00f3n Ambiental y Responsabilidad Social Corporativa<\/h2>\n<\/div>\n<\/div>\n<p>[\/et_pb_text][et_pb_text _builder_version=\u00bb4.17.4&#8243; _module_preset=\u00bbdefault\u00bb text_text_color=\u00bb#0099BB\u00bb header_2_font=\u00bb|300|||||||\u00bb header_2_text_color=\u00bb#0099BB\u00bb header_3_text_color=\u00bb#0099BB\u00bb header_3_font_size=\u00bb26px\u00bb text_orientation=\u00bbcenter\u00bb custom_margin=\u00bb||-1px||false|false\u00bb custom_padding=\u00bb5px|1px||1px|false|true\u00bb custom_padding_tablet=\u00bb5px|0px||0px|false|true\u00bb custom_padding_phone=\u00bb|0px||0px|false|true\u00bb custom_padding_last_edited=\u00bbon|desktop\u00bb global_colors_info=\u00bb{}\u00bb]<\/p>\n<h3 style=\"text-align: left;\">El compromiso de Teldat con la calidad y el medio ambiente<\/h3>\n<p>[\/et_pb_text][\/et_pb_column][\/et_pb_row][et_pb_row _builder_version=\u00bb4.17.3&#8243; _module_preset=\u00bbdefault\u00bb custom_margin=\u00bb31px|auto||auto||\u00bb custom_padding=\u00bb1px|||||\u00bb global_colors_info=\u00bb{}\u00bb][et_pb_column type=\u00bb4_4&#8243; _builder_version=\u00bb4.17.3&#8243; _module_preset=\u00bbdefault\u00bb global_colors_info=\u00bb{}\u00bb][et_pb_text _builder_version=\u00bb4.17.3&#8243; _module_preset=\u00bbdefault\u00bb text_font=\u00bb|300|||||||\u00bb global_colors_info=\u00bb{}\u00bb]<\/p>\n<p>Teldat, como empresa dise\u00f1adora y suministradora de equipos de acceso y transmisi\u00f3n de datos, voz e imagen, con el fin de asegurar la eficacia de sus actuaciones y actividades, satisfacer las necesidades de sus clientes, y mejorar sus productos y servicios, adquiere el compromiso de establecer, implantar, mantener y mejorar continuamente el Sistema de Gesti\u00f3n de Calidad y Ambiental, contribuyendo a la conservaci\u00f3n de los recursos naturales y el desarrollo sostenible.<\/p>\n<p>Todo ello bajo un objetivo global de m\u00e1ximo respeto al medio ambiente, lo cual implica, entre otros aspectos, la utilizaci\u00f3n de componentes de la m\u00e1s baja toxicidad, la eficacia en el consumo de recursos naturales y la gesti\u00f3n adecuada de todos los residuos que se pudieran generar, especialmente los peligrosos.<\/p>\n<p>El potencial de Teldat se basa en un equipo humano altamente cualificado, experimentado y adiestrado, unos procedimientos de trabajo permanentemente actualizados, la disponibilidad de tecnolog\u00eda y sistemas de dise\u00f1o, desarrollo y medios t\u00e9cnicos avanzados, y unos mecanismos de control que permiten garantizar la calidad de los productos.<\/p>\n<p>El compromiso de la Direcci\u00f3n General con esta Pol\u00edtica implica que pone los medios necesarios para que sea conocida, comprendida e implantada dentro de la Organizaci\u00f3n. Por ello se compromete a:<\/p>\n<ul>\n<li>Cumplir todos los requisitos, legales, contractuales y otros requisitos que la organizaci\u00f3n subscriba, que sean aplicables a la actividad de Teldat, tanto en el \u00e1mbito del desempe\u00f1o de los procesos como en el ambiental, as\u00ed como las especificaciones descritas en las Normas UNE-EN ISO-9001:2015 y UNE-EN ISO-14001:2015.<\/li>\n<li>Potenciar e integrar la Calidad en todas sus actividades y mejorar continuamente la eficacia del Sistema de Gesti\u00f3n de Calidad y Ambiental para conseguir la plena satisfacci\u00f3n los clientes.<\/li>\n<li>Proporcionar un marco de referencia para establecer y revisar los objetivos del Sistema de Gesti\u00f3n de Calidad y Ambiental.<\/li>\n<li>Fomentar la comunicaci\u00f3n interna y la autoevaluaci\u00f3n como herramientas para la mejora continua.<\/li>\n<li>Revisar la Pol\u00edtica de Calidad y Ambiental para su continua adecuaci\u00f3n, y contribuir a su difusi\u00f3n y entendimiento tanto a nivel interno como por todas las personas que trabajan en nombre de Teldat.<\/li>\n<li>Considerar los aspectos medioambientales en el desarrollo de todas las actividades, analizando y mejorando continuamente las pr\u00e1cticas con el objetivo de hacer un uso racional de los recursos y prevenir y minimizar los impactos perjudiciales para el medio ambiente.<\/li>\n<li>Formar e informar a todo el personal de todos aquellos aspectos relacionados con la conservaci\u00f3n ambiental y el desarrollo sostenible.<\/li>\n<li>Identificar los impactos ambientales derivados de las actividades, productos y servicios, mejorarlos continuamente y prevenir la contaminaci\u00f3n.<\/li>\n<\/ul>\n<p>&nbsp;<\/p>\n<p>&nbsp;<\/p>\n<div id=\"c10520\" class=\"csc-default\">\n<div class=\"csc-header csc-header-n4\">\n<h4>Pol\u00edtica de Responsabilidad Social Corporativa<\/h4>\n<\/div>\n<div class=\"csc-textpic-text\">\n<p class=\"bodytext\">La Direcci\u00f3n de Teldat, tiene la responsabilidad de formular la estrategia y las l\u00edneas de\u00a0pol\u00edtica general de la compa\u00f1\u00eda, elaborar programas y se\u00f1alar objetivos para la\u00a0realizaci\u00f3n de todas las actividades incluidas en el objeto social y, en particular, le\u00a0corresponde aprobar, entre otras, las Pol\u00edticas de responsabilidad social. La contribuci\u00f3n de Teldat al desarrollo sostenible se materializa mediante unos\u00a0principios y unas pr\u00e1cticas de responsabilidad social que atienden las necesidades y las expectativas de sus grupos de inter\u00e9s. Fiel al objetivo empresarial de generar riqueza y bienestar para la sociedad, Teldat\u00a0adopta una \u00e9tica empresarial responsable cuya formulaci\u00f3n se recoge en los siguientes\u00a0principios.<\/p>\n<ul>\n<li><b>Cumplir\u00a0<\/b>la legalidad vigente en los pa\u00edses en los que opera.<\/li>\n<li><b>Respetar\u00a0<\/b>los derechos humanos y, en especial, aquellos cuya\u00a0conculcaci\u00f3n degrada al colectivo de trabajadores, rechazando el trabajo infantil\u00a0y el forzoso u obligado.<\/li>\n<li><b>Desarrollar\u00a0<\/b>un marco favorable de relaciones laborales basado en la\u00a0igualdad de oportunidades, la no discriminaci\u00f3n y el respeto a la diversidad,\u00a0promoviendo un entorno seguro y saludable y facilitando la comunicaci\u00f3n con\u00a0el equipo humano.<\/li>\n<li><b>Potenciar<\/b>\u00a0una cultura de respeto al entorno natural, reduciendo el\u00a0impacto ambiental de las actividades de la Sociedad, defendiendo la\u00a0biodiversidad y fomentando la informaci\u00f3n y formaci\u00f3n en esta cultura.<\/li>\n<li><b>Favorecer\u00a0<\/b>la transparencia y las reglas de libre mercado, rechazando las\u00a0pr\u00e1cticas de soborno, corrupci\u00f3n u otro tipo de contribuciones con la finalidad\u00a0de obtener ventajas empresariales, respetando las reglas de la libre\u00a0competencia.<\/li>\n<li><b>Impulsar\u00a0<\/b>las v\u00edas de comunicaci\u00f3n y di\u00e1logo con los diferentes colectivos\u00a0relacionados con las actividades de la Sociedad, para alcanzar una sinton\u00eda\u00a0entre los valores empresariales y las expectativas sociales.<\/li>\n<\/ul>\n<p class=\"bodytext\">\n<p class=\"bodytext\">Tres Cantos, Enero 2024<\/p>\n<p class=\"bodytext\"><span>Antonio Garc\u00eda Romero<\/span> CEO<\/p>\n<p class=\"bodytext\">\n<p class=\"bodytext\">\n<\/div>\n<\/div>\n<div id=\"c10521\" class=\"csc-default csc-space-before-20\">\n<div class=\"csc-header csc-header-n5\">\n<h4>Certificados de Calidad y Gesti\u00f3n Ambiental<\/h4>\n<\/div>\n<div class=\"csc-textpic-text\">\n<p class=\"bodytext\">Desde la implantaci\u00f3n de nuestro Sistema de Gesti\u00f3n de Calidad en 1998 de acuerdo con el est\u00e1ndar ISO 9001:1994, Teldat ha crecido y progresado considerablemente mejorando su eficiencia y orientando todos sus procesos hacia un \u00fanico resultado final; la satisfacci\u00f3n de todas las necesidades del cliente.<\/p>\n<p class=\"bodytext\">Como resultado de este esfuerzo, Teldat, en febrero de 2018, fue galardonada con la certificaci\u00f3n de calidad AENOR, de acuerdo con los est\u00e1ndares UNE-EN-ISO9001:2015 y UNE-EN ISO 14001:2015.<\/p>\n<\/div>\n<\/div>\n<p>[\/et_pb_text][\/et_pb_column][\/et_pb_row][et_pb_row column_structure=\u00bb1_4,1_4,1_4,1_4&#8243; _builder_version=\u00bb4.17.3&#8243; _module_preset=\u00bbdefault\u00bb global_colors_info=\u00bb{}\u00bb][et_pb_column type=\u00bb1_4&#8243; _builder_version=\u00bb4.17.3&#8243; _module_preset=\u00bbdefault\u00bb global_colors_info=\u00bb{}\u00bb][et_pb_image src=\u00bbhttps:\/\/www.teldat.com\/wp-content\/uploads\/2022\/11\/certificado-AENOR.png\u00bb alt=\u00bbCertificado AENOR\u00bb title_text=\u00bbCertificado AENOR\u00bb url=\u00bbhttps:\/\/www.teldat.com\/wp-content\/uploads\/2024\/03\/CertificadoER-1095-1998_ES_2024-03-04.pdf\u00bb url_new_window=\u00bbon\u00bb _builder_version=\u00bb4.24.2&#8243; _module_preset=\u00bbdefault\u00bb global_colors_info=\u00bb{}\u00bb][\/et_pb_image][\/et_pb_column][et_pb_column type=\u00bb1_4&#8243; _builder_version=\u00bb4.17.3&#8243; _module_preset=\u00bbdefault\u00bb global_colors_info=\u00bb{}\u00bb][et_pb_image src=\u00bbhttps:\/\/www.teldat.com\/wp-content\/uploads\/2022\/11\/IQNET-certified-.png\u00bb alt=\u00bbIQNET certified\u00bb title_text=\u00bbIQNET certified\u00bb url=\u00bbhttps:\/\/www.teldat.com\/wp-content\/uploads\/2024\/03\/IQNetES-1095-1998_2024-03-04.pdf\u00bb url_new_window=\u00bbon\u00bb _builder_version=\u00bb4.24.2&#8243; _module_preset=\u00bbdefault\u00bb custom_margin=\u00bb156px|||||\u00bb global_colors_info=\u00bb{}\u00bb][\/et_pb_image][\/et_pb_column][et_pb_column type=\u00bb1_4&#8243; _builder_version=\u00bb4.17.3&#8243; _module_preset=\u00bbdefault\u00bb global_colors_info=\u00bb{}\u00bb][et_pb_image src=\u00bbhttps:\/\/www.teldat.com\/wp-content\/uploads\/2022\/11\/IQNET-certified-.png\u00bb alt=\u00bbIQNET certified\u00bb title_text=\u00bbIQNET certified\u00bb url=\u00bbhttps:\/\/www.teldat.com\/wp-content\/uploads\/2024\/03\/IQNetES-2009-0346_2024-03-13.pdf\u00bb url_new_window=\u00bbon\u00bb _builder_version=\u00bb4.24.2&#8243; _module_preset=\u00bbdefault\u00bb custom_margin=\u00bb20px|||||\u00bb custom_padding=\u00bb137px|||||\u00bb global_colors_info=\u00bb{}\u00bb][\/et_pb_image][\/et_pb_column][et_pb_column type=\u00bb1_4&#8243; _builder_version=\u00bb4.17.3&#8243; _module_preset=\u00bbdefault\u00bb global_colors_info=\u00bb{}\u00bb][et_pb_image src=\u00bbhttps:\/\/www.teldat.com\/wp-content\/uploads\/2022\/11\/Gesion-Ambiental-AENOR.png\u00bb title_text=\u00bbGesi\u00f3n Ambiental AENOR\u00bb url=\u00bbhttps:\/\/www.teldat.com\/wp-content\/uploads\/2024\/03\/CertificadoGA-2009-0346_ES_2024-03-13.pdf\u00bb url_new_window=\u00bbon\u00bb _builder_version=\u00bb4.24.2&#8243; _module_preset=\u00bbdefault\u00bb global_colors_info=\u00bb{}\u00bb][\/et_pb_image][\/et_pb_column][\/et_pb_row][\/et_pb_section][et_pb_section fb_built=\u00bb1&#8243; admin_label=\u00bbSecci\u00f3n\u00bb _builder_version=\u00bb4.17.4&#8243; _module_preset=\u00bbdefault\u00bb background_color=\u00bb#F1F6F6&#8243; custom_margin_tablet=\u00bb\u00bb custom_margin_phone=\u00bb||20px||false|false\u00bb custom_margin_last_edited=\u00bbon|phone\u00bb animation_style=\u00bbfade\u00bb locked=\u00bboff\u00bb global_colors_info=\u00bb{}\u00bb][et_pb_row _builder_version=\u00bb4.17.4&#8243; _module_preset=\u00bbdefault\u00bb custom_padding=\u00bb15px||15px||true|false\u00bb global_colors_info=\u00bb{}\u00bb][et_pb_column type=\u00bb4_4&#8243; _builder_version=\u00bb4.17.3&#8243; _module_preset=\u00bbdefault\u00bb global_colors_info=\u00bb{}\u00bb][et_pb_text module_id=\u00bbresults\u00bb _builder_version=\u00bb4.17.4&#8243; _module_preset=\u00bbdefault\u00bb custom_margin=\u00bb||30px||false|false\u00bb custom_padding=\u00bb5px||5px||true|false\u00bb global_colors_info=\u00bb{}\u00bb]<\/p>\n<h2 class=\"text-center txt-color-a h3-5g\" style=\"text-align: center;\">Lee nuestros \u00faltimos posts<\/h2>\n<p>[\/et_pb_text][et_pb_blog fullwidth=\u00bboff\u00bb posts_number=\u00bb3&#8243; include_categories=\u00bb1161,1166,1165,1163,1172,1158,1160,1162,1153,1155,1168,1159,1174,1164,14,1169,1170,1171,1154,1157,1167,1173,1156&#8243; show_more=\u00bbon\u00bb module_class=\u00bbblog_igualado\u00bb _builder_version=\u00bb4.17.4&#8243; _module_preset=\u00bbdefault\u00bb body_font=\u00bb|300|||||||\u00bb body_font_size=\u00bb16px\u00bb body_line_height=\u00bb1.5em\u00bb meta_font=\u00bb||||||||\u00bb meta_text_color=\u00bb#6694A5&#8243; meta_font_size=\u00bb14px\u00bb meta_line_height=\u00bb1.3em\u00bb read_more_font=\u00bb|300|||||||\u00bb read_more_text_color=\u00bb#45993C\u00bb read_more_line_height=\u00bb2em\u00bb pagination_text_color=\u00bb#45993C\u00bb display_conditions=\u00bbW10=\u00bb custom_margin=\u00bb0px||30px||false|false\u00bb box_shadow_style=\u00bbpreset3&#8243; global_colors_info=\u00bb{}\u00bb][\/et_pb_blog][\/et_pb_column][\/et_pb_row][\/et_pb_section]<\/p>\n","protected":false},"excerpt":{"rendered":"<p>Grupo Teldat Contacta con nosotros <nav aria-label=\"breadcrumbs\" class=\"rank-math-breadcrumb\"><p><span class=\"last\">Home<\/span><\/p><\/nav> Pol\u00edtica de Calidad, Gesti\u00f3n Ambiental y Responsabilidad Social Corporativa El compromiso de Teldat con la calidad y el medio ambiente Teldat, como empresa dise\u00f1adora y suministradora de equipos de acceso y transmisi\u00f3n de datos, voz e imagen, con el fin de asegurar la eficacia de sus actuaciones y actividades, [&hellip;]<\/p>\n","protected":false},"author":242,"featured_media":0,"parent":0,"menu_order":0,"comment_status":"closed","ping_status":"closed","template":"","meta":{"_acf_changed":false,"_et_pb_use_builder":"on","_et_pb_old_content":"","_et_gb_content_width":"","footnotes":""},"class_list":["post-3844","page","type-page","status-publish","hentry"],"acf":[],"wpml_current_locale":"es_ES","wpml_translations":[{"locale":"en_US","id":3474,"slug":"quality-management-environment-csr","post_title":"Quality Management, Environment & CSR","href":"https:\/\/www.teldat.com\/quality-management-environment-csr\/"}],"_links":{"self":[{"href":"https:\/\/www.teldat.com\/es\/wp-json\/wp\/v2\/pages\/3844","targetHints":{"allow":["GET"]}}],"collection":[{"href":"https:\/\/www.teldat.com\/es\/wp-json\/wp\/v2\/pages"}],"about":[{"href":"https:\/\/www.teldat.com\/es\/wp-json\/wp\/v2\/types\/page"}],"author":[{"embeddable":true,"href":"https:\/\/www.teldat.com\/es\/wp-json\/wp\/v2\/users\/242"}],"replies":[{"embeddable":true,"href":"https:\/\/www.teldat.com\/es\/wp-json\/wp\/v2\/comments?post=3844"}],"version-history":[{"count":0,"href":"https:\/\/www.teldat.com\/es\/wp-json\/wp\/v2\/pages\/3844\/revisions"}],"wp:attachment":[{"href":"https:\/\/www.teldat.com\/es\/wp-json\/wp\/v2\/media?parent=3844"}],"curies":[{"name":"wp","href":"https:\/\/api.w.org\/{rel}","templated":true}]}}