{"id":3852,"date":"2022-05-29T21:33:26","date_gmt":"2022-05-29T19:33:26","guid":{"rendered":"https:\/\/www.teldat.com\/declaracion-de-cumplimiento-con-las-normas-de-comercio-justo\/"},"modified":"2022-06-04T21:19:30","modified_gmt":"2022-06-04T19:19:30","slug":"declaracion-de-cumplimiento-con-las-normas-de-comercio-justo","status":"publish","type":"page","link":"https:\/\/www.teldat.com\/es\/declaracion-de-cumplimiento-con-las-normas-de-comercio-justo\/","title":{"rendered":"Declaraci\u00f3n de cumplimiento con las normas de Comercio Justo"},"content":{"rendered":"<p>[et_pb_section fb_built=\u00bb1&#8243; _builder_version=\u00bb4.17.3&#8243; _module_preset=\u00bbdefault\u00bb background_image=\u00bbhttps:\/\/www.teldat.com\/wp-content\/uploads\/2022\/06\/imagen-generica-corporativa-teldat.jpg\u00bb parallax=\u00bbon\u00bb height_tablet=\u00bb\u00bb height_phone=\u00bb374px\u00bb height_last_edited=\u00bbon|phone\u00bb custom_margin_tablet=\u00bb\u00bb custom_margin_phone=\u00bb||-57px||false|false\u00bb custom_margin_last_edited=\u00bbon|phone\u00bb da_disable_devices=\u00bboff|off|off\u00bb global_colors_info=\u00bb{}\u00bb da_is_popup=\u00bboff\u00bb da_exit_intent=\u00bboff\u00bb da_has_close=\u00bbon\u00bb da_alt_close=\u00bboff\u00bb da_dark_close=\u00bboff\u00bb da_not_modal=\u00bbon\u00bb da_is_singular=\u00bboff\u00bb da_with_loader=\u00bboff\u00bb da_has_shadow=\u00bbon\u00bb][et_pb_row column_structure=\u00bb1_2,1_2&#8243; _builder_version=\u00bb4.17.3&#8243; _module_preset=\u00bbdefault\u00bb width_tablet=\u00bb71%\u00bb width_phone=\u00bb81%\u00bb width_last_edited=\u00bbon|phone\u00bb module_alignment=\u00bbcenter\u00bb min_height_tablet=\u00bb\u00bb min_height_phone=\u00bb\u00bb min_height_last_edited=\u00bbon|phone\u00bb height_tablet=\u00bb\u00bb height_phone=\u00bb591px\u00bb height_last_edited=\u00bbon|phone\u00bb custom_margin=\u00bb35px|auto|41px|auto||\u00bb custom_padding=\u00bb1px||0px|||\u00bb module_alignment_tablet=\u00bbleft\u00bb module_alignment_phone=\u00bbleft\u00bb module_alignment_last_edited=\u00bbon|tablet\u00bb global_colors_info=\u00bb{}\u00bb][et_pb_column type=\u00bb1_2&#8243; _builder_version=\u00bb4.17.3&#8243; _module_preset=\u00bbdefault\u00bb global_colors_info=\u00bb{}\u00bb][et_pb_text _builder_version=\u00bb4.17.3&#8243; _module_preset=\u00bbdefault\u00bb text_font=\u00bb|300|||||||\u00bb text_font_size=\u00bb20px\u00bb header_text_align=\u00bbleft\u00bb header_6_text_align=\u00bbleft\u00bb header_6_text_color=\u00bb#0099BB\u00bb background_color=\u00bbrgba(241,246,246,0.66)\u00bb width=\u00bb89%\u00bb custom_margin=\u00bb|-76px|-2px|||\u00bb custom_padding=\u00bb54px|24px|54px|33px||\u00bb border_color_all=\u00bb#0099BB\u00bb border_style_all=\u00bbnone\u00bb border_width_left=\u00bb6px\u00bb border_color_left=\u00bb#32244A\u00bb border_style_left=\u00bbsolid\u00bb global_colors_info=\u00bb{}\u00bb]<\/p>\n<h1 class=\"text-center h1-5g\">Grupo Teldat<\/h1>\n<p class=\"text-center h2-5g\" style=\"text-align: left;\"><span>Contacta con nosotros<\/span><\/p>\n<p>[\/et_pb_text][\/et_pb_column][et_pb_column type=\u00bb1_2&#8243; _builder_version=\u00bb4.17.3&#8243; _module_preset=\u00bbdefault\u00bb global_colors_info=\u00bb{}\u00bb][\/et_pb_column][\/et_pb_row][\/et_pb_section][et_pb_section fb_built=\u00bb1&#8243; _builder_version=\u00bb4.17.3&#8243; _module_preset=\u00bbdefault\u00bb custom_padding=\u00bb3px||2px|||\u00bb da_disable_devices=\u00bboff|off|off\u00bb locked=\u00bboff\u00bb global_colors_info=\u00bb{}\u00bb da_is_popup=\u00bboff\u00bb da_exit_intent=\u00bboff\u00bb da_has_close=\u00bbon\u00bb da_alt_close=\u00bboff\u00bb da_dark_close=\u00bboff\u00bb da_not_modal=\u00bbon\u00bb da_is_singular=\u00bboff\u00bb da_with_loader=\u00bboff\u00bb da_has_shadow=\u00bbon\u00bb][et_pb_row _builder_version=\u00bb4.17.3&#8243; _module_preset=\u00bbdefault\u00bb custom_padding=\u00bb7px||9px|||\u00bb global_colors_info=\u00bb{}\u00bb][et_pb_column type=\u00bb4_4&#8243; _builder_version=\u00bb4.17.3&#8243; _module_preset=\u00bbdefault\u00bb global_colors_info=\u00bb{}\u00bb][et_pb_code _builder_version=\u00bb4.17.3&#8243; _module_preset=\u00bbdefault\u00bb text_orientation=\u00bbleft\u00bb custom_margin=\u00bb||-3px|||\u00bb global_colors_info=\u00bb{}\u00bb]<?php if (function_exists('rank_math_the_breadcrumbs')) rank_math_the_breadcrumbs(); ?> <nav aria-label=\"breadcrumbs\" class=\"rank-math-breadcrumb\"><p><span class=\"last\">Home<\/span><\/p><\/nav>[\/et_pb_code][\/et_pb_column][\/et_pb_row][\/et_pb_section][et_pb_section fb_built=\u00bb1&#8243; module_id=\u00bbSolution\u00bb _builder_version=\u00bb4.17.3&#8243; _module_preset=\u00bbdefault\u00bb background_enable_color=\u00bboff\u00bb min_height=\u00bb712.5px\u00bb custom_padding=\u00bb22px||21px|||\u00bb animation_style=\u00bbfade\u00bb da_disable_devices=\u00bboff|off|off\u00bb global_colors_info=\u00bb{}\u00bb da_is_popup=\u00bboff\u00bb da_exit_intent=\u00bboff\u00bb da_has_close=\u00bbon\u00bb da_alt_close=\u00bboff\u00bb da_dark_close=\u00bboff\u00bb da_not_modal=\u00bbon\u00bb da_is_singular=\u00bboff\u00bb da_with_loader=\u00bboff\u00bb da_has_shadow=\u00bbon\u00bb][et_pb_row _builder_version=\u00bb4.17.3&#8243; _module_preset=\u00bbdefault\u00bb custom_padding=\u00bb0px||0px|||\u00bb global_colors_info=\u00bb{}\u00bb][et_pb_column type=\u00bb4_4&#8243; _builder_version=\u00bb4.17.3&#8243; _module_preset=\u00bbdefault\u00bb global_colors_info=\u00bb{}\u00bb][et_pb_text module_id=\u00bbsolution\u00bb _builder_version=\u00bb4.17.3&#8243; _module_preset=\u00bbdefault\u00bb custom_margin=\u00bb36px||18px|||\u00bb global_colors_info=\u00bb{}\u00bb]<\/p>\n<h2 style=\"text-align: center;\">Declaraci\u00f3n de cumplimiento con las normas de Comercio Justo<\/h2>\n<p>[\/et_pb_text][\/et_pb_column][\/et_pb_row][et_pb_row _builder_version=\u00bb4.17.3&#8243; _module_preset=\u00bbdefault\u00bb global_colors_info=\u00bb{}\u00bb][et_pb_column type=\u00bb4_4&#8243; _builder_version=\u00bb4.17.3&#8243; _module_preset=\u00bbdefault\u00bb global_colors_info=\u00bb{}\u00bb][et_pb_text _builder_version=\u00bb4.17.3&#8243; _module_preset=\u00bbdefault\u00bb text_font=\u00bb|300|||||||\u00bb header_3_text_color=\u00bb#0099BB\u00bb header_3_font_size=\u00bb26px\u00bb global_colors_info=\u00bb{}\u00bb]<\/p>\n<div id=\"c36819\" class=\"csc-default\">\n<div class=\"csc-textpic-text\">\n<div id=\"c38806\" class=\"csc-default\">\n<p class=\"bodytext\">Por el presente, Teldat declara expresamente que las relaciones comerciales que mantenga con terceros en una situaci\u00f3n de desventaja cumplir\u00e1n escrupulosamente con las normas de la Organizaci\u00f3n Mundial del Comercio Justo. Esta es la mejor manera en la que Teldat puede establecer relaciones duraderas con productores, basadas en el di\u00e1logo, la transparencia y el respeto. Todas las transacciones que Teldat realice con terceros en situaci\u00f3n desfavorecida se enmarcar\u00e1n en un \u201ccontrato social\u201d. Seg\u00fan este modelo, Teldat acuerda hacer m\u00e1s de lo que se esperar\u00eda en una transacci\u00f3n comercial convencional (incluyendo pagar precios justos, facilitar financiaci\u00f3n previa, ofrecer apoyo para que los productores desarrollen sus capacidades, etc.). El objetivo es fomentar el cambio y el progreso mediante el comercio.<\/p>\n<p class=\"bodytext\">A modo de referencia, hemos incluido en esta declaraci\u00f3n los<span>\u00a0<\/span><b><i>Principios Rectores del C\u00f3digo de Buena Conducta de la Organizaci\u00f3n Mundial del Comercio Justo<\/i><\/b>, aprobados en la Conferencia WFTO de 1995 celebrada en New Windsor, Maryland, EE. UU.<\/p>\n<p class=\"bodytext\">\n<\/div>\n<div id=\"c38788\" class=\"csc-default\">\n<div class=\"csc-textpic-text\">\n<p class=\"bodytext\"><b>1. Compromiso con el Comercio Justo<\/b><\/p>\n<p class=\"bodytext\">Procurar, durante el desempe\u00f1o de la actividad comercial, el bienestar social, econ\u00f3mico y ambiental de productores marginados en pa\u00edses en v\u00edas de desarrollo. Esto se traduce en pr\u00e1cticas comerciales en condiciones equitativas, salarios justos y precios justos. Las estructuras, pr\u00e1cticas, actitudes comerciales y mecanismos injustos se identificar\u00e1n y evitar\u00e1n. En vez de competir entre s\u00ed, los miembros de la Organizaci\u00f3n Mundial del Comercio Justo cooperar\u00e1n para promover el comercio justo y la justicia social. Sus pr\u00e1cticas comerciales favorecer\u00e1n al productor y no constituir\u00e1n un medio para maximizar los beneficios a su costa.<\/p>\n<p class=\"bodytext\"><b>2. Transparencia<\/b><\/p>\n<p class=\"bodytext\">Compartir peri\u00f3dicamente, y de manera totalmente abierta, su informaci\u00f3n financiera, pol\u00edticas de gesti\u00f3n, pr\u00e1cticas comerciales, fuentes de productos, planes y programas de producci\u00f3n, marketing y desarrollo. De esta manera, tanto los miembros de la Organizaci\u00f3n Mundial del Comercio Justo como el p\u00fablico en general pueden evaluar la eficacia financiera y social de cada empresa. Sin perjuicio de lo anterior, esta pol\u00edtica de apertura respeta informaci\u00f3n comercial o pol\u00edticas de car\u00e1cter confidencial.<\/p>\n<p class=\"bodytext\"><b>3. \u00c9tica<\/b><\/p>\n<p class=\"bodytext\">En sus estructuras internas, los miembros de la Organizaci\u00f3n Mundial del Comercio Justo reflejar\u00e1n su compromiso con la justicia, el empleo justo, la transparencia y las pr\u00e1cticas laborales progresistas. El objetivo es lograr la m\u00e1xima eficacia al menor coste, involucrando siempre a los trabajadores (en la medida en que sea posible, dada la estructura de la empresa) en el proceso de toma de decisiones y gesti\u00f3n. Se procurar\u00e1 que los trabajadores perciban ingresos suficientes para cubrir sus necesidades b\u00e1sicas (como la atenci\u00f3n sanitaria, la educaci\u00f3n y la capacidad de ahorro).<\/p>\n<p class=\"bodytext\"><b>4. Condiciones de trabajo<\/b><\/p>\n<p class=\"bodytext\">Garantizar un ambiente de trabajo seguro que, como m\u00ednimo, cumpla con las normas de seguridad locales. Brindar oportunidades a las personas para que crezcan y alcancen su potencial. Garantizar que el trabajo se realiza en condiciones aceptables, utilizando materiales y tecnolog\u00edas apropiadas y desarrollando buenas pr\u00e1cticas de trabajo y producci\u00f3n.\u00a0<\/p>\n<p class=\"bodytext\"><b>5. Igualdad de oportunidades<\/b><\/p>\n<p class=\"bodytext\">Oponerse a cualquier tipo de discriminaci\u00f3n y garantizar igualdad de oportunidades en el empleo tanto a hombres como a mujeres que hayan sido explotados, sufran los efectos de la pobreza o sean v\u00edctimas de prejuicios raciales, culturales o de g\u00e9nero.<\/p>\n<p class=\"bodytext\"><b>6. Preocupaci\u00f3n por las personas<\/b>. \u00a0<\/p>\n<p class=\"bodytext\">Promover un tipo de desarrollo que mejore la calidad de vida y que sea responsable y sostenible tanto para las personas como para el medio natural. No se tolerar\u00e1 la explotaci\u00f3n infantil. Las actividades comerciales no atentar\u00e1n contra los intentos de pueblos ind\u00edgenas por recuperar sus tierras o los recursos que resulten esenciales para preservar su estilo de vida.<\/p>\n<p class=\"bodytext\"><b>7. Preocupaci\u00f3n por el medio ambiente<\/b><\/p>\n<p class=\"bodytext\">Fomentar la comercializaci\u00f3n de productos que no sean perjudiciales para el medio ambiente y administrar los recursos de forma sostenible, con el fin de proteger el entorno natural.<\/p>\n<p class=\"bodytext\"><b>8. Respeto por la identidad cultural de los productores<\/b><\/p>\n<p class=\"bodytext\">Promover la fabricaci\u00f3n y comercializaci\u00f3n de productos basados en las tradiciones culturales de los productores y sus recursos culturales. Potenciar los conocimientos art\u00edsticos, tecnol\u00f3gicos y organizativos de los productores como una manera de ayudar a preservar y desarrollar su identidad cultural.<\/p>\n<p class=\"bodytext\"><b>9. Educaci\u00f3n y promoci\u00f3n del Comercio Justo<\/b><\/p>\n<p class=\"bodytext\">Fomentar el comercio justo animando a los consumidores a cambiar sus patrones de consumo en base a elementos como la justicia social o el respeto por el medio ambiente. Apoyar campa\u00f1as en favor de pol\u00edticas nacionales o internacionales que mejoren las condiciones de vida de las personas sin recursos en pa\u00edses en v\u00edas de desarrollo. Concienciar al p\u00fablico y a las empresas sobre el comercio alternativo como f\u00f3rmula para acabar con estructuras comerciales y actitudes injustas. Contribuir a que los valores culturales y tradicionales del sur se conozcan m\u00e1s para promover la comprensi\u00f3n y el respeto intercultural.<\/p>\n<\/div>\n<\/div>\n<div id=\"c38805\" class=\"csc-default\">\n<p class=\"bodytext\">\n<p class=\"bodytext\">\n<h2>RELACIONES LABORALES<\/h2>\n<\/div>\n<div id=\"c38804\" class=\"csc-default\">\n<p class=\"bodytext\">Las organizaciones que participan en el Comercio Justo entablar\u00e1n relaciones comerciales basadas en la solidaridad, la confianza y el respeto mutuo, evitando siempre perjudicar o da\u00f1ar la imagen y reputaci\u00f3n de sus hom\u00f3logos. Estas relaciones se basan en beneficios rec\u00edprocos e intercambios justos, por lo que a menudo trascienden la propia actividad comercial. Los miembros y observadores de la Organizaci\u00f3n Mundial del Comercio Justo acuerdan solventar sus diferencias dialogando de forma abierta y directa.<\/p>\n<\/div>\n<div id=\"c38803\" class=\"csc-default\">\n<p class=\"bodytext\"><b>1. Relaciones entre Organizaciones de Comercio Justo (FTOs) y Consumidores<\/b><\/p>\n<p class=\"bodytext\">Las FTOs educan, informan y proporcionan a los consumidores productos de alta calidad a un precio justo. Las FTOs saben que usar t\u00e9cnicas de marketing honestas, respetar al consumidor y facilitar informaci\u00f3n son maneras de brindar una buena atenci\u00f3n al cliente y que, adem\u00e1s de ser un comportamiento \u00e9tico, beneficia a todas las partes involucradas en el ciclo comercial. Por su parte, las FTOs reciben de los consumidores informaci\u00f3n sobre el producto y el mercado.<\/p>\n<p class=\"bodytext\"><b>2. Relaciones entre FTOs<\/b><\/p>\n<p class=\"bodytext\">Como representantes de los productores, las FTOs deber\u00e1n tratar de coordinar sus actividades y ayudarse mutuamente para ser comercialmente eficientes al menor coste posible, abriendo as\u00ed mercados para beneficio de los productores. Su cooperaci\u00f3n y las transacciones comerciales que realicen se basar\u00e1n en una divisi\u00f3n clara y eficiente del trabajo, en funci\u00f3n de su localizaci\u00f3n geogr\u00e1fica y de sus recursos.<\/p>\n<p class=\"bodytext\">Las FTOs cooperan entre s\u00ed intercambiando informaci\u00f3n sobre productos, necesidades del mercado y formas de satisfacerlas (incluyendo abastecimiento y comercializaci\u00f3n conjuntos). En sus contratos de marketing y representaci\u00f3n, procurar\u00e1n evitar tanto duplicidades como situaciones de exclusividad. Tambi\u00e9n cooperar\u00e1n obteniendo financiaci\u00f3n para ellos o para organizaciones de productores mediante cr\u00e9ditos, pr\u00e9stamos y capital circulante, as\u00ed como optimizando los recursos existentes.<\/p>\n<p class=\"bodytext\"><b>3. Relaciones entre FTOs y Organizaciones de Productores<\/b><\/p>\n<p class=\"bodytext\">La funci\u00f3n de las FTOs es comprar y vender. Por su parte, las organizaciones de productores deben fabricar y vender. Su relaci\u00f3n comercial debe ir acompa\u00f1ada de otras actividades de \u00e1mbito general. En funci\u00f3n de las capacidades de los miembros y observadores, se facilita informaci\u00f3n sobre el mercado, opiniones de los consumidores con respecto al producto, apoyo financiero y otros servicios relevantes. Las FTOs y las organizaciones de productores intentan mejorar la calidad, aceptaci\u00f3n, y rango de productos teniendo en cuenta las capacidades y recursos de los productores. Tanto las FTOs como las organizaciones de productores se comprometen a cumplir con sus obligaciones de forma responsable, puntual y profesional.<\/p>\n<p class=\"bodytext\"><b>4. Relaciones entre Organizaciones de Productores<\/b><\/p>\n<p class=\"bodytext\">Para que resulte beneficiosa para todas las partes implicadas, la cooperaci\u00f3n entre organizaciones de productores deber\u00e1 ser franca, abierta y basarse en el respeto mutuo. Adem\u00e1s, evitar\u00e1n convertirse en competidores al no duplicar los dise\u00f1os o patrones de otro grupo sin permiso. Las organizaciones de productores intercambiar\u00e1n informaci\u00f3n, celebrar\u00e1n talleres conjuntos, actuar\u00e1n de forma colectiva y, siempre que sea posible, se reunir\u00e1n para debatir problemas comunes.<\/p>\n<\/div>\n<\/div>\n<\/div>\n<p>[\/et_pb_text][\/et_pb_column][\/et_pb_row][\/et_pb_section][et_pb_section fb_built=\u00bb1&#8243; admin_label=\u00bbSecci\u00f3n\u00bb _builder_version=\u00bb4.17.3&#8243; _module_preset=\u00bbdefault\u00bb animation_style=\u00bbfade\u00bb da_disable_devices=\u00bboff|off|off\u00bb global_colors_info=\u00bb{}\u00bb da_is_popup=\u00bboff\u00bb da_exit_intent=\u00bboff\u00bb da_has_close=\u00bbon\u00bb da_alt_close=\u00bboff\u00bb da_dark_close=\u00bboff\u00bb da_not_modal=\u00bbon\u00bb da_is_singular=\u00bboff\u00bb da_with_loader=\u00bboff\u00bb da_has_shadow=\u00bbon\u00bb][et_pb_row _builder_version=\u00bb4.17.3&#8243; _module_preset=\u00bbdefault\u00bb custom_padding=\u00bb34px||2px||false|\u00bb global_colors_info=\u00bb{}\u00bb][et_pb_column type=\u00bb4_4&#8243; _builder_version=\u00bb4.17.3&#8243; _module_preset=\u00bbdefault\u00bb global_colors_info=\u00bb{}\u00bb][et_pb_text module_id=\u00bbresults\u00bb _builder_version=\u00bb4.17.3&#8243; _module_preset=\u00bbdefault\u00bb custom_margin=\u00bb1px||18px|||\u00bb global_colors_info=\u00bb{}\u00bb]<\/p>\n<h2 class=\"text-center txt-color-a h3-5g\" style=\"text-align: center;\">Lee nuestros \u00faltimos Blog post sobre An\u00e1lisis del Tr\u00e1fico de Red<\/h2>\n<p>[\/et_pb_text][\/et_pb_column][\/et_pb_row][et_pb_row _builder_version=\u00bb4.17.3&#8243; _module_preset=\u00bbdefault\u00bb global_colors_info=\u00bb{}\u00bb][et_pb_column type=\u00bb4_4&#8243; _builder_version=\u00bb4.17.3&#8243; _module_preset=\u00bbdefault\u00bb global_colors_info=\u00bb{}\u00bb][et_pb_blog fullwidth=\u00bboff\u00bb posts_number=\u00bb3&#8243; show_author=\u00bboff\u00bb show_categories=\u00bboff\u00bb _builder_version=\u00bb4.17.3&#8243; _module_preset=\u00bbdefault\u00bb meta_text_color=\u00bb#6694A5&#8243; meta_font_size=\u00bb14px\u00bb global_colors_info=\u00bb{}\u00bb][\/et_pb_blog][\/et_pb_column][\/et_pb_row][\/et_pb_section][et_pb_section fb_built=\u00bb1&#8243; _builder_version=\u00bb4.17.3&#8243; _module_preset=\u00bbdefault\u00bb da_disable_devices=\u00bboff|off|off\u00bb global_colors_info=\u00bb{}\u00bb da_is_popup=\u00bboff\u00bb da_exit_intent=\u00bboff\u00bb da_has_close=\u00bbon\u00bb da_alt_close=\u00bboff\u00bb da_dark_close=\u00bboff\u00bb da_not_modal=\u00bbon\u00bb da_is_singular=\u00bboff\u00bb da_with_loader=\u00bboff\u00bb da_has_shadow=\u00bbon\u00bb][et_pb_row _builder_version=\u00bb4.17.3&#8243; _module_preset=\u00bbdefault\u00bb global_colors_info=\u00bb{}\u00bb][et_pb_column type=\u00bb4_4&#8243; _builder_version=\u00bb4.17.3&#8243; _module_preset=\u00bbdefault\u00bb global_colors_info=\u00bb{}\u00bb][et_pb_code _builder_version=\u00bb4.17.3&#8243; _module_preset=\u00bbdefault\u00bb global_colors_info=\u00bb{}\u00bb]<a href=\"#Form-home\" class=\"btn-flotante\">Contactar<\/a>[\/et_pb_code][\/et_pb_column][\/et_pb_row][\/et_pb_section]<\/p>\n","protected":false},"excerpt":{"rendered":"<p>Grupo Teldat Contacta con nosotros <nav aria-label=\"breadcrumbs\" class=\"rank-math-breadcrumb\"><p><span class=\"last\">Home<\/span><\/p><\/nav>Declaraci\u00f3n de cumplimiento con las normas de Comercio Justo Por el presente, Teldat declara expresamente que las relaciones comerciales que mantenga con terceros en una situaci\u00f3n de desventaja cumplir\u00e1n escrupulosamente con las normas de la Organizaci\u00f3n Mundial del Comercio Justo. Esta es la mejor manera en la que Teldat puede [&hellip;]<\/p>\n","protected":false},"author":242,"featured_media":0,"parent":0,"menu_order":0,"comment_status":"closed","ping_status":"closed","template":"","meta":{"_acf_changed":false,"_et_pb_use_builder":"on","_et_pb_old_content":"","_et_gb_content_width":"","footnotes":""},"class_list":["post-3852","page","type-page","status-publish","hentry"],"acf":[],"wpml_current_locale":"es_ES","wpml_translations":[{"locale":"en_US","id":3459,"slug":"declaration-of-fair-trade-business-rules-compliance","post_title":"Declaration of Fair Trade Business rules compliance","href":"https:\/\/www.teldat.com\/declaration-of-fair-trade-business-rules-compliance\/"}],"_links":{"self":[{"href":"https:\/\/www.teldat.com\/es\/wp-json\/wp\/v2\/pages\/3852","targetHints":{"allow":["GET"]}}],"collection":[{"href":"https:\/\/www.teldat.com\/es\/wp-json\/wp\/v2\/pages"}],"about":[{"href":"https:\/\/www.teldat.com\/es\/wp-json\/wp\/v2\/types\/page"}],"author":[{"embeddable":true,"href":"https:\/\/www.teldat.com\/es\/wp-json\/wp\/v2\/users\/242"}],"replies":[{"embeddable":true,"href":"https:\/\/www.teldat.com\/es\/wp-json\/wp\/v2\/comments?post=3852"}],"version-history":[{"count":0,"href":"https:\/\/www.teldat.com\/es\/wp-json\/wp\/v2\/pages\/3852\/revisions"}],"wp:attachment":[{"href":"https:\/\/www.teldat.com\/es\/wp-json\/wp\/v2\/media?parent=3852"}],"curies":[{"name":"wp","href":"https:\/\/api.w.org\/{rel}","templated":true}]}}