{"id":3993,"date":"2022-05-29T12:05:36","date_gmt":"2022-05-29T10:05:36","guid":{"rendered":"https:\/\/www.teldat.com\/reparaciones\/"},"modified":"2025-10-24T14:22:11","modified_gmt":"2025-10-24T12:22:11","slug":"reparaciones","status":"publish","type":"page","link":"https:\/\/www.teldat.com\/es\/servicios\/servicios-profesionales\/reparaciones\/","title":{"rendered":"Reparaciones"},"content":{"rendered":"<p>[et_pb_section fb_built=\u00bb1&#8243; _builder_version=\u00bb4.25.0&#8243; _module_preset=\u00bbdefault\u00bb background_image=\u00bb\/wp-content\/uploads\/2024\/06\/Teldat-repair-system.webp\u00bb height_tablet=\u00bb\u00bb height_phone=\u00bb374px\u00bb height_last_edited=\u00bbon|phone\u00bb custom_margin_tablet=\u00bb\u00bb custom_margin_phone=\u00bb||-96px||false|false\u00bb custom_margin_last_edited=\u00bbon|phone\u00bb global_colors_info=\u00bb{}\u00bb][et_pb_row column_structure=\u00bb1_2,1_2&#8243; _builder_version=\u00bb4.17.3&#8243; _module_preset=\u00bbdefault\u00bb width_tablet=\u00bb71%\u00bb width_phone=\u00bb81%\u00bb width_last_edited=\u00bbon|phone\u00bb module_alignment=\u00bbcenter\u00bb min_height_tablet=\u00bb\u00bb min_height_phone=\u00bb\u00bb min_height_last_edited=\u00bbon|phone\u00bb height_tablet=\u00bb\u00bb height_phone=\u00bb591px\u00bb height_last_edited=\u00bbon|phone\u00bb custom_margin=\u00bb35px|auto|41px|auto||\u00bb custom_padding=\u00bb1px||0px|||\u00bb module_alignment_tablet=\u00bbleft\u00bb module_alignment_phone=\u00bbleft\u00bb module_alignment_last_edited=\u00bbon|tablet\u00bb global_colors_info=\u00bb{}\u00bb][et_pb_column type=\u00bb1_2&#8243; _builder_version=\u00bb4.17.3&#8243; _module_preset=\u00bbdefault\u00bb global_colors_info=\u00bb{}\u00bb][et_pb_text _builder_version=\u00bb4.27.4&#8243; _module_preset=\u00bbdefault\u00bb text_font=\u00bb|300|||||||\u00bb text_font_size=\u00bb20px\u00bb header_text_align=\u00bbleft\u00bb header_6_text_align=\u00bbleft\u00bb header_6_text_color=\u00bb#0099BB\u00bb background_color=\u00bbrgba(241,246,246,0.66)\u00bb width=\u00bb112.9%\u00bb custom_margin=\u00bb|-76px|-2px|||\u00bb custom_padding=\u00bb54px|24px|54px|33px||\u00bb border_color_all=\u00bb#0099BB\u00bb border_style_all=\u00bbnone\u00bb border_width_left=\u00bb6px\u00bb border_color_left=\u00bb#32244A\u00bb border_style_left=\u00bbsolid\u00bb global_colors_info=\u00bb{}\u00bb]<\/p>\n<h1>Servicios Teldat<\/h1>\n<p>Servicios de instalaci\u00f3n, mantenimiento, reparaci\u00f3n y gesti\u00f3n de proyectos de comunicaciones, garantizando en todo momento la satisfacci\u00f3n del cliente.<\/p>\n<p>[\/et_pb_text][\/et_pb_column][et_pb_column type=\u00bb1_2&#8243; _builder_version=\u00bb4.17.3&#8243; _module_preset=\u00bbdefault\u00bb global_colors_info=\u00bb{}\u00bb][\/et_pb_column][\/et_pb_row][\/et_pb_section][et_pb_section fb_built=\u00bb1&#8243; admin_label=\u00bbSecci\u00f3n\u00bb _builder_version=\u00bb4.17.3&#8243; _module_preset=\u00bbdefault\u00bb min_height=\u00bb49.2px\u00bb custom_padding=\u00bb3px||2px|||\u00bb global_colors_info=\u00bb{}\u00bb][et_pb_row _builder_version=\u00bb4.17.3&#8243; _module_preset=\u00bbdefault\u00bb custom_padding=\u00bb7px||9px|||\u00bb global_colors_info=\u00bb{}\u00bb][et_pb_column type=\u00bb4_4&#8243; _builder_version=\u00bb4.17.3&#8243; _module_preset=\u00bbdefault\u00bb global_colors_info=\u00bb{}\u00bb][et_pb_code _builder_version=\u00bb4.17.3&#8243; _module_preset=\u00bbdefault\u00bb text_orientation=\u00bbleft\u00bb custom_margin=\u00bb||-3px|||\u00bb locked=\u00bboff\u00bb global_colors_info=\u00bb{}\u00bb]<?php if (function_exists('rank_math_the_breadcrumbs')) rank_math_the_breadcrumbs(); ?> <nav aria-label=\"breadcrumbs\" class=\"rank-math-breadcrumb\"><p><span class=\"last\">Home<\/span><\/p><\/nav>[\/et_pb_code][\/et_pb_column][\/et_pb_row][\/et_pb_section][et_pb_section fb_built=\u00bb1&#8243; _builder_version=\u00bb4.17.3&#8243; _module_preset=\u00bbdefault\u00bb custom_padding=\u00bb3px||33px|||\u00bb global_colors_info=\u00bb{}\u00bb][et_pb_row _builder_version=\u00bb4.17.3&#8243; _module_preset=\u00bbdefault\u00bb custom_padding=\u00bb1px||0px|||\u00bb global_colors_info=\u00bb{}\u00bb][et_pb_column type=\u00bb4_4&#8243; _builder_version=\u00bb4.17.3&#8243; _module_preset=\u00bbdefault\u00bb global_colors_info=\u00bb{}\u00bb][et_pb_text _builder_version=\u00bb4.17.3&#8243; _module_preset=\u00bbdefault\u00bb custom_margin=\u00bb36px||-1px|||\u00bb global_colors_info=\u00bb{}\u00bb]<\/p>\n<div class=\"row\">\n<div class=\"col-xs-12 col-sm-12 col-md-6 col-lg-6 col-lg-offset-6\">\n<h2 class=\"h3-morado-first\" style=\"text-align: left;\">Reparaciones<\/h2>\n<\/div>\n<\/div>\n<div class=\"row\"><\/div>\n<p>[\/et_pb_text][et_pb_text _builder_version=\u00bb4.27.4&#8243; _module_preset=\u00bbdefault\u00bb text_text_color=\u00bb#0099BB\u00bb header_2_font=\u00bb|300|||||||\u00bb header_2_text_color=\u00bb#0099BB\u00bb header_3_text_color=\u00bb#0099BB\u00bb header_3_font_size=\u00bb26px\u00bb text_orientation=\u00bbcenter\u00bb custom_margin=\u00bb||-1px|||\u00bb custom_padding=\u00bb5px|1px||1px|false|true\u00bb custom_padding_tablet=\u00bb5px|97px||97px|false|true\u00bb custom_padding_phone=\u00bb|0px||0px|false|true\u00bb custom_padding_last_edited=\u00bbon|desktop\u00bb global_colors_info=\u00bb{}\u00bb]<\/p>\n<h3 style=\"text-align: left;\">Teldat dispone de un servicio de reparaci\u00f3n de equipos Teldat que asegura la reparaci\u00f3n en el menor tiempo posible y con la garant\u00eda del fabricante<\/h3>\n<p>[\/et_pb_text][\/et_pb_column][\/et_pb_row][et_pb_row column_structure=\u00bb1_2,1_2&#8243; _builder_version=\u00bb4.17.3&#8243; _module_preset=\u00bbdefault\u00bb custom_margin=\u00bb31px|auto||auto||\u00bb custom_padding=\u00bb1px|||||\u00bb global_colors_info=\u00bb{}\u00bb][et_pb_column type=\u00bb1_2&#8243; _builder_version=\u00bb4.17.3&#8243; _module_preset=\u00bbdefault\u00bb global_colors_info=\u00bb{}\u00bb][et_pb_image src=\u00bb\/wp-content\/uploads\/2024\/06\/Integra-T-Teldat-repair-service.webp\u00bb alt=\u00bbIntegra-T servicio de reparaci\u00f3n de Teldat\u00bb title_text=\u00bbIntegra-T servicio de reparaci\u00f3n de Teldat\u00bb _builder_version=\u00bb4.27.4&#8243; _module_preset=\u00bbdefault\u00bb global_colors_info=\u00bb{}\u00bb][\/et_pb_image][\/et_pb_column][et_pb_column type=\u00bb1_2&#8243; _builder_version=\u00bb4.17.3&#8243; _module_preset=\u00bbdefault\u00bb global_colors_info=\u00bb{}\u00bb][et_pb_text _builder_version=\u00bb4.27.4&#8243; _module_preset=\u00bbdefault\u00bb text_font=\u00bb|300|||||||\u00bb global_colors_info=\u00bb{}\u00bb]<\/p>\n<p>Teldat dispone de un servicio de reparaci\u00f3n de equipos Teldat que asegura la reparaci\u00f3n en el menor tiempo posible y con la garant\u00eda del fabricante.<\/p>\n<p>Este servicio de reparaci\u00f3n tambi\u00e9n incluye la sustituci\u00f3n de piezas defectuosas y una revisi\u00f3n completa del equipo donde tambi\u00e9n se sustituyen las piezas da\u00f1adas. Los equipos reparados por Teldat tienen una garant\u00eda de seis meses.<\/p>\n<p>[\/et_pb_text][\/et_pb_column][\/et_pb_row][\/et_pb_section][et_pb_section fb_built=\u00bb1&#8243; admin_label=\u00bbSecci\u00f3n\u00bb _builder_version=\u00bb4.17.3&#8243; _module_preset=\u00bbdefault\u00bb animation_style=\u00bbfade\u00bb global_colors_info=\u00bb{}\u00bb][et_pb_row _builder_version=\u00bb4.17.3&#8243; _module_preset=\u00bbdefault\u00bb custom_padding=\u00bb34px||34px||true|\u00bb global_colors_info=\u00bb{}\u00bb][et_pb_column type=\u00bb4_4&#8243; _builder_version=\u00bb4.17.3&#8243; _module_preset=\u00bbdefault\u00bb global_colors_info=\u00bb{}\u00bb][et_pb_text module_id=\u00bbresults\u00bb _builder_version=\u00bb4.17.3&#8243; _module_preset=\u00bbdefault\u00bb custom_margin=\u00bb||-8px|||\u00bb custom_padding=\u00bb5px||15px|||\u00bb global_colors_info=\u00bb{}\u00bb]<\/p>\n<h2 class=\"text-center txt-color-a h3-5g\" style=\"text-align: center;\">Lee nuestros \u00faltimos Blog post<\/h2>\n<p>[\/et_pb_text][\/et_pb_column][\/et_pb_row][et_pb_row _builder_version=\u00bb4.17.3&#8243; _module_preset=\u00bbdefault\u00bb global_colors_info=\u00bb{}\u00bb][et_pb_column type=\u00bb4_4&#8243; _builder_version=\u00bb4.17.3&#8243; _module_preset=\u00bbdefault\u00bb global_colors_info=\u00bb{}\u00bb][et_pb_blog fullwidth=\u00bboff\u00bb posts_number=\u00bb3&#8243; show_categories=\u00bboff\u00bb _builder_version=\u00bb4.17.3&#8243; _module_preset=\u00bbdefault\u00bb meta_text_color=\u00bb#6694A5&#8243; meta_font_size=\u00bb14px\u00bb global_colors_info=\u00bb{}\u00bb][\/et_pb_blog][\/et_pb_column][\/et_pb_row][\/et_pb_section]<\/p>\n","protected":false},"excerpt":{"rendered":"<p>Servicios Teldat Servicios de instalaci\u00f3n, mantenimiento, reparaci\u00f3n y gesti\u00f3n de proyectos de comunicaciones, garantizando en todo momento la satisfacci\u00f3n del cliente. <nav aria-label=\"breadcrumbs\" class=\"rank-math-breadcrumb\"><p><span class=\"last\">Home<\/span><\/p><\/nav> Reparaciones Teldat dispone de un servicio de reparaci\u00f3n de equipos Teldat que asegura la reparaci\u00f3n en el menor tiempo posible y con la garant\u00eda del fabricanteTeldat dispone de un servicio de reparaci\u00f3n de [&hellip;]<\/p>\n","protected":false},"author":242,"featured_media":0,"parent":8295,"menu_order":0,"comment_status":"closed","ping_status":"closed","template":"","meta":{"_acf_changed":false,"_et_pb_use_builder":"on","_et_pb_old_content":"","_et_gb_content_width":"","footnotes":""},"class_list":["post-3993","page","type-page","status-publish","hentry"],"acf":[],"wpml_current_locale":"es_ES","wpml_translations":[{"locale":"en_US","id":3362,"slug":"repairs","post_title":"Repairs","href":"https:\/\/www.teldat.com\/services\/professional-services\/repairs\/"}],"_links":{"self":[{"href":"https:\/\/www.teldat.com\/es\/wp-json\/wp\/v2\/pages\/3993","targetHints":{"allow":["GET"]}}],"collection":[{"href":"https:\/\/www.teldat.com\/es\/wp-json\/wp\/v2\/pages"}],"about":[{"href":"https:\/\/www.teldat.com\/es\/wp-json\/wp\/v2\/types\/page"}],"author":[{"embeddable":true,"href":"https:\/\/www.teldat.com\/es\/wp-json\/wp\/v2\/users\/242"}],"replies":[{"embeddable":true,"href":"https:\/\/www.teldat.com\/es\/wp-json\/wp\/v2\/comments?post=3993"}],"version-history":[{"count":0,"href":"https:\/\/www.teldat.com\/es\/wp-json\/wp\/v2\/pages\/3993\/revisions"}],"up":[{"embeddable":true,"href":"https:\/\/www.teldat.com\/es\/wp-json\/wp\/v2\/pages\/8295"}],"wp:attachment":[{"href":"https:\/\/www.teldat.com\/es\/wp-json\/wp\/v2\/media?parent=3993"}],"curies":[{"name":"wp","href":"https:\/\/api.w.org\/{rel}","templated":true}]}}