{"id":50949,"date":"2023-10-20T10:53:43","date_gmt":"2023-10-20T08:53:43","guid":{"rendered":"https:\/\/www.teldat.com\/?page_id=50949"},"modified":"2024-06-04T18:42:25","modified_gmt":"2024-06-04T16:42:25","slug":"canal-etico","status":"publish","type":"page","link":"https:\/\/www.teldat.com\/es\/canal-etico\/","title":{"rendered":"Canal \u00c9tico"},"content":{"rendered":"<p>[et_pb_section fb_built=\u00bb1&#8243; _builder_version=\u00bb4.25.0&#8243; _module_preset=\u00bbdefault\u00bb background_image=\u00bb\/wp-content\/uploads\/2024\/06\/Ethic-Channel-Teldat.webp\u00bb background_position=\u00bbbottom_center\u00bb height=\u00bb45vh\u00bb height_tablet=\u00bb\u00bb height_phone=\u00bb374px\u00bb height_last_edited=\u00bbon|phone\u00bb custom_margin_tablet=\u00bb\u00bb custom_margin_phone=\u00bb||-96px||false|false\u00bb custom_margin_last_edited=\u00bbon|phone\u00bb hover_enabled=\u00bb0&#8243; locked=\u00bboff\u00bb global_colors_info=\u00bb{}\u00bb alt=\u00bbEthic Channel Teldat\u00bb title_text=\u00bbEthic Channel Teldat\u00bb sticky_enabled=\u00bb0&#8243;][et_pb_row column_structure=\u00bb1_2,1_2&#8243; _builder_version=\u00bb4.17.3&#8243; _module_preset=\u00bbdefault\u00bb width_tablet=\u00bb71%\u00bb width_phone=\u00bb81%\u00bb width_last_edited=\u00bbon|phone\u00bb module_alignment=\u00bbcenter\u00bb min_height_tablet=\u00bb\u00bb min_height_phone=\u00bb\u00bb min_height_last_edited=\u00bbon|phone\u00bb height_tablet=\u00bb\u00bb height_phone=\u00bb591px\u00bb height_last_edited=\u00bbon|phone\u00bb custom_margin=\u00bb35px|auto|41px|auto||\u00bb custom_padding=\u00bb1px||0px|||\u00bb module_alignment_tablet=\u00bbleft\u00bb module_alignment_phone=\u00bbleft\u00bb module_alignment_last_edited=\u00bbon|tablet\u00bb global_colors_info=\u00bb{}\u00bb][et_pb_column type=\u00bb1_2&#8243; _builder_version=\u00bb4.17.3&#8243; _module_preset=\u00bbdefault\u00bb global_colors_info=\u00bb{}\u00bb][et_pb_text _builder_version=\u00bb4.22.1&#8243; _module_preset=\u00bbdefault\u00bb text_font=\u00bb|300|||||||\u00bb text_font_size=\u00bb20px\u00bb header_text_align=\u00bbleft\u00bb header_6_text_align=\u00bbleft\u00bb header_6_text_color=\u00bb#0099BB\u00bb background_color=\u00bbrgba(241,246,246,0.66)\u00bb width=\u00bb84.6%\u00bb custom_margin=\u00bb|-76px|-2px|||\u00bb custom_padding=\u00bb54px|24px|54px|33px||\u00bb custom_padding_tablet=\u00bb54px|24px|54px|33px||\u00bb custom_padding_phone=\u00bb15px|15px|15px|7px|false|false\u00bb custom_padding_last_edited=\u00bbon|phone\u00bb border_color_all=\u00bb#0099BB\u00bb border_style_all=\u00bbnone\u00bb border_width_left=\u00bb6px\u00bb border_color_left=\u00bb#32244A\u00bb border_style_left=\u00bbsolid\u00bb global_colors_info=\u00bb{}\u00bb]<\/p>\n<h1>Canal \u00c9tico<\/h1>\n<p>[\/et_pb_text][\/et_pb_column][et_pb_column type=\u00bb1_2&#8243; _builder_version=\u00bb4.17.3&#8243; _module_preset=\u00bbdefault\u00bb global_colors_info=\u00bb{}\u00bb][\/et_pb_column][\/et_pb_row][\/et_pb_section][et_pb_section fb_built=\u00bb1&#8243; _builder_version=\u00bb4.20.2&#8243; _module_preset=\u00bbdefault\u00bb height_last_edited=\u00bboff|desktop\u00bb custom_padding=\u00bb3px||2px|||\u00bb locked=\u00bboff\u00bb global_colors_info=\u00bb{}\u00bb][et_pb_row _builder_version=\u00bb4.17.3&#8243; _module_preset=\u00bbdefault\u00bb custom_padding=\u00bb7px||9px|||\u00bb global_colors_info=\u00bb{}\u00bb][et_pb_column type=\u00bb4_4&#8243; _builder_version=\u00bb4.17.3&#8243; _module_preset=\u00bbdefault\u00bb global_colors_info=\u00bb{}\u00bb][et_pb_code _builder_version=\u00bb4.17.3&#8243; _module_preset=\u00bbdefault\u00bb text_orientation=\u00bbleft\u00bb custom_margin=\u00bb||-3px|||\u00bb global_colors_info=\u00bb{}\u00bb]<?php if (function_exists('rank_math_the_breadcrumbs')) rank_math_the_breadcrumbs(); ?> <nav aria-label=\"breadcrumbs\" class=\"rank-math-breadcrumb\"><p><span class=\"last\">Home<\/span><\/p><\/nav>[\/et_pb_code][\/et_pb_column][\/et_pb_row][\/et_pb_section][et_pb_section fb_built=\u00bb1&#8243; admin_label=\u00bbAbout\u00bb _builder_version=\u00bb4.16&#8243; _module_preset=\u00bbdefault\u00bb background_enable_color=\u00bboff\u00bb background_enable_image=\u00bboff\u00bb global_colors_info=\u00bb{}\u00bb][et_pb_row _builder_version=\u00bb4.16&#8243; _module_preset=\u00bbdefault\u00bb global_colors_info=\u00bb{}\u00bb][et_pb_column type=\u00bb4_4&#8243; _builder_version=\u00bb4.16&#8243; _module_preset=\u00bbdefault\u00bb global_colors_info=\u00bb{}\u00bb][et_pb_text _builder_version=\u00bb4.22.1&#8243; _module_preset=\u00bb003e9429-8e11-4d9e-968b-8881092bbf81&#8243; header_font=\u00bb|600|||||||\u00bb header_2_font=\u00bb|600|||||||\u00bb header_2_text_align=\u00bbcenter\u00bb header_2_text_color=\u00bbgcid-50e804a2-ddc5-4928-b9d9-a69efb1f2e13&#8243; header_2_font_size=\u00bb60px\u00bb header_2_line_height=\u00bb1.1em\u00bb max_width=\u00bb600px\u00bb module_alignment=\u00bbcenter\u00bb header_2_font_size_tablet=\u00bb32px\u00bb header_2_font_size_phone=\u00bb20px\u00bb header_2_font_size_last_edited=\u00bbon|phone\u00bb locked=\u00bboff\u00bb global_colors_info=\u00bb{%22gcid-50e804a2-ddc5-4928-b9d9-a69efb1f2e13%22:%91%22header_2_text_color%22%93}\u00bb]<\/p>\n<h2>Canal \u00c9tico<\/h2>\n<p>[\/et_pb_text][et_pb_text _builder_version=\u00bb4.22.1&#8243; _module_preset=\u00bb22d0da71-6393-430b-a0cd-b77dd565e85c\u00bb text_text_color=\u00bb#000000&#8243; text_font_size=\u00bb16px\u00bb text_line_height=\u00bb1.8em\u00bb text_orientation=\u00bbcenter\u00bb max_width=\u00bb890px\u00bb module_alignment=\u00bbcenter\u00bb text_font_size_tablet=\u00bb15px\u00bb text_font_size_phone=\u00bb14px\u00bb text_font_size_last_edited=\u00bbon|phone\u00bb header_font_size_tablet=\u00bb55px\u00bb header_font_size_last_edited=\u00bboff|desktop\u00bb locked=\u00bboff\u00bb global_colors_info=\u00bb{}\u00bb]<\/p>\n<p>TELDAT pone a disposici\u00f3n de empleados y terceros con los que se relacione profesionalmente el Canal \u00c9tico. El Canal \u00c9tico es una herramienta que permite realizar comunicaciones referentes a conductas que puedan suponer una vulneraci\u00f3n del ordenamiento jur\u00eddico o del C\u00f3digo de Conducta de TELDAT  (<a href=\"https:\/\/www.teldat.com\/fileadmin\/mediacenter\/pdf\/codigo-de-conducta.pdf\" target=\"_blank\" rel=\"noopener\">click aqu\u00ed para descargar<\/a>).<\/p>\n<p>Con la implementaci\u00f3n del Canal \u00c9tico, TELDAT da un paso m\u00e1s en su compromiso con la legalidad vigente y suma una herramienta que resulta decisiva para la implementaci\u00f3n de un modelo de cumplimiento normativo que disponga de todas las garant\u00edas.<\/p>\n<p>[\/et_pb_text][\/et_pb_column][\/et_pb_row][\/et_pb_section][et_pb_section fb_built=\u00bb1&#8243; prev_background_color=\u00bb#ffffff\u00bb admin_label=\u00bbServices\u00bb _builder_version=\u00bb4.20.2&#8243; _module_preset=\u00bbdefault\u00bb background_color=\u00bb#8300E9&#8243; use_background_color_gradient=\u00bbon\u00bb background_color_gradient_direction=\u00bb243deg\u00bb background_color_gradient_stops=\u00bb#bab7fd 0%|gcid-50e804a2-ddc5-4928-b9d9-a69efb1f2e13 100%\u00bb background_color_gradient_start=\u00bb#bab7fd\u00bb background_color_gradient_end=\u00bb#8300e9&#8243; background_enable_image=\u00bboff\u00bb background_size=\u00bbcontain\u00bb background_position=\u00bbtop_center\u00bb custom_margin=\u00bb||||false|false\u00bb custom_padding=\u00bb7vw||52px||false|false\u00bb top_divider_style=\u00bbarrow2&#8243; background_last_edited=\u00bboff|desktop\u00bb background_enable_image_tablet=\u00bboff\u00bb background_size_tablet=\u00bbinitial\u00bb global_colors_info=\u00bb{%22gcid-50e804a2-ddc5-4928-b9d9-a69efb1f2e13%22:%91%22background_color_gradient_stops%22%93}\u00bb][et_pb_row column_structure=\u00bb1_3,1_3,1_3&#8243; _builder_version=\u00bb4.20.2&#8243; _module_preset=\u00bbdefault\u00bb custom_margin=\u00bb24px|auto||auto||\u00bb global_colors_info=\u00bb{}\u00bb][et_pb_column type=\u00bb1_3&#8243; _builder_version=\u00bb4.16&#8243; _module_preset=\u00bbdefault\u00bb global_colors_info=\u00bb{}\u00bb][et_pb_blurb title=\u00bbTRANSPARENCIA\u00bb use_icon=\u00bbon\u00bb font_icon=\u00bb&#xe0dd;||divi||400&#8243; image_icon_background_color=\u00bb#FFFFFF\u00bb image_icon_width=\u00bb40px\u00bb content_max_width=\u00bb100%\u00bb _builder_version=\u00bb4.22.1&#8243; _module_preset=\u00bb33485b6f-454f-429a-8b40-00a45566bf93&#8243; header_font=\u00bb|700|||||||\u00bb header_text_align=\u00bbcenter\u00bb header_line_height=\u00bb1.2em\u00bb body_text_align=\u00bbcenter\u00bb body_font_size=\u00bb16px\u00bb body_line_height=\u00bb1.8em\u00bb background_enable_color=\u00bboff\u00bb use_background_color_gradient=\u00bbon\u00bb background_color_gradient_stops=\u00bb#ffffff 33%|#f1f6f6 100%\u00bb image_icon_custom_padding=\u00bb20px|20px|20px|20px|true|true\u00bb max_width=\u00bb100%\u00bb module_alignment=\u00bbcenter\u00bb height=\u00bb500px\u00bb custom_margin=\u00bb8px|8px|8px|8px|true|true\u00bb custom_padding=\u00bb2em|2em|2em|2em|true|true\u00bb animation=\u00bboff\u00bb body_font_size_tablet=\u00bb15px\u00bb body_font_size_phone=\u00bb14px\u00bb body_font_size_last_edited=\u00bbon|phone\u00bb border_radii=\u00bbon|2em|2em|2em|2em\u00bb border_width_all=\u00bb3px\u00bb border_color_all=\u00bb#F1F6F6&#8243; border_radii_image=\u00bbon|150px|150px|150px|150px\u00bb border_width_all_image=\u00bb3px\u00bb border_color_all_image=\u00bbgcid-50e804a2-ddc5-4928-b9d9-a69efb1f2e13&#8243; box_shadow_style=\u00bbpreset3&#8243; locked=\u00bboff\u00bb global_colors_info=\u00bb{%22gcid-50e804a2-ddc5-4928-b9d9-a69efb1f2e13%22:%91%22icon_color%22,%22border_color_all_image%22,%22icon_color%22,%22icon_color%22,%22icon_color%22,%22border_color_all_image%22%93}\u00bb border_radii_image__hover_enabled=\u00bbon|desktop\u00bb border_radii_image__hover=\u00bbon|40px|40px|40px|40px\u00bb]<\/p>\n<p>El Canal \u00c9tico permitir\u00e1 a la entidad prevenir y controlar posibles conductas inapropiadas y mejorar su modelo de negocio. La aplicaci\u00f3n de esta medida tambi\u00e9n mejorar\u00e1 la confianza de sus proveedores y clientes, dando la imagen de una entidad con unos principios sociales firmes y vigentes.<\/p>\n<p>[\/et_pb_blurb][\/et_pb_column][et_pb_column type=\u00bb1_3&#8243; _builder_version=\u00bb4.16&#8243; _module_preset=\u00bbdefault\u00bb global_colors_info=\u00bb{}\u00bb][et_pb_blurb title=\u00bbGLOBAL\u00bb use_icon=\u00bbon\u00bb font_icon=\u00bb&#xf0ac;||fa||900&#8243; image_icon_background_color=\u00bb#FFFFFF\u00bb image_icon_width=\u00bb40px\u00bb content_max_width=\u00bb100%\u00bb _builder_version=\u00bb4.22.1&#8243; _module_preset=\u00bb33485b6f-454f-429a-8b40-00a45566bf93&#8243; header_font=\u00bb|700|||||||\u00bb header_text_align=\u00bbcenter\u00bb header_line_height=\u00bb1.2em\u00bb body_text_align=\u00bbcenter\u00bb body_font_size=\u00bb16px\u00bb body_line_height=\u00bb1.8em\u00bb background_enable_color=\u00bboff\u00bb use_background_color_gradient=\u00bbon\u00bb background_color_gradient_stops=\u00bb#ffffff 33%|#f1f6f6 100%\u00bb image_icon_custom_padding=\u00bb20px|20px|20px|20px|true|true\u00bb max_width=\u00bb100%\u00bb module_alignment=\u00bbcenter\u00bb height=\u00bb500px\u00bb custom_margin=\u00bb8px|8px|8px|8px|true|true\u00bb custom_padding=\u00bb2em|2em|2em|2em|true|true\u00bb animation=\u00bboff\u00bb body_font_size_tablet=\u00bb15px\u00bb body_font_size_phone=\u00bb14px\u00bb body_font_size_last_edited=\u00bbon|phone\u00bb border_radii=\u00bbon|2em|2em|2em|2em\u00bb border_width_all=\u00bb3px\u00bb border_color_all=\u00bb#F1F6F6&#8243; border_radii_image=\u00bbon|150px|150px|150px|150px\u00bb border_width_all_image=\u00bb3px\u00bb border_color_all_image=\u00bbgcid-50e804a2-ddc5-4928-b9d9-a69efb1f2e13&#8243; box_shadow_style=\u00bbpreset3&#8243; locked=\u00bboff\u00bb global_colors_info=\u00bb{%22gcid-50e804a2-ddc5-4928-b9d9-a69efb1f2e13%22:%91%22icon_color%22,%22border_color_all_image%22,%22icon_color%22,%22icon_color%22,%22icon_color%22,%22border_color_all_image%22,%22icon_color%22,%22border_color_all_image%22,%22icon_color%22,%22icon_color%22%93}\u00bb border_radii_image__hover=\u00bbon|40px|40px|40px|40px\u00bb border_radii_image__hover_enabled=\u00bbon|desktop\u00bb]<\/p>\n<p>Este Canal \u00c9tico ser\u00e1 de aplicaci\u00f3n a todas las empresas del grupo situadas en varios continentes.\u00a0 Todas las entidades se ver\u00e1n beneficiadas de las mejoras que supone la implementaci\u00f3n del canal.<\/p>\n<p>[\/et_pb_blurb][\/et_pb_column][et_pb_column type=\u00bb1_3&#8243; _builder_version=\u00bb4.16&#8243; _module_preset=\u00bbdefault\u00bb global_colors_info=\u00bb{}\u00bb][et_pb_blurb title=\u00bbNO REPRESALIAS\u00bb use_icon=\u00bbon\u00bb font_icon=\u00bb&#xe02e;||divi||400&#8243; image_icon_background_color=\u00bb#FFFFFF\u00bb image_icon_width=\u00bb40px\u00bb content_max_width=\u00bb100%\u00bb _builder_version=\u00bb4.20.2&#8243; _module_preset=\u00bb33485b6f-454f-429a-8b40-00a45566bf93&#8243; header_font=\u00bb|700|||||||\u00bb header_text_align=\u00bbcenter\u00bb header_line_height=\u00bb1.2em\u00bb body_text_align=\u00bbcenter\u00bb body_font_size=\u00bb16px\u00bb body_line_height=\u00bb1.8em\u00bb background_enable_color=\u00bboff\u00bb use_background_color_gradient=\u00bbon\u00bb background_color_gradient_stops=\u00bb#ffffff 33%|#f1f6f6 100%\u00bb image_icon_custom_padding=\u00bb20px|20px|20px|20px|true|true\u00bb max_width=\u00bb100%\u00bb module_alignment=\u00bbcenter\u00bb height=\u00bb500px\u00bb custom_margin=\u00bb8px|8px|8px|8px|true|true\u00bb custom_padding=\u00bb2em|2em|2em|2em|true|true\u00bb animation=\u00bboff\u00bb body_font_size_tablet=\u00bb15px\u00bb body_font_size_phone=\u00bb14px\u00bb body_font_size_last_edited=\u00bbon|phone\u00bb border_radii=\u00bbon|2em|2em|2em|2em\u00bb border_width_all=\u00bb3px\u00bb border_color_all=\u00bb#F1F6F6&#8243; border_radii_image=\u00bbon|150px|150px|150px|150px\u00bb border_width_all_image=\u00bb3px\u00bb border_color_all_image=\u00bbgcid-50e804a2-ddc5-4928-b9d9-a69efb1f2e13&#8243; box_shadow_style=\u00bbpreset3&#8243; locked=\u00bboff\u00bb global_colors_info=\u00bb{%22gcid-50e804a2-ddc5-4928-b9d9-a69efb1f2e13%22:%91%22icon_color%22,%22border_color_all_image%22,%22icon_color%22,%22icon_color%22,%22icon_color%22,%22border_color_all_image%22,%22icon_color%22,%22border_color_all_image%22,%22icon_color%22,%22icon_color%22%93}\u00bb border_radii_image__hover=\u00bbon|40px|40px|40px|40px\u00bb border_radii_image__hover_enabled=\u00bbon|desktop\u00bb]<\/p>\n<p>Las comunicaciones realizadas no implicar\u00e1n represalia alguna para los informantes, que gozar\u00e1n de todas las garant\u00edas a nivel de seguridad. TELDAT valora de forma muy positiva que sus empleados, proveedores y clientes realicen comunicaciones a trav\u00e9s de este canal, lo que supone una muestra de cumplimiento con los principios \u00e9ticos de la entidad.<\/p>\n<p>[\/et_pb_blurb][\/et_pb_column][\/et_pb_row][et_pb_row column_structure=\u00bb1_3,1_3,1_3&#8243; _builder_version=\u00bb4.20.2&#8243; _module_preset=\u00bbdefault\u00bb custom_margin=\u00bb26px|auto||auto||\u00bb global_colors_info=\u00bb{}\u00bb][et_pb_column type=\u00bb1_3&#8243; _builder_version=\u00bb4.16&#8243; _module_preset=\u00bbdefault\u00bb global_colors_info=\u00bb{}\u00bb][et_pb_blurb title=\u00bbCONFIDENCIALIDAD\u00bb use_icon=\u00bbon\u00bb font_icon=\u00bb&#xf21b;||fa||900&#8243; image_icon_background_color=\u00bb#FFFFFF\u00bb image_icon_width=\u00bb40px\u00bb content_max_width=\u00bb100%\u00bb _builder_version=\u00bb4.20.2&#8243; _module_preset=\u00bb33485b6f-454f-429a-8b40-00a45566bf93&#8243; header_font=\u00bb|700|||||||\u00bb header_text_align=\u00bbcenter\u00bb header_line_height=\u00bb1.2em\u00bb body_text_align=\u00bbcenter\u00bb body_font_size=\u00bb16px\u00bb body_line_height=\u00bb1.8em\u00bb background_enable_color=\u00bboff\u00bb use_background_color_gradient=\u00bbon\u00bb background_color_gradient_stops=\u00bb#ffffff 33%|#f1f6f6 100%\u00bb image_icon_custom_padding=\u00bb20px|20px|20px|20px|true|true\u00bb max_width=\u00bb100%\u00bb module_alignment=\u00bbcenter\u00bb height=\u00bb500px\u00bb custom_margin=\u00bb8px|8px|8px|8px|true|true\u00bb custom_padding=\u00bb2em|2em|2em|2em|true|true\u00bb animation=\u00bboff\u00bb body_font_size_tablet=\u00bb15px\u00bb body_font_size_phone=\u00bb14px\u00bb body_font_size_last_edited=\u00bbon|phone\u00bb border_radii=\u00bbon|2em|2em|2em|2em\u00bb border_width_all=\u00bb3px\u00bb border_color_all=\u00bb#F1F6F6&#8243; border_radii_image=\u00bbon|150px|150px|150px|150px\u00bb border_width_all_image=\u00bb3px\u00bb border_color_all_image=\u00bbgcid-50e804a2-ddc5-4928-b9d9-a69efb1f2e13&#8243; box_shadow_style=\u00bbpreset3&#8243; locked=\u00bboff\u00bb global_colors_info=\u00bb{%22gcid-50e804a2-ddc5-4928-b9d9-a69efb1f2e13%22:%91%22icon_color%22,%22border_color_all_image%22,%22icon_color%22,%22icon_color%22,%22icon_color%22,%22border_color_all_image%22,%22icon_color%22,%22border_color_all_image%22,%22icon_color%22,%22icon_color%22,%22icon_color%22,%22border_color_all_image%22,%22icon_color%22,%22icon_color%22%93}\u00bb border_radii_image__hover=\u00bbon|40px|40px|40px|40px\u00bb border_radii_image__hover_enabled=\u00bbon|desktop\u00bb]<\/p>\n<p>Todas las comunicaciones tendr\u00e1n car\u00e1cter confidencial, se realicen desde la vertiente an\u00f3nima o desde la vertiente confidencial.<\/p>\n<p>[\/et_pb_blurb][\/et_pb_column][et_pb_column type=\u00bb1_3&#8243; _builder_version=\u00bb4.16&#8243; _module_preset=\u00bbdefault\u00bb global_colors_info=\u00bb{}\u00bb][et_pb_blurb title=\u00bbPRESUNCI\u00d3N DE INOCENCIA\u00bb use_icon=\u00bbon\u00bb font_icon=\u00bb&#xf24e;||fa||900&#8243; image_icon_background_color=\u00bb#FFFFFF\u00bb image_icon_width=\u00bb40px\u00bb content_max_width=\u00bb100%\u00bb _builder_version=\u00bb4.20.2&#8243; _module_preset=\u00bb33485b6f-454f-429a-8b40-00a45566bf93&#8243; header_font=\u00bb|700|||||||\u00bb header_text_align=\u00bbcenter\u00bb header_line_height=\u00bb1.2em\u00bb body_text_align=\u00bbcenter\u00bb body_font_size=\u00bb16px\u00bb body_line_height=\u00bb1.8em\u00bb background_enable_color=\u00bboff\u00bb use_background_color_gradient=\u00bbon\u00bb background_color_gradient_stops=\u00bb#ffffff 33%|#f1f6f6 100%\u00bb image_icon_custom_padding=\u00bb20px|20px|20px|20px|true|true\u00bb max_width=\u00bb100%\u00bb module_alignment=\u00bbcenter\u00bb height=\u00bb500px\u00bb custom_margin=\u00bb8px|8px|8px|8px|true|true\u00bb custom_padding=\u00bb2em|2em|2em|2em|true|true\u00bb animation=\u00bboff\u00bb body_font_size_tablet=\u00bb15px\u00bb body_font_size_phone=\u00bb14px\u00bb body_font_size_last_edited=\u00bbon|phone\u00bb border_radii=\u00bbon|2em|2em|2em|2em\u00bb border_width_all=\u00bb3px\u00bb border_color_all=\u00bb#F1F6F6&#8243; border_radii_image=\u00bbon|150px|150px|150px|150px\u00bb border_width_all_image=\u00bb3px\u00bb border_color_all_image=\u00bbgcid-50e804a2-ddc5-4928-b9d9-a69efb1f2e13&#8243; box_shadow_style=\u00bbpreset3&#8243; locked=\u00bboff\u00bb global_colors_info=\u00bb{%22gcid-50e804a2-ddc5-4928-b9d9-a69efb1f2e13%22:%91%22icon_color%22,%22border_color_all_image%22,%22icon_color%22,%22icon_color%22,%22icon_color%22,%22border_color_all_image%22,%22icon_color%22,%22border_color_all_image%22,%22icon_color%22,%22icon_color%22,%22icon_color%22,%22border_color_all_image%22,%22icon_color%22,%22icon_color%22%93}\u00bb border_radii_image__hover=\u00bbon|40px|40px|40px|40px\u00bb border_radii_image__hover_enabled=\u00bbon|desktop\u00bb]<\/p>\n<p>TELDAT no prejuzgar\u00e1 ning\u00fan tipo de informaci\u00f3n recibida, tratando a todas las personas que puedan aparecer en alg\u00fan tipo de comunicaci\u00f3n bajo el principio constitucional de presunci\u00f3n de inocencia.<\/p>\n<p>[\/et_pb_blurb][\/et_pb_column][et_pb_column type=\u00bb1_3&#8243; _builder_version=\u00bb4.16&#8243; _module_preset=\u00bbdefault\u00bb global_colors_info=\u00bb{}\u00bb][et_pb_blurb title=\u00bbPROTECCI\u00d3N DE DATOS\u00bb use_icon=\u00bbon\u00bb font_icon=\u00bb&#xe06c;||divi||400&#8243; image_icon_background_color=\u00bb#FFFFFF\u00bb image_icon_width=\u00bb40px\u00bb content_max_width=\u00bb100%\u00bb _builder_version=\u00bb4.20.2&#8243; _module_preset=\u00bb33485b6f-454f-429a-8b40-00a45566bf93&#8243; header_font=\u00bb|700|||||||\u00bb header_text_align=\u00bbcenter\u00bb header_line_height=\u00bb1.2em\u00bb body_text_align=\u00bbcenter\u00bb body_font_size=\u00bb16px\u00bb body_line_height=\u00bb1.8em\u00bb background_enable_color=\u00bboff\u00bb use_background_color_gradient=\u00bbon\u00bb background_color_gradient_stops=\u00bb#ffffff 33%|#f1f6f6 100%\u00bb image_icon_custom_padding=\u00bb20px|20px|20px|20px|true|true\u00bb max_width=\u00bb100%\u00bb module_alignment=\u00bbcenter\u00bb height=\u00bb500px\u00bb custom_margin=\u00bb8px|8px|8px|8px|true|true\u00bb custom_padding=\u00bb2em|2em|2em|2em|true|true\u00bb animation=\u00bboff\u00bb body_font_size_tablet=\u00bb15px\u00bb body_font_size_phone=\u00bb14px\u00bb body_font_size_last_edited=\u00bbon|phone\u00bb border_radii=\u00bbon|2em|2em|2em|2em\u00bb border_width_all=\u00bb3px\u00bb border_color_all=\u00bb#F1F6F6&#8243; border_radii_image=\u00bbon|150px|150px|150px|150px\u00bb border_width_all_image=\u00bb3px\u00bb border_color_all_image=\u00bbgcid-50e804a2-ddc5-4928-b9d9-a69efb1f2e13&#8243; box_shadow_style=\u00bbpreset3&#8243; locked=\u00bboff\u00bb global_colors_info=\u00bb{%22gcid-50e804a2-ddc5-4928-b9d9-a69efb1f2e13%22:%91%22icon_color%22,%22border_color_all_image%22,%22icon_color%22,%22icon_color%22,%22icon_color%22,%22border_color_all_image%22,%22icon_color%22,%22border_color_all_image%22,%22icon_color%22,%22icon_color%22,%22icon_color%22,%22border_color_all_image%22,%22icon_color%22,%22icon_color%22%93}\u00bb border_radii_image__hover=\u00bbon|40px|40px|40px|40px\u00bb border_radii_image__hover_enabled=\u00bbon|desktop\u00bb]<\/p>\n<p>Los datos de los informantes y de las personas que aparezcan en las comunicaciones no se tratar\u00e1n m\u00e1s all\u00e1 de los fines de tramitar la comunicaci\u00f3n. Todo ello conforme al aviso de privacidad que aparecer\u00e1 al presentar la comunicaci\u00f3n y que ser\u00e1 aceptado previamente por los informantes.<\/p>\n<p>[\/et_pb_blurb][\/et_pb_column][\/et_pb_row][et_pb_row custom_padding_last_edited=\u00bbon|phone\u00bb _builder_version=\u00bb4.20.2&#8243; _module_preset=\u00bbdefault\u00bb background_color=\u00bb#FFFFFF\u00bb max_width=\u00bb873px\u00bb custom_margin=\u00bb40px||0px||false|false\u00bb custom_padding=\u00bb40px|40px|40px|40px|true|true\u00bb custom_padding_tablet=\u00bb40px|30px|40px|30px|true|true\u00bb custom_padding_phone=\u00bb|20px||20px|true|true\u00bb border_radii=\u00bboff|20px|20px||\u00bb box_shadow_style=\u00bbpreset3&#8243; box_shadow_vertical=\u00bb-12px\u00bb box_shadow_blur=\u00bb59px\u00bb global_colors_info=\u00bb{}\u00bb][et_pb_column type=\u00bb4_4&#8243; _builder_version=\u00bb4.16&#8243; _module_preset=\u00bbdefault\u00bb global_colors_info=\u00bb{}\u00bb][et_pb_text _builder_version=\u00bb4.20.2&#8243; _module_preset=\u00bb22d0da71-6393-430b-a0cd-b77dd565e85c\u00bb text_line_height=\u00bb1.8em\u00bb text_orientation=\u00bbcenter\u00bb max_width=\u00bb890px\u00bb module_alignment=\u00bbcenter\u00bb text_font_size_tablet=\u00bb15px\u00bb text_font_size_phone=\u00bb14px\u00bb text_font_size_last_edited=\u00bbon|phone\u00bb header_font_size_tablet=\u00bb55px\u00bb header_font_size_last_edited=\u00bboff|desktop\u00bb locked=\u00bboff\u00bb global_colors_info=\u00bb{}\u00bb]<\/p>\n<p>Los informantes podr\u00e1n proceder a realizar una comunicaci\u00f3n a la A.A.I. (Autoridad Independiente de Protecci\u00f3n al Informante), que se constituye como canal externo de informaci\u00f3n.<\/p>\n<p>[\/et_pb_text][\/et_pb_column][\/et_pb_row][et_pb_row column_structure=\u00bb1_2,1_2&#8243; custom_padding_last_edited=\u00bbon|phone\u00bb _builder_version=\u00bb4.20.2&#8243; _module_preset=\u00bbdefault\u00bb background_color=\u00bb#FFFFFF\u00bb max_width=\u00bb873px\u00bb custom_margin=\u00bb-1px|auto|-1px|auto|true|false\u00bb custom_padding=\u00bb40px|40px|40px|40px|true|true\u00bb custom_padding_tablet=\u00bb40px|30px|40px|30px|true|true\u00bb custom_padding_phone=\u00bb|20px||20px|true|true\u00bb border_radii=\u00bboff|||20px|20px\u00bb box_shadow_style=\u00bbpreset3&#8243; box_shadow_vertical=\u00bb56px\u00bb box_shadow_blur=\u00bb54px\u00bb global_colors_info=\u00bb{}\u00bb][et_pb_column type=\u00bb1_2&#8243; _builder_version=\u00bb4.16&#8243; _module_preset=\u00bbdefault\u00bb global_colors_info=\u00bb{}\u00bb][et_pb_code _builder_version=\u00bb4.22.1&#8243; _module_preset=\u00bbdefault\u00bb text_orientation=\u00bbcenter\u00bb module_alignment=\u00bbcenter\u00bb global_colors_info=\u00bb{}\u00bb]<a href=\"https:\/\/canalinformacion.teldat.com\/newcomplaint?language=es\" target=\"_blank\" rel=\"noopener\"><button  class=\"btn3 btn-4 hover-filled-slide-up\" ><span>Nuevo Incidente<\/span><\/button><\/a>[\/et_pb_code][\/et_pb_column][et_pb_column type=\u00bb1_2&#8243; _builder_version=\u00bb4.16&#8243; _module_preset=\u00bbdefault\u00bb global_colors_info=\u00bb{}\u00bb][et_pb_code _builder_version=\u00bb4.22.1&#8243; _module_preset=\u00bbdefault\u00bb text_orientation=\u00bbcenter\u00bb module_alignment=\u00bbcenter\u00bb locked=\u00bboff\u00bb global_colors_info=\u00bb{}\u00bb]<a href=\"https:\/\/canalinformacion.teldat.com\/gettoken?language=es\" target=\"_blank\" rel=\"noopener\"><button  class=\"btn3 btn-4 hover-filled-slide-up\" ><span>Seguimiento de un Incidente<\/span><\/button><\/a>[\/et_pb_code][\/et_pb_column][\/et_pb_row][\/et_pb_section]<\/p>\n","protected":false},"excerpt":{"rendered":"<p>Canal \u00c9tico <nav aria-label=\"breadcrumbs\" class=\"rank-math-breadcrumb\"><p><span class=\"last\">Home<\/span><\/p><\/nav>Canal \u00c9ticoTELDAT pone a disposici\u00f3n de empleados y terceros con los que se relacione profesionalmente el Canal \u00c9tico. El Canal \u00c9tico es una herramienta que permite realizar comunicaciones referentes a conductas que puedan suponer una vulneraci\u00f3n del ordenamiento jur\u00eddico o del C\u00f3digo de Conducta de TELDAT (click aqu\u00ed para descargar). Con la implementaci\u00f3n [&hellip;]<\/p>\n","protected":false},"author":242,"featured_media":0,"parent":0,"menu_order":0,"comment_status":"closed","ping_status":"closed","template":"","meta":{"_acf_changed":false,"_et_pb_use_builder":"on","_et_pb_old_content":"","_et_gb_content_width":"","footnotes":""},"class_list":["post-50949","page","type-page","status-publish","hentry"],"acf":[],"wpml_current_locale":"es_ES","wpml_translations":[{"locale":"en_US","id":50942,"slug":"ethics-channel","post_title":"Ethics Channel","href":"https:\/\/www.teldat.com\/ethics-channel\/"}],"_links":{"self":[{"href":"https:\/\/www.teldat.com\/es\/wp-json\/wp\/v2\/pages\/50949","targetHints":{"allow":["GET"]}}],"collection":[{"href":"https:\/\/www.teldat.com\/es\/wp-json\/wp\/v2\/pages"}],"about":[{"href":"https:\/\/www.teldat.com\/es\/wp-json\/wp\/v2\/types\/page"}],"author":[{"embeddable":true,"href":"https:\/\/www.teldat.com\/es\/wp-json\/wp\/v2\/users\/242"}],"replies":[{"embeddable":true,"href":"https:\/\/www.teldat.com\/es\/wp-json\/wp\/v2\/comments?post=50949"}],"version-history":[{"count":0,"href":"https:\/\/www.teldat.com\/es\/wp-json\/wp\/v2\/pages\/50949\/revisions"}],"wp:attachment":[{"href":"https:\/\/www.teldat.com\/es\/wp-json\/wp\/v2\/media?parent=50949"}],"curies":[{"name":"wp","href":"https:\/\/api.w.org\/{rel}","templated":true}]}}