{"id":55258,"date":"2023-12-14T17:44:12","date_gmt":"2023-12-14T16:44:12","guid":{"rendered":"https:\/\/www.teldat.com\/programa-unico-5g-sectorial\/"},"modified":"2024-06-19T12:27:33","modified_gmt":"2024-06-19T10:27:33","slug":"programa-unico-sectorial-5g","status":"publish","type":"page","link":"https:\/\/www.teldat.com\/es\/programa-unico-sectorial-5g\/","title":{"rendered":"CARTA &#8211; Autocuraci\u00f3n de Redes"},"content":{"rendered":"<p>[et_pb_section fb_built=\u00bb1&#8243; _builder_version=\u00bb4.23.1&#8243; _module_preset=\u00bbdefault\u00bb use_background_color_gradient=\u00bbon\u00bb background_color_gradient_direction=\u00bb150deg\u00bb background_color_gradient_stops=\u00bb#32244a 0%|#9542c9 37%|#ffffff 100%\u00bb background_enable_image=\u00bboff\u00bb min_height_tablet=\u00bb\u00bb min_height_phone=\u00bb\u00bb min_height_last_edited=\u00bbon|phone\u00bb height=\u00bb450px\u00bb height_tablet=\u00bb\u00bb height_phone=\u00bb432px\u00bb height_last_edited=\u00bbon|phone\u00bb background_last_edited=\u00bbon|phone\u00bb background_image_phone=\u00bb\/wp-content\/uploads\/2023\/02\/sdwan_pharmacy_mobile.jpg\u00bb background_enable_image_phone=\u00bbon\u00bb module_alignment_last_edited=\u00bboff|phone\u00bb locked=\u00bboff\u00bb global_colors_info=\u00bb{%22gcid-50e804a2-ddc5-4928-b9d9-a69efb1f2e13%22:%91%22background_color_gradient_stops%22%93,%22gcid-5bf474c1-adaf-4dfd-bc6c-f51a91e7fb55%22:%91%22background_color_gradient_stops%22%93}\u00bb][et_pb_row column_structure=\u00bb1_2,1_2&#8243; _builder_version=\u00bb4.17.3&#8243; _module_preset=\u00bbdefault\u00bb width_tablet=\u00bb71%\u00bb width_phone=\u00bb81%\u00bb width_last_edited=\u00bbon|phone\u00bb module_alignment=\u00bbcenter\u00bb min_height_tablet=\u00bb\u00bb min_height_phone=\u00bb\u00bb min_height_last_edited=\u00bbon|phone\u00bb height_tablet=\u00bb\u00bb height_phone=\u00bb591px\u00bb height_last_edited=\u00bbon|phone\u00bb custom_margin=\u00bb35px|auto|41px|auto||\u00bb custom_padding=\u00bb1px||0px|||\u00bb module_alignment_tablet=\u00bbleft\u00bb module_alignment_phone=\u00bbleft\u00bb module_alignment_last_edited=\u00bbon|tablet\u00bb global_colors_info=\u00bb{}\u00bb][et_pb_column type=\u00bb1_2&#8243; _builder_version=\u00bb4.17.3&#8243; _module_preset=\u00bbdefault\u00bb global_colors_info=\u00bb{}\u00bb][et_pb_text _builder_version=\u00bb4.25.0&#8243; _module_preset=\u00bbdefault\u00bb text_font=\u00bb|300|||||||\u00bb text_font_size=\u00bb20px\u00bb header_text_align=\u00bbleft\u00bb header_6_text_align=\u00bbleft\u00bb header_6_text_color=\u00bb#0099BB\u00bb background_color=\u00bbrgba(241,246,246,0.66)\u00bb width=\u00bb127%\u00bb custom_margin=\u00bb|-76px|-2px|||\u00bb custom_padding=\u00bb54px|24px|54px|33px||\u00bb hover_enabled=\u00bb0&#8243; border_color_all=\u00bb#0099BB\u00bb border_style_all=\u00bbnone\u00bb border_width_left=\u00bb6px\u00bb border_color_left=\u00bb#32244A\u00bb border_style_left=\u00bbsolid\u00bb global_colors_info=\u00bb{}\u00bb sticky_enabled=\u00bb0&#8243;]<\/p>\n<h1 class=\"text-center h1-5g\">CARTA &#8211; AUTOCURACI\u00d3N DE REDES<\/h1>\n<p>[\/et_pb_text][\/et_pb_column][et_pb_column type=\u00bb1_2&#8243; _builder_version=\u00bb4.17.3&#8243; _module_preset=\u00bbdefault\u00bb global_colors_info=\u00bb{}\u00bb][\/et_pb_column][\/et_pb_row][\/et_pb_section][et_pb_section fb_built=\u00bb1&#8243; _builder_version=\u00bb4.17.3&#8243; _module_preset=\u00bbdefault\u00bb custom_padding=\u00bb3px||2px|||\u00bb locked=\u00bboff\u00bb global_colors_info=\u00bb{}\u00bb][et_pb_row _builder_version=\u00bb4.17.3&#8243; _module_preset=\u00bbdefault\u00bb custom_padding=\u00bb7px||9px|||\u00bb global_colors_info=\u00bb{}\u00bb][et_pb_column type=\u00bb4_4&#8243; _builder_version=\u00bb4.17.3&#8243; _module_preset=\u00bbdefault\u00bb global_colors_info=\u00bb{}\u00bb][et_pb_code _builder_version=\u00bb4.17.3&#8243; _module_preset=\u00bbdefault\u00bb text_orientation=\u00bbleft\u00bb custom_margin=\u00bb||-3px|||\u00bb global_colors_info=\u00bb{}\u00bb]<?php if (function_exists('rank_math_the_breadcrumbs')) rank_math_the_breadcrumbs(); ?> <nav aria-label=\"breadcrumbs\" class=\"rank-math-breadcrumb\"><p><span class=\"last\">Home<\/span><\/p><\/nav>[\/et_pb_code][\/et_pb_column][\/et_pb_row][\/et_pb_section][et_pb_section fb_built=\u00bb1&#8243; admin_label=\u00bbSecci\u00f3n\u00bb _builder_version=\u00bb4.17.3&#8243; _module_preset=\u00bbdefault\u00bb custom_padding=\u00bb29px||33px|||\u00bb locked=\u00bboff\u00bb global_colors_info=\u00bb{}\u00bb][et_pb_row _builder_version=\u00bb4.23.1&#8243; _module_preset=\u00bbdefault\u00bb global_colors_info=\u00bb{}\u00bb][et_pb_column type=\u00bb4_4&#8243; _builder_version=\u00bb4.17.3&#8243; _module_preset=\u00bbdefault\u00bb global_colors_info=\u00bb{}\u00bb][et_pb_text _builder_version=\u00bb4.23.1&#8243; _module_preset=\u00bbdefault\u00bb header_2_font=\u00bb|300|||||||\u00bb global_colors_info=\u00bb{}\u00bb]<\/p>\n<h2 class=\"h3-morado-first\"><span class=\"ui-provider a b c d e f g h i j k l m n o p q r s t u v w x y z ab ac ae af ag ah ai aj ak\" dir=\"ltr\">Programa \u00danico Sectorial <\/span><span class=\"ui-provider a b c d e f g h i j k l m n o p q r s t u v w x y z ab ac ae af ag ah ai aj ak\" dir=\"ltr\">5G<\/span><\/h2>\n<p>[\/et_pb_text][et_pb_text _builder_version=\u00bb4.23.1&#8243; _module_preset=\u00bbdefault\u00bb text_font=\u00bb|300|||||||\u00bb text_line_height=\u00bb2em\u00bb global_colors_info=\u00bb{}\u00bb]<\/p>\n<p style=\"text-align: left;\"><strong><em>Proyecto \u201cInvestigaci\u00f3n y Desarrollo de una Pasarela IOT Industrial 5G para Redes <\/em><\/strong><strong><em>de Distribuci\u00f3n El\u00e9ctrica\u00bb<\/em><\/strong><\/p>\n<p style=\"text-align: left;\"><strong><em>N\u00ba Expediente: TSI\u2010065100\u20102022\u2010007<\/em><\/strong><\/p>\n<p style=\"text-align: left;\">Ha sido subvencionado por la Convocatoria de ayudas publicada por el <strong>MINISTERIO DE ASUNTOS ECON\u00d3MICOS Y TRANSFORMACI\u00d3N DIGITAL<\/strong>, del <strong><em>Programa UNICO SECTORIAL 5G 2022<\/em><\/strong> que est\u00e1 financiado por el Fondo de Recuperaci\u00f3n de la\u00a0 Uni\u00f3n Europea &#8211; NextGenerationEU.\u00a0<\/p>\n<p>[\/et_pb_text][et_pb_text _builder_version=\u00bb4.25.0&#8243; _module_preset=\u00bbdefault\u00bb text_font=\u00bb|300|||||||\u00bb text_line_height=\u00bb2em\u00bb global_colors_info=\u00bb{}\u00bb]<\/p>\n<p style=\"text-align: left;\"><b><i>Importe: 3 595 856,50 \u20ac<\/i><\/b><\/p>\n<div class=\"x_elementToProof\"><strong>Objetivo:\u00a0<\/strong>El objetivo principal de este proyecto consiste en dise\u00f1ar una soluci\u00f3n de comunicaciones seguras, utilizando los servicios y el ecosistema 5G, que permita dar respuesta a los requisitos de automatizaci\u00f3n y control de (varios escenarios de) las futuras redes de distribuci\u00f3n el\u00e9ctrica. Adem\u00e1s de integrar nuevos dispositivos y existentes ya desplegados en las redes de distribuci\u00f3n y de nuevo gracias al 5G, ofrecer la \u00abcomputacion en el borde\u00bb para permitir la ejecuci\u00f3n de ciertas aplicaciones m\u00e1s cerca del usuario final (\u201cEdge\u201d), aportando grandes ventajas, como una menor latencia, un uso m\u00e1s optimizado y racional de la red de comunicaciones.<\/div>\n<p>[\/et_pb_text][et_pb_image src=\u00bb\/wp-content\/uploads\/2023\/12\/img.png\u00bb title_text=\u00bbimg\u00bb _builder_version=\u00bb4.23.1&#8243; _module_preset=\u00bbdefault\u00bb width=\u00bb100%\u00bb custom_margin=\u00bb4em||||false|false\u00bb global_colors_info=\u00bb{}\u00bb][\/et_pb_image][\/et_pb_column][\/et_pb_row][\/et_pb_section]<\/p>\n","protected":false},"excerpt":{"rendered":"<p>CARTA &#8211; AUTOCURACI\u00d3N DE REDES <nav aria-label=\"breadcrumbs\" class=\"rank-math-breadcrumb\"><p><span class=\"last\">Home<\/span><\/p><\/nav>Programa \u00danico Sectorial 5GProyecto \u201cInvestigaci\u00f3n y Desarrollo de una Pasarela IOT Industrial 5G para Redes de Distribuci\u00f3n El\u00e9ctrica\u00bb N\u00ba Expediente: TSI\u2010065100\u20102022\u2010007 Ha sido subvencionado por la Convocatoria de ayudas publicada por el MINISTERIO DE ASUNTOS ECON\u00d3MICOS Y TRANSFORMACI\u00d3N DIGITAL, del Programa UNICO SECTORIAL 5G 2022 que est\u00e1 financiado por el [&hellip;]<\/p>\n","protected":false},"author":242,"featured_media":0,"parent":0,"menu_order":0,"comment_status":"closed","ping_status":"closed","template":"","meta":{"_acf_changed":false,"_et_pb_use_builder":"on","_et_pb_old_content":"","_et_gb_content_width":"","footnotes":""},"class_list":["post-55258","page","type-page","status-publish","hentry"],"acf":[],"wpml_current_locale":"es_ES","wpml_translations":[{"locale":"en_US","id":54833,"slug":"programa-unico-5g-sectorial","post_title":"CARTA-Autocuraci\u00f3n de Redes","href":"https:\/\/www.teldat.com\/programa-unico-5g-sectorial\/"}],"_links":{"self":[{"href":"https:\/\/www.teldat.com\/es\/wp-json\/wp\/v2\/pages\/55258","targetHints":{"allow":["GET"]}}],"collection":[{"href":"https:\/\/www.teldat.com\/es\/wp-json\/wp\/v2\/pages"}],"about":[{"href":"https:\/\/www.teldat.com\/es\/wp-json\/wp\/v2\/types\/page"}],"author":[{"embeddable":true,"href":"https:\/\/www.teldat.com\/es\/wp-json\/wp\/v2\/users\/242"}],"replies":[{"embeddable":true,"href":"https:\/\/www.teldat.com\/es\/wp-json\/wp\/v2\/comments?post=55258"}],"version-history":[{"count":0,"href":"https:\/\/www.teldat.com\/es\/wp-json\/wp\/v2\/pages\/55258\/revisions"}],"wp:attachment":[{"href":"https:\/\/www.teldat.com\/es\/wp-json\/wp\/v2\/media?parent=55258"}],"curies":[{"name":"wp","href":"https:\/\/api.w.org\/{rel}","templated":true}]}}