{"id":75756,"date":"2026-03-04T10:46:31","date_gmt":"2026-03-04T09:46:31","guid":{"rendered":"https:\/\/www.teldat.com\/glossary\/"},"modified":"2026-03-13T13:58:31","modified_gmt":"2026-03-13T12:58:31","slug":"glosario","status":"publish","type":"page","link":"https:\/\/www.teldat.com\/es\/glosario\/","title":{"rendered":"Glosario"},"content":{"rendered":"<p>[et_pb_section fb_built=\u00bb1&#8243; _builder_version=\u00bb4.27.4&#8243; _module_preset=\u00bbdefault\u00bb custom_margin=\u00bb0px||0px||false|false\u00bb custom_padding=\u00bb25px||0px||false|false\u00bb global_colors_info=\u00bb{}\u00bb][et_pb_row _builder_version=\u00bb4.27.4&#8243; _module_preset=\u00bb_initial\u00bb global_colors_info=\u00bb{}\u00bb][et_pb_column type=\u00bb4_4&#8243; _builder_version=\u00bb4.27.4&#8243; _module_preset=\u00bbdefault\u00bb global_colors_info=\u00bb{}\u00bb][et_pb_text _builder_version=\u00bb4.27.4&#8243; _dynamic_attributes=\u00bbcontent\u00bb _module_preset=\u00bbdefault\u00bb text_font=\u00bb||||||||\u00bb text_text_color=\u00bb#32244A\u00bb text_font_size=\u00bb40px\u00bb text_line_height=\u00bb1.5em\u00bb header_text_align=\u00bbleft\u00bb header_text_color=\u00bb#F1F6F6&#8243; header_font_size=\u00bb60px\u00bb header_6_text_align=\u00bbleft\u00bb header_6_text_color=\u00bb#0099BB\u00bb custom_margin=\u00bb||10px||false|false\u00bb custom_padding=\u00bb|||30px|false|false\u00bb header_font_size_tablet=\u00bb60px\u00bb header_font_size_phone=\u00bb27px\u00bb header_font_size_last_edited=\u00bbon|phone\u00bb global_colors_info=\u00bb{}\u00bb]@ET-DC@eyJkeW5hbWljIjp0cnVlLCJjb250ZW50IjoicG9zdF90aXRsZSIsInNldHRpbmdzIjp7ImJlZm9yZSI6IiIsImFmdGVyIjoiIn19@[\/et_pb_text][\/et_pb_column][\/et_pb_row][\/et_pb_section][et_pb_section fb_built=\u00bb1&#8243; _builder_version=\u00bb4.27.4&#8243; _module_preset=\u00bbdefault\u00bb custom_margin=\u00bb0px||||false|false\u00bb custom_padding=\u00bb25px||||false|false\u00bb global_colors_info=\u00bb{}\u00bb][et_pb_row _builder_version=\u00bb4.27.4&#8243; _module_preset=\u00bb_initial\u00bb global_colors_info=\u00bb{}\u00bb][et_pb_column type=\u00bb4_4&#8243; _builder_version=\u00bb4.27.4&#8243; _module_preset=\u00bbdefault\u00bb global_colors_info=\u00bb{}\u00bb][et_pb_code _builder_version=\u00bb4.27.4&#8243; _module_preset=\u00bbdefault\u00bb global_colors_info=\u00bb{}\u00bb]  <div class=\"teldat-glossary\" data-component=\"teldat-glossary\">\r\n\r\n    <div class=\"teldat-glossary__topbar\">\r\n      <div class=\"teldat-glossary__select\">\r\n        <select data-role=\"category\">\r\n                        <option value=\"\">Todas las categor\u00edas<\/option>\r\n                      <option value=\"ciberseguridad\">Ciberseguridad<\/option>\r\n                      <option value=\"conectividad-5g-e-inalambrica\">Conectividad 5G e Inal\u00e1mbrica<\/option>\r\n                      <option value=\"fundamentals\">Fundamentals<\/option>\r\n                      <option value=\"ia-y-tecnologias-emergentes\">IA y Tecnolog\u00edas Emergentes<\/option>\r\n                      <option value=\"infraestructuras-de-red\">Infraestructuras de Red<\/option>\r\n                      <option value=\"sase-y-seguridad-cloud\">SASE y Seguridad Cloud<\/option>\r\n                      <option value=\"sd-wan-y-redes-corporativas\">SD-WAN y Redes Corporativas<\/option>\r\n                      <option value=\"sectores-verticales\">Sectores Verticales<\/option>\r\n                      <option value=\"seguridad-cuantica\">Seguridad Cu\u00e1ntica<\/option>\r\n                      <option value=\"seguridad-ot-e-iot-industrial\">Seguridad OT e IoT Industrial<\/option>\r\n                      <option value=\"soberania-digital-europea\">Soberan\u00eda Digital Europea<\/option>\r\n                      <option value=\"transporte-y-movilidad-conectada\">Transporte y Movilidad Conectada<\/option>\r\n                  <\/select>\r\n        <span class=\"teldat-glossary__chev\" aria-hidden=\"true\">\u25be<\/span>\r\n      <\/div>\r\n\r\n      <div class=\"teldat-glossary__search\">\r\n        <input type=\"text\" data-role=\"search\" placeholder=\"Search\">\r\n        <button type=\"button\" data-role=\"submit\" aria-label=\"Search\"><span class=\"et-pb-icon teldat-glossary__icon\">&#x55;<\/span><\/button>\r\n      <\/div>\r\n    <\/div>\r\n\r\n    <div class=\"teldat-glossary__meta\">\r\n      <span data-role=\"meta\"><\/span>\r\n      <button type=\"button\" class=\"teldat-glossary__reset\" data-role=\"reset\">Reset<\/button>\r\n    <\/div>\r\n\r\n    <div class=\"teldat-glossary__grid\">\r\n      <div class=\"teldat-glossary__results\">\r\n        <div data-role=\"results\">\r\n          <div class=\"teldat-glossary__cards\">      <a class=\"teldat-glossary__card\" href=\"https:\/\/www.teldat.com\/es\/glossary\/por-que-elegir-un-fabricante-de-ciberseguridad-europeo-ventajas-regulaciones-certificaciones\/\">\r\n        <h3 class=\"teldat-glossary__cardTitle\">\u00bfPor qu\u00e9 elegir un Fabricante de Ciberseguridad Europeo?<\/h3>\r\n        <p class=\"teldat-glossary__cardExcerpt\">Un Fabricante de Ciberseguridad Europeo ofrece no solo una seguridad t\u00e9cnica sino una seguridad de car\u00e1cter jurisdiccional, legal y de plano geopol\u00edtico.<\/p>\r\n      <\/a>\r\n            <a class=\"teldat-glossary__card\" href=\"https:\/\/www.teldat.com\/es\/glossary\/diferencias-migracion-ztna-vs-vpn\/\">\r\n        <h3 class=\"teldat-glossary__cardTitle\">\u00bfPor qu\u00e9 migrar de VPN a ZTNA?<\/h3>\r\n        <p class=\"teldat-glossary__cardExcerpt\">Comparaci\u00f3n entre ZTNA vs VPN: superficie de ataque, movimiento lateral, experiencia de usuario y escalabilidad.<\/p>\r\n      <\/a>\r\n            <a class=\"teldat-glossary__card\" href=\"https:\/\/www.teldat.com\/es\/glossary\/que-es-el-edge-computing-redes-5g-6g-wi-fi-6-wi-fi-7-ia\/\">\r\n        <h3 class=\"teldat-glossary__cardTitle\">\u00bfQu\u00e9 es el Edge Computing?<\/h3>\r\n        <p class=\"teldat-glossary__cardExcerpt\">Comunicaciones avanzadas adaptadas a las necesidades de las compa\u00f1\u00edas independientemente de su tama\u00f1o.<\/p>\r\n      <\/a>\r\n            <a class=\"teldat-glossary__card\" href=\"https:\/\/www.teldat.com\/es\/glossary\/que-es-el-ens-esquema-nacional-de-seguridad-administracion-publica-proveedores\/\">\r\n        <h3 class=\"teldat-glossary__cardTitle\">\u00bfQu\u00e9 es el ENS (Esquema Nacional de Seguridad)?<\/h3>\r\n        <p class=\"teldat-glossary__cardExcerpt\">El Esquema Nacional de Seguridad (ENS) establece la pol\u00edtica de seguridad para proteger la informaci\u00f3n y los servicios electr\u00f3nicos de la administraci\u00f3n espa\u00f1ola.<\/p>\r\n      <\/a>\r\n            <a class=\"teldat-glossary__card\" href=\"https:\/\/www.teldat.com\/es\/glossary\/que-es-ngfw-next-generation-firewall\/\">\r\n        <h3 class=\"teldat-glossary__cardTitle\">\u00bfQu\u00e9 es el NGFW?<\/h3>\r\n        <p class=\"teldat-glossary__cardExcerpt\">Un NGFW inspecciona el tr\u00e1fico de la capa 3 a la 7 con DPI, IPS y control de aplicaciones. NGFW vs firewall vs UTM y su\u2026<\/p>\r\n      <\/a>\r\n            <a class=\"teldat-glossary__card\" href=\"https:\/\/www.teldat.com\/es\/glossary\/que-es-el-ot-tecnologia-operacional-sector-industrial\/\">\r\n        <h3 class=\"teldat-glossary__cardTitle\">\u00bfQu\u00e9 es el OT (Tecnolog\u00eda Operacional)?<\/h3>\r\n        <p class=\"teldat-glossary__cardExcerpt\">Operational Technology (OT) es el hardware y software que monitoriza y controla procesos industriales.<\/p>\r\n      <\/a>\r\n            <a class=\"teldat-glossary__card\" href=\"https:\/\/www.teldat.com\/es\/glossary\/que-es-el-phishing-tipos-tecnicas-proteccion\/\">\r\n        <h3 class=\"teldat-glossary__cardTitle\">\u00bfQu\u00e9 es el Phishing?<\/h3>\r\n        <p class=\"teldat-glossary__cardExcerpt\">El Phishing enga\u00f1a a los usuarios para robar credenciales por email, tel\u00e9fono o SMS.<\/p>\r\n      <\/a>\r\n            <a class=\"teldat-glossary__card\" href=\"https:\/\/www.teldat.com\/es\/glossary\/que-es-el-sd-wan-seguro-ante-amenazas-cuanticas\/\">\r\n        <h3 class=\"teldat-glossary__cardTitle\">\u00bfQu\u00e9 es el SD-WAN seguro ante amenazas cu\u00e1nticas?<\/h3>\r\n        <p class=\"teldat-glossary__cardExcerpt\">Es una arquitectura de red por software en la que cada t\u00fanel cifrado est\u00e1 protegido por algoritmos criptogr\u00e1ficos que resisten ataques de ordenadores cu\u00e1nticos.<\/p>\r\n      <\/a>\r\n            <a class=\"teldat-glossary__card\" href=\"https:\/\/www.teldat.com\/es\/glossary\/que-es-el-zero-trust-ztna-zero-trust-sd-wan\/\">\r\n        <h3 class=\"teldat-glossary__cardTitle\">\u00bfQu\u00e9 es el Zero Trust?<\/h3>\r\n        <p class=\"teldat-glossary__cardExcerpt\">\u00bfC\u00f3mo se aplica a otras tecnolog\u00edas como ZTNA o la m\u00e1s reciente Zero Trust SD-WAN?<\/p>\r\n      <\/a>\r\n            <a class=\"teldat-glossary__card\" href=\"https:\/\/www.teldat.com\/es\/glossary\/que-es-iot-industrial-iiot-ot-sector-industrial\/\">\r\n        <h3 class=\"teldat-glossary__cardTitle\">\u00bfQu\u00e9 es IoT Industrial (IIoT)?<\/h3>\r\n        <p class=\"teldat-glossary__cardExcerpt\">Es una red de sensores inteligentes, actuadores, pasarelas edge e infraestructura de comunicaci\u00f3n que conecta equipos industriales.<\/p>\r\n      <\/a>\r\n            <a class=\"teldat-glossary__card\" href=\"https:\/\/www.teldat.com\/es\/glossary\/que-es-ciberseguridad\/\">\r\n        <h3 class=\"teldat-glossary__cardTitle\">\u00bfQu\u00e9 es la Ciberseguridad?<\/h3>\r\n        <p class=\"teldat-glossary__cardExcerpt\">La ciberseguridad protege redes, dispositivos y datos frente a ciberataques. Capas de defensa, amenazas actuales, Directiva NIS2 y soluciones be.Safe.<\/p>\r\n      <\/a>\r\n            <a class=\"teldat-glossary__card\" href=\"https:\/\/www.teldat.com\/es\/glossary\/que-es-la-computacion-cuantica-nist-ecc-ztna-sd-wan-cuantico-ngfw\/\">\r\n        <h3 class=\"teldat-glossary__cardTitle\">\u00bfQu\u00e9 es la Computaci\u00f3n Cu\u00e1ntica?<\/h3>\r\n        <p class=\"teldat-glossary__cardExcerpt\">La mec\u00e1nica cu\u00e1ntica permite la superposici\u00f3n y entrelazamiento procesando informaci\u00f3n con qubits en lugar de bits cl\u00e1sicos.<\/p>\r\n      <\/a>\r\n            <a class=\"teldat-glossary__card\" href=\"https:\/\/www.teldat.com\/es\/glossary\/que-es-la-convergencia-ti-ot-retos-adhesion\/\">\r\n        <h3 class=\"teldat-glossary__cardTitle\">\u00bfQu\u00e9 es la convergencia TI\/OT?<\/h3>\r\n        <p class=\"teldat-glossary__cardExcerpt\">La convergencia IT\/OT es la integraci\u00f3n de los sistemas de Information Technology (cloud, redes) con los de Operational Technology (SCADA, PLCs).<\/p>\r\n      <\/a>\r\n            <a class=\"teldat-glossary__card\" href=\"https:\/\/www.teldat.com\/es\/glossary\/que-es-la-criptografia-post-cuantica-pqc-computacion-cuantica-cee-nist-sd-wan-cuantico\/\">\r\n        <h3 class=\"teldat-glossary__cardTitle\">\u00bfQu\u00e9 es la Criptograf\u00eda Post-Cu\u00e1ntica (PQC)?<\/h3>\r\n        <p class=\"teldat-glossary__cardExcerpt\">Son algoritmos criptogr\u00e1ficos dise\u00f1ados para resistir ataques tanto de ordenadores cl\u00e1sicos como cu\u00e1nticos.<\/p>\r\n      <\/a>\r\n            <a class=\"teldat-glossary__card\" href=\"https:\/\/www.teldat.com\/es\/glossary\/que-es-la-cyber-resilience-act-cra-cpstic-ccn-ens-ciberseguridad-europea\/\">\r\n        <h3 class=\"teldat-glossary__cardTitle\">\u00bfQu\u00e9 es la Cyber Resilience Act (CRA)?<\/h3>\r\n        <p class=\"teldat-glossary__cardExcerpt\">La Cyber Resilience Act (CRA) es la regulaci\u00f3n de ciberseguridad de la UE para todos los productos con elementos digitales vendidos en el mercado europeo.<\/p>\r\n      <\/a>\r\n            <a class=\"teldat-glossary__card\" href=\"https:\/\/www.teldat.com\/es\/glossary\/que-es-la-directiva-nis2-articulos-obligaciones-sanciones\/\">\r\n        <h3 class=\"teldat-glossary__cardTitle\">\u00bfQu\u00e9 es la directiva NIS2?<\/h3>\r\n        <p class=\"teldat-glossary__cardExcerpt\">Es la normativa actualizada de ciberseguridad de la Uni\u00f3n Europea que establece requisitos de seguridad armonizados, notificaci\u00f3n obligatoria de incidentes y medidas de ejecuci\u00f3n.<\/p>\r\n      <\/a>\r\n            <a class=\"teldat-glossary__card\" href=\"https:\/\/www.teldat.com\/es\/glossary\/que-es-la-seguridad-ot-sector-tecnologia-operacional\/\">\r\n        <h3 class=\"teldat-glossary__cardTitle\">\u00bfQu\u00e9 es la seguridad OT?<\/h3>\r\n        <p class=\"teldat-glossary__cardExcerpt\">Es el conjunto de pr\u00e1cticas, tecnolog\u00edas y procesos utilizados para proteger los sistemas de control industrial.<\/p>\r\n      <\/a>\r\n            <a class=\"teldat-glossary__card\" href=\"https:\/\/www.teldat.com\/es\/glossary\/que-es-la-soberania-digital-europea-standards-regulaciones\/\">\r\n        <h3 class=\"teldat-glossary__cardTitle\">\u00bfQu\u00e9 es la Soberan\u00eda Digital Europea?<\/h3>\r\n        <p class=\"teldat-glossary__cardExcerpt\">Capacidad de la UE, estados miembros y sus organizaciones para controlar los datos, la infraestructura digital y pila tecnol\u00f3gica bajo legislaci\u00f3n europea,<\/p>\r\n      <\/a>\r\n            <a class=\"teldat-glossary__card\" href=\"https:\/\/www.teldat.com\/es\/glossary\/que-es-sase-secure-access-service-edge\/\">\r\n        <h3 class=\"teldat-glossary__cardTitle\">\u00bfQu\u00e9 es SASE?<\/h3>\r\n        <p class=\"teldat-glossary__cardExcerpt\">(Secure Access Service Edge) es una arquitectura cloud que unifica SD-WAN con servicios de seguridad como SWG, CASB, ZTNA y FWaaS.<\/p>\r\n      <\/a>\r\n            <a class=\"teldat-glossary__card\" href=\"https:\/\/www.teldat.com\/es\/glossary\/que-es-sd-wan-como-funciona-sd-wan-beneficios-arquitectura\/\">\r\n        <h3 class=\"teldat-glossary__cardTitle\">\u00bfQu\u00e9 es SD-WAN?<\/h3>\r\n        <p class=\"teldat-glossary__cardExcerpt\">SD-WAN gestiona el tr\u00e1fico de red con software usando banda ancha, MPLS y 5G desde un controlador \u00fanico.<\/p>\r\n      <\/a>\r\n            <a class=\"teldat-glossary__card\" href=\"https:\/\/www.teldat.com\/es\/glossary\/que-es-sse-security-service-edge\/\">\r\n        <h3 class=\"teldat-glossary__cardTitle\">\u00bfQu\u00e9 es SSE (Security Service Edge)?<\/h3>\r\n        <p class=\"teldat-glossary__cardExcerpt\">Security Service Edge combina SWG, ZTNA, CASB y FWaaS en una plataforma cloud.<\/p>\r\n      <\/a>\r\n            <a class=\"teldat-glossary__card\" href=\"https:\/\/www.teldat.com\/es\/glossary\/que-es-un-firewall-tipos-firewall\/\">\r\n        <h3 class=\"teldat-glossary__cardTitle\">\u00bfQu\u00e9 es un Firewall?<\/h3>\r\n        <p class=\"teldat-glossary__cardExcerpt\">Un firewall monitoriza y controla el tr\u00e1fico de red seg\u00fan reglas de seguridad predefinidas, bloqueando accesos no autorizados y amenazas.<\/p>\r\n      <\/a>\r\n            <a class=\"teldat-glossary__card\" href=\"https:\/\/www.teldat.com\/es\/glossary\/que-es-un-ids-ips-deteccion-prevencion-intrusiones\/\">\r\n        <h3 class=\"teldat-glossary__cardTitle\">\u00bfQu\u00e9 es un IDS\/IPS?<\/h3>\r\n        <p class=\"teldat-glossary__cardExcerpt\">Un IDS monitoriza el tr\u00e1fico de red y genera alertas. Un IPS detecta y bloquea ataques en tiempo real.<\/p>\r\n      <\/a>\r\n            <a class=\"teldat-glossary__card\" href=\"https:\/\/www.teldat.com\/es\/glossary\/que-es-un-ransomware-tipos-prevencion-defensas\/\">\r\n        <h3 class=\"teldat-glossary__cardTitle\">\u00bfQu\u00e9 es un Ransomware?<\/h3>\r\n        <p class=\"teldat-glossary__cardExcerpt\">El Ransomware cifra datos y exige rescate para recuperar informaci\u00f3n: tipos, vectores de ataque y prevenci\u00f3n.<\/p>\r\n      <\/a>\r\n      <\/div><div class=\"teldat-glossary__pager\"><button type=\"button\" class=\"teldat-glossary__page is-active\" data-role=\"page\" data-page=\"1\">1<\/button><button type=\"button\" class=\"teldat-glossary__page\" data-role=\"page\" data-page=\"2\">2<\/button><\/div>        <\/div>\r\n      <\/div>\r\n    <\/div>\r\n\r\n  <\/div>\r\n  [\/et_pb_code][\/et_pb_column][\/et_pb_row][\/et_pb_section]<\/p>\n","protected":false},"excerpt":{"rendered":"<p>[et_pb_section fb_built=\u00bb1&#8243; _builder_version=\u00bb4.27.4&#8243; _module_preset=\u00bbdefault\u00bb custom_margin=\u00bb0px||0px||false|false\u00bb custom_padding=\u00bb25px||0px||false|false\u00bb global_colors_info=\u00bb{}\u00bb][et_pb_row _builder_version=\u00bb4.27.4&#8243; _module_preset=\u00bb_initial\u00bb global_colors_info=\u00bb{}\u00bb][et_pb_column type=\u00bb4_4&#8243; _builder_version=\u00bb4.27.4&#8243; _module_preset=\u00bbdefault\u00bb global_colors_info=\u00bb{}\u00bb][et_pb_text _builder_version=\u00bb4.27.4&#8243; _dynamic_attributes=\u00bbcontent\u00bb _module_preset=\u00bbdefault\u00bb text_font=\u00bb||||||||\u00bb text_text_color=\u00bb#32244A\u00bb text_font_size=\u00bb40px\u00bb text_line_height=\u00bb1.5em\u00bb header_text_align=\u00bbleft\u00bb header_text_color=\u00bb#F1F6F6&#8243; header_font_size=\u00bb60px\u00bb header_6_text_align=\u00bbleft\u00bb header_6_text_color=\u00bb#0099BB\u00bb custom_margin=\u00bb||10px||false|false\u00bb custom_padding=\u00bb|||30px|false|false\u00bb header_font_size_tablet=\u00bb60px\u00bb header_font_size_phone=\u00bb27px\u00bb header_font_size_last_edited=\u00bbon|phone\u00bb global_colors_info=\u00bb{}\u00bb]@ET-DC@eyJkeW5hbWljIjp0cnVlLCJjb250ZW50IjoicG9zdF90aXRsZSIsInNldHRpbmdzIjp7ImJlZm9yZSI6IiIsImFmdGVyIjoiIn19@[\/et_pb_text][\/et_pb_column][\/et_pb_row][\/et_pb_section][et_pb_section fb_built=\u00bb1&#8243; _builder_version=\u00bb4.27.4&#8243; _module_preset=\u00bbdefault\u00bb custom_margin=\u00bb0px||||false|false\u00bb custom_padding=\u00bb25px||||false|false\u00bb global_colors_info=\u00bb{}\u00bb][et_pb_row _builder_version=\u00bb4.27.4&#8243; _module_preset=\u00bb_initial\u00bb global_colors_info=\u00bb{}\u00bb][et_pb_column type=\u00bb4_4&#8243; _builder_version=\u00bb4.27.4&#8243; _module_preset=\u00bbdefault\u00bb global_colors_info=\u00bb{}\u00bb][et_pb_code _builder_version=\u00bb4.27.4&#8243; _module_preset=\u00bbdefault\u00bb global_colors_info=\u00bb{}\u00bb][\/et_pb_code][\/et_pb_column][\/et_pb_row][\/et_pb_section]<\/p>\n","protected":false},"author":242,"featured_media":0,"parent":0,"menu_order":0,"comment_status":"closed","ping_status":"closed","template":"","meta":{"_acf_changed":false,"_et_pb_use_builder":"on","_et_pb_old_content":"","_et_gb_content_width":"","footnotes":""},"class_list":["post-75756","page","type-page","status-publish","hentry"],"acf":[],"wpml_current_locale":"es_ES","wpml_translations":[{"locale":"en_US","id":75734,"slug":"glossary","post_title":"Glossary","href":"https:\/\/www.teldat.com\/glossary\/"}],"_links":{"self":[{"href":"https:\/\/www.teldat.com\/es\/wp-json\/wp\/v2\/pages\/75756","targetHints":{"allow":["GET"]}}],"collection":[{"href":"https:\/\/www.teldat.com\/es\/wp-json\/wp\/v2\/pages"}],"about":[{"href":"https:\/\/www.teldat.com\/es\/wp-json\/wp\/v2\/types\/page"}],"author":[{"embeddable":true,"href":"https:\/\/www.teldat.com\/es\/wp-json\/wp\/v2\/users\/242"}],"replies":[{"embeddable":true,"href":"https:\/\/www.teldat.com\/es\/wp-json\/wp\/v2\/comments?post=75756"}],"version-history":[{"count":4,"href":"https:\/\/www.teldat.com\/es\/wp-json\/wp\/v2\/pages\/75756\/revisions"}],"predecessor-version":[{"id":76272,"href":"https:\/\/www.teldat.com\/es\/wp-json\/wp\/v2\/pages\/75756\/revisions\/76272"}],"wp:attachment":[{"href":"https:\/\/www.teldat.com\/es\/wp-json\/wp\/v2\/media?parent=75756"}],"curies":[{"name":"wp","href":"https:\/\/api.w.org\/{rel}","templated":true}]}}