{"id":66895,"date":"2025-04-03T09:58:18","date_gmt":"2025-04-03T07:58:18","guid":{"rendered":"https:\/\/www.teldat.com\/product\/h2-automotive\/"},"modified":"2025-05-12T18:39:43","modified_gmt":"2025-05-12T16:39:43","slug":"h2-automotive-plus-router-rugerizado-para-bus-coche-vehiculo-lte-4g-3g-wifi","status":"publish","type":"product","link":"https:\/\/www.teldat.com\/es\/producto\/h2-automotive-plus-router-rugerizado-para-bus-coche-vehiculo-lte-4g-3g-wifi\/","title":{"rendered":"H2-Automotive+"},"content":{"rendered":"","protected":false},"excerpt":{"rendered":"","protected":false},"featured_media":69282,"comment_status":"open","ping_status":"closed","template":"","meta":{"_acf_changed":false,"_et_pb_use_builder":"","_et_pb_old_content":"","_et_gb_content_width":""},"product_brand":[],"product_cat":[1430],"product_tag":[],"class_list":{"0":"post-66895","1":"product","2":"type-product","3":"status-publish","4":"has-post-thumbnail","6":"product_cat-industrial-iot-es","8":"first","9":"instock","10":"shipping-taxable","11":"product-type-simple"},"acf":{"category":"Industrial &amp; IoT","Title_Product":"Router embarcado para veh\u00edculos H2-Automotive+","subtitle":"Plataforma de comunicaciones embarcada rugerizada para veh\u00edculos con LTE y Wi-Fi","imgHeader":"https:\/\/pim.teldat.com\/files\/6ea9ab1blchcapgf_ptcqj0z9.webp","header-item1":"Plataforma de comunicaciones multiservicio","header-item2":"Multiples WAN simult\u00e1neas (agregaci\u00f3n y balanceo)","header-item3":"Protecci\u00f3n de alimentaci\u00f3n. Mejoras en MTBF","header-item4":"Geo-fencing: Configuraci\u00f3n din\u00e1mica acorde a GPS","header-item5":"Aislamiento de servicios basado en est\u00e1ndares","header-item6":"Apagado gestionable y remoto para ahorrar bater\u00eda","header-item7":"Soluci\u00f3n Wi-Fi llave en mano (Gesti\u00f3n y HotSpot)","imgHeader1":"https:\/\/pim.teldat.com\/files\/6ea9ab1baa0efb9e19094440c317e21b_F1.webp","imgHeader2":"https:\/\/pim.teldat.com\/files\/6ea9ab1baa0efb9e19094440c317e21b_F2.webp","imgHeader3":"https:\/\/pim.teldat.com\/files\/6ea9ab1baa0efb9e19094440c317e21b_F3.webp","imgHeader4":"https:\/\/pim.teldat.com\/files\/6ea9ab1baa0efb9e19094440c317e21b_F4.webp","imgHeader5":"https:\/\/pim.teldat.com\/files\/6ea9ab1baa0efb9e19094440c317e21b_F5.webp","imgHeader6":"https:\/\/pim.teldat.com\/files\/6ea9ab1baa0efb9e19094440c317e21b_F6.webp","intro":"<p>El H2-Automotive+ es la nueva plataforma multiservicio de comunicaciones para veh&iacute;culos de Teldat. Proporciona comunicaciones de banda ancha 4G\/LTE y Wi-Fi, con opciones de redundancia, agregaci&oacute;n, mecanismos de seguridad avanzada de red y un rango extendido de temperaturas.<\/p>\r\n<p>Basado en un dise&ntilde;o de hardware rugerizado, cuenta con protecci&oacute;n frente a vibraciones, polvo y de alimentaci&oacute;n, software espec&iacute;fico de movilidad, configuraciones din&aacute;micas (por posicionamiento y calidad de comunicaciones) y apagado retardado. Adem&aacute;s, se integra f&aacute;cilmente en cualquier herramienta de gesti&oacute;n y plataformas HotSpot de terceros.<\/p>","imgintro":"https:\/\/pim.teldat.com\/files\/6ea9ab1brkgh30e3_nhsx03w9.webp","competitive_advantage_title":"","competitive_advantage_a1":"Uso simult\u00e1neo de varios interfaces WWAN","competitive_advantage_b1":"<p>Hasta cuatro enlaces de acceso LTE y\/o WiFi simult&aacute;neos, con agregaci&oacute;n y balanceo de carga, asegurando la m&aacute;xima disponibilidad y continuidad de aplicaciones.<\/p>","competitive_advantage_a2":"Dise\u00f1o de hardware rugerizado","competitive_advantage_b2":"<p>Dise&ntilde;ado para soportar tests exhaustivos de vibraciones y sobretensi&oacute;n. Costes de mantenimiento y ca&iacute;das de servicio m&iacute;nimos. Rango extendido de temperaturas.<\/p>","competitive_advantage_a3":"Automatismos basados en GPS y servicios","competitive_advantage_b3":"<p>Monitorizaci&oacute;n de comunicaciones (disponibilidad y calidad) y posicionamiento para aplicar din&aacute;micamente politicas de routing por servicio, enlace y posici&oacute;n.<\/p>","competitive_advantage_a4":"Software de networking corporativo","competitive_advantage_b4":"<p>Embarca las &uacute;ltimas tecnolog&iacute;as disponibles de redes IP en el veh&iacute;culo, aportando seguridad, calidad y facilidad en despliegues masivos multiservicio.<\/p>","product_sw_hw":"","description":"","description_1":"<p>El H2-Automotive+ es la plataforma de comunicaciones ideal para todo tipo de servicios embarcados. Est&aacute; dise&ntilde;ado para servicios cr&iacute;ticos de alta disponibilidad gracias al cu&aacute;druple m&oacute;dulo LTE con monitorizaci&oacute;n avanzada y agregaci&oacute;n de ancho de banda, opciones de redundancia y estado del arte en comunicaciones seguras.<\/p>\r\n<p>Su procesador de alta gama garantiza la compatibilidad con escenarios de banda ancha y el doble m&oacute;dulo WiFi es ideal para entornos de alta densidad de pasajeros. Para servicios con contenido embarcado, la posibilidad de utilizar WiFi como AP o cliente dependiendo del posicionamiento, y el apagado retardado, permiten efectuar actualizaciones de contenido en cocheras de forma autom&aacute;tica.<\/p>\r\n<p>Finalmente, la gesti&oacute;n basada en est&aacute;ndares y el ecosistema de herramientas de gesti&oacute;n Teldat (Colibri NetManager y HotSpot) facilita la gesti&oacute;n de grandes despliegues y soluciones llave en mano.<\/p>","description_image_1":"https:\/\/pim.teldat.com\/files\/6ea9ab1bbtxgwwe6_y9tpgvpx.webp","description_2":"<p>El H2-Automotive+ es la nueva plataforma multiservicio de comunicaciones para veh&iacute;culos de Teldat. Proporciona comunicaciones de banda ancha 4G\/LTE y Wi-Fi, con opciones de redundancia, agregaci&oacute;n, mecanismos de seguridad avanzada de red y un rango extendido de temperaturas.<\/p>\r\n<p>Basado en un dise&ntilde;o de hardware rugerizado, cuenta con protecci&oacute;n frente a vibraciones, polvo y de alimentaci&oacute;n, software espec&iacute;fico para movilidad, configuraciones din&aacute;micas (por posicionamiento y calidad de comunicaciones) y apagado retardado. Adem&aacute;s, se integra f&aacute;cilmente en cualquier herramienta de gesti&oacute;n y plataformas HotSPot de terceros.<\/p>\r\n<p>Incorpora el software CIT de Teldat, el cual cuenta con las principales tecnolog&iacute;as de networking corporativo, facilitando la gesti&oacute;n de servicios como los despliegues masivos, redundancia, calidad de servicio, seguridad de acceso y aislamiento.<\/p>","description_image_2":"https:\/\/pim.teldat.com\/files\/6ea9ab1binjbsjjy_ghtdg4cx.webp","key_feature_long_description_1":"Banda ancha con hasta cuatro conexiones LTE simult\u00e1neas","key_feature_text_description_1":"Aumento del ancho de banda y mejora de la continuidad del servicio gracias al uso de hasta cuatro m&oacute;dulos WWAN (4G\/LTE) distintos al mismo tiempo. Comb&iacute;nalos de acuerdo a tus necesidades.","key_feature_long_description_2":"4G\/LTE quad-SIM para redundancia de operadores","key_feature_text_description_2":"La redundancia que aporta el quad-SIM maximiza la disponibilidad de conexi&oacute;n, usando cualquiera de las operadoras de telecomunicaciones como respaldo de las otras en caso de p&eacute;rdida de conexi&oacute;n en un &uacute;nico m&oacute;dulo.","key_feature_long_description_3":"2x WiFi (802.11a\/b\/g\/n\/ac) de alta densidad o respaldo","key_feature_text_description_3":"2 m&oacute;dulos WiFi 802.11a\/b\/g\/n\/ac permiten incrementar la capacidad de servicios WiFi para entornos de alta densidad. Adem&aacute;s, uno de ellos puede funcionar como cliente y otro como AP para usar redes WiFi externas como WAN.","key_feature_long_description_4":"Dise\u00f1o hardware optimizado para entorno embarcado","key_feature_text_description_4":"Rango extendido de temperaturas (-25&ordm;C a 70&ordm;C). Dise&ntilde;o anti-vibraciones. 9-36&nbsp;VDC para conexi&oacute;n a bater&iacute;as. Apagado retardado para continuidad de aplicaciones tras el apagado del veh&iacute;culo, optimizando consumo de bater&iacute;a.","key_feature_long_description_5":"Protecci\u00f3n en la alimentaci\u00f3n ISO7637-2 (mejora MTBF)","key_feature_text_description_5":"Etapa de protecci&oacute;n de alimentaci&oacute;n para la conexi&oacute;n directa a la bater&iacute;a de los veh&iacute;culos (ISO7637-2); minimizaci&oacute;n de fallos derivados de una alimentaci&oacute;n inestable. Sensor de temperatura para apagado autom&aacute;tico.","key_feature_long_description_6":"Agregaci\u00f3n\/balanceo para continuidad de aplicaciones","key_feature_text_description_6":"Uso simult&aacute;neo de hasta 4 interfaces WAN (LTE, Wi-Fi, sat&eacute;lite&hellip;) para repartir y\/o agregar la carga de distintos servicios a trav&eacute;s de distintos interfaces, optimizando la cobertura y rendimiento total de las soluciones.","key_feature_long_description_7":"Comunicaciones multiservicio aisladas y seguras","key_feature_text_description_7":"El uso de protocolos avanzados como VRF, VLANs, QoS y Policy Routing junto con m&uacute;ltiples enlaces WAN permite separar l&oacute;gicamente cada servicio y la gesti&oacute;n de las distintas soluciones que comparten las comunicaciones.","key_feature_long_description_8":"GPS embebido (NMEA) de f\u00e1cil integraci\u00f3n con terceros","key_feature_text_description_8":"Ideal para aplicaciones de gesti&oacute;n de flotas o telemarketing. El equipo dispone de GPS accesible mediante puerto TCP que proporciona informaci&oacute;n de geolocalizaci&oacute;n en tiempo real en est&aacute;ndar NMEA. ","key_feature_long_description_9":"Comportamiento din\u00e1mico basado en posicionamiento (GPS)","key_feature_text_description_9":"Configuraci&oacute;n din&aacute;mica en funci&oacute;n de la posici&oacute;n por GPS como el uso de Wi-Fi como AP o cliente para sincronizaci&oacute;n de datos en cocheras o el uso de una SIM u otra para optimizar coberturas y consumos. ","key_feature_long_description_10":"Troubleshooting avanzado (ajuste fino y en la nube)","key_feature_text_description_10":"Troubleshooting avanzado como sniffer y syslog para analizar problemas por servicio, posici&oacute;n y cobertura en el trayecto. Gesti&oacute;n en la nube con autoprovisionamiento permite instalaciones por personal no cualificado.","description_datasheet":"","datasheet_file":"https:\/\/pim.teldat.com\/files\/pdf\/34173cb38f07f89ddbebc2ac9128303f.pdf","imgDatasheet":"","solution_title":"","solution_text":"","solution_related_link":"","solution_image":"https:\/\/pim.teldat.com\/files\/6ea9ab1baa0efb9e19094440c317e21b_FSL.jpeg","case_study_title":"H2-Automotive+: Casos pr\u00e1cticos","case_study_description":"<p>Aumenta la comodidad y seguridad de los pasajeros, proporcionando Wi-Fi, video embarcado y un sistema de alarmas.<\/p>","case_study_link_1":"https:\/\/www.teldat.com\/es\/casos-de-exito\/equipos-para-vehiculos\/bus-router-embarcado-rugerizado-datos-lte-4g-wifi\/","case_study_text_1":"","case_study_text_2":"","case_study_link_2":"Total connectivity for Buses","case_study_link_3":"","case_study_text_3":"","pim_id":30,"id_en":"","language":""},"wpml_current_locale":"es_ES","wpml_translations":[{"locale":"en_US","id":66892,"slug":"h2-automotive-plus-rugged-bus-car-vehicle-router-lte-4g-3g-wifi","post_title":"H2-Automotive+","href":"https:\/\/www.teldat.com\/h2-automotive-plus-rugged-bus-car-vehicle-router-lte-4g-3g-wifi\/"}],"_links":{"self":[{"href":"https:\/\/www.teldat.com\/es\/wp-json\/wp\/v2\/product\/66895","targetHints":{"allow":["GET"]}}],"collection":[{"href":"https:\/\/www.teldat.com\/es\/wp-json\/wp\/v2\/product"}],"about":[{"href":"https:\/\/www.teldat.com\/es\/wp-json\/wp\/v2\/types\/product"}],"replies":[{"embeddable":true,"href":"https:\/\/www.teldat.com\/es\/wp-json\/wp\/v2\/comments?post=66895"}],"wp:featuredmedia":[{"embeddable":true,"href":"https:\/\/www.teldat.com\/es\/wp-json\/wp\/v2\/media\/69282"}],"wp:attachment":[{"href":"https:\/\/www.teldat.com\/es\/wp-json\/wp\/v2\/media?parent=66895"}],"wp:term":[{"taxonomy":"product_brand","embeddable":true,"href":"https:\/\/www.teldat.com\/es\/wp-json\/wp\/v2\/product_brand?post=66895"},{"taxonomy":"product_cat","embeddable":true,"href":"https:\/\/www.teldat.com\/es\/wp-json\/wp\/v2\/product_cat?post=66895"},{"taxonomy":"product_tag","embeddable":true,"href":"https:\/\/www.teldat.com\/es\/wp-json\/wp\/v2\/product_tag?post=66895"}],"curies":[{"name":"wp","href":"https:\/\/api.w.org\/{rel}","templated":true}]}}