{"id":66901,"date":"2025-04-03T09:58:42","date_gmt":"2025-04-03T07:58:42","guid":{"rendered":"https:\/\/www.teldat.com\/product\/h2-rail\/"},"modified":"2026-02-02T10:17:20","modified_gmt":"2026-02-02T09:17:20","slug":"h2-rail-router-para-ferrocarril-ferrovario-tren-metro-lte-4g-3g-wifi","status":"publish","type":"product","link":"https:\/\/www.teldat.com\/es\/producto\/h2-rail-router-para-ferrocarril-ferrovario-tren-metro-lte-4g-3g-wifi\/","title":{"rendered":"H2-Rail"},"content":{"rendered":"","protected":false},"excerpt":{"rendered":"","protected":false},"featured_media":66897,"comment_status":"open","ping_status":"closed","template":"","meta":{"_acf_changed":false,"_et_pb_use_builder":"","_et_pb_old_content":"","_et_gb_content_width":""},"product_brand":[],"product_cat":[1430],"product_tag":[],"class_list":{"0":"post-66901","1":"product","2":"type-product","3":"status-publish","4":"has-post-thumbnail","6":"product_cat-industrial-iot-es","8":"first","9":"instock","10":"shipping-taxable","11":"product-type-simple"},"acf":{"category":"Industrial &amp; IoT","Title_Product":"Pasarela de medios de comunicaci\u00f3n para trenes H2-Rail","subtitle":"Plataforma para comunicaciones ferroviarias con LTE y WiFi","imgHeader":"https:\/\/pim.teldat.com\/files\/c16a5320fa475530d9583c34fd356ef5_FHD.webp","header-item1":"Plataforma de comunicaciones multiservicio","header-item2":"M\u00faltiples WWAN simult\u00e1neas, agregaci\u00f3n y balanceo","header-item3":"Cumple con la normativa ferroviaria (EN50155:2007, EN45545-2)","header-item4":"Geo-fencing: Configuraci\u00f3n din\u00e1mica acorde a GPS","header-item5":"Aislamiento de servicios basado en est\u00e1ndares","header-item6":"Switch integrado (conexi\u00f3n con otros sistemas)","header-item7":"Soluci\u00f3n Wi-Fi completa (gesti\u00f3n, HotSpot y APs)","imgHeader1":"https:\/\/pim.teldat.com\/files\/c16a5320fa475530d9583c34fd356ef5_F1.webp","imgHeader2":"https:\/\/pim.teldat.com\/files\/c16a5320fa475530d9583c34fd356ef5_F2.webp","imgHeader3":"https:\/\/pim.teldat.com\/files\/c16a5320fa475530d9583c34fd356ef5_F3.webp","imgHeader4":"https:\/\/pim.teldat.com\/files\/c16a5320fa475530d9583c34fd356ef5_F4.webp","imgHeader5":"https:\/\/pim.teldat.com\/files\/c16a5320fa475530d9583c34fd356ef5_F5.webp","imgHeader6":"https:\/\/pim.teldat.com\/files\/c16a5320fa475530d9583c34fd356ef5_F6.webp","intro":"<p>El router H2-Rail es la plataforma de comunicaci&oacute;n multiservicio para entornos ferroviarios. Proporciona comunicaciones fiables 4G\/LTE y de banda ancha por Wi-Fi, y cuenta con opciones de redundancia, agregaci&oacute;n y mecanismos avanzados de seguridad de red.<\/p>\r\n<p>Su dise&ntilde;o, que cumple con las normativas ferroviarias, ha sido especialmente pensado para instalaciones en trenes ligeros, tranv&iacute;as o trenes de alta velocidad. De acuerdo con la norma EN 50155, el equipo cuenta con protecci&oacute;n frente a vibraciones y emisiones y es capaz de tolerar un amplio rango de temperaturas.<\/p>\r\n<p>&nbsp;<\/p>","imgintro":"https:\/\/pim.teldat.com\/files\/c16a5320fa475530d9583c34fd356ef5_FIN.webp","competitive_advantage_title":"","competitive_advantage_a1":"Uso simult\u00e1neo de varios interfaces WWAN","competitive_advantage_b1":"<p>Hasta 4 enlaces LTE m&uacute;ltiples y\/o radio enlaces Wi-Fi para agregar ancho de banda y equilibrar la carga. La fiabilidad y disponibilidad est&aacute;n garantizadas.<\/p>","competitive_advantage_a2":"Dise\u00f1o hardware rugerizado ferroviario","competitive_advantage_b2":"<p>Soporta condiciones extremas de vibraciones, temperaturas (-25&ordm;C a 70&ordm;C). Cumple la normativa ferroviaria (EN 50155, EN 50121-3-2, EN 301 511, EN 301 908-1).<\/p>","competitive_advantage_a3":"Automatismos basados en GPS y servicios","competitive_advantage_b3":"<p>Monitorizaci&oacute;n de comunicaciones (disponibilidad y calidad) y posicionamiento para aplicar din&aacute;micamente pol&iacute;ticas de routing por servicio, enlace y posici&oacute;n.<\/p>","competitive_advantage_a4":"Software de networking corporativo","competitive_advantage_b4":"<p>Embarca las &uacute;ltimas tecnolog&iacute;as disponibles de redes IP en el veh&iacute;culo, aportando seguridad, calidad y facilidad en despliegues masivos multiservicio.<\/p>","product_sw_hw":"","description":"","description_1":"<p>El H2-Rail es la plataforma de comunicaciones ideal para todo tipo de servicios embarcados en entorno ferroviario. Id&oacute;neo para servicios cr&iacute;ticos de alta disponibilidad gracias al doble m&oacute;dulo LTE con monitorizaci&oacute;n avanzada y agregaci&oacute;n de ancho de banda, opciones de redundancia y estado del arte en comunicaciones seguras.&nbsp;Dise&ntilde;ado para instalaciones en entorno ferroviario, con alimentaci&oacute;n a 24 y 110VDC y condiciones ambientales extremas. El equipo soporta rango extendido de temperaturas(-25&ordm;C a 70&ordm;C), incorpora protecci&oacute;n ante vibraciones y garantiza la interoperabilidad con otros equipos embarcados.&nbsp;<\/p>\r\n\r\nPara servicios enfocados en el sector embarcado con la posibilidad de utilizar Wi-Fi como AP o cliente dependiendo del posicionamiento, y el apagado retardado, permitiendo efectuar actualizaciones de contenido en cocheras autom&aacute;ticamente.&nbsp;Incluye gesti&oacute;n basada en est&aacute;ndares adem&aacute;s de gesti&oacute;n Teldat (Colibri Net Manager y HotSpot) para grandes despliegues.","description_image_1":"https:\/\/pim.teldat.com\/files\/c16a5320fa475530d9583c34fd356ef5_S1.webp","description_2":"<p>El router H2-Rail es la plataforma de comunicaci&oacute;n multiservicio para entornos ferroviarios. Proporciona comunicaciones fiables 4G\/LTE y de banda ancha por Wi-Fi, y cuenta con opciones de redundancia, agregaci&oacute;n y mecanismos avanzados de seguridad de red.<\/p>\r\n\r\nSu dise&ntilde;o de hardware, que cumple con las normativas ferroviarias, ha sido especialmente pensado para instalaciones en trenes ligeros, tranv&iacute;as o trenes de alta velocidad. De acuerdo con la norma EN 50155, el equipo cuenta con protecci&oacute;n frente a vibraciones y emisiones y es capaz de tolerar un amplio rango de temperaturas. Gracias al uso del posicionamiento, tambi&eacute;n proporciona comunicaciones de calidad con configuraciones din&aacute;micas extremadamente fiables.","description_image_2":"https:\/\/pim.teldat.com\/files\/c16a5320fa475530d9583c34fd356ef5_S2.webp","key_feature_long_description_1":"Banda ancha con hasta cuatro conexiones LTE simult\u00e1neas","key_feature_text_description_1":"<p>Se pueden instalar hasta 4 m&oacute;dulos WWAN (4G\/LTE). Para operaci&oacute;n independiente o como respaldo. Uno de los m&oacute;dulos tambi&eacute;n soporta 2 x SIM para redundancia de operadoras.<\/p>","key_feature_long_description_2":"4G\/LTE Quad-SIM para redundancia de operadores","key_feature_text_description_2":"<p>Facilidad de doble SIM con un solo m&oacute;dulo para uso de dos operadores de telecomunicaciones, empleando una SIM como respaldo de la otra y utilizando un &uacute;nico m&oacute;dulo.<\/p>","key_feature_long_description_3":"Wi-Fi 802.11ac para viajeros (AP) o cocheras (cliente)","key_feature_text_description_3":"<p>Un m&oacute;dulo Wi-Fi 802.11ac permite proporcionar servicios Wi-Fi a pasajeros durante el trayecto (con m&uacute;ltiples SSID e integraci&oacute;n con plataformas HotSpot) y actuar en modo cliente para conexi&oacute;n a redes Wi-Fi externas.<\/p>","key_feature_long_description_4":"Dise\u00f1o hardware ferroviario","key_feature_text_description_4":"<p>Dise&ntilde;ado para soportar condiciones extremas de vibraciones y temperaturas (-25&ordm;C a 70&ordm;C). Cumple las normativa ferroviarias (EN 50155, EN 50121-3-2, EN 301 511, EN 301 908-1, EN 45545-2).<\/p>","key_feature_long_description_5":"Integrable en plataformas de gesti\u00f3n","key_feature_text_description_5":"<p>F&aacute;cil integraci&oacute;n en herramientas de gesti&oacute;n de terceros basadas en est&aacute;ndares (SNMP). Adem&aacute;s, est&aacute; integrado en la plataforma de gesti&oacute;n Teldat Colibr&iacute; Net Manager para monitorizaci&oacute;n y gesti&oacute;n remota.<\/p>","key_feature_long_description_6":"Agregaci\u00f3n\/balanceo para continuidad de aplicaciones","key_feature_text_description_6":"<p>Uso simultaneo de interfaces WAN (LTE, Wi-Fi, Satelite...) para repartir y\/o agregar la carga de distintos servicios a trav&eacute;s de diferentes interfaces optimizando &aacute;reas de cobertura y rendimiento total de las soluciones.<\/p>","key_feature_long_description_7":"Comunicaciones multiservicio aisladas y seguras","key_feature_text_description_7":"<p>El uso de protocolos avanzados como VRF, VLAN, QoS y Policy Routing junto con m&uacute;ltiples enlaces WAN permite separar l&oacute;gicamente cada servicio y la gesti&oacute;n de las distintas soluciones que comparten las comunicaciones.<\/p>","key_feature_long_description_8":"Comportamiento din\u00e1mico basado en posicionamiento (GPS)","key_feature_text_description_8":"<p>Ideal para aplicaciones de gesti&oacute;n de flotas o telemarketing. El equipo dispone de GPS accesible mediante puerto TCP que proporciona informaci&oacute;n de geolocalizaci&oacute;n en tiempo real en est&aacute;ndar NMEA.<\/p>","key_feature_long_description_9":"Alto rendimiento en servicios muy exigentes","key_feature_text_description_9":"<p>Con una capacidad de procesamiento de hasta 985 Mbps, este dispositivo proporciona una conexi&oacute;n potente en escenarios tan exigentes como los que requieren cifrado, VRFs, Policy routing y QoS.<\/p>","key_feature_long_description_10":"Troubleshooting avanzado (ajuste fino y en la nube)","key_feature_text_description_10":"<p>Troubleshooting avanzado como sniffer y syslog para analizar problemas de servicio, posici&oacute;n y cobertura en el trayecto. Gesti&oacute;n en la nube con autoaprovisionamiento permite instalaciones por personal no cualificado.<\/p>","description_datasheet":"","datasheet_file":"https:\/\/pim.teldat.com\/files\/pdf\/6364d3f0f495b6ab9dcf8d3b5c6e0b01.pdf","imgDatasheet":"","solution_title":"Tecnolog\u00eda de comunicaciones ferroviarias de Teldat","solution_text":"<p>Las soluciones de conectividad de tren-tierra y embarcadas de Teldat permiten a los integradores, fabricantes y operadores lograr una eficiencia de funcionamiento optimizada y una mejor experiencia de los pasajeros.<\/p>","solution_related_link":"https:\/\/www.teldat.com\/es\/soluciones\/industrial-iot\/flota-de-trenes-casos-practicos-casos-de-exito\/","solution_image":"https:\/\/pim.teldat.com\/files\/c16a5320fa475530d9583c34fd356ef5_FSL.jpeg","case_study_title":"H2-Rail: casos pr\u00e1cticos","case_study_description":"<p>Conectividad a bordo de la red ferroviaria de alta velocidad de Espa&ntilde;a<\/p>","case_study_link_1":"Conectividad de trenes de alta velocidad","case_study_text_1":"","case_study_text_2":"","case_study_link_2":"On board connectivity for High-Speed Trains","case_study_link_3":"","case_study_text_3":"","pim_id":32,"id_en":"","language":""},"wpml_current_locale":"es_ES","wpml_translations":[{"locale":"en_US","id":66898,"slug":"h2-rail-railway-train-metro-router-lte-4g-3g-wifi","post_title":"H2-Rail","href":"https:\/\/www.teldat.com\/h2-rail-railway-train-metro-router-lte-4g-3g-wifi\/"}],"_links":{"self":[{"href":"https:\/\/www.teldat.com\/es\/wp-json\/wp\/v2\/product\/66901","targetHints":{"allow":["GET"]}}],"collection":[{"href":"https:\/\/www.teldat.com\/es\/wp-json\/wp\/v2\/product"}],"about":[{"href":"https:\/\/www.teldat.com\/es\/wp-json\/wp\/v2\/types\/product"}],"replies":[{"embeddable":true,"href":"https:\/\/www.teldat.com\/es\/wp-json\/wp\/v2\/comments?post=66901"}],"wp:featuredmedia":[{"embeddable":true,"href":"https:\/\/www.teldat.com\/es\/wp-json\/wp\/v2\/media\/66897"}],"wp:attachment":[{"href":"https:\/\/www.teldat.com\/es\/wp-json\/wp\/v2\/media?parent=66901"}],"wp:term":[{"taxonomy":"product_brand","embeddable":true,"href":"https:\/\/www.teldat.com\/es\/wp-json\/wp\/v2\/product_brand?post=66901"},{"taxonomy":"product_cat","embeddable":true,"href":"https:\/\/www.teldat.com\/es\/wp-json\/wp\/v2\/product_cat?post=66901"},{"taxonomy":"product_tag","embeddable":true,"href":"https:\/\/www.teldat.com\/es\/wp-json\/wp\/v2\/product_tag?post=66901"}],"curies":[{"name":"wp","href":"https:\/\/api.w.org\/{rel}","templated":true}]}}