{"id":66926,"date":"2025-04-03T10:28:45","date_gmt":"2025-04-03T08:28:45","guid":{"rendered":"https:\/\/www.teldat.com\/product\/teldat-sde-20k\/"},"modified":"2026-01-30T11:51:41","modified_gmt":"2026-01-30T10:51:41","slug":"teldat-sde-20k-series","status":"publish","type":"product","link":"https:\/\/www.teldat.com\/es\/producto\/teldat-sde-20k-series\/","title":{"rendered":"Teldat SDE-20K Series"},"content":{"rendered":"","protected":false},"excerpt":{"rendered":"","protected":false},"featured_media":73920,"comment_status":"open","ping_status":"closed","template":"","meta":{"_acf_changed":false,"_et_pb_use_builder":"","_et_pb_old_content":"","_et_gb_content_width":""},"product_brand":[],"product_cat":[1428],"product_tag":[],"class_list":{"0":"post-66926","1":"product","2":"type-product","3":"status-publish","4":"has-post-thumbnail","6":"product_cat-networking-avanzado","8":"first","9":"instock","10":"shipping-taxable","11":"product-type-simple"},"acf":{"category":"Advanced Networking","Title_Product":"Teldat SDE-20K","subtitle":"SD-WAN Datacenter Edge","imgHeader":"https:\/\/pim.teldat.com\/files\/3416a75f4cea9109507cacd8e2f2aefc_FHD.webp","header-item1":"Gesti\u00f3n SD-WAN integrada","header-item2":"Alto rendimiento en cifrado","header-item3":"Sistema Operativo profesional y avanzado","header-item4":"Fuentes de alimentaci\u00f3n redundantes","header-item5":"Basado en arquitectura fiable x86","header-item6":"Formato rack est\u00e1ndar 19 pulgadas","header-item7":"","imgHeader1":"https:\/\/pim.teldat.com\/files\/3416a75f4cea9109507cacd8e2f2aefc_F1.webp","imgHeader2":"https:\/\/pim.teldat.com\/files\/3416a75f4cea9109507cacd8e2f2aefc_F2.webp","imgHeader3":"https:\/\/pim.teldat.com\/files\/3416a75f4cea9109507cacd8e2f2aefc_F3.webp","imgHeader4":"https:\/\/pim.teldat.com\/files\/3416a75f4cea9109507cacd8e2f2aefc_F4.webp","imgHeader5":"https:\/\/pim.teldat.com\/files\/3416a75f4cea9109507cacd8e2f2aefc_F5.webp","imgHeader6":"https:\/\/pim.teldat.com\/files\/3416a75f4cea9109507cacd8e2f2aefc_F6.webp","intro":"<p>SDE-20K es una familia de dispositivos a instalar en Centro de Datos para construir redes SD-WAN de pr&oacute;xima generaci&oacute;n. Se trata de una soluci&oacute;n llaves en mano orientada a escenarios de alta exigencia,&nbsp;que abarca tanto hardware como software y se encuentra totalmente integrada en el Controlador SD-WAN de Teldat y los mecanismos Zero Touch Provisioning (ZTP).<br>La funci&oacute;n principal de este dispositivo es como concentrador SD-WAN de sedes remotas en su conectividad al Centro de Datos, siendo aptos para cualquier tama&ntilde;o de red al escalar hasta 40 Gbps por dispositivo y permitiendo agupar varios como un &uacute;nico sistema.<\/p>","imgintro":"https:\/\/pim.teldat.com\/files\/3416a75f4cea9109507cacd8e2f2aefc_FIN.webp","competitive_advantage_title":"","competitive_advantage_a1":"SD-WAN","competitive_advantage_b1":"<p>SDE-20K est&aacute; totalmente integrado en CNM, la herramienta para la gesti&oacute;n de las redes SD-WAN Teldat que permite una configuracion centralizada y sencilla.<\/p>","competitive_advantage_a2":"Soporte de m\u00faltiples redes de acceso","competitive_advantage_b2":"<p>SDE-20K soporte simult&aacute;neamente el uso de redes MPLS e internet, facilitando y reduciendo el coste de las redes h&iacute;bridas.<\/p>","competitive_advantage_a3":"Elevado ancho de banda","competitive_advantage_b3":"<p>SDE-20K es adecuado para grandes sedes y centros de datos de cualquier organizaci&oacute;n gracias al soporte de un elevado caudal de tr&aacute;fico.<\/p>","competitive_advantage_a4":"Varias plataformas disponibles","competitive_advantage_b4":"<p>Desde&nbsp;4 Gbps hasta 40 Gbps, varios modelos disponibles garantizan la correcta adecuaci&oacute;n a cualquier escenario.<\/p>","product_sw_hw":"","description":"","description_1":"<p>SDE-20K es una familia de equipos especialmente dise&ntilde;ados para concentraci&oacute;n SD-WAN y acceso a los recursos del centro de datos. A tal fin, son elementos clave el soporte de un elevado caudal y la configuraci&oacute;n en alta disponibilidad activo-activo, con conectividad a la red extensa tanto MPLS como Internet.<br>Teniendo en cuenta la importancia de la eficiencia y el rendimiento en este tipo de escenarios, SDE-20K se ofrece como una soluci&oacute;n integrada (hw+sw)&nbsp;que cubre cualquier requisitos de alto nivel de exigencia. Proporcionando la soluci&oacute;n completa, Teldat puede optimizar el software para ejecutar en hardware x86 adecuada y eficientemente.<br>La flexibilidad para adaptarse a diferentes entornos de red es uno de los principales principios de dise&ntilde;o seguidos. Con esta premisa, el SDE-20K se ofrece con&nbsp;4 configuraciones diferentes:&nbsp;4,&nbsp;10, 20 and 40 Gbps (*)<\/p>\r\n<p>(*) Tr&aacute;fico en ambos sentidos, dependiente de la configuraci&oacute;n y condiciones de la red.<\/p>","description_image_1":"https:\/\/pim.teldat.com\/files\/3416a75f4cea9109507cacd8e2f2aefc_S1.webp","description_2":"<p>SDE-20K es una familia de dispositivos a instalar en Centro de Datos para construir redes SD-WAN de pr&oacute;xima generaci&oacute;n. Se trata de una soluci&oacute;n llaves en mano orientada a escenarios de alta exigencia, que abarca tanto hardware como software y se encuentra totalmente integrada en el Controlador SD-WAN de Teldat y los mecanismos Zero Touch Provisioning (ZTP).<br>La funci&oacute;n principal de este dispositivo es como concentrador SD-WAN de sedes remotas en su conectividad al Centro de Datos, siendo aptos para cualquier tama&ntilde;o de red al escalar hasta 40 Gbps por dispositivo y permitiendo agupar varios como un &uacute;nico sistema.<\/p>","description_image_2":"","key_feature_long_description_1":"Soporte de alto caudal adecuado para Centros de Datos","key_feature_text_description_1":"<p>SDE-20K es el equipo de acceso SD-WAN de grandes sedes y centros de datos de cualquier organizaci&oacute;n independientemente de su tama&ntilde;o\/caudal ya que es posible escoger entre varios modelos, de 4, 10, 20 y 40 Gbps.<\/p>","key_feature_long_description_2":"Gesti\u00f3n integrada con el Controller SD-WAN","key_feature_text_description_2":"<p>SDE-20K est&aacute; integrado en la soluci&oacute;n de gesti&oacute;n SD-WAN Cloud Netmanager, que permite una configuraci&oacute;n y monitorizaci&oacute;n gr&aacute;fica y centralizada.&nbsp;<\/p>","key_feature_long_description_3":"Alta disponibilidad en modo activo\/activo","key_feature_text_description_3":"<p>SDE-20K puede ser desplegado en un escenario de alta disponibilidad (activo-activo), de forma que la red no se ve afectada en caso en caso de ca&iacute;da de un equipo, puesto que su pareja asume la carga.&nbsp;<\/p>","key_feature_long_description_4":"Escalabilidad horizontal","key_feature_text_description_4":"<p style=\"text-align: left;\">En caso de crecimiento de la red, es sencillo a&ntilde;adir nuevos equipos para absorber el mayor volumen de tr&aacute;fico, ya que son coordinados de forma autom&aacute;tica por Teldat Controller.<\/p>","key_feature_long_description_5":"Arquitectura x86 fiable para Centros de Datos","key_feature_text_description_5":"<p>SDE-20K est&aacute; basado en plataformas x86 reconocidas, sobredimensionadas y altamente fiables, garantizando la eficiencia y disponibilidad de la red.<\/p>","key_feature_long_description_6":"Puertos 10Gbps y 100Gbps","key_feature_text_description_6":"<p>Un &uacute;nico equipo SDE-20K soporta una red h&iacute;brida (MPLS+internet), proporcionando soluciones potentes y efectivas para cualquier tipo de organizaci&oacute;n.<\/p>","key_feature_long_description_7":"F\u00e1cil y r\u00e1pida instalaci\u00f3n basada en ZTP","key_feature_text_description_7":"<p>La configuraci&oacute;n de SDE-20K es gestionada de forma centralizada, transparente y autom&aacute;tica desde la gesti&oacute;n global SD-WAN Teldat, incluso habilitando la configuraci&oacute;n inicial (ZTP) sin intervenci&oacute;n local de un t&eacute;cnico.<\/p>","key_feature_long_description_8":"","key_feature_text_description_8":"","key_feature_long_description_9":"","key_feature_text_description_9":"","key_feature_long_description_10":"","key_feature_text_description_10":"","description_datasheet":"","datasheet_file":"https:\/\/pim.teldat.com\/files\/pdf\/a1d0c6e83f027327d8461063f4ac58a6.pdf","imgDatasheet":"","solution_title":"La soluci\u00f3n Teldat CNM SD-WAN Suite","solution_text":"<p>Un conjunto completo de componentes SD-WAN para permitir el control, an&aacute;lisis, monitorizaci&oacute;n, seguridad y administraci&oacute;n de cualquier red. Independientemente de la complejidad de la red, la soluci&oacute;n Teldat SD-WAN simplifica el escenario.<\/p>","solution_related_link":"https:\/\/www.teldat.com\/es\/soluciones\/networking-avanzado\/cnm-sd-wan-redes-hibridas\/arquitectura-sd-wan-que-es\/","solution_image":"https:\/\/pim.teldat.com\/files\/3416a75f4cea9109507cacd8e2f2aefc_FSL.jpeg","case_study_title":"","case_study_description":"","case_study_link_1":"","case_study_text_1":"","case_study_text_2":"","case_study_link_2":"","case_study_link_3":"","case_study_text_3":"","pim_id":42,"id_en":41,"language":""},"wpml_current_locale":"es_ES","wpml_translations":[{"locale":"en_US","id":66923,"slug":"teldat-sde-20k-series","post_title":"Teldat SDE-20K Series","href":"https:\/\/www.teldat.com\/teldat-sde-20k-series\/"}],"_links":{"self":[{"href":"https:\/\/www.teldat.com\/es\/wp-json\/wp\/v2\/product\/66926","targetHints":{"allow":["GET"]}}],"collection":[{"href":"https:\/\/www.teldat.com\/es\/wp-json\/wp\/v2\/product"}],"about":[{"href":"https:\/\/www.teldat.com\/es\/wp-json\/wp\/v2\/types\/product"}],"replies":[{"embeddable":true,"href":"https:\/\/www.teldat.com\/es\/wp-json\/wp\/v2\/comments?post=66926"}],"wp:featuredmedia":[{"embeddable":true,"href":"https:\/\/www.teldat.com\/es\/wp-json\/wp\/v2\/media\/73920"}],"wp:attachment":[{"href":"https:\/\/www.teldat.com\/es\/wp-json\/wp\/v2\/media?parent=66926"}],"wp:term":[{"taxonomy":"product_brand","embeddable":true,"href":"https:\/\/www.teldat.com\/es\/wp-json\/wp\/v2\/product_brand?post=66926"},{"taxonomy":"product_cat","embeddable":true,"href":"https:\/\/www.teldat.com\/es\/wp-json\/wp\/v2\/product_cat?post=66926"},{"taxonomy":"product_tag","embeddable":true,"href":"https:\/\/www.teldat.com\/es\/wp-json\/wp\/v2\/product_tag?post=66926"}],"curies":[{"name":"wp","href":"https:\/\/api.w.org\/{rel}","templated":true}]}}