{"id":66939,"date":"2025-04-03T10:44:11","date_gmt":"2025-04-03T08:44:11","guid":{"rendered":"https:\/\/www.teldat.com\/product\/regesta-smart-plc\/"},"modified":"2026-03-25T17:00:00","modified_gmt":"2026-03-25T16:00:00","slug":"regesta-smart-plc-router-industrial-con-tecnologia-plc-para-conectividad-de-redes-inteligentes","status":"publish","type":"product","link":"https:\/\/www.teldat.com\/es\/producto\/regesta-smart-plc-router-industrial-con-tecnologia-plc-para-conectividad-de-redes-inteligentes\/","title":{"rendered":"Regesta Smart PLC v2"},"content":{"rendered":"","protected":false},"excerpt":{"rendered":"","protected":false},"featured_media":76988,"comment_status":"open","ping_status":"closed","template":"","meta":{"_acf_changed":false,"_et_pb_use_builder":"","_et_pb_old_content":"","_et_gb_content_width":""},"product_brand":[],"product_cat":[1430],"product_tag":[],"class_list":{"0":"post-66939","1":"product","2":"type-product","3":"status-publish","4":"has-post-thumbnail","6":"product_cat-industrial-iot-es","8":"first","9":"instock","10":"shipping-taxable","11":"product-type-simple"},"acf":{"category":"Industrial &amp; IoT","Title_Product":"Pasarela de Comunicaciones Industriales Regesta Smart PLC v2","subtitle":"Pasarela PLC para implantaciones de telemetr\u00eda eficaces y rentables","imgHeader":"https:\/\/pim.teldat.com\/files\/67c6a1e7ce56d3d6fa748ab6d9af3fd7_FHD.webp","header-item1":"M\u00faltiples interfaces WAN (2G\/3G\/LTE, Gigabit Ethernet, SFP)","header-item2":"Interfaz PLC (nodo base hasta 2000 contadores inteligentes)","header-item3":"Rango extendido de temperatura (de -20\u00baC a 70\u00b0C)","header-item4":"Cumple con las regulaciones EMC y de seguridad el\u00e9ctrica","header-item5":"Redundancia con Dual-SIM","header-item6":"Integrado en la soluci\u00f3n SD-WAN de Teldat.","header-item7":"Inspecci\u00f3n Profunda de Paquetes (DPI) avanzada de tr\u00e1fico SCADA","imgHeader1":"https:\/\/pim.teldat.com\/files\/67c6a1e7ce56d3d6fa748ab6d9af3fd7_F1.webp","imgHeader2":"https:\/\/pim.teldat.com\/files\/67c6a1e7ce56d3d6fa748ab6d9af3fd7_F4.webp","imgHeader3":"https:\/\/pim.teldat.com\/files\/67c6a1e7ce56d3d6fa748ab6d9af3fd7_F5.webp","imgHeader4":"","imgHeader5":"","imgHeader6":"","intro":"<p>La familia Regesta Smart PLC v2 est&aacute; dise&ntilde;ada para proporcionar comunicaciones seguras y fiables en Smart Grids, integrando tecnolog&iacute;a PLC (Power Line Communications) y conectividad IP avanzada en un &uacute;nico dispositivo. Est&aacute; dise&ntilde;ada operar 24x7 en ubicaciones remotas y no atendidas, garantizando la fiabilidad que exigida en entornos cr&iacute;ticos.<\/p>\r\n<p>Incorpora capacidades de seguridad esenciales para el sector el&eacute;ctrico, como cifrado del tr&aacute;fico, control de acceso y la posibilidad de habilitar firmas para monitorizar protocolos ICS, garantizando la integridad de los datos de operaci&oacute;n y mitigando el riesgo de ciberataques.<\/p>","imgintro":"https:\/\/pim.teldat.com\/files\/67c6a1e7ce56d3d6fa748ab6d9af3fd7_FIN.webp","competitive_advantage_title":"","competitive_advantage_a1":"Comunicaciones fiables y flexibles","competitive_advantage_b1":"<p>M&uacute;ltiples tecnolog&iacute;as de acceso (LTE, Gigabit Ethernet) combinadas con SD-WAN para control centralizado, reparto seguro del tr&aacute;fico y conectividad resiliente.<\/p>","competitive_advantage_a2":"Dise\u00f1o de hardware robusto","competitive_advantage_b2":"<p>Dise&ntilde;o de hardware adaptable para instalaciones desatendidas, con rango de temperatura extendido (-20&ordm;C a 70&ordm;C) e inmunidad el&eacute;ctrica y electromagn&eacute;tica.<\/p>","competitive_advantage_a3":"Soporte de comunicaciones PLC","competitive_advantage_b3":"<p>Permite la comunicaci&oacute;n directa con contadores inteligentes basados en PLC. Ofrece un nodo base PLC y comunicaciones de red avanzadas en un &uacute;nico dispositivo.<\/p>","competitive_advantage_a4":"Ciberseguridad en Smart Grids","competitive_advantage_b4":"<p>Seguridad OT integrada con firmas para tr&aacute;fico SCADA, detecci&oacute;n de anomal&iacute;as y comunicaciones reforzadas que aseguran operaciones resilientes en Smart Grids.<\/p>","product_sw_hw":"","description":"","description_1":"<p>La familia de routers Regesta Smart PLC v2 son est&aacute; dise&ntilde;ada para ofrecer conectividad IP segura, robusta y de banda ancha, combinada con una interfaz PLC compatible con PRIME 1.3.6 y 1.4, lo que los convierte en la pasarela ideal para redes de contadores inteligentes y telemetr&iacute;a avanzada.<\/p>\r\n<p>El equipo&nbsp; garantiza m&aacute;ximo rendimiento y resiliencia, empleando simult&aacute;neamente tecnolog&iacute;as 2G\/3G\/LTE, SFP y Ethernet, con mecanismos de respaldo en tiempo real, monitorizaci&oacute;n continua y recuperaci&oacute;n autom&aacute;tica de enlaces. La compatibilidad nativa con la soluci&oacute;n Teldat SD\u2011WAN permite extender pol&iacute;ticas corporativas de seguridad, segmentaci&oacute;n y control de tr&aacute;fico directamente al entorno OT, unificando la gesti&oacute;n desde el centro de control hasta el edge de la red de distribuci&oacute;n.<\/p>","description_image_1":"https:\/\/pim.teldat.com\/files\/67c6a1e7ce56d3d6fa748ab6d9af3fd7_S1.webp","description_2":"<p>La familia Regesta Smart PLC v2 incorpora los protocolos IP corporativos m&aacute;s avanzados, ofreciendo alta robustez industrial, operaci&oacute;n 24x7 y tolerancia a condiciones extremas. Su interfaz PLC funciona como nodo base de red, soportando hasta 2000 contadores PRIME, con capacidades de descubrimiento de topolog&iacute;a y actualizaci&oacute;n remota de firmware.<\/p>\r\n<p>La familia Regesta Smart PLC v2 ofrecer un extensas capacidades de cifrado, autenticaci&oacute;n y control de acceso, que garantizan comunicaciones protegidas en entornos de misi&oacute;n cr&iacute;tica. Adem&aacute;s, incorpora la posibilidad de habilitar firmas para monitorizar el tr&aacute;fico SCADA, permitiendo detectar patrones an&oacute;malos en protocolos de telecontrol y reforzar la seguridad del sistema el&eacute;ctrico.<\/p>\r\n<p>Combinado con herramientas de gesti&oacute;n SNMP de Teldat o de terceros, y con funciones de autoaprovisionamiento, el equipo facilita despliegues masivos y una operaci&oacute;n altamente eficiente en Smart Grids distribuidas.<\/p>","description_image_2":"https:\/\/pim.teldat.com\/files\/67c6a1e7ce56d3d6fa748ab6d9af3fd7_S2.webp","key_feature_long_description_1":"3 puertos Gigabit Ethernet con VLAN, 802.1X y d\u00faplex.","key_feature_text_description_1":"<p>Los routers Regesta Smart PLC v2 disponen de 3 puertos Gigabit Ethernet (2 x 10\/100\/1000 BASE-T + 1 x SFP), que pueden configurarse como interfaz LAN\/WAN.<\/p>","key_feature_long_description_2":"Interfaz PLC PRIME (hasta 2000 contadores inteligentes).","key_feature_text_description_2":"<p>Interfaz PLC PRIME con funcionamiento de nodo base y de servicio. Soporta hasta 2000 contadores inteligentes PLC, con descubrimiento de topolog&iacute;a y actualizaciones de firmware. Compatible con versiones 1.3 y 1.4 de PRIME<\/p>","key_feature_long_description_3":"2G\/3G\/4G (SIM-dual).","key_feature_text_description_3":"<p>Interfaz 2G\/3G\/4G integrada con doble bandeja para 2 tarjetas SIM, con backup autom&aacute;tico. Sistema avanzado de Teldat para la monitorizaci&oacute;n proactiva y la recuperaci&oacute;n autom&aacute;tica de las incidencias de la WWAN.<\/p>","key_feature_long_description_4":"Certificado para su uso en entornos el\u00e9ctricos.","key_feature_text_description_4":"<p>Los routers est&aacute;n certificados para su uso en entornos el&eacute;ctricos con certificados de EMC, aislamiento, inmunidad, el&eacute;ctricos, clim&aacute;ticos y mec&aacute;nicos.<\/p>","key_feature_long_description_5":"Rango extendido de temperatura (de -20\u00baC a 70\u00baC).","key_feature_text_description_5":"<p>La carcasa del Regesta Smart PLC v2 est&aacute; dise&ntilde;ada para una &oacute;ptima disipaci&oacute;n del calor que garantiza el funcionamiento entre -20&ordm;C y 70 &ordm;C con hasta un 93% de humedad. Se puede montar en un carril DIN o en la pared.<\/p>","key_feature_long_description_6":"Puertos serie con soporte de protocolo SCADA (RS-232 y RS-485).","key_feature_text_description_6":"<p>Hasta 3 interfaces serie (RS-232, RS-485) con soporte de protocolos SCADA, proporciona flexibilidad para conectarse a contadores industriales, RTU y otros dispositivos de control.<\/p>","key_feature_long_description_7":"Certificaci\u00f3n ENS Categor\u00eda Alta.","key_feature_text_description_7":"<p>El certificado ENS Categor&iacute;a Alta y el nivel Aprobado para proyectos clasificados de Seguridad Nacional y OTAN, aseguran el cumplimiento de estrictos requisitos de seguridad obligatorios en infraestructuras cr&iacute;ticas.<\/p>","key_feature_long_description_8":"Integrado con SD-WAN de Teldat.","key_feature_text_description_8":"<p>Integraci&oacute;n nativa con la soluci&oacute;n SD-WAN de Teldat, permitiendo extender pol&iacute;ticas de segmentaci&oacute;n, seguridad y priorizaci&oacute;n de tr&aacute;fico hasta el edge OT, con gesti&oacute;n centralizada y operaci&oacute;n unificada.<\/p>","key_feature_long_description_9":"Encapsulaci\u00f3n serie-IP y pasarela IEC-101 a IEC-104.","key_feature_text_description_9":"<p>Los datos del puerto serie pueden ser encapsulados de forma transparente con IP. La funci&oacute;n \"pasarela IEC-101 a IEC-104\" tambi&eacute;n permite mantener las RTUs IEC-101 y software de gesti&oacute;n central para migrar a IEC-104.<\/p>","key_feature_long_description_10":"Puerto de consola para gesti\u00f3n fuera de banda y dying gasp opcional.","key_feature_text_description_10":"<p>El puerto de consola facilita la instalaci&oacute;n y el diagn&oacute;stico remoto, mientras que el Dying Gasp opcional env&iacute;a una &uacute;ltima alerta ante p&eacute;rdida de alimentaci&oacute;n para asegurar continuidad en la red.<\/p>","description_datasheet":"","datasheet_file":"https:\/\/pim.teldat.com\/files\/pdf\/642e92efb79421734881b53e1e1b18b6.pdf","imgDatasheet":"","solution_title":"Teldat Smart Grid","solution_text":"<p>Comunicaciones y Seguridad para Redes El&eacute;ctricas Inteligentes.<\/p>","solution_related_link":"https:\/\/www.teldat.com\/es\/soluciones\/industrial-iot-electricas-transporte\/redes-inteligentes-teldat\/","solution_image":"https:\/\/pim.teldat.com\/files\/67c6a1e7ce56d3d6fa748ab6d9af3fd7_FSL.jpeg","case_study_title":"Regesta Smart PLC y su Aplicaci\u00f3n","case_study_description":"Regesta Compact PLC lleva los protocolos de red IP corporativos m\u00e1s avanzados al mundo de las Smart Grids.","case_study_link_1":"https:\/\/www.teldat.com\/es\/industrial-iot\/telegestion-supervision-y-automatizacion-para-redes-electricas\/","case_study_text_1":"","case_study_text_2":"","case_study_link_2":"Remote Management, Monitoring and Automation for Electricity Grids","case_study_link_3":"","case_study_text_3":"","pim_id":48,"id_en":"","language":""},"wpml_current_locale":"es_ES","wpml_translations":[{"locale":"en_US","id":66938,"slug":"regesta-smart-plc-communications-gateway-ip-networks-plc-technology-for-smart-grids","post_title":"Regesta Smart PLC v2","href":"https:\/\/www.teldat.com\/regesta-smart-plc-communications-gateway-ip-networks-plc-technology-for-smart-grids\/"}],"_links":{"self":[{"href":"https:\/\/www.teldat.com\/es\/wp-json\/wp\/v2\/product\/66939","targetHints":{"allow":["GET"]}}],"collection":[{"href":"https:\/\/www.teldat.com\/es\/wp-json\/wp\/v2\/product"}],"about":[{"href":"https:\/\/www.teldat.com\/es\/wp-json\/wp\/v2\/types\/product"}],"replies":[{"embeddable":true,"href":"https:\/\/www.teldat.com\/es\/wp-json\/wp\/v2\/comments?post=66939"}],"wp:featuredmedia":[{"embeddable":true,"href":"https:\/\/www.teldat.com\/es\/wp-json\/wp\/v2\/media\/76988"}],"wp:attachment":[{"href":"https:\/\/www.teldat.com\/es\/wp-json\/wp\/v2\/media?parent=66939"}],"wp:term":[{"taxonomy":"product_brand","embeddable":true,"href":"https:\/\/www.teldat.com\/es\/wp-json\/wp\/v2\/product_brand?post=66939"},{"taxonomy":"product_cat","embeddable":true,"href":"https:\/\/www.teldat.com\/es\/wp-json\/wp\/v2\/product_cat?post=66939"},{"taxonomy":"product_tag","embeddable":true,"href":"https:\/\/www.teldat.com\/es\/wp-json\/wp\/v2\/product_tag?post=66939"}],"curies":[{"name":"wp","href":"https:\/\/api.w.org\/{rel}","templated":true}]}}