{"id":66948,"date":"2025-04-03T10:44:40","date_gmt":"2025-04-03T08:44:40","guid":{"rendered":"https:\/\/www.teldat.com\/product\/regesta-smart-pro\/"},"modified":"2026-03-25T17:00:53","modified_gmt":"2026-03-25T16:00:53","slug":"regesta-smart-pro-router-industrial-wan-dual-sim-sd-wan-para-redes-inteligentes","status":"publish","type":"product","link":"https:\/\/www.teldat.com\/es\/producto\/regesta-smart-pro-router-industrial-wan-dual-sim-sd-wan-para-redes-inteligentes\/","title":{"rendered":"Regesta Smart PRO v2"},"content":{"rendered":"","protected":false},"excerpt":{"rendered":"","protected":false},"featured_media":76990,"comment_status":"open","ping_status":"closed","template":"","meta":{"_acf_changed":false,"_et_pb_use_builder":"","_et_pb_old_content":"","_et_gb_content_width":""},"product_brand":[],"product_cat":[1430],"product_tag":[],"class_list":{"0":"post-66948","1":"product","2":"type-product","3":"status-publish","4":"has-post-thumbnail","6":"product_cat-industrial-iot-es","8":"first","9":"instock","10":"shipping-taxable","11":"product-type-simple"},"acf":{"category":"Industrial &amp; IoT","Title_Product":"Router Regesta Smart PRO v2","subtitle":"Router industrial para comunicaciones remotas en Smart Grids","imgHeader":"https:\/\/pim.teldat.com\/files\/2838023a778dfaecdc212708f721b788_FHD.webp","header-item1":"M\u00faltiples interfaces WAN (2G\/3G\/LTE, Gigabit Ethernet, SFP)","header-item2":"Protocolos SCADA (Modbus, IEC-101\/102, gateway IEC-104)","header-item3":"M\u00faltiples opciones de fuentes de alimentaci\u00f3n (DC, AC y Multirango)","header-item4":"Cumple con las regulaciones EMC y de seguridad el\u00e9ctrica","header-item5":"Redundancia con Dual-SIM","header-item6":"Integrado en la soluci\u00f3n SD-WAN de Teldat","header-item7":"Inspecci\u00f3n Profunda de Paquetes (DPI) avanzada de tr\u00e1fico SCADA","imgHeader1":"https:\/\/pim.teldat.com\/files\/2838023a778dfaecdc212708f721b788_F1.webp","imgHeader2":"https:\/\/pim.teldat.com\/files\/2838023a778dfaecdc212708f721b788_F2.webp","imgHeader3":"https:\/\/pim.teldat.com\/files\/2838023a778dfaecdc212708f721b788_F3.webp","imgHeader4":"","imgHeader5":"","imgHeader6":"","intro":"<p>La familia Regesta Smart PRO v2 est&aacute; dise&ntilde;ada para asegurar las comunicaciones cr&iacute;ticas en las Smart Grids modernas, habilitando una operaci&oacute;n fiable, segura y preparada para la automatizaci&oacute;n avanzada del sistema el&eacute;ctrico. Est&aacute; dise&ntilde;ada para operar 24x7 en ubicaciones remotas y no atendidas, garantizando continuidad de servicio en entornos cr&iacute;ticos.<\/p>\r\n<p>Incorpora capacidades de seguridad esenciales para el sector el&eacute;ctrico, como cifrado del tr&aacute;fico, control de acceso y la posibilidad de activar firmas para monitorizar protocolos ICS, garantizando la integridad de los datos de operaci&oacute;n y mitigando el riesgo de ciberataques.<\/p>","imgintro":"https:\/\/pim.teldat.com\/files\/2838023a778dfaecdc212708f721b788_FIN.webp","competitive_advantage_title":"","competitive_advantage_a1":"Comunicaciones fiables y flexibles","competitive_advantage_b1":"<p>M&uacute;ltiples tecnolog&iacute;as de acceso (LTE, Gigabit Ethernet) combinadas con SD-WAN para control centralizado, reparto seguro del tr&aacute;fico y conectividad resiliente.<\/p>","competitive_advantage_a2":"Dise\u00f1o de hardware robusto","competitive_advantage_b2":"<p>Dise&ntilde;o de hardware adaptable para instalaciones desatendidas, con rango de temperatura extendido (-20&ordm;C a 70&ordm;C) e inmunidad el&eacute;ctrica y electromagn&eacute;tica.<\/p>","competitive_advantage_a3":"M\u00faltiples opciones de alimentaci\u00f3n","competitive_advantage_b3":"<p>La mejor opci&oacute;n para cada escenario: DC (12-72 VDC), AC (110-240 VAC) y Multirango (48-72 VDC,100-240 VAC) para redes con diversas fuentes de&nbsp;alimentaci&oacute;n.<\/p>","competitive_advantage_a4":"Ciberseguridad en Smart Grids","competitive_advantage_b4":"<div>Seguridad OT integrada con firmas para tr&aacute;fico SCADA, detecci&oacute;n de anomal&iacute;as y comunicaciones reforzadas que aseguran operaciones resilientes en Smart Grids.<\/div>","product_sw_hw":"","description":"","description_1":"<p>La familia de routers industriales Regesta Smart PRO v2 est&aacute; dise&ntilde;ada para proporcionar conectividad IP segura, robusta y de banda ancha en redes de telecontrol y telemetr&iacute;a SCADA en Smart Grids. Su switch Ethernet integrado permite dar servicio a m&uacute;ltiples dispositivos electr&oacute;nicos inteligentes en ubicaciones remotas, incorporando soporte de VLAN y funciones avanzadas de conmutaci&oacute;n para garantizar una operaci&oacute;n eficiente y segmentada.<\/p>\r\n<p>El equipo garantiza m&aacute;ximo rendimiento y seguridad en las comunicaciones gracias al uso simult&aacute;neo de tecnolog&iacute;as 2G\/3G\/LTE, fibra y Ethernet, combinadas con mecanismos de respaldo, supervisi&oacute;n continua y recuperaci&oacute;n autom&aacute;tica. Adem&aacute;s, la soluci&oacute;n SD\u2011WAN de Teldat permite extender las pol&iacute;ticas corporativas de gesti&oacute;n, seguridad y segmentaci&oacute;n de manera unificada en el entorno OT, asegurando una operaci&oacute;n homog&eacute;nea y simplificada desde el centro de control hasta el edge de la red de distribuci&oacute;n.<\/p>","description_image_1":"https:\/\/pim.teldat.com\/files\/2838023a778dfaecdc212708f721b788_S1.webp","description_2":"<p>La familia Regesta Smart PRO v2 permite desplegar conectividad fiable en ubicaciones remotas y desatendidas donde se requieren m&uacute;ltiples rangos de voltaje y un elevado nivel de robustez industrial. Su dise&ntilde;o lo convierte en una soluci&oacute;n &oacute;ptima para escenarios cr&iacute;ticos del sistema el&eacute;ctrico, con operaci&oacute;n 24x7 y tolerancia a condiciones extremas.<\/p>\r\n<p>La familia Regesta Smart PRO v2 ofrecer un extensas capacidades de cifrado, autenticaci&oacute;n y control de acceso, que garantizan comunicaciones protegidas en entornos de misi&oacute;n cr&iacute;tica. Adem&aacute;s, incorpora la posibilidad de habilitar firmas para monitorizar el tr&aacute;fico SCADA, permitiendo detectar patrones an&oacute;malos en protocolos de telecontrol y reforzar la seguridad del sistema el&eacute;ctrico.<\/p>\r\n<p>Combinado con herramientas de gesti&oacute;n SNMP de Teldat o de terceros, y con funciones de autoaprovisionamiento, el equipo facilita despliegues masivos y una operaci&oacute;n altamente eficiente en Smart Grids distribuidas.<\/p>","description_image_2":"https:\/\/pim.teldat.com\/files\/2838023a778dfaecdc212708f721b788_S2.webp","key_feature_long_description_1":"Hasta 7 puertos Gigabit Ethernet con VLAN, 802.1X y d\u00faplex.","key_feature_text_description_1":"<p>El Regesta Smart PRO v2 dispone de 3 puertos Gigabit Ethernet (2 x 10\/100\/1000 BASE-T + 1 x SFP), configurables como LAN\/WAN. Modelos con switch de 4 puertos 10\/100\/1000 BASE-T adicionales tambi&eacute;n disponibles.<\/p>","key_feature_long_description_2":"2G\/3G\/4G (SIM-dual).","key_feature_text_description_2":"<p>Interfaz 2G\/3G\/4G integrada con una bandeja de doble tarjeta SIM para backup autom&aacute;tico. Sistema avanzado de Teldat para la monitorizaci&oacute;n proactiva y la recuperaci&oacute;n autom&aacute;tica de las incidencias de la WWAN.<\/p>","key_feature_long_description_3":"Certificado para su uso en entornos el\u00e9ctricos.","key_feature_text_description_3":"<p>Los routers est&aacute;n certificados para su uso en entornos el&eacute;ctricos con certificados de EMC, aislamiento, inmunidad, el&eacute;ctricos, clim&aacute;ticos y mec&aacute;nicos.<\/p>","key_feature_long_description_4":"Rango extendido de temperatura (de -20\u00baC a 70\u00baC).","key_feature_text_description_4":"<p>La carcasa del Regesta Smart PRO v2 est&aacute; dise&ntilde;ada para una &oacute;ptima disipaci&oacute;n del calor que garantiza el funcionamiento entre -20&ordm;C y 70 &ordm;C con hasta un 93% de humedad. Se puede montar en un carril DIN o en la pared.<\/p>","key_feature_long_description_5":"Puertos serie con soporte de protocolo SCADA (RS-232 y RS-485).","key_feature_text_description_5":"<p>Hasta 3 interfaces serie (RS-232, RS-485) con soporte de protocolos SCADA, proporciona flexibilidad para conectarse a contadores industriales, RTUs y otros dispositivos de control.<\/p>","key_feature_long_description_6":"Encapsulaci\u00f3n serie-IP y pasarela IEC-101 a IEC-104.","key_feature_text_description_6":"<p>Los datos del puerto serie pueden ser encapsulados de forma transparente en IP. La funci&oacute;n \"pasarela IEC-101 a IEC-104\" tambi&eacute;n permite mantener las RTUs IEC-101 y software de gesti&oacute;n central para migrar a IEC-104.<\/p>","key_feature_long_description_7":"Certificaci\u00f3n ENS Categor\u00eda Alta.","key_feature_text_description_7":"<p>El certificado ENS Categor&iacute;a Alta y el nivel Aprobado para proyectos clasificados de Seguridad Nacional y OTAN, aseguran el cumplimiento de estrictos requisitos de seguridad obligatorios en infraestructuras cr&iacute;ticas.<\/p>","key_feature_long_description_8":"Integrado con SD-WAN de Teldat.","key_feature_text_description_8":"<p>Integraci&oacute;n nativa con la soluci&oacute;n SD-WAN de Teldat, permitiendo extender pol&iacute;ticas de segmentaci&oacute;n, seguridad y priorizaci&oacute;n de tr&aacute;fico hasta el edge OT, con gesti&oacute;n centralizada y operaci&oacute;n unificada.<\/p>","key_feature_long_description_9":"M\u00faltiples opciones de alimentaci\u00f3n (DC, AC y MR).","key_feature_text_description_9":"<p>3 opciones de alimentaci&oacute;n: DC (12-72 VDC), AC (110- 240 VAC) y multirrango (48-72 VDC, 100-240 VAC) en la que se admiten ambos rangos (AC y DC) en un &uacute;nico modelo para facilitar el despliegue y el mantenimiento.<\/p>","key_feature_long_description_10":"Puerto de consola para gesti\u00f3n fuera de banda y dying gasp opcional.","key_feature_text_description_10":"<div>El puerto de consola facilita la instalaci&oacute;n y el diagn&oacute;stico remoto, mientras que el Dying Gasp opcional env&iacute;a una &uacute;ltima alerta ante p&eacute;rdida de alimentaci&oacute;n para asegurar continuidad en la red.<\/div>","description_datasheet":"","datasheet_file":"https:\/\/pim.teldat.com\/files\/pdf\/9a1158154dfa42caddbd0694a4e9bdc8.pdf","imgDatasheet":"","solution_title":"Teldat Smart Grid","solution_text":"<p>Comunicaciones y seguridad para Redes El&eacute;ctricas Inteligentes.<\/p>","solution_related_link":"https:\/\/www.teldat.com\/es\/soluciones\/industrial-iot\/redes-inteligentes-teldat\/","solution_image":"https:\/\/pim.teldat.com\/files\/2838023a778dfaecdc212708f721b788_FSL.jpeg","case_study_title":"Regesta Smart PRO en vida real","case_study_description":"<p>Una gran transformaci&oacute;n de una red de distribuci&oacute;n el&eacute;ctrica que incorpora un nuevo sistema de telecomunicaciones.<\/p>","case_study_link_1":"https:\/\/www.teldat.com\/es\/casos-de-exito\/industrial-iot\/redes-electricas-que-se-modernizan\/","case_study_text_1":"","case_study_text_2":"","case_study_link_2":"Electrical Grid Modernization","case_study_link_3":"","case_study_text_3":"","pim_id":52,"id_en":"","language":""},"wpml_current_locale":"es_ES","wpml_translations":[{"locale":"en_US","id":66942,"slug":"regesta-smart-pro-security-with-encryption-dual-sim-sd-wan-for-smart-grids","post_title":"Regesta Smart PRO v2","href":"https:\/\/www.teldat.com\/regesta-smart-pro-security-with-encryption-dual-sim-sd-wan-for-smart-grids\/"}],"_links":{"self":[{"href":"https:\/\/www.teldat.com\/es\/wp-json\/wp\/v2\/product\/66948","targetHints":{"allow":["GET"]}}],"collection":[{"href":"https:\/\/www.teldat.com\/es\/wp-json\/wp\/v2\/product"}],"about":[{"href":"https:\/\/www.teldat.com\/es\/wp-json\/wp\/v2\/types\/product"}],"replies":[{"embeddable":true,"href":"https:\/\/www.teldat.com\/es\/wp-json\/wp\/v2\/comments?post=66948"}],"wp:featuredmedia":[{"embeddable":true,"href":"https:\/\/www.teldat.com\/es\/wp-json\/wp\/v2\/media\/76990"}],"wp:attachment":[{"href":"https:\/\/www.teldat.com\/es\/wp-json\/wp\/v2\/media?parent=66948"}],"wp:term":[{"taxonomy":"product_brand","embeddable":true,"href":"https:\/\/www.teldat.com\/es\/wp-json\/wp\/v2\/product_brand?post=66948"},{"taxonomy":"product_cat","embeddable":true,"href":"https:\/\/www.teldat.com\/es\/wp-json\/wp\/v2\/product_cat?post=66948"},{"taxonomy":"product_tag","embeddable":true,"href":"https:\/\/www.teldat.com\/es\/wp-json\/wp\/v2\/product_tag?post=66948"}],"curies":[{"name":"wp","href":"https:\/\/api.w.org\/{rel}","templated":true}]}}