{"id":66954,"date":"2025-04-03T10:59:57","date_gmt":"2025-04-03T08:59:57","guid":{"rendered":"https:\/\/www.teldat.com\/product\/4geplus\/"},"modified":"2026-02-11T14:25:17","modified_gmt":"2026-02-11T13:25:17","slug":"teldat-4ge-plus-interfaz-de-respaldo-lte-4g-3g","status":"publish","type":"product","link":"https:\/\/www.teldat.com\/es\/producto\/teldat-4ge-plus-interfaz-de-respaldo-lte-4g-3g\/","title":{"rendered":"Teldat-4Ge Plus"},"content":{"rendered":"","protected":false},"excerpt":{"rendered":"","protected":false},"featured_media":66950,"comment_status":"open","ping_status":"closed","template":"","meta":{"_acf_changed":false,"_et_pb_use_builder":"","_et_pb_old_content":"","_et_gb_content_width":""},"product_brand":[],"product_cat":[1429],"product_tag":[],"class_list":{"0":"post-66954","1":"product","2":"type-product","3":"status-publish","4":"has-post-thumbnail","6":"product_cat-edge-network-computing-es","8":"first","9":"instock","10":"shipping-taxable","11":"product-type-simple"},"acf":{"category":"Edge Network Computing","Title_Product":"Perif\u00e9rico 4G para oficinas corporativas","subtitle":"Habilitador 4G\/LTE compatible para routers sin soporte inal\u00e1mbrico nativo","imgHeader":"https:\/\/pim.teldat.com\/files\/72b32a1f754ba1c09b3695e0cb6cde7f_FHD.webp","header-item1":"No intrusivo; compatible con routers existentes","header-item2":"Puesta en marcha desatendida, sencilla y r\u00e1pida","header-item3":"Instalable en cualquier punto de la oficina","header-item4":"Solo requiere conexi\u00f3n Ethernet. Alimentaci\u00f3n PoE","header-item5":"Basado en est\u00e1ndares","header-item6":"No requiere gesti\u00f3n en modo antena","header-item7":"Preparado para escenarios SDWAN en modo router","imgHeader1":"https:\/\/pim.teldat.com\/files\/72b32a1f754ba1c09b3695e0cb6cde7f_F1.webp","imgHeader2":"https:\/\/pim.teldat.com\/files\/72b32a1f754ba1c09b3695e0cb6cde7f_F2.webp","imgHeader3":"https:\/\/pim.teldat.com\/files\/72b32a1f754ba1c09b3695e0cb6cde7f_F3.webp","imgHeader4":"https:\/\/pim.teldat.com\/files\/72b32a1f754ba1c09b3695e0cb6cde7f_F4.webp","imgHeader5":"https:\/\/pim.teldat.com\/files\/72b32a1f754ba1c09b3695e0cb6cde7f_F5.webp","imgHeader6":"https:\/\/pim.teldat.com\/files\/72b32a1f754ba1c09b3695e0cb6cde7f_F6.webp","intro":"<p>Las conexiones m&oacute;viles son una infraestructura ideal para respaldo de conexiones fijas. Pero los routers corporativos no suelen estar preparados para ellas o bien se encuentran instalados en lugares poco accesibles y, por tanto, con cobertura deficiente. El nuevo modelo 4Ge Plus es la soluci&oacute;n, ya que consigue conectar de forma f&aacute;cil, econ&oacute;mica y nada intrusiva, el router de una oficina a las redes m&oacute;viles.<\/p> \r\n<p>El 4Ge Plus integra la conectividad m&oacute;vil y est&aacute; dise&ntilde;ado para ser instalado en cualquier lugar donde la cobertura de red sea la m&aacute;s adecuada, conectando mediante Ethernet con el router corporativo.<\/p>","imgintro":"https:\/\/pim.teldat.com\/files\/72b32a1f754ba1c09b3695e0cb6cde7f_FIN.webp","competitive_advantage_title":"","competitive_advantage_a1":"Instalaci\u00f3n f\u00e1cil y r\u00e1pida","competitive_advantage_b1":"<p>No requiere configuraci&oacute;n previa, solo conectar a Ethernet y listo. Con PoE habilitado basta con el cable Ethernet; en caso contrario requiere alimentaci&oacute;n.<\/p>","competitive_advantage_a2":"No requiere gesti\u00f3n","competitive_advantage_b2":"<p>Descarga la configuraci&oacute;n mediante autoprovisi&oacute;n (de forma similar a un tel&eacute;fono IP). La configuraci&oacute;n reside en el router de la oficina.<\/p>","competitive_advantage_a3":"Router corporativo mantiene el control","competitive_advantage_b3":"<p>La conexi&oacute;n m&oacute;vil es controlada por el router, aplicando las mismas pol&iacute;ticas de conectividad, seguridad y calidad de servicio que la conexi&oacute;n fija.<\/p>","competitive_advantage_a4":"Dise\u00f1o discreto y desapercibido","competitive_advantage_b4":"<p>Para conseguir la m&aacute;xima cobertura se suele instalar sobre una pared interior de la oficina, donde pasa desapercibido.<\/p>","product_sw_hw":"","description":"","description_1":"El 4Ge Plus es la soluci&oacute;n m&aacute;s r&aacute;pida, eficaz y vers&aacute;til para conseguir conectividad m&oacute;vil 4G de calidad. El car&aacute;cter id&oacute;neo de las redes m&oacute;viles como conectividad de respaldo es incuestionable. Sin embargo, los routers corporativos no suelen estar preparados para ello o bien se alojan en ubicaciones donde la cobertura de red m&oacute;vil es p&eacute;sima. El 4Ge Plus es la soluci&oacute;n a estos problemas, puesto que se trata de un peque&ntilde;o dispositivo adecuado para instalar en el lugar de la oficina con una cobertura &oacute;ptima, y conecta con el router corporativo mediante Ethernet.\r\n\r\nLa conexi&oacute;n m&oacute;vil es controlada directamente por el router corporativo existente, de forma que queda integrada en la pol&iacute;tica de seguridad, calidad de servicio y gesti&oacute;n de la red (opcionalmente puede comportarse de forma aut&oacute;noma). Gracias a la autoprovisi&oacute;n y alimentaci&oacute;n PoE, el 4Ge Plus se instala en minutos de forma eficaz y segura, sin necesidad de personal cualificado. ","description_image_1":"https:\/\/pim.teldat.com\/files\/72b32a1f754ba1c09b3695e0cb6cde7f_S1.webp","description_2":"Garantizar la conectividad de las sedes de una corporaci&oacute;n es cr&iacute;tico. Los accesos de cobre o fibra redundante son &uacute;tiles, pero tienen el inconveniente de que los distintos accesos fijos suelen compartir infraestructura, con el riesgo de ca&iacute;da simult&aacute;nea de ambos. Por el contrario, las redes m&oacute;viles utilizan el aire como medio y una infraestructura propia distinta a las redes fijas, lo que unido al elevado nivel de eficiencia de las redes 4G en t&eacute;rminos de velocidad y latencia, las convierta en el sistema de respaldo ideal.\r\n\r\nEl modelo Teldat-4Ge Plus habilita la conexi&oacute;n m&oacute;vil de routers corporativos que no admitan nativamente conexiones m&oacute;viles o que est&eacute;n instalados en armarios de comunicaci&oacute;n con mala cobertura de una forma nada intrusiva. El 4Ge Plus es un perif&eacute;rico del router que mantiene el control y seguridad de las comunicaciones. Opcionalmente puede comportarse de forma aut&oacute;noma.","description_image_2":"https:\/\/pim.teldat.com\/files\/72b32a1f754ba1c09b3695e0cb6cde7f_S2.webp","key_feature_long_description_1":"Integra acceso m\u00f3vil a cualquier arquitectura existente","key_feature_text_description_1":"<p>El router de la oficina, para las conexiones fijas, controla tambi&eacute;n las conexiones m&oacute;viles usando las mismas pol&iacute;ticas de seguridad o calidad de servicio. S&oacute;lo hay un equipo gestionable.<\/p>","key_feature_long_description_2":"Basado en est\u00e1ndares","key_feature_text_description_2":"<p>Mediante VLAN se establece la conexi&oacute;n de datos entre el router y el 4Ge Plus, de modo que, a todos los efectos, es un interfaz virtual en el router.<\/p>","key_feature_long_description_3":"Autoprovisionable","key_feature_text_description_3":"<p>El equipo 4Ge Plus no almacena configuraci&oacute;n, sino que la recibe por DHCP al arrancar, por lo que no es necesaria acci&oacute;n previa alguna en el equipo a la instalaci&oacute;n f&iacute;sica.<\/p>","key_feature_long_description_4":"No requiere gesti\u00f3n","key_feature_text_description_4":"<p>No es necesario reservar una direcci&oacute;n para la gesti&oacute;n ni darlo de alta en los sistemas de gesti&oacute;n, puesto que se puede gestionar desde el router existente.<\/p>","key_feature_long_description_5":"Instalaci\u00f3n con un \u00fanico cable","key_feature_text_description_5":"<p>Basta una conexi&oacute;n Ethernet con PoE (disponible inyector PoE en caso que el switch no lo proporcione). Instalable f&aacute;cil y r&aacute;pidamente.<\/p>","key_feature_long_description_6":"Instalaci\u00f3n de sobremesa y de pared","key_feature_text_description_6":"<p>Dise&ntilde;ado para poder instalarlo sobre pared y conseguir as&iacute; la ubicaci&oacute;n con mejor nivel de se&ntilde;al de la oficina.<\/p>","key_feature_long_description_7":"Espec\u00edficamente dise\u00f1ado para instalar en oficinas","key_feature_text_description_7":"<p>De peque&ntilde;as dimensiones y sin elementos llamativos para que pueda pasar inadvertido en salas de trabajo o de paso.<\/p>","key_feature_long_description_8":"Opcionalmente puede funcionar como router aut\u00f3nomo","key_feature_text_description_8":"<p>En \"modo router\" funciona sin equipo adicional y proporciona conectividad m&oacute;vil directamente a dispositivos Ethernet, para oficinas m&oacute;viles o respaldo de equipo.<\/p>","key_feature_long_description_9":"","key_feature_text_description_9":"","key_feature_long_description_10":"","key_feature_text_description_10":"","description_datasheet":"","datasheet_file":"https:\/\/pim.teldat.com\/files\/pdf\/66f041e16a60928b05a7e228a89c3799.pdf","imgDatasheet":"","solution_title":"WWAN LTE\/4G para las grandes empresas y PYMES","solution_text":"<p>Routers IP avanzados, que ofrecen una conexi&oacute;n WWAN LTE segura, fiable y r&aacute;pida para cubrir los diferentes escenarios y necesidades de las empresas.<\/p>","solution_related_link":"https:\/\/www.teldat.com\/es\/soluciones\/edge-network-computing\/redes-5g-corporativas-acceso-inalambrico-fijo-fwa-embb-urllc-massive-iot\/router-lte-4g-3g-wifi-sucursal-wan-inalambrica\/","solution_image":"https:\/\/pim.teldat.com\/files\/72b32a1f754ba1c09b3695e0cb6cde7f_FSL.jpeg","case_study_title":"","case_study_description":"","case_study_link_1":"","case_study_text_1":"","case_study_text_2":"","case_study_link_2":"","case_study_link_3":"","case_study_text_3":"","pim_id":58,"id_en":"","language":""},"wpml_current_locale":"es_ES","wpml_translations":[{"locale":"en_US","id":66951,"slug":"teldat-4ge-plus-lte-4g-3g-cellular-networks","post_title":"Teldat-4Ge Plus","href":"https:\/\/www.teldat.com\/teldat-4ge-plus-lte-4g-3g-cellular-networks\/"}],"_links":{"self":[{"href":"https:\/\/www.teldat.com\/es\/wp-json\/wp\/v2\/product\/66954","targetHints":{"allow":["GET"]}}],"collection":[{"href":"https:\/\/www.teldat.com\/es\/wp-json\/wp\/v2\/product"}],"about":[{"href":"https:\/\/www.teldat.com\/es\/wp-json\/wp\/v2\/types\/product"}],"replies":[{"embeddable":true,"href":"https:\/\/www.teldat.com\/es\/wp-json\/wp\/v2\/comments?post=66954"}],"wp:featuredmedia":[{"embeddable":true,"href":"https:\/\/www.teldat.com\/es\/wp-json\/wp\/v2\/media\/66950"}],"wp:attachment":[{"href":"https:\/\/www.teldat.com\/es\/wp-json\/wp\/v2\/media?parent=66954"}],"wp:term":[{"taxonomy":"product_brand","embeddable":true,"href":"https:\/\/www.teldat.com\/es\/wp-json\/wp\/v2\/product_brand?post=66954"},{"taxonomy":"product_cat","embeddable":true,"href":"https:\/\/www.teldat.com\/es\/wp-json\/wp\/v2\/product_cat?post=66954"},{"taxonomy":"product_tag","embeddable":true,"href":"https:\/\/www.teldat.com\/es\/wp-json\/wp\/v2\/product_tag?post=66954"}],"curies":[{"name":"wp","href":"https:\/\/api.w.org\/{rel}","templated":true}]}}