{"id":66978,"date":"2025-04-03T11:14:58","date_gmt":"2025-04-03T09:14:58","guid":{"rendered":"https:\/\/www.teldat.com\/product\/sde-10k\/"},"modified":"2026-01-30T11:51:47","modified_gmt":"2026-01-30T10:51:47","slug":"teldat-sde-10k-router-series","status":"publish","type":"product","link":"https:\/\/www.teldat.com\/es\/producto\/teldat-sde-10k-router-series\/","title":{"rendered":"Teldat SDE-10K Series"},"content":{"rendered":"","protected":false},"excerpt":{"rendered":"","protected":false},"featured_media":68743,"comment_status":"open","ping_status":"closed","template":"","meta":{"_acf_changed":false,"_et_pb_use_builder":"","_et_pb_old_content":"","_et_gb_content_width":""},"product_brand":[],"product_cat":[1428],"product_tag":[],"class_list":{"0":"post-66978","1":"product","2":"type-product","3":"status-publish","4":"has-post-thumbnail","6":"product_cat-networking-avanzado","8":"first","9":"instock","10":"shipping-taxable","11":"product-type-simple"},"acf":{"category":"Advanced Networking - ES","Title_Product":"Teldat SDE-10K Series","subtitle":"SD-WAN Datacenter Edge","imgHeader":"https:\/\/pim.teldat.com\/files\/ea5d2f1c4608232e07d3aa3d998e5135_FHD.webp","header-item1":"SD-WAN integrado y gestionado","header-item2":"M\u00e9todos de cifrado de alta seguridad compatibles con RFC","header-item3":"Aprovisionamiento Zero Touch integrado","header-item4":"O.S. profesional y avanzado","header-item5":"Basado en la arquitectura de confianza x86","header-item6":"Factor 1 UE de 19 pulgadas","header-item7":"","imgHeader1":"https:\/\/pim.teldat.com\/files\/ea5d2f1c4608232e07d3aa3d998e5135_F1.webp","imgHeader2":"https:\/\/pim.teldat.com\/files\/ea5d2f1c4608232e07d3aa3d998e5135_F2.webp","imgHeader3":"https:\/\/pim.teldat.com\/files\/03afdbd66e7929b125f8597834fa83a4_F3.webp","imgHeader4":"https:\/\/pim.teldat.com\/files\/03afdbd66e7929b125f8597834fa83a4_F4.webp","imgHeader5":"https:\/\/pim.teldat.com\/files\/03afdbd66e7929b125f8597834fa83a4_F5.webp","imgHeader6":"https:\/\/pim.teldat.com\/files\/03afdbd66e7929b125f8597834fa83a4_F6.webp","intro":"El dispositivo SDE-10K ofrece la soluci&oacute;n adecuada para centros de datos, as&iacute; como para grandes sucursales y oficinas subsidiarias. Las PYME&acute;s con requisitos de rendimiento adecuados pueden beneficiarse del equilibrio entre precio, rendimiento y funcionalidad. \r\n\r\nTambi&eacute;n para las grandes empresas, con requisitos de alto rendimiento (hasta 1 Gbps) en sucursales descentralizadas, esta clase de dispositivo es muy adecuada para establecer y operar una red SD-WAN de &uacute;ltima generaci&oacute;n y beneficiarse de las ventajas correspondientes ZTP, tecnolog&iacute;as de superposici&oacute;n y clustering de seguridad y mejora del rendimiento. ","imgintro":"https:\/\/pim.teldat.com\/files\/ea5d2f1c4608232e07d3aa3d998e5135_FIN.webp","competitive_advantage_title":"","competitive_advantage_a1":"Sistema SD-WAN","competitive_advantage_b1":"SDE-10K est\u00e1 estrechamente integrado con el gestor de Teldat para redes SD-WAN, be.SDx Corp, por lo que permite configurar y monitorizar el dispositivo de forma sencilla y centralizada.","competitive_advantage_a2":"Soporte m\u00faltiple WAN","competitive_advantage_b2":"SDE-10K admite simult\u00e1neamente diferentes tipos de acceso a la red como MPLS y\/o banda ancha de Internet. De este modo, se pueden utilizar redes h\u00edbridas con un coste m\u00ednimo.","competitive_advantage_a3":"M\u00faltiples escenarios para despliegue","competitive_advantage_b3":"Puede utilizarse como concentrador para empresas con tasas de rendimiento bajas o medias, as\u00ed como para sucursales con requisitos de alto rendimiento.","competitive_advantage_a4":"Diversas Plataformas","competitive_advantage_b4":"SDE puede desplegarse sobre servidores x86, soportando hasta 1 Gbps en un servidor. Hay varios modelos certificados y probados para cubrir las necesidades de los clientes.","product_sw_hw":"","description":"","description_1":"<p>El SDE-10K puede utilizarse como dispositivo de clase tanto como concentrador para centros de datos m&aacute;s peque&ntilde;os con requisitos de caudal medio o como soluci&oacute;n de dispositivo de borde para sucursales de empresas con requisitos de caudal elevados. Ofrece una muy buena relaci&oacute;n precio-rendimiento y alta fiabilidad en configuraciones activo-activo y soporta la superposici&oacute;n tanto en escenarios MPLS como de Internet. Teniendo en cuenta la importancia de la eficiencia y el rendimiento en este tipo de escenarios, SDE-10K se ofrece como una soluci&oacute;n de hardware + software que cubre altos requisitos. Teldat ofrece la soluci&oacute;n de pila completa, el software puede optimizarse para ejecutarse en hardware x86 con recursos f&iacute;sicos espec&iacute;ficos. El futuro de los dispositivos bare metal reside en su universalidad a trav&eacute;s de la virtualizaci&oacute;n y el SDE-10K allana el camino en escenarios m&aacute;s peque&ntilde;os de una forma rentable y con un alto rendimiento.&nbsp;<\/p>","description_image_1":"https:\/\/pim.teldat.com\/files\/ea5d2f1c4608232e07d3aa3d998e5135_S1.webp","description_2":"<p>La clase de dispositivo SDE-10K es perfectamente adecuada como soluci&oacute;n de dispositivo de borde para centros de datos, as&iacute; como para grandes sucursales y oficinas subsidiarias. Especialmente las peque&ntilde;as y medianas empresas con requisitos de rendimiento adecuados en su centro de datos, las cuales, pueden beneficiarse del equilibrio entre precio, rendimiento y funcionalidad. Pero tambi&eacute;n para las grandes empresas, que necesitan requisitos de rendimiento correspondientemente altos (hasta 1 Gbps) en sus divisiones descentralizadas y sucursales, esta clase de dispositivo es muy adecuada para establecer y operar una red SD-WAN de &uacute;ltima generaci&oacute;n y beneficiarse de las ventajas correspondientes, como el aprovisionamiento sin intervenci&oacute;n (ZTP), las tecnolog&iacute;as de superposici&oacute;n y la agrupaci&oacute;n en cl&uacute;steres que mejoran la seguridad y el rendimiento.<\/p>","description_image_2":"","key_feature_long_description_1":"Ancho de banda para centros de datos de empresas median","key_feature_text_description_1":"<p>El SDE-10K est&aacute; dise&ntilde;ado para ser instalado en grandes centros de datos empresariales, soporta los requisitos de ancho de banda m&aacute;s comunes con 1100mbps de rendimiento cifrado (IMIX) con 1000 t&uacute;neles.<\/p>","key_feature_long_description_2":"Gesti\u00f3n integrada con SD-WAN Controller","key_feature_text_description_2":"<p>El SDE-10K est&aacute; estrechamente integrado con be.SDx Corp, el sistema de gesti&oacute;n de Teldat para redes SD-WAN, por lo que permite configurar y monitorizar el dispositivo de forma sencilla y centralizada.<\/p>","key_feature_long_description_3":"Soporte de alta disponibilidad en escenario activo-acti","key_feature_text_description_3":"<p>SDE-10K puede desplegarse en una arquitectura de alta disponibilidad (activo-activo), y en caso de que uno de los dispositivos falle, el otro puede gestionar todo el tr&aacute;fico.<\/p>","key_feature_long_description_4":"Escalabilidad horizontal","key_feature_text_description_4":"<p>En caso de que aumente el tr&aacute;fico de la red, se pueden a&ntilde;adir f&aacute;cilmente dispositivos adicionales, el controlador Teldat los coordinar&aacute; sin intervenci&oacute;n del usuario.<\/p>","key_feature_long_description_5":"Hardware x86 de confianza para centros de datos","key_feature_text_description_5":"<p>SDE-10K est&aacute; dise&ntilde;ado para servicios de alto rendimiento y fiabilidad, utilizando hardware basado en conocidas plataformas de servidor x86 que garantizan la estabilidad.<\/p>","key_feature_long_description_6":"Puertos 4 x 2 Gbps","key_feature_text_description_6":"<p>Las redes h&iacute;bridas pueden resolverse utilizando un &uacute;nico SDE-10K, proporcionando as&iacute; una soluci&oacute;n rentable para redes de tama&ntilde;o medio.<\/p>","key_feature_long_description_7":"F\u00e1cil incorporaci\u00f3n basada en el mecanismo ZTP","key_feature_text_description_7":"<p>El SDE-10K proporciona el aprovisionamiento autom&aacute;tico y la configuraci&oacute;n sin intervenci&oacute;n t&eacute;cnica en una red Teldat SD-WAN.<\/p>","key_feature_long_description_8":"","key_feature_text_description_8":"","key_feature_long_description_9":"","key_feature_text_description_9":"","key_feature_long_description_10":"","key_feature_text_description_10":"","description_datasheet":"","datasheet_file":"https:\/\/pim.teldat.com\/files\/pdf\/ea5d2f1c4608232e07d3aa3d998e5135.pdf","imgDatasheet":"","solution_title":"La soluci\u00f3n Teldat CNM SD-WAN Suite","solution_text":"<p>Un conjunto completo de componentes SD-WAN para permitir el control, an&aacute;lisis, monitorizaci&oacute;n, seguridad y administraci&oacute;n de cualquier red. Independientemente de la complejidad de la red, la soluci&oacute;n Teldat SD-WAN simplifica el escenario.<\/p>","solution_related_link":"https:\/\/www.teldat.com\/es\/soluciones\/networking-avanzado\/entendiendo-cnm-sd-wan-redes-hibridas-futuras-tendencias\/soluciones-sdn-seguridad-cloud-arquitectura-sd-wan\/","solution_image":"https:\/\/pim.teldat.com\/files\/","case_study_title":"","case_study_description":"","case_study_link_1":"","case_study_text_1":"","case_study_text_2":"","case_study_link_2":"","case_study_link_3":"","case_study_text_3":"","pim_id":64,"id_en":63,"language":""},"wpml_current_locale":"es_ES","wpml_translations":[{"locale":"en_US","id":66972,"slug":"teldat-sde-10k-series","post_title":"Teldat SDE-10K Series","href":"https:\/\/www.teldat.com\/teldat-sde-10k-series\/"}],"_links":{"self":[{"href":"https:\/\/www.teldat.com\/es\/wp-json\/wp\/v2\/product\/66978","targetHints":{"allow":["GET"]}}],"collection":[{"href":"https:\/\/www.teldat.com\/es\/wp-json\/wp\/v2\/product"}],"about":[{"href":"https:\/\/www.teldat.com\/es\/wp-json\/wp\/v2\/types\/product"}],"replies":[{"embeddable":true,"href":"https:\/\/www.teldat.com\/es\/wp-json\/wp\/v2\/comments?post=66978"}],"wp:featuredmedia":[{"embeddable":true,"href":"https:\/\/www.teldat.com\/es\/wp-json\/wp\/v2\/media\/68743"}],"wp:attachment":[{"href":"https:\/\/www.teldat.com\/es\/wp-json\/wp\/v2\/media?parent=66978"}],"wp:term":[{"taxonomy":"product_brand","embeddable":true,"href":"https:\/\/www.teldat.com\/es\/wp-json\/wp\/v2\/product_brand?post=66978"},{"taxonomy":"product_cat","embeddable":true,"href":"https:\/\/www.teldat.com\/es\/wp-json\/wp\/v2\/product_cat?post=66978"},{"taxonomy":"product_tag","embeddable":true,"href":"https:\/\/www.teldat.com\/es\/wp-json\/wp\/v2\/product_tag?post=66978"}],"curies":[{"name":"wp","href":"https:\/\/api.w.org\/{rel}","templated":true}]}}