{"id":67008,"date":"2025-04-03T12:01:48","date_gmt":"2025-04-03T10:01:48","guid":{"rendered":"https:\/\/www.teldat.com\/product\/teldat-apr2044ax\/"},"modified":"2026-02-02T11:50:32","modified_gmt":"2026-02-02T10:50:32","slug":"teldat-apr2044ax-punto-de-acceso-wi-fi-6-dual-radio-controlador-wlan","status":"publish","type":"product","link":"https:\/\/www.teldat.com\/es\/producto\/teldat-apr2044ax-punto-de-acceso-wi-fi-6-dual-radio-controlador-wlan\/","title":{"rendered":"Teldat APR2044ax"},"content":{"rendered":"","protected":false},"excerpt":{"rendered":"","protected":false},"featured_media":69074,"comment_status":"open","ping_status":"closed","template":"","meta":{"_acf_changed":false,"_et_pb_use_builder":"","_et_pb_old_content":"","_et_gb_content_width":""},"product_brand":[],"product_cat":[1430],"product_tag":[],"class_list":{"0":"post-67008","1":"product","2":"type-product","3":"status-publish","4":"has-post-thumbnail","6":"product_cat-industrial-iot-es","8":"first","9":"instock","10":"shipping-taxable","11":"product-type-simple"},"acf":{"category":"Industrial &amp; IoT - ES","Title_Product":"Punto de Acceso WiFi para Entorno Ferriovario","subtitle":"Teldat APR2044ax","imgHeader":"https:\/\/pim.teldat.com\/files\/fbd7939d674997cdb4692d34de8633c4_FHD.webp","header-item1":"Wi-Fi 6 Multiusuario-MIMO 4x4 para env\u00edo y recepci\u00f3n","header-item2":"2,4 Gbit\/s @ 5GHz y 1,1 Gbit\/s* @ 2,4 GHz","header-item3":"Tecnolog\u00eda 802.11ax para bandas de  2,4 y 5 GHz","header-item4":"Cumple con la normativa ferroviaria","header-item5":"Bluetooth integrado para aplicaciones IoT","header-item6":"8 antenas para una cobertura y rendimiento optimizados","header-item7":"","imgHeader1":"https:\/\/pim.teldat.com\/files\/fbd7939d674997cdb4692d34de8633c4_F1.webp","imgHeader2":"https:\/\/pim.teldat.com\/files\/fbd7939d674997cdb4692d34de8633c4_F2.webp","imgHeader3":"https:\/\/pim.teldat.com\/files\/fbd7939d674997cdb4692d34de8633c4_F3.webp","imgHeader4":"https:\/\/pim.teldat.com\/files\/fbd7939d674997cdb4692d34de8633c4_F4.webp","imgHeader5":"https:\/\/pim.teldat.com\/files\/fbd7939d674997cdb4692d34de8633c4_F5.webp","imgHeader6":"https:\/\/pim.teldat.com\/files\/fbd7939d674997cdb4692d34de8633c4_F6.webp","intro":"El APR2044ax es el nuevo punto de acceso WiFi de Teldat para aplicaciones ferroviarias. Cuenta con dos m&oacute;dulos WiFi 6 de &uacute;ltima generaci&oacute;n que pueden proporcionar conectividad a un elevado n&uacute;mero de pasajeros. Est&aacute; especialmente dise&ntilde;ado para cumplir con las normativas ferroviarias m&aacute;s exigentes (como por ejemplo la EN 50155). \r\n\r\nEl APR2044ax se integra perfectamente con las aplicaciones HotSpot y be.Safe essentials (filtrado de p&aacute;ginas web), creando una soluci&oacute;n completa para la conectividad a Internet en el tren. Con dos puertos de 2,5GbE puede instalarse con conexi&oacute;n en cadena para reducir la necesidad de conmutadores adicionales.","imgintro":"https:\/\/pim.teldat.com\/files\/fbd7939dwynqrerg_xho973wg.webp","competitive_advantage_title":"","competitive_advantage_a1":"Tecnolog\u00eda WiFi del \u00faltima generaci\u00f3n","competitive_advantage_b1":"Radio dual 4x4 MU-MIMO 802.11ax Wi-Fi 6 con alto nivel de seguridad WPA3. ","competitive_advantage_a2":"Punto de Acceso para entorno ferroviario","competitive_advantage_b2":"Ofrece conectividad profesional en entornos ferroviarios en diferentes bandas. ","competitive_advantage_a3":"Arquitectura HW reforzada sin ventilador","competitive_advantage_b3":"Dise&ntilde;ado para soportar vibraciones y temperaturas extremas (de -25 a 70&deg;C). Certificado seg&uacute;n las normas ferroviarias (EN 50155, EN 50121-3-2, EN 45545-2, etc). ","competitive_advantage_a4":"Administraci\u00f3n simple y eficiente","competitive_advantage_b4":"Configuraci&oacute;n web (http\/https), soporte CAPWAP desde el controlador WLAN en el router Teldat, gesti&oacute;n de la base instalada desde la nube de Teldat. ","product_sw_hw":"","description":"","description_1":"El APR2044ax es el nuevo punto de acceso WiFi de Teldat para aplicaciones ferroviarias. Cuenta con dos m&oacute;dulos Wi-Fi 6 de &uacute;ltima generaci&oacute;n que pueden proporcionar conectividad a un elevado n&uacute;mero de pasajeros. Est&aacute; especialmente dise&ntilde;ado para cumplir con las normativas ferroviarias m&aacute;s exigentes (como por ejemplo la EN 50155). \r\n\r\nEl APR2044ax se integra perfectamente con las aplicaciones HotSpot y be.Safe essentials (filtrado de p&aacute;ginas web), creando una soluci&oacute;n completa para la conectividad a Internet en el tren. Con dos puertos de 2,5GbE, tiene la capacidad de montarse en una configuraci&oacute;n de conexi&oacute;n en cadena que reduce la necesidad de conmutadores adicionales. ","description_image_1":"https:\/\/pim.teldat.com\/files\/fbd7939d674997cdb4692d34de8633c4_S1.webp","description_2":"El APR2044ax es el nuevo punto de acceso WiFi de Teldat para aplicaciones ferroviarias. Cuenta con dos m&oacute;dulos Wi-Fi 6 de &uacute;ltima generaci&oacute;n que pueden proporcionar conectividad a un elevado n&uacute;mero de pasajeros. Est&aacute; especialmente dise&ntilde;ado para cumplir con las normativas ferroviarias m&aacute;s exigentes (como por ejemplo la EN 50155). \r\n\r\nEl APR2044ax se integra perfectamente con las aplicaciones HotSpot y be.Safe essentials (filtrado de p&aacute;ginas web), creando una soluci&oacute;n completa para la conectividad a Internet en el tren. Con dos puertos de 2,5GbE, tiene la capacidad de montarse en una configuraci&oacute;n de conexi&oacute;n en cadena que reduce la necesidad de conmutadores adicionales.","description_image_2":"","key_feature_long_description_1":"Casos de Uso","key_feature_text_description_1":"Conectividad LAN Wi-Fi para entornos ferroviarios de alta densidad y para escenarios cr&iacute;ticos que dependen de la latencia o la alta capacidad. ","key_feature_long_description_2":"Seguridad","key_feature_text_description_2":"Encriptaci\u00f3n y seguridad actualizada con WPA3-Personel\/Enterprise, detecci\u00f3n de Puntos de Acceso no autorizados y 802.1x. ","key_feature_long_description_3":"Calidad de Servicio","key_feature_text_description_3":"Priorizaci&oacute;n del tr&aacute;fico mediante categor&iacute;as basadas en 802.11e\/WMM. ","key_feature_long_description_4":"Configuraci\u00f3n Sencilla","key_feature_text_description_4":"Priorizaci\u00f3n del tr\u00e1fico mediante categor\u00edas basadas en 802.11e\/WMM.","key_feature_long_description_5":"WAN Optimizada","key_feature_text_description_5":"802.1k, 802.1v, 802.1r proporcionan conjuntamente una itinerancia r&aacute;pida y transparente al usuario. ","key_feature_long_description_6":"","key_feature_text_description_6":"","key_feature_long_description_7":"","key_feature_text_description_7":"","key_feature_long_description_8":"","key_feature_text_description_8":"","key_feature_long_description_9":"","key_feature_text_description_9":"","key_feature_long_description_10":"","key_feature_text_description_10":"","description_datasheet":"","datasheet_file":"https:\/\/pim.teldat.com\/files\/pdf\/fbd7939d674997cdb4692d34de8633c4.pdf","imgDatasheet":"","solution_title":"Desaf\u00edos dentro del entorno ferroviario, soluciones de comunicaci\u00f3n","solution_text":"El mantenimiento de comunicaciones seguras y de alto rendimiento dentro del entorno ferroviario (comunicaci&oacute;n a bordo y tierra-tren)y en entornos hostiles supone todo un desaf&iacute;o. Resulta fundamental encontrar un proveedor con los productos y la experiencia adecuados.","solution_related_link":"https:\/\/www.teldat.com\/es\/soluciones\/industrial-iot\/flota-de-trenes-casos-practicos-casos-de-exito\/flota-de-trenes-soluciones\/","solution_image":"https:\/\/pim.teldat.com\/files\/fbd7939d674997cdb4692d34de8633c4_FSL.jpeg","case_study_title":"Teldat APR2044ax: casos pr\u00e1cticos","case_study_description":"<p>Teldat proporciona una soluci&oacute;n completa para proveer conectividad Wi-Fi y ciberseguridad a m&aacute;s de 150 tranv&iacute;as de la ciudad de Jerusal&eacute;n.<\/p>","case_study_link_1":"https:\/\/www.teldat.com\/es\/casos-de-exito\/flota-de-trenes\/tranvias-urbanos-con-wi-fi-y-ciberseguridad\/","case_study_text_1":"","case_study_text_2":"","case_study_link_2":"Tranv&iacute;as urbanos con conectividad Wi-Fi y Ciberseguridad","case_study_link_3":"","case_study_text_3":"","pim_id":76,"id_en":75,"language":""},"wpml_current_locale":"es_ES","wpml_translations":[{"locale":"en_US","id":67685,"slug":"teldat-apr2044ax-railway-router-wi-fi-6-dual-radio-wlan-controller","post_title":"Teldat APR2044ax","href":"https:\/\/www.teldat.com\/teldat-apr2044ax-railway-router-wi-fi-6-dual-radio-wlan-controller\/"}],"_links":{"self":[{"href":"https:\/\/www.teldat.com\/es\/wp-json\/wp\/v2\/product\/67008","targetHints":{"allow":["GET"]}}],"collection":[{"href":"https:\/\/www.teldat.com\/es\/wp-json\/wp\/v2\/product"}],"about":[{"href":"https:\/\/www.teldat.com\/es\/wp-json\/wp\/v2\/types\/product"}],"replies":[{"embeddable":true,"href":"https:\/\/www.teldat.com\/es\/wp-json\/wp\/v2\/comments?post=67008"}],"wp:featuredmedia":[{"embeddable":true,"href":"https:\/\/www.teldat.com\/es\/wp-json\/wp\/v2\/media\/69074"}],"wp:attachment":[{"href":"https:\/\/www.teldat.com\/es\/wp-json\/wp\/v2\/media?parent=67008"}],"wp:term":[{"taxonomy":"product_brand","embeddable":true,"href":"https:\/\/www.teldat.com\/es\/wp-json\/wp\/v2\/product_brand?post=67008"},{"taxonomy":"product_cat","embeddable":true,"href":"https:\/\/www.teldat.com\/es\/wp-json\/wp\/v2\/product_cat?post=67008"},{"taxonomy":"product_tag","embeddable":true,"href":"https:\/\/www.teldat.com\/es\/wp-json\/wp\/v2\/product_tag?post=67008"}],"curies":[{"name":"wp","href":"https:\/\/api.w.org\/{rel}","templated":true}]}}