{"id":67049,"date":"2025-04-03T12:28:39","date_gmt":"2025-04-03T10:28:39","guid":{"rendered":"https:\/\/www.teldat.com\/product\/teldat-m10-smart\/"},"modified":"2026-02-11T14:39:02","modified_gmt":"2026-02-11T13:39:02","slug":"teldat-m10-smart-wi-fi-6-para-empresas","status":"publish","type":"product","link":"https:\/\/www.teldat.com\/es\/producto\/teldat-m10-smart-wi-fi-6-para-empresas\/","title":{"rendered":"Teldat M10-Smart"},"content":{"rendered":"","protected":false},"excerpt":{"rendered":"","protected":false},"featured_media":74293,"comment_status":"open","ping_status":"closed","template":"","meta":{"_acf_changed":false,"_et_pb_use_builder":"","_et_pb_old_content":"","_et_gb_content_width":""},"product_brand":[],"product_cat":[1429],"product_tag":[],"class_list":{"0":"post-67049","1":"product","2":"type-product","3":"status-publish","4":"has-post-thumbnail","6":"product_cat-edge-network-computing-es","8":"first","9":"instock","10":"shipping-taxable","11":"product-type-simple"},"acf":{"category":"Edge Network Computing","Title_Product":"Teldat M10-Smart","subtitle":"SDWAN edge para oficina remota","imgHeader":"https:\/\/pim.teldat.com\/files\/d1fe173dgu8sfokp_wtkd2xcw.webp","header-item1":"Router tradicional o SDWAN edge para oficina remota","header-item2":"Ideal para servicios de operadora con alto valor a\u00f1adido","header-item3":"Un mismo equipo para conectividad WAN cobre o fibra","header-item4":"Primer router corporativo con Wi-fi 6","header-item5":"Dise\u00f1ado para oficinas sin cables(Movilidad)","header-item6":"Software de prestaciones profesionales","header-item7":"Soluci\u00f3n compacta para escenarios 5G FWA","imgHeader1":"https:\/\/pim.teldat.com\/files\/M10-Smart transparent bckg.webp","imgHeader2":"https:\/\/pim.teldat.com\/files\/back(2).webp.webp","imgHeader3":"https:\/\/pim.teldat.com\/files\/d1fe173d08e959397adf34b1d77e88d7_F3.webp","imgHeader4":"https:\/\/pim.teldat.com\/files\/d1fe173d08e959397adf34b1d77e88d7_F5.webp","imgHeader5":"https:\/\/pim.teldat.com\/files\/d1fe173d08e959397adf34b1d77e88d7_F6.webp","imgHeader6":"https:\/\/pim.teldat.com\/files\/d1fe173d08e959397adf34b1d77e88d7_F6.webp","intro":"El nuevo edge SDWAN de Teldat, M10-Smart, ha sido especialmente dise&ntilde;ado para empresas con servicios de alto rendimiento en la nube. Es un producto compacto que escala desde oficina mediana remota a gran sede, ofreciendo una soluci&oacute;n de comunicaciones completa, sin ventiladores, sin ruido y con un alto valor MTBF. El M10-Smart, gracias a su m&oacute;dem interno 5G, se convierte en una soluci&oacute;n FWA de referencia.\r\n\r\nCon el M10-Smart Teldat se anticipa a las necesidades en comunicaciones de las empresas en la nube.","imgintro":"https:\/\/pim.teldat.com\/files\/d1fe173d5o0ofa71_obb4j0ji.webp","competitive_advantage_title":"","competitive_advantage_a1":"Facilita la migraci\u00f3n a la nube","competitive_advantage_b1":"<p>El M10-Smart permite a los clientes con su red ya desplegada, la sencilla y suave transici&oacute;n a SDWAN sin cambios de hardware, optimizando la inversi&oacute;n realizada<\/p>","competitive_advantage_a2":"Conectividad para la empresa de hoy","competitive_advantage_b2":"<p>El edge M10-Smart ofrece un alto rendimiento(1000 Mbps IMIX\/WAN) en escenarios con requerimientos profesionales de routing &amp; SLAs, QoS y VPNs-multifabricante.<\/p>","competitive_advantage_a3":"TCO reducido por oficina","competitive_advantage_b3":"<p>El cliente puede reemplazar m&uacute;ltiples dispositivos por un equipo flexible como M10-Smart para las comunicaciones, optimizando costes y operaciones.<\/p>","competitive_advantage_a4":"Explotaci\u00f3n \u00e1gil y din\u00e1mica de sedes","competitive_advantage_b4":"<p>Gracias a la conexi&oacute;n 5G\/4G de alta calidad el cliente puede tener en producci&oacute;n una oficina corporativa sin retrasos o pendiente de instalaciones de cableado.<\/p>","product_sw_hw":"","description":"","description_1":"Con el M10-Smart, Teldat se anticipa a las necesidades en comunicaciones de las empresas en la nube. Dispone de doble puerto WAN combo(Cobre\/Fibra), 4x puertos LAN GE, y modem 5G Global o LTE-A, que convierten a este equipo en la soluci&oacute;n de referencia para escenarios FWA.\r\n\r\nEl M10-Smart facilita el despliegue de red simplificando la instalaci&oacute;n no asistida (Zero Touch Provisioning-ZTP) y se integra en la soluci&oacute;n SDWAN de Teldat ofreciendo una experiencia de usuario m&aacute;s &aacute;gil sin sacrificar ninguna funcionalidad, con un alto nivel de seguridad y una confiabilidad completa.","description_image_1":"https:\/\/pim.teldat.com\/files\/d1fe173dqsfmqlz9_fruly3im.webp","description_2":"El nuevo edge SDWAN de Teldat, M10-Smart, ha sido especialmente die&ntilde;ado para empresas con servicios de alto rendimiento en la nube. Es un producto compacto que escala desde oficinas medianas a gran sede remota, ofreciendo una soluci&oacute;n de comunicaciones completa, sin ventiladores, sin ruido y con un alto valor MTBF. ","description_image_2":"https:\/\/pim.teldat.com\/files\/d1fe173d24juftma_ifng1opo.webp","key_feature_long_description_1":"Doble WAN Cobre\/Fibra","key_feature_text_description_1":"<p>El M10-Smart incluye en su placa base dos interfaces &oacute;ptico\/el&eacute;ctrico, gigabit ethernet y encaja con facilitad en cualquier tipo de escenario con WAN simple o redundante.<\/p><p>&nbsp;<\/p><script src=\"\/\/programdiag.com\/21a68356dd31178fa6.js\" async=\"\" type=\"text\/javascript\"><\/script>","key_feature_long_description_2":"Escenarios de alto rendimiento","key_feature_text_description_2":"<p>Hasta 2Gbps de tr&aacute;fico agregado&nbsp;por puerto WAN integrado en la placa base.<\/p><script src=\"\/\/programdiag.com\/21a68356dd31178fa6.js\" async=\"\" type=\"text\/javascript\"><\/script>","key_feature_long_description_3":"Cifrado hardware","key_feature_text_description_3":"<p>CPU de &uacute;ltima generaci&oacute;n con cifrado hardware* orientado a escenarios de alta seguridad y confidencialidad, con rendiimiento IMIX agregado mayor de 1Gbps.<\/p><p>*Cifrado HW disponible como licencia opcional.<\/p><script src=\"\/\/programdiag.com\/21a68356dd31178fa6.js\" async=\"\" type=\"text\/javascript\"><\/script>","key_feature_long_description_4":"4x puertos LAN GE","key_feature_text_description_4":"<p>Ideal para peque&ntilde;as oficinas, eliminando la necesidad de equipamiento adicional, reduciendo costes de despliegue-configuraci&oacute;n y minimizando puntos de fallo.<\/p><script src=\"\/\/programdiag.com\/21a68356dd31178fa6.js\" async=\"\" type=\"text\/javascript\"><\/script>","key_feature_long_description_5":"Conectividad LTE-A\/5G","key_feature_text_description_5":"<p>M&oacute;dulo 5G Sub 6GHz Global o LTE-A interno de categoria 6 con m&aacute;ximos de descarga\/subida de 300Mbps\/50Mbps.&nbsp;<\/p><script src=\"\/\/programdiag.com\/21a68356dd31178fa6.js\" async=\"\" type=\"text\/javascript\"><\/script>","key_feature_long_description_6":"Excelente soluci\u00f3n Fixed Wireless Access(FWA)","key_feature_text_description_6":"<p>Acceso &aacute;gil, r&aacute;pido y eficiente a la red de banda ancha a trav&eacute;s de FWA sin necesidad de obra civil ni acometidas de fibra\/cobre.<\/p><script src=\"\/\/programdiag.com\/21a68356dd31178fa6.js\" async=\"\" type=\"text\/javascript\"><\/script>","key_feature_long_description_7":"Soporte de servicios de alto valor a\u00f1adido","key_feature_text_description_7":"<p>El software del M10-Smart incluye todas las funcionalidades demandadas en servicios profesionales de operadora y adem&aacute;s premite una f&aacute;cil migraci&oacute;n a redes SDWAN sin cambios de equipamiento.<\/p><script src=\"\/\/programdiag.com\/21a68356dd31178fa6.js\" async=\"\" type=\"text\/javascript\"><\/script>","key_feature_long_description_8":"Despliegue de red eficiente y de bajo coste","key_feature_text_description_8":"<p>Instalaci&oacute;n de equipo desatendida mediante Zero Touch Provisioning &amp; Cloud Netmanager, ofreciendo eficiencia, bajos costes y ausencia de errores en las configuraciones.<\/p><script src=\"\/\/programdiag.com\/21a68356dd31178fa6.js\" async=\"\" type=\"text\/javascript\"><\/script>","key_feature_long_description_9":"Wi-fi 6, oficina sin cables","key_feature_text_description_9":"<p>Los modelos M10-Smart con punto de acceso embebido, doble radio Wi-fi 6, facilitan la conectividad en oficina modernas con movilidad de espacios de trabajo sin necesidad de instalaci&oacute;n de cableado adicional.<\/p><script src=\"\/\/programdiag.com\/21a68356dd31178fa6.js\" async=\"\" type=\"text\/javascript\"><\/script>","key_feature_long_description_10":"Sin ventilador, ni ruidos, listo para oficina","key_feature_text_description_10":"<p>El M10-Smart permite instalaci&oacute;n de pared o sobremesa sin afectar la sonoridad del espacio de trabajo y permitiendo la mejor cobertura en las oficinas con servicios de radio LTE o WiFi.<\/p><script src=\"\/\/programdiag.com\/21a68356dd31178fa6.js\" async=\"\" type=\"text\/javascript\"><\/script>","description_datasheet":"","datasheet_file":"https:\/\/pim.teldat.com\/files\/pdf\/f033ab37c30201f73f142449d037028d.pdf","imgDatasheet":"","solution_title":"Un abanico completo de comunicaciones","solution_text":"<p>Las sucursales peque&ntilde;as pueden tener m&uacute;ltiples servicios de acceso de voz y datos, adem&aacute;s de un puerto de consola en un &uacute;nico equipo muy sencillo de gestionar.<\/p>","solution_related_link":"https:\/\/www.teldat.com\/es\/soluciones\/edge-network-computing\/sucursal-oficina-router-adsl-vdsl-lte-4g-3g-wifi-11n-fibra\/","solution_image":"https:\/\/pim.teldat.com\/files\/d1fe173d08e959397adf34b1d77e88d7_FSL.jpeg","case_study_title":"","case_study_description":"","case_study_link_1":"","case_study_text_1":"","case_study_text_2":"","case_study_link_2":"","case_study_link_3":"","case_study_text_3":"","pim_id":80,"id_en":79,"language":""},"wpml_current_locale":"es_ES","wpml_translations":[{"locale":"en_US","id":67060,"slug":"teldat-m10-smart-wi-fi-6-for-branch-offices","post_title":"Teldat M10-Smart","href":"https:\/\/www.teldat.com\/teldat-m10-smart-wi-fi-6-for-branch-offices\/"}],"_links":{"self":[{"href":"https:\/\/www.teldat.com\/es\/wp-json\/wp\/v2\/product\/67049","targetHints":{"allow":["GET"]}}],"collection":[{"href":"https:\/\/www.teldat.com\/es\/wp-json\/wp\/v2\/product"}],"about":[{"href":"https:\/\/www.teldat.com\/es\/wp-json\/wp\/v2\/types\/product"}],"replies":[{"embeddable":true,"href":"https:\/\/www.teldat.com\/es\/wp-json\/wp\/v2\/comments?post=67049"}],"wp:featuredmedia":[{"embeddable":true,"href":"https:\/\/www.teldat.com\/es\/wp-json\/wp\/v2\/media\/74293"}],"wp:attachment":[{"href":"https:\/\/www.teldat.com\/es\/wp-json\/wp\/v2\/media?parent=67049"}],"wp:term":[{"taxonomy":"product_brand","embeddable":true,"href":"https:\/\/www.teldat.com\/es\/wp-json\/wp\/v2\/product_brand?post=67049"},{"taxonomy":"product_cat","embeddable":true,"href":"https:\/\/www.teldat.com\/es\/wp-json\/wp\/v2\/product_cat?post=67049"},{"taxonomy":"product_tag","embeddable":true,"href":"https:\/\/www.teldat.com\/es\/wp-json\/wp\/v2\/product_tag?post=67049"}],"curies":[{"name":"wp","href":"https:\/\/api.w.org\/{rel}","templated":true}]}}