{"id":67097,"date":"2025-04-03T13:28:55","date_gmt":"2025-04-03T11:28:55","guid":{"rendered":"https:\/\/www.teldat.com\/product\/h5-rail\/"},"modified":"2026-04-15T11:42:20","modified_gmt":"2026-04-15T09:42:20","slug":"h5-rail-router-para-trenes-wi-fi-6-5g","status":"publish","type":"product","link":"https:\/\/www.teldat.com\/es\/producto\/h5-rail-router-para-trenes-wi-fi-6-5g\/","title":{"rendered":"H5 Rail"},"content":{"rendered":"","protected":false},"excerpt":{"rendered":"","protected":false},"featured_media":77919,"comment_status":"open","ping_status":"closed","template":"","meta":{"_acf_changed":false,"_et_pb_use_builder":"","_et_pb_old_content":"","_et_gb_content_width":""},"product_brand":[],"product_cat":[1430],"product_tag":[],"class_list":{"0":"post-67097","1":"product","2":"type-product","3":"status-publish","4":"has-post-thumbnail","6":"product_cat-industrial-iot-es","8":"first","9":"instock","10":"shipping-taxable","11":"product-type-simple"},"acf":{"category":"Industrial &amp; IoT - ES","Title_Product":"Pasarela de banda ancha m\u00f3vil mejorada para ferrocarriles","subtitle":"Plataforma de comunicaci\u00f3n multiservicio con 5G y Wi-Fi 6","imgHeader":"https:\/\/pim.teldat.com\/files\/ac627ab1ccbdb62ec96e702f07f6425b_FHD.webp","header-item1":"Radios 5G con fallback a LTE Cat. 19","header-item2":"Conectividad de banda ancha Wi-Fi 6","header-item3":"Doble SIM para cada m\u00f3dem, y eSIM","header-item4":"Posicionamiento GNSS con Dead Reckoning y Geo-fencing","header-item5":"be.OT: Nueva generaci\u00f3n de FireWall IDS\/IPS de Teldat","header-item6":"Funciones avanzadas de supervisi\u00f3n de enlaces (OLA)","header-item7":"3 x 2,5 GB Puertos Ethernet","imgHeader1":"https:\/\/pim.teldat.com\/files\/ac627ab1ccbdb62ec96e702f07f6425b_F2.webp","imgHeader2":"https:\/\/pim.teldat.com\/files\/ac627ab1ccbdb62ec96e702f07f6425b_F3.webp","imgHeader3":"https:\/\/pim.teldat.com\/files\/ac627ab1ccbdb62ec96e702f07f6425b_F4.webp","imgHeader4":"https:\/\/pim.teldat.com\/files\/ac627ab1ccbdb62ec96e702f07f6425b_F5.webp","imgHeader5":"https:\/\/pim.teldat.com\/files\/ac627ab1m5gyzmgc_chzermwn.webp","imgHeader6":"https:\/\/pim.teldat.com\/files\/ac627ab1xdoej1ix_xhlca0ra.webp","intro":"<p>H5 Rail es una plataforma de comunicaciones multiservicio rugerizada que ha sido dise&ntilde;ada para satisfacer la demanda creada por la evoluci&oacute;n de las tecnolog&iacute;as WWAN y sus aplicaciones que requieren un mayor ancho de banda y capacidad.<br>El router est&aacute; equipado con m&uacute;ltiples m&oacute;dems 5GNR y WiFi6 que se pueden habilitar en diversas combinaciones. Este alto grado de flexibilidad garantiza&nbsp;un respaldo de conectividad y resiliencia con operaciones multi sim\/multi-operador concurrentes.<br>H5 Rail garantiza unas s&oacute;lidas comunicaciones tren-tierra as&iacute; como la prestaci&oacute;n de servicios de Internet de alta velocidad para los viajeros a bordo.<\/p>","imgintro":"https:\/\/pim.teldat.com\/files\/ac627ab1ccbdb62ec96e702f07f6425b_FIN.webp","competitive_advantage_title":"","competitive_advantage_a1":"M\u00faltiples interfaces WWAN simult\u00e1neas","competitive_advantage_b1":"<p>Hasta 5 enlaces WWAN simult&aacute;neos (5G\/LTE\/Wi-Fi ) con agregaci&oacute;n de ancho de banda&nbsp;para garantizar la m&aacute;xima disponibilidad y continuidad de las aplicaciones.<\/p>","competitive_advantage_a2":"Tecnolog\u00edas WWAN de \u00faltima generaci\u00f3n","competitive_advantage_b2":"<p>Con 5G-NR (LTE Cat. 19 fallback) y Wi-Fi 6 802.11ax\/ac\/b\/g\/n en modo AP y cliente de doble banda (2,4 GHz y 5 GHz).<\/p>","competitive_advantage_a3":"Ciberseguridad integrada NGFW","competitive_advantage_b3":"<p>El cortafuegos NGFW integrado proporciona ciberseguridad IDS\/IPS (con m&aacute;s de 800 firmas) y filtrado Web (DNS\/URL) para la protecci&oacute;n&nbsp;frente a ataques externos.<\/p>","competitive_advantage_a4":"Funcionalidades ampliadas personalizadas","competitive_advantage_b4":"<p>H5 Rail tambi&eacute;n permite una amplia gama de variantes de productos a&ntilde;adiendo perif&eacute;ricos RS232\/485,&nbsp;I\/O digitales, TPU de&nbsp;IA y memoria SSD ampliada.<\/p>","product_sw_hw":"","description":"","description_1":"<p>H5 Rail es la plataforma de comunicaciones perfecta para todo tipo de servicios en ferrocarriles. Su m&oacute;dulo 5GNR m&uacute;ltiple con monitorizaci&oacute;n avanzada y adici&oacute;n de ancho de banda, opciones de redundancia y seguridad de comunicaciones de vanguardia, lo hacen ideal para servicios cr&iacute;ticos de alta disponibilidad.<\/p>\r\n<p>Espec&iacute;ficamente dise&ntilde;ado para su uso en el duro entorno ferroviario (con alimentaci&oacute;n de hasta 110 VDC y condiciones ambientales extremas), el dispositivo soporta un amplio rango de temperaturas (-25 a 70&deg;C), incorpora tecnolog&iacute;a antivibraci&oacute;n y ofrece interoperabilidad garantizada con otros dispositivos embarcados.<\/p>\r\n<p>Para los servicios a bordo, la conexi&oacute;n inal&aacute;mbrica puede utilizarse como AP o cliente en funci&oacute;n de la ubicaci&oacute;n del dispositivo.<\/p>\r\n<p>Tambi&eacute;n cuenta con gesti&oacute;n basada en est&aacute;ndares y herramientas de gesti&oacute;n de Teldat (CNM y Hotspot) para facilitar la gesti&oacute;n de despliegues a gran escala.<\/p>","description_image_1":"https:\/\/pim.teldat.com\/files\/ac627ab1ccbdb62ec96e702f07f6425b_S1.webp","description_2":"<p>El router H5 Rail es una plataforma de comunicaciones multiservicio para entornos ferroviarios. Proporciona comunicaciones fiables de banda ancha 5G\/4G y Wi-Fi6 con opciones de redundancia, ancho de banda y mecanismos de seguridad de red.<\/p>\r\n<p>El dise&ntilde;o del hardware cumple la normativa ferroviaria para instalaciones en trenes ligeros y de alta velocidad o tranv&iacute;as, cuenta con la certificaci&oacute;n EN 50155 para cumplir los requisitos de vibraci&oacute;n y emisiones y ofrece un rango de temperatura de funcionamiento ampliado. Tambi&eacute;n cuenta con la certificaci&oacute;n EN 45545 de seguridad contra incendios y humos.<\/p>","description_image_2":"","key_feature_long_description_1":"Radio celular 5G de banda ancha para NSA y SA.","key_feature_text_description_1":"<p>5GNR proporciona un mayor rendimiento y eficiencia en las comunicaciones para potenciar nuevas experiencias de usuario y conectar nuevas industrias.&nbsp;Si 5G no es disponible, el router vuelve a conectividad de LTE Cat. 19.<\/p>","key_feature_long_description_2":"Radio modular con hasta 4 conexiones 5G simult\u00e1neas.","key_feature_text_description_2":"<p>Admite hasta 4 m&oacute;dulos WWAN (5G\/LTE). Cada m&oacute;dulo puede funcionar de forma independiente proporcionando servicios multioperador simult&aacute;neos y permitiendo la redundancia&nbsp;en los casos de&nbsp;comunicaciones cr&iacute;ticas.<\/p>","key_feature_long_description_3":"Wi-Fi 6 (802.11a\/b\/g\/n\/ac\/ax) en modo AP o Cliente.","key_feature_text_description_3":"<p>Wi-Fi MiMo 2x2 para acceso simult&aacute;neo de doble banda (2,4 GHz y 5 GHz) que se integra a la perfecci&oacute;n con las aplicaciones HotSpot y WebFilter, creando una soluci&oacute;n completa para la conectividad&nbsp;de Internet a bordo.<\/p>","key_feature_long_description_4":"Dual-SIM para cada m\u00f3dem 5G (hasta 8 SIMs).","key_feature_text_description_4":"<p>Doble ranura SIM en cada uno de los 4 m&oacute;dems 5G para aumentar la disponibilidad de la conexi&oacute;n y utilizar cualquiera de los dos operadores de telecomunicaciones en caso de que se pierda la conexi&oacute;n principal.<\/p>","key_feature_long_description_5":"eSIM para la configuraci\u00f3n din\u00e1mica del operador remoto","key_feature_text_description_5":"<p>La eSIM integrada no requiere operaciones manuales para cambiar proveedor de telefon&iacute;a m&oacute;vil. El aprovisionamiento sin intervenci&oacute;n de la eSIM, ejecutado a distancia, permite reducir dr&aacute;sticamente los costes operativos.<\/p>","key_feature_long_description_6":"Agregaci\u00f3n de ancho de banda\/load balancing.","key_feature_text_description_6":"<p>Uso simult&aacute;neo de m&uacute;ltiples interfaces WAN (LTE, Wi-Fi, sat&eacute;lite, etc.) para distribuir y agregar la carga de m&uacute;ltiples servicios en diferentes interfaces, optimizando la cobertura y mejorando el rendimiento general.<\/p>","key_feature_long_description_7":"Ciberseguridad be.OT embebida.","key_feature_text_description_7":"<p>Soluciones de Seguridad de Teldat de Tecnolog&iacute;a Operativa a los sistemas de a bordo para proteger el sistema inform&aacute;tico de ataques externos con methos IPS\/IDS.<\/p>","key_feature_long_description_8":"Dise\u00f1o de hardware optimizado para el entorno ferroviar","key_feature_text_description_8":"<p>Dise&ntilde;ado para soportar vibraciones y temperaturas extremas (de -25&ordm;C a 70&ordm;C), tambi&eacute;n proporciona una fuente de alimentaci&oacute;n multirrango de 24 a 110 VDC para material rodante, ya sean trenes o tranv&iacute;as.<\/p>","key_feature_long_description_9":"Comportamiento din\u00e1mico basado en la localizaci\u00f3n (GNSS","key_feature_text_description_9":"<p>Ideal para informar los pasajeros sobre sus viaje, el GNSS proporciona&nbsp;la&nbsp;geolocalizaci&oacute;n del tren en tiempo real&nbsp;por protocolo TCP en est&aacute;ndar NMEA. Mejorado con Dead-reckoning, permite el seguimiento en puntos muertos.<\/p>","key_feature_long_description_10":"Hardware certificado para el entorno ferroviario.","key_feature_text_description_10":"<p>Certificados seg&uacute;n las normas ferroviarias (EN 50155, EN 50121-3-2, EN 45545-2, EN 301 908-1, EN 301 511), pueden trabajar en entornos extremadamente exigentes.<\/p>","description_datasheet":"","datasheet_file":"https:\/\/pim.teldat.com\/files\/pdf\/ac627ab1ccbdb62ec96e702f07f6425b.pdf","imgDatasheet":"","solution_title":"","solution_text":"","solution_related_link":"","solution_image":"","case_study_title":"","case_study_description":"","case_study_link_1":"","case_study_text_1":"","case_study_text_2":"","case_study_link_2":"","case_study_link_3":"","case_study_text_3":"","pim_id":99,"id_en":228,"language":""},"wpml_current_locale":"es_ES","wpml_translations":[{"locale":"en_US","id":76041,"slug":"h5-rail-dual-sim-wi-fi-6-ngfw-platform","post_title":"H5 Rail","href":"https:\/\/www.teldat.com\/h5-rail-dual-sim-wi-fi-6-ngfw-platform\/"}],"_links":{"self":[{"href":"https:\/\/www.teldat.com\/es\/wp-json\/wp\/v2\/product\/67097","targetHints":{"allow":["GET"]}}],"collection":[{"href":"https:\/\/www.teldat.com\/es\/wp-json\/wp\/v2\/product"}],"about":[{"href":"https:\/\/www.teldat.com\/es\/wp-json\/wp\/v2\/types\/product"}],"replies":[{"embeddable":true,"href":"https:\/\/www.teldat.com\/es\/wp-json\/wp\/v2\/comments?post=67097"}],"wp:featuredmedia":[{"embeddable":true,"href":"https:\/\/www.teldat.com\/es\/wp-json\/wp\/v2\/media\/77919"}],"wp:attachment":[{"href":"https:\/\/www.teldat.com\/es\/wp-json\/wp\/v2\/media?parent=67097"}],"wp:term":[{"taxonomy":"product_brand","embeddable":true,"href":"https:\/\/www.teldat.com\/es\/wp-json\/wp\/v2\/product_brand?post=67097"},{"taxonomy":"product_cat","embeddable":true,"href":"https:\/\/www.teldat.com\/es\/wp-json\/wp\/v2\/product_cat?post=67097"},{"taxonomy":"product_tag","embeddable":true,"href":"https:\/\/www.teldat.com\/es\/wp-json\/wp\/v2\/product_tag?post=67097"}],"curies":[{"name":"wp","href":"https:\/\/api.w.org\/{rel}","templated":true}]}}