{"id":67175,"date":"2025-04-03T15:13:38","date_gmt":"2025-04-03T13:13:38","guid":{"rendered":"https:\/\/www.teldat.com\/product\/celer\/"},"modified":"2026-02-03T16:14:09","modified_gmt":"2026-02-03T15:14:09","slug":"celer-plataforma-de-comunicaciones-embarcada-5g-wi-fi-6-con-ciberseguridad-embebida","status":"publish","type":"product","link":"https:\/\/www.teldat.com\/es\/producto\/celer-plataforma-de-comunicaciones-embarcada-5g-wi-fi-6-con-ciberseguridad-embebida\/","title":{"rendered":"Celer"},"content":{"rendered":"","protected":false},"excerpt":{"rendered":"","protected":false},"featured_media":70728,"comment_status":"open","ping_status":"closed","template":"","meta":{"_acf_changed":false,"_et_pb_use_builder":"","_et_pb_old_content":"","_et_gb_content_width":""},"product_brand":[],"product_cat":[1430],"product_tag":[],"class_list":{"0":"post-67175","1":"product","2":"type-product","3":"status-publish","4":"has-post-thumbnail","6":"product_cat-industrial-iot-es","8":"first","9":"instock","10":"shipping-taxable","11":"product-type-simple"},"acf":{"category":"Industrial &amp; IoT","Title_Product":"Comunicaciones embarcadas de \u00faltima generaci\u00f3n","subtitle":"Plataforma de comunicaci\u00f3n a bordo compacta y reforzada para veh\u00edculos con 5G y Wi-Fi 6","imgHeader":"https:\/\/pim.teldat.com\/files\/eb160de1de89d9058fcb0b968dbbbd68_FHD.webp","header-item1":"5G\/4G con Wi-Fi 6","header-item2":"Cortafuegos integrado","header-item3":"Compatibilidad con CNM","header-item4":"Inteligencia Artificial Google Coral","header-item5":"Interfaz GUI para instalaci\u00f3n y mantenimiento sencillo","header-item6":"Servicios de localizaci\u00f3n GNSS","header-item7":"Multi-gigabit Ethernet","imgHeader1":"https:\/\/pim.teldat.com\/files\/eb160de1de89d9058fcb0b968dbbbd68_F1.webp","imgHeader2":"https:\/\/pim.teldat.com\/files\/eb160de1de89d9058fcb0b968dbbbd68_F2.webp","imgHeader3":"https:\/\/pim.teldat.com\/files\/eb160de1de89d9058fcb0b968dbbbd68_F3.webp","imgHeader4":"https:\/\/pim.teldat.com\/files\/eb160de1de89d9058fcb0b968dbbbd68_F4.webp","imgHeader5":"https:\/\/pim.teldat.com\/files\/eb160de1fs6qvzoz_p9msnndn.webp","imgHeader6":"https:\/\/pim.teldat.com\/files\/eb160de1cmnnmien_zd0xmb2l.webp","intro":"El Celer-series es la plataforma de comunicaciones multiservicio de &uacute;ltima generaci&oacute;n de Teldat para veh&iacute;culos. Proporciona banda ancha 5G\/4G (LTE Cat.19) Wi-Fi 6, gestion y configuraci&oacute;n remota y monitorizaci&oacute;n a travez de un mapeo del la ruta, conectividad segura con el firewall de Teldat, aplicaciones de inteligencia artificial con Coral de Google y eSIM para la provisi&oacute;n remota de hasta 8 perfiles de operador diferentes. ","imgintro":"https:\/\/pim.teldat.com\/files\/eb160de1de89d9058fcb0b968dbbbd68_FIN.webp","competitive_advantage_title":"","competitive_advantage_a1":"Ciberseguridad dedicada integrada","competitive_advantage_b1":"<p>Filtrado web y analizador de tr&aacute;fico con m&uacute;ltiples configuraciones disponibles a traves de servicio en la nube.<\/p>","competitive_advantage_a2":"Mejor rendimiento WWAN","competitive_advantage_b2":"<p>5G&nbsp;o 4G (LTE Cat. 19) con Wi-Fi 6 802.11ax\/ac\/b\/g\/n en modos AP y cliente de doble banda.<\/p>","competitive_advantage_a3":"Aplicaciones de Inteligencia Artificial","competitive_advantage_b3":"<p>Con el chip Coral de Google, el Celer dispone de las aplicaciones de IA m&aacute;s avanzadas y sus futuras actualizaciones.<\/p>","competitive_advantage_a4":"Plataforma Certificada","competitive_advantage_b4":"<p>Cele series es una plataforma pensada para entornos embarcados\/industriales, por lo que cuenta con todas las certificaciones necesarias en los sectores.<\/p>","product_sw_hw":"","description":"","description_1":"El Celer-series es la mejor manera de tener a bordo una conectividad de alto rendimiento protegida con un s&oacute;lido cortafuegos. Con estas caracter&iacute;sticas no solo se proporciona un servicio Wi-Fi seguro a los pasajeros, sino tambi&eacute;n redes seguras para los operadores de autobuses en casos de uso como c&aacute;maras a bordo, datos de emisi&oacute;n de billetes, servicios de seguimiento para informaci&oacute;n de posicionamiento y geocercas. ","description_image_1":"https:\/\/pim.teldat.com\/files\/eb160de1de89d9058fcb0b968dbbbd68_S1.webp","description_2":"Es compatible con la aplicaci&oacute;n de gesti&oacute;n centralizada CNM, dise&ntilde;ada espec&iacute;ficamente para los productos Teldat. A trav&eacute;s del CNM, se pueden seleccionar y monitorizar dispositivos edge, realizar un despliegue eficiente mediante aprovisionamiento automatizado (zero-touch provisioning), y gestionar de forma remota los equipos, incluyendo operaciones como configuraci&oacute;n, monitorizaci&oacute;n y actualizaci&oacute;n. Adem&aacute;s, permite resolver incidencias de forma proactiva gracias a su capacidad de supervisi&oacute;n continua, incluso en situaciones de conectividad limitada. \r\n\r\nAdem&aacute;s, Celer-Series incorpora IA con Coral de Google, con casos de uso como visi&oacute;n por ordenador, gesti&oacute;n predictiva y otros...","description_image_2":"https:\/\/pim.teldat.com\/files\/eb160de1de89d9058fcb0b968dbbbd68_S2.webp","key_feature_long_description_1":"M\u00f3dulo celular configurable 4G o 5G","key_feature_text_description_1":"<p>Disponibilidad de elegir entre Celer-Series con el m&oacute;dem 5G (la soluci&oacute;n de mejor rendimiento) y el Celer-Series 4G (modelo ajustado en coste).<\/p>","key_feature_long_description_2":"Wi-Fi 6 ax","key_feature_text_description_2":"<p>Wi-Fi MiMo 2x2 multiusuario de doble banda que se integra a la perfecci&oacute;n con las aplicaciones HotSpot y WebFilter, creando una soluci&oacute;n completa para la conectividad a Internet a bordo.<\/p>","key_feature_long_description_3":"Ciberseguridad y filtros WEB","key_feature_text_description_3":"<p>Soluciones de seguridad compatible con el entorno de Teldat customizados para sistemas embarcados. Puede contar con una soluci&oacute;n de protecci&oacute;n de acceso a la WEB.<\/p>","key_feature_long_description_4":"Aplicaciones de Inteligencia Artificial","key_feature_text_description_4":"<p>V&iacute;a TPU (Tensor Processing Unit) embebida Google Coral para aplicaciones dedicadas como el procesamiento de v&iacute;deo (Computer Vision), el mantenimiento predictivo y muchas otras aplicaciones de IA.<\/p>","key_feature_long_description_5":"Hardware optimizado para dise\u00f1o embarcado","key_feature_text_description_5":"<p>Rango de temperatura ampliado (de -25&ordm;C a 70&ordm;C). Dise&ntilde;o antivibraciones. 12-24 VDC para conexi&oacute;n a bater&iacute;as con capacidad de consumo optimizado.<\/p>","key_feature_long_description_6":"Slot dual SIM y eSIM","key_feature_text_description_6":"<p>Doble SIM para aumentar la disponibilidad de conexi&oacute;n, como respaldo en caso de p&eacute;rdida de conexi&oacute;n en un &uacute;nico m&oacute;dulo y disponibilidad de eSIM (con hasta 8 perfiles) para aprovisionamiento sin intervenci&oacute;n.<\/p>","key_feature_long_description_7":"Protecci\u00f3n de la fuente de alimentaci\u00f3n","key_feature_text_description_7":"<p>Protecci&oacute;n de la fuente de alimentaci&oacute;n y detecci&oacute;n de ignici&oacute;n para el apagado retardado. Minimizaci&oacute;n de los fallos debidos a una alimentaci&oacute;n inestable. Sensor de temperatura para desconexi&oacute;n autom&aacute;tica.<\/p>","key_feature_long_description_8":"GPS embebido para aplicaciones de movilidad de Teldat","key_feature_text_description_8":"<p>Ideal para gesti&oacute;n de flotas o aplicaciones de telemarketing. El equipo dispone de GPS accesible v&iacute;a puerto TCP que proporciona informaci&oacute;n de geolocalizaci&oacute;n en tiempo real en est&aacute;ndar NMEA.<\/p>","key_feature_long_description_9":"","key_feature_text_description_9":"","key_feature_long_description_10":"","key_feature_text_description_10":"","description_datasheet":"","datasheet_file":"https:\/\/pim.teldat.com\/files\/pdf\/5ef059938ba799aaa845e1c2e8a762bd.pdf","imgDatasheet":"","solution_title":"Soluciones embarcadas de Teldat","solution_text":"<p>Proporciona comunicaciones seguras y fiables a pasajeros y personal operativo del sector de la movilidad. Ofrece una plataforma con tecnolog&iacute;as 5G, Wi-Fi 6 y GPS.<\/p>","solution_related_link":"https:\/\/www.teldat.com\/es\/soluciones\/industrial-iot-redes-electricas-trenes-vehiculos-logistica-iot-industrial\/equipos-embarcados-soluciones-para-vehiculos-conectados\/router-embarcado-rugerizado-para-automovil-bus-coche-lte-4g-3g-wifi-5g-lte\/","solution_image":"https:\/\/pim.teldat.com\/files\/eb160de1de89d9058fcb0b968dbbbd68_FSL.jpeg","case_study_title":"","case_study_description":"","case_study_link_1":"","case_study_text_1":"","case_study_text_2":"","case_study_link_2":"","case_study_link_3":"","case_study_text_3":"","pim_id":118,"id_en":"","language":""},"wpml_current_locale":"es_ES","wpml_translations":[{"locale":"en_US","id":67172,"slug":"celer-automotive-compact-communication-platform-5g-wi-fi-6-embedded-cybersecurity-for-vehicles","post_title":"Celer","href":"https:\/\/www.teldat.com\/celer-automotive-compact-communication-platform-5g-wi-fi-6-embedded-cybersecurity-for-vehicles\/"}],"_links":{"self":[{"href":"https:\/\/www.teldat.com\/es\/wp-json\/wp\/v2\/product\/67175","targetHints":{"allow":["GET"]}}],"collection":[{"href":"https:\/\/www.teldat.com\/es\/wp-json\/wp\/v2\/product"}],"about":[{"href":"https:\/\/www.teldat.com\/es\/wp-json\/wp\/v2\/types\/product"}],"replies":[{"embeddable":true,"href":"https:\/\/www.teldat.com\/es\/wp-json\/wp\/v2\/comments?post=67175"}],"wp:featuredmedia":[{"embeddable":true,"href":"https:\/\/www.teldat.com\/es\/wp-json\/wp\/v2\/media\/70728"}],"wp:attachment":[{"href":"https:\/\/www.teldat.com\/es\/wp-json\/wp\/v2\/media?parent=67175"}],"wp:term":[{"taxonomy":"product_brand","embeddable":true,"href":"https:\/\/www.teldat.com\/es\/wp-json\/wp\/v2\/product_brand?post=67175"},{"taxonomy":"product_cat","embeddable":true,"href":"https:\/\/www.teldat.com\/es\/wp-json\/wp\/v2\/product_cat?post=67175"},{"taxonomy":"product_tag","embeddable":true,"href":"https:\/\/www.teldat.com\/es\/wp-json\/wp\/v2\/product_tag?post=67175"}],"curies":[{"name":"wp","href":"https:\/\/api.w.org\/{rel}","templated":true}]}}