{"id":67243,"date":"2025-04-03T16:17:04","date_gmt":"2025-04-03T14:17:04","guid":{"rendered":"https:\/\/www.teldat.com\/product\/rxl15000\/"},"modified":"2026-02-11T16:34:28","modified_gmt":"2026-02-11T15:34:28","slug":"rxl15000-edge-router-corporativo-red-sd-wan-de-alto-rendimiento","status":"publish","type":"product","link":"https:\/\/www.teldat.com\/es\/producto\/rxl15000-edge-router-corporativo-red-sd-wan-de-alto-rendimiento\/","title":{"rendered":"RXL15000"},"content":{"rendered":"","protected":false},"excerpt":{"rendered":"","protected":false},"featured_media":67223,"comment_status":"open","ping_status":"closed","template":"","meta":{"_acf_changed":false,"_et_pb_use_builder":"","_et_pb_old_content":"","_et_gb_content_width":""},"product_brand":[],"product_cat":[1429],"product_tag":[],"class_list":{"0":"post-67243","1":"product","2":"type-product","3":"status-publish","4":"has-post-thumbnail","6":"product_cat-edge-network-computing-es","8":"first","9":"instock","10":"shipping-taxable","11":"product-type-simple"},"acf":{"category":"Edge Network Computing","Title_Product":"RXL15000, el router de datacenter para pymes","subtitle":"Soluci\u00f3n de alto rendimiento para escenarios corporativos de alta demanda de tr\u00e1fico","imgHeader":"https:\/\/pim.teldat.com\/files\/e00da03b685a0dd18fb6a08af0923de0_FHD.webp","header-item1":"Preparado para escenarios de altas prestaciones","header-item2":"Integrado en redes SDWAN","header-item3":"Router de agregaci\u00f3n o servidor de VPNs","header-item4":"Doble fuente de alimentaci\u00f3n incluida por defecto","header-item5":"Dispositivo flexible para servicios Multi-WAN","header-item6":"OS de \u00e1mbito corporativo y funcionalmente avanzado","header-item7":"","imgHeader1":"https:\/\/pim.teldat.com\/files\/e00da03b685a0dd18fb6a08af0923de0_F1.webp","imgHeader2":"https:\/\/pim.teldat.com\/files\/e00da03b685a0dd18fb6a08af0923de0_F2.webp","imgHeader3":"https:\/\/pim.teldat.com\/files\/e00da03b685a0dd18fb6a08af0923de0_F3.webp","imgHeader4":"","imgHeader5":"","imgHeader6":"","intro":"El RXL15000 es un potente y flexible dispositivo con&nbsp;una arquitectura de hardware optimizada que&nbsp;incluye varios interfaces de 10 Gbps. Este nuevo equipo con arquitectura multin&uacute;cleo ofrece un alto rendimiento y bajas latencias de procesamiento siendo el&nbsp;soluci&oacute;n &oacute;ptima para la sede central&nbsp;o como router de datacenter&nbsp;de la corporaci\u00f3n. \r\n\r\nJuntos, la innovaci&oacute;n HW y nuestra evoluci&oacute;n SW permiten a este equipo ofrecer a los clientes un alto nivel de productividad y una muy&nbsp;buena experiencia de usuario. El RXL15000 es un router flexible orientado a operadora\/corporaciones y preparado para los servicios SDWAN. ","imgintro":"https:\/\/pim.teldat.com\/files\/e00da03b685a0dd18fb6a08af0923de0_FIN.webp","competitive_advantage_title":"","competitive_advantage_a1":"Plataforma flexible multiescenario","competitive_advantage_b1":"<p>El RXL15000 soporta diferentes escenarios: 2xWAN 10Gbps y switch embebido, 2xWAN 10Gbps y 2xLAN 10Gbps para alta disponibilidad, etc...<\/p>","competitive_advantage_a2":"Integrado en redes SDWAN","competitive_advantage_b2":"<p>El RXL15000 hace posible una transici&oacute;n suave de las comunicaciones tradicionales de una oficina remota a una red SD-WAN h&iacute;brida.<\/p>","competitive_advantage_a3":"Servidor VPNs\/Concentraci\u00f3n","competitive_advantage_b3":"<p>La confidencialidad e integridad de los datos online est&aacute;n asegurados gracias a la capacidad de cifrado del RXL15000 como servidor de VPNs.<\/p>","competitive_advantage_a4":"F\u00e1cil despliegue y puesta en marcha","competitive_advantage_b4":"<p>Se soporta \"Zero Touch Provisioning\" sin necesidad de provisionar desde consola o mediante comandos, la configuraci&oacute;n individualizada del equipo.<\/p>","product_sw_hw":"","description":"","description_1":"El nuevo modelo RXL15000 es un router especialmente adaptado para centros de datos donde se requieren conexiones de alta velocidad, un dise&ntilde;o de alta redundancia(doble fuente de alimentaci&oacute;n) y una ventilaci&oacute;n \"front-to-back\" adaptada a los sistemas de refrigeraci&oacute;n en los armarios de comunicaciones. El RXL15000 es equipo potente y flexible&nbsp;gracias a una arquitectura de hardware optimizada que&nbsp;incluye varias interfaces de 10 Gbps.&nbsp;Este nuevo dispositivo con arquitectura multin&uacute;cleo ofrece un alto&nbsp;rendimiento y bajas latencias de procesamiento siendo la&nbsp;soluci&oacute;n &oacute;ptima para la sedes centrales u oficinas principales con&nbsp;necesidades de un gran n&uacute;mero de usuarios.\r\n\r\nIncluye todas las funcionalidades demandadas a un router profesional y es compatible con las soluciones de seguridad Teldat en la nube.","description_image_1":"https:\/\/pim.teldat.com\/files\/e00da03b685a0dd18fb6a08af0923de0_S1.webp","description_2":"","description_image_2":"https:\/\/pim.teldat.com\/files\/e00da03b685a0dd18fb6a08af0923de0_S2.webp","key_feature_long_description_1":"Potente arquitectura hardware","key_feature_text_description_1":"<p>Solvente en escenarios de hasta 5Gbps IMIX agregado, incluyendo servicios de priorizaci&oacute;n(QoS), gracias a su arquitectura multi-core.<\/p>","key_feature_long_description_2":"Cifrado HW para VPNs de alto rendimiento","key_feature_text_description_2":"<p>Potente CPU que integra cifrado hardware(opcional) para escenarios VPN de alto rendimiento.<\/p>","key_feature_long_description_3":"Configuraci\u00f3n puertos 10Gbps LAN\/WAN flexible","key_feature_text_description_3":"<p>4x 10Gbps interfaces &oacute;pticos(SFP) disponibles para cualquier tipo de configuraci&oacute;n, ya sea como puertos LAN o WAN.<\/p>","key_feature_long_description_4":"Switch integrado","key_feature_text_description_4":"<p>8xGE puertos LAN que permiten ahorrar equipamiento local en las oficinas al no ser necesario incorporar m&aacute;s dispositivos de comunicaciones. Tambi&eacute;n se simplifican los costes de gesti&oacute;n y mantenimiento.<\/p>","key_feature_long_description_5":"Preparado para servicios criticos(Doble fuente)","key_feature_text_description_5":"<p>Los servicios de comunicaciones pueden ser cr&iacute;ticos en algunos casos y se exige disponibilidad 24x7x365. La serie RXL15000 dispone de modelos con fuente de alimentaci&oacute;n redundante para mejorar el cumplimiento de SLAs.<\/p>","key_feature_long_description_6":"Soporte de las soluciones de seguridad en la nube","key_feature_text_description_6":"<p>Soporta las soluciones cloud de seguridad de Teldat: be.Safe Smart y be.Safe Premium, ofreciendo una protecci&oacute;n eficiente frente a amenazas.<\/p>","key_feature_long_description_7":"Funcionalidades SW de \u00e1mbito de operadora","key_feature_text_description_7":"<p>El sistema operativo del RXL15000 es el mismo que se ha validado en numerosos procesos de certificaci&oacute;n de servicios corporativos a lo largo del todos los paises donde ofrecemos nuestros productos.<\/p>","key_feature_long_description_8":"Puerto de consola para gesti\u00f3n fuera de banda","key_feature_text_description_8":"<p>Los servicios gestionados de operadores e integradores requieren una gesti&oacute;n fuera de banda para no interferir en la red del cliente; el puerto de consola es el m&eacute;todo m&aacute;s habitual.<\/p>","key_feature_long_description_9":"","key_feature_text_description_9":"","key_feature_long_description_10":"","key_feature_text_description_10":"","description_datasheet":"","datasheet_file":"https:\/\/pim.teldat.com\/files\/pdf\/1385974ed5904a438616ff7bdb3f7439.pdf","imgDatasheet":"","solution_title":"","solution_text":"","solution_related_link":"","solution_image":"","case_study_title":"","case_study_description":"","case_study_link_1":"","case_study_text_1":"","case_study_text_2":"","case_study_link_2":"","case_study_link_3":"","case_study_text_3":"","pim_id":140,"id_en":"","language":""},"wpml_current_locale":"es_ES","wpml_translations":[{"locale":"en_US","id":67224,"slug":"rxl15000-edge-corporate-router-sd-wan-large-corporate","post_title":"RXL15000","href":"https:\/\/www.teldat.com\/rxl15000-edge-corporate-router-sd-wan-large-corporate\/"}],"_links":{"self":[{"href":"https:\/\/www.teldat.com\/es\/wp-json\/wp\/v2\/product\/67243","targetHints":{"allow":["GET"]}}],"collection":[{"href":"https:\/\/www.teldat.com\/es\/wp-json\/wp\/v2\/product"}],"about":[{"href":"https:\/\/www.teldat.com\/es\/wp-json\/wp\/v2\/types\/product"}],"replies":[{"embeddable":true,"href":"https:\/\/www.teldat.com\/es\/wp-json\/wp\/v2\/comments?post=67243"}],"wp:featuredmedia":[{"embeddable":true,"href":"https:\/\/www.teldat.com\/es\/wp-json\/wp\/v2\/media\/67223"}],"wp:attachment":[{"href":"https:\/\/www.teldat.com\/es\/wp-json\/wp\/v2\/media?parent=67243"}],"wp:term":[{"taxonomy":"product_brand","embeddable":true,"href":"https:\/\/www.teldat.com\/es\/wp-json\/wp\/v2\/product_brand?post=67243"},{"taxonomy":"product_cat","embeddable":true,"href":"https:\/\/www.teldat.com\/es\/wp-json\/wp\/v2\/product_cat?post=67243"},{"taxonomy":"product_tag","embeddable":true,"href":"https:\/\/www.teldat.com\/es\/wp-json\/wp\/v2\/product_tag?post=67243"}],"curies":[{"name":"wp","href":"https:\/\/api.w.org\/{rel}","templated":true}]}}