{"id":67352,"date":"2025-04-03T20:45:37","date_gmt":"2025-04-03T18:45:37","guid":{"rendered":"https:\/\/www.teldat.com\/product\/windbit-wap840-iax\/"},"modified":"2026-02-11T17:58:41","modified_gmt":"2026-02-11T16:58:41","slug":"windbit-wap840-iax-ap-wi-fi-6-red-5g-para-oficinas-sedes-remotas-industria-sector-sanitario","status":"publish","type":"product","link":"https:\/\/www.teldat.com\/es\/producto\/windbit-wap840-iax-ap-wi-fi-6-red-5g-para-oficinas-sedes-remotas-industria-sector-sanitario\/","title":{"rendered":"Windbit WAP840-Iax"},"content":{"rendered":"","protected":false},"excerpt":{"rendered":"","protected":false},"featured_media":67345,"comment_status":"open","ping_status":"closed","template":"","meta":{"_acf_changed":false,"_et_pb_use_builder":"","_et_pb_old_content":"","_et_gb_content_width":""},"product_brand":[],"product_cat":[1427],"product_tag":[],"class_list":{"0":"post-67352","1":"product","2":"type-product","3":"status-publish","4":"has-post-thumbnail","6":"product_cat-access-products-es","8":"first","9":"instock","10":"shipping-taxable","11":"product-type-simple"},"acf":{"category":"Access Products","Title_Product":"Punto de acceso Wi-fi 6 modelo WAP840-Iax","subtitle":"Access point interior de alto rendimiento","imgHeader":"https:\/\/pim.teldat.com\/files\/37a749d808e46495a8da1e5352d03cae_FHD.webp","header-item1":"Puerto Combo de alta velocidad, 5Gbps, cobre u \u00f3ptico","header-item2":"Alto rendimiento gracias a las tecnologias QAM\/OFDMA","header-item3":"Gesti\u00f3n flexible(Nube\/Controlador\/Aut\u00f3nomo)","header-item4":"Elevada Seguridad (WPA3) y Confiabilidad","header-item5":"Minimizaci\u00f3n de interferencias y hasta 1024 clientes conectados","header-item6":"Dynamic Frequency Selection (DFS)","header-item7":"Certificado Wifi-Alliance","imgHeader1":"https:\/\/pim.teldat.com\/files\/37a749d808e46495a8da1e5352d03cae_F1.webp","imgHeader2":"https:\/\/pim.teldat.com\/files\/37a749d808e46495a8da1e5352d03cae_F2.webp","imgHeader3":"https:\/\/pim.teldat.com\/files\/37a749d808e46495a8da1e5352d03cae_F3.webp","imgHeader4":"https:\/\/pim.teldat.com\/files\/37a749d808e46495a8da1e5352d03cae_F4.webp","imgHeader5":"","imgHeader6":"","intro":"El WAP840-Iax es un punto de acceso Wi-Fi 6 que cuenta con radios duales y ofrece una velocidad m\u00e1xima de hasta 5,375 Gbps, junto con cifrado de grado empresarial para una seguridad robusta. Su capacidad de gesti\u00f3n en la nube h\u00edbrida y su dise\u00f1o optimizado para entornos de alta densidad lo hacen ideal para despliegues vers\u00e1tiles en diversos escenarios exigentes. Estos incluyen entornos educativos como aulas, dormitorios y oficinas; \u00e1reas de manufactura como talleres de producci\u00f3n y almacenes; as\u00ed como instalaciones de salud, incluyendo cl\u00ednicas ambulatorias y rondas m\u00f3viles en salas de hospitalizaci\u00f3n. El dispositivo soporta tecnolog\u00edas avanzadas como modulaci\u00f3n 1024-QAM, OFDMA y m\u00faltiples flujos MIMO (2x2 en 2.4 GHz y 4x4 en 5 GHz), asegurando un alto rendimiento y manejo eficiente de m\u00faltiples conexiones simult\u00e1neas. \r\n\r\nTambi\u00e9n ofrece opciones flexibles de alimentaci\u00f3n, incluyendo Power over Ethernet (PoE) y suministro de energ\u00eda local, con opciones de montaje en pared o techo para adaptarse a diferentes necesidades de instalaci\u00f3n. Las caracter\u00edsticas de seguridad mejoradas incluyen WPA3, autenticaci\u00f3n 802.1X y aislamiento VLAN por SSID, proporcionando una protecci\u00f3n integral para redes empresariales. Funcionalidades adicionales como aislamiento de usuarios, detecci\u00f3n de puntos de acceso no autorizados y soporte para alimentaci\u00f3n de dispositivos IoT, aumentan a\u00fan m\u00e1s su idoneidad para entornos de red complejos.","imgintro":"https:\/\/pim.teldat.com\/files\/37a749d808e46495a8da1e5352d03cae_FIN.webp","competitive_advantage_title":"","competitive_advantage_a1":"Tecnolog\u00eda Wi-Fi de \u00faltima generaci\u00f3n","competitive_advantage_b1":"<p>Equipos de rango corporativo con doble radio Wi-Fi 6 y hasta 6 flujos de datos, soluci&oacute;n &oacute;ptima para escenarios de alta densidad.<\/p>","competitive_advantage_a2":"Optima elaci\u00f3n precio\/prestaciones","competitive_advantage_b2":"<p>Precio contenido y gran cantidad de funcionalidades corporativas en un equipo que alcanza hasta 5,378 Gbps&nbsp;de tr&aacute;fico agregado.<\/p>","competitive_advantage_a3":"Administraci\u00f3n simple y eficiente","competitive_advantage_b3":"Flexible para todos los escenarios: Configuraci&oacute;n web en modo punto de acceso aut&oacute;nomo, o gesti&oacute;n en la nube o preparado para un controlador de LAN inal&aacute;mbrica.","competitive_advantage_a4":"F\u00e1cil instalaci\u00f3n","competitive_advantage_b4":"<p>Kit de montaje en techo, alimentaci&oacute;n externa o compatible con inyectores PoE.<\/p><p>Autoprovisi&oacute;n desde controlador o gesti&oacute;n en nube.<\/p>","product_sw_hw":"","description":"","description_1":"<p>El WAP840-Iax es un punto de acceso inal&aacute;mbrico Wi-Fi 6 de doble radio, con un alto rendimiento de hasta 5,375 Gbps de velocidad m&aacute;xima de datos y tecnolog&iacute;a de encriptaci&oacute;n de nivel empresarial.<br \/>Es un dispositivo con hasta 6 flujos MIMO, con dise&ntilde;o de doble banda (2,4 GHz + 5 GHz), con acceso de alta velocidad de modulaci&oacute;n de amplitud en cuadratura (QAM) 1024 y acceso m&uacute;ltiple por divisi&oacute;n de frecuencia ortogonal (OFDMA).<\/p>\r\n<p>Debido al modo de gesti&oacute;n de nube h&iacute;brida y al dise&ntilde;o de acceso de alta densidad, es adecuado para una implementaci&oacute;n flexible en escenarios corporativos de oficina remota: educaci&oacute;n, organismos p&uacute;blicos, turismo y restauraci&oacute;n, industria manufacturera, cl&iacute;nicas ambulatorias etc.<\/p>","description_image_1":"https:\/\/pim.teldat.com\/files\/37a749d808e46495a8da1e5352d03cae_S1.webp","description_2":"","description_image_2":"","key_feature_long_description_1":"Alta velocidad de acceso radio 1024-QAM","key_feature_text_description_1":"<p>Con 802.11ax y modulaci&oacute;n 1024-QAM, para 5GHz MIMO 4x4, la tasa de acceso m&aacute;xima puede alcanzar los 4,8Gbps. Con los dos radios activados al mismo tiempo ofrecen hasta 5,378Gbps, una real experiencia de alta velocidad.<\/p>","key_feature_long_description_2":"Alta densidad de usuarios gracias a OFDMA","key_feature_text_description_2":"<p>OFDMA permite a&nbsp;m&uacute;ltiples usuarios recibir\/enviar paquetes simult&aacute;neamente a trav&eacute;s del AP, minimizando la competencia entre usuarios y el reenvio, lo que reduce la latencia de la red y mejora la eficiencia de la red.<\/p>","key_feature_long_description_3":"Elevada seguridad y confiabilidad","key_feature_text_description_3":"<p>Tecnolog&iacute;as de encriptaci&oacute;n y autenticaci&oacute;n que incluyen WiFi Protected Access 3 (WPA3), seguridad abierta mejorada, 802.1X y clave privada precompartida (PPSK), lo que mejora la seguridad de los datos.<\/p>","key_feature_long_description_4":"Calidad de se\u00f1al mejorada","key_feature_text_description_4":"Admite diversidad de cambio\/retardo c&iacute;clico (CDD\/CSD), combinaci&oacute;n de relaci&oacute;n m&aacute;xima (MRC), codificaci&oacute;n de bloques de espacio-tiempo (STBC) y verificaci&oacute;n de paridad de baja densidad (LDPC). ","key_feature_long_description_5":"Amplitud de canal de hasta 160Mhz","key_feature_text_description_5":"<p>Los canales pueden ser de 20 MHz, 40 MHz, 80 MHz y 160 MHz.<\/p>","key_feature_long_description_6":"Alto n\u00famero de BSSIDs","key_feature_text_description_6":"<p>Los administradores de red pueden encriptar y aislar por separado VLAN o subredes del mismo SSID, con modos de autenticaci&oacute;n espec&iacute;ficos para cada SSID. Admite hasta 32 (16 BSSID por radio).<\/p>","key_feature_long_description_7":"Sistema inal\u00e1mbrico de detecci\u00f3n de intrusos (WIDS)","key_feature_text_description_7":"<p>Y aislamiento de usuarios, detecci&oacute;n y contenci&oacute;n de puntos de acceso no autorizados. Pol&iacute;tica de protecci&oacute;n de CPU (CPP). Pol&iacute;tica de protecci&oacute;n de la base de la red (NFPP).<\/p>","key_feature_long_description_8":"Servicios IPv4\/IPv6","key_feature_text_description_8":"Servidor DHCPv4, NAT4, descubrimiento de vecinos (ND), ICMPv6, cliente DHCP IPv6, enrutamiento est&aacute;tico, cliente PPPoE, IPsec VPN. ","key_feature_long_description_9":"Alimenta otros dispositivos IoT","key_feature_text_description_9":"<p>Si se alimenta con 802.3bt (PoE++), el AP puede suministrar energ&iacute;a a un dispositivo externo.<br \/>\u25cf USB: hasta 1A\/5W a un dispositivo conectado.<br \/>\u25cf LAN 2: hasta 48V\/12,95W a una unidad IoT.<\/p>","key_feature_long_description_10":"","key_feature_text_description_10":"","description_datasheet":"","datasheet_file":"https:\/\/www.teldat.com\/fileadmin\/mediacenter\/datasheets\/teldat-wap840Iax.pdf","imgDatasheet":"","solution_title":"","solution_text":"","solution_related_link":"","solution_image":"","case_study_title":"","case_study_description":"","case_study_link_1":"","case_study_text_1":"","case_study_text_2":"","case_study_link_2":"","case_study_link_3":"","case_study_text_3":"","pim_id":153,"id_en":"","language":""},"wpml_current_locale":"es_ES","wpml_translations":[{"locale":"en_US","id":67346,"slug":"windbit-wap840-iax-ap-wi-fi-6-5g-networks-wpa3-for-offices-industry-and-medical-sector","post_title":"Windbit WAP840-Iax","href":"https:\/\/www.teldat.com\/windbit-wap840-iax-ap-wi-fi-6-5g-networks-wpa3-for-offices-industry-and-medical-sector\/"}],"_links":{"self":[{"href":"https:\/\/www.teldat.com\/es\/wp-json\/wp\/v2\/product\/67352","targetHints":{"allow":["GET"]}}],"collection":[{"href":"https:\/\/www.teldat.com\/es\/wp-json\/wp\/v2\/product"}],"about":[{"href":"https:\/\/www.teldat.com\/es\/wp-json\/wp\/v2\/types\/product"}],"replies":[{"embeddable":true,"href":"https:\/\/www.teldat.com\/es\/wp-json\/wp\/v2\/comments?post=67352"}],"wp:featuredmedia":[{"embeddable":true,"href":"https:\/\/www.teldat.com\/es\/wp-json\/wp\/v2\/media\/67345"}],"wp:attachment":[{"href":"https:\/\/www.teldat.com\/es\/wp-json\/wp\/v2\/media?parent=67352"}],"wp:term":[{"taxonomy":"product_brand","embeddable":true,"href":"https:\/\/www.teldat.com\/es\/wp-json\/wp\/v2\/product_brand?post=67352"},{"taxonomy":"product_cat","embeddable":true,"href":"https:\/\/www.teldat.com\/es\/wp-json\/wp\/v2\/product_cat?post=67352"},{"taxonomy":"product_tag","embeddable":true,"href":"https:\/\/www.teldat.com\/es\/wp-json\/wp\/v2\/product_tag?post=67352"}],"curies":[{"name":"wp","href":"https:\/\/api.w.org\/{rel}","templated":true}]}}