{"id":67364,"date":"2025-04-03T21:14:35","date_gmt":"2025-04-03T19:14:35","guid":{"rendered":"https:\/\/www.teldat.com\/product\/windbit-wap680ax\/"},"modified":"2026-02-11T17:45:08","modified_gmt":"2026-02-11T16:45:08","slug":"windbit-wap680ax-punto-de-acceso-wi-fi-6-mu-mimo-2x2-2-4ghz-5ghz","status":"publish","type":"product","link":"https:\/\/www.teldat.com\/es\/producto\/windbit-wap680ax-punto-de-acceso-wi-fi-6-mu-mimo-2x2-2-4ghz-5ghz\/","title":{"rendered":"Windbit WAP680ax"},"content":{"rendered":"","protected":false},"excerpt":{"rendered":"","protected":false},"featured_media":73242,"comment_status":"open","ping_status":"closed","template":"","meta":{"_acf_changed":false,"_et_pb_use_builder":"","_et_pb_old_content":"","_et_gb_content_width":""},"product_brand":[],"product_cat":[1427],"product_tag":[],"class_list":{"0":"post-67364","1":"product","2":"type-product","3":"status-publish","4":"has-post-thumbnail","6":"product_cat-access-products-es","8":"first","9":"instock","10":"shipping-taxable","11":"product-type-simple"},"acf":{"category":"Access Products","Title_Product":"Punto de acceso Wi-fi 6 modelo WAP680ax","subtitle":"Access point b\u00e1sico de exterior","imgHeader":"https:\/\/pim.teldat.com\/files\/1d7f7abc18fcb43975065399b0d1e48e_FHD.webp","header-item1":"Puerto \u00f3ptico de alta velocidad 2,5GbE SFP","header-item2":"Alto rendimiento gracias a las tecnologias QAM\/OFDMA","header-item3":"Gesti\u00f3n flexible(Nube\/Controlador\/Aut\u00f3nomo)","header-item4":"Elevada Seguridad (WPA3) y Confiabilidad","header-item5":"Minimizaci\u00f3n de interferencias y hasta 1024 clientes conectados","header-item6":"Dynamic Frequency Selection (DFS)","header-item7":"Carcasa IP68 para entornos exteriores hostiles","imgHeader1":"https:\/\/pim.teldat.com\/files\/1d7f7abc18fcb43975065399b0d1e48e_F1.webp","imgHeader2":"https:\/\/pim.teldat.com\/files\/1d7f7abc18fcb43975065399b0d1e48e_F2.webp","imgHeader3":"https:\/\/pim.teldat.com\/files\/1d7f7abc18fcb43975065399b0d1e48e_F3.webp","imgHeader4":"https:\/\/pim.teldat.com\/files\/1d7f7abc18fcb43975065399b0d1e48e_F4.webp","imgHeader5":"","imgHeader6":"","intro":"<p>El WAP680ax es un punto de acceso inal&aacute;mbrico Wi-Fi 6 de exterior, que integra doble radio y que ofrece un alto rendimiento de hasta 2,976 Gbps.<\/p>\r\n<p>Debido al modo de gesti&oacute;n de la nube h&iacute;brida y al dise&ntilde;o de acceso de alta densidad, es adecuado para una implementaci&oacute;n flexible en escenarios de redes exteriores de alta calidad, incluidos puntos de acceso al aire libre como parques y calles en ciudades inteligentes, escenarios de campos deportivos en la industria educativa y escenarios. relacionados con la industria de la energ&iacute;a y el transporte ferroviario.<\/p>\r\n<p>El punto de acceso WAP680ax tiene una carcasa con clasificaci&oacute;n IP68.<\/p>","imgintro":"https:\/\/pim.teldat.com\/files\/1d7f7abc18fcb43975065399b0d1e48e_FIN.webp","competitive_advantage_title":"","competitive_advantage_a1":"Tecnolog\u00eda Wi-Fi de \u00faltima generaci\u00f3n","competitive_advantage_b1":"<p>Equipos de rango corporativo con Doble Radio 2x2 MU-MIMO 802.11ax Wi-Fi 6 para escenarios de alta densidad.<\/p>","competitive_advantage_a2":"Optima elaci\u00f3n precio\/prestaciones","competitive_advantage_b2":"<p>Precio contenido y gran cantidad de funcionalidades corporativas en un equipo que alcanza hasta 2,97 Gbps&nbsp;de tr&aacute;fico agregado.<\/p>","competitive_advantage_a3":"Administraci\u00f3n simple y eficiente","competitive_advantage_b3":"<p>Flexible para todos los escenarios: Configuraci&oacute;n web en modo punto de acceso aut&oacute;nomo, o gesti&oacute;n en la nube o preparado para un controlador de LAN inal&aacute;mbrica<\/p>","competitive_advantage_a4":"F\u00e1cil instalaci\u00f3n","competitive_advantage_b4":"<p>Kit de montaje en m&aacute;stil, alimentaci&oacute;n externa o compatible con inyectores PoE\/PoE+.<\/p><p>Autoprovisi&oacute;n desde controlador o gesti&oacute;n en nube.<\/p>","product_sw_hw":"","description":"","description_1":"El WAP680ax es un punto de acceso inal&aacute;mbrico Wi-Fi 6 de exterior, con doble radio, con un alto rendimiento de hasta 2976 Gbps de velocidad m&aacute;xima de datos y tecnolog&iacute;a de encriptaci&oacute;n de nivel empresarial. Es un dispositivo MU-MIMO 2x2 con dise&ntilde;o de doble banda (2,4 GHz + 5 GHz), con acceso de alta velocidad de modulaci&oacute;n de amplitud en cuadratura (QAM) 1024 y acceso m&uacute;ltiple por divisi&oacute;n de frecuencia ortogonal (OFDMA).\r\n\r\nDebido al modo de gesti&oacute;n de la nube h&iacute;brida y al dise&ntilde;o de acceso de alta densidad, es adecuado para una implementaci&oacute;n flexible en escenarios de redes exteriores de alta calidad, incluidos puntos de acceso al aire libre como parques y calles en ciudades inteligentes, escenarios de campos deportivos en la industria educativa y escenarios relacionados con la industria de la energ&iacute;a y el transporte ferroviario. El punto de acceso WAP680ax tiene una carcasa con clasificaci&oacute;n IP68, adaptada a entornos exteriores hostiles. ","description_image_1":"https:\/\/pim.teldat.com\/files\/1d7f7abc18fcb43975065399b0d1e48e_S1.webp","description_2":"","description_image_2":"","key_feature_long_description_1":"Alta velocidad de acceso radio 1024-QAM","key_feature_text_description_1":"Con el 802.11ax y modulaci&oacute;n 1024-QAM, para 5GHz la tasa de acceso m&aacute;xima puede alcanzar los 2,4 Gbps. Con los dos radios activados al mismo tiempo se pueden alcanzar los 2,97Gbps, una real experiencia de alta velocidad.","key_feature_long_description_2":"Alta densidad de usuarios gracias a OFDMA","key_feature_text_description_2":"OFDMA permite a&nbsp;m&uacute;ltiples usuarios recibir\/enviar paquetes simult&aacute;neamente a trav&eacute;s del AP, minimizando la competencia entre usuarios y el reenvio, lo que reduce la latencia de la red y mejora la eficiencia de la red.","key_feature_long_description_3":"Elevada seguridad y confiabilidad","key_feature_text_description_3":"Tecnolog&iacute;as de encriptaci&oacute;n y autenticaci&oacute;n que incluyen WiFi Protected Access 3 (WPA3), seguridad abierta mejorada, 802.1X y clave privada precompartida (PPSK), lo que mejora la seguridad de los datos.","key_feature_long_description_4":"Calidad de se\u00f1al mejorada","key_feature_text_description_4":"Admite diversidad de cambio\/retardo c&iacute;clico (CDD\/CSD), combinaci&oacute;n de relaci&oacute;n m&aacute;xima (MRC), codificaci&oacute;n de bloques de espacio-tiempo (STBC) y verificaci&oacute;n de paridad de baja densidad (LDPC). ","key_feature_long_description_5":"Amplitud de canal de hasta 160Mhz","key_feature_text_description_5":"Los canales pueden ser de 20 MHz, 40 MHz, 80 MHz y 160 MHz. ","key_feature_long_description_6":"Alto n\u00famero de BSSIDs","key_feature_text_description_6":"Los administradores de red pueden encriptar y aislar por separado VLAN o subredes del mismo SSID, con modos de autenticaci&oacute;n espec&iacute;ficos para cada SSID. Admite hasta 32 (16 BSSID por radio).","key_feature_long_description_7":"Sistema inal\u00e1mbrico de detecci\u00f3n de intrusos (WIDS)","key_feature_text_description_7":"Y aislamiento de usuarios, detecci&oacute;n y contenci&oacute;n de puntos de acceso no autorizados. Pol&iacute;tica de protecci&oacute;n de CPU (CPP). Pol&iacute;tica de protecci&oacute;n de la base de la red (NFPP). ","key_feature_long_description_8":"Servicios IPv4\/IPv6","key_feature_text_description_8":"Servidor DHCPv4, NAT4, descubrimiento de vecinos (ND), ICMPv6, cliente DHCP IPv6, enrutamiento est&aacute;tico, cliente PPPoE, IPsec VPN. ","key_feature_long_description_9":"","key_feature_text_description_9":"","key_feature_long_description_10":"","key_feature_text_description_10":"","description_datasheet":"","datasheet_file":"https:\/\/www.teldat.com\/wp-content\/uploads\/2025\/10\/WAP680ax_ESP.pdf","imgDatasheet":"","solution_title":"","solution_text":"","solution_related_link":"","solution_image":"","case_study_title":"","case_study_description":"","case_study_link_1":"","case_study_text_1":"","case_study_text_2":"","case_study_link_2":"","case_study_link_3":"","case_study_text_3":"","pim_id":155,"id_en":"","language":""},"wpml_current_locale":"es_ES","wpml_translations":[{"locale":"en_US","id":67358,"slug":"windbit-wap860ax-80211ax-access-point-wi-fi-6-mu-mimo-2x2-2-4ghz-5ghz","post_title":"Windbit WAP680ax","href":"https:\/\/www.teldat.com\/windbit-wap860ax-80211ax-access-point-wi-fi-6-mu-mimo-2x2-2-4ghz-5ghz\/"}],"_links":{"self":[{"href":"https:\/\/www.teldat.com\/es\/wp-json\/wp\/v2\/product\/67364","targetHints":{"allow":["GET"]}}],"collection":[{"href":"https:\/\/www.teldat.com\/es\/wp-json\/wp\/v2\/product"}],"about":[{"href":"https:\/\/www.teldat.com\/es\/wp-json\/wp\/v2\/types\/product"}],"replies":[{"embeddable":true,"href":"https:\/\/www.teldat.com\/es\/wp-json\/wp\/v2\/comments?post=67364"}],"wp:featuredmedia":[{"embeddable":true,"href":"https:\/\/www.teldat.com\/es\/wp-json\/wp\/v2\/media\/73242"}],"wp:attachment":[{"href":"https:\/\/www.teldat.com\/es\/wp-json\/wp\/v2\/media?parent=67364"}],"wp:term":[{"taxonomy":"product_brand","embeddable":true,"href":"https:\/\/www.teldat.com\/es\/wp-json\/wp\/v2\/product_brand?post=67364"},{"taxonomy":"product_cat","embeddable":true,"href":"https:\/\/www.teldat.com\/es\/wp-json\/wp\/v2\/product_cat?post=67364"},{"taxonomy":"product_tag","embeddable":true,"href":"https:\/\/www.teldat.com\/es\/wp-json\/wp\/v2\/product_tag?post=67364"}],"curies":[{"name":"wp","href":"https:\/\/api.w.org\/{rel}","templated":true}]}}