{"id":67385,"date":"2025-04-03T22:13:28","date_gmt":"2025-04-03T20:13:28","guid":{"rendered":"https:\/\/www.teldat.com\/product\/regesta-smart-nessum\/"},"modified":"2026-03-25T17:15:19","modified_gmt":"2026-03-25T16:15:19","slug":"regesta-smart-nessum-router-industrial-vlan-sd-wan-para-redes-inteligentes","status":"publish","type":"product","link":"https:\/\/www.teldat.com\/es\/producto\/regesta-smart-nessum-router-industrial-vlan-sd-wan-para-redes-inteligentes\/","title":{"rendered":"Regesta Smart NESSUM v2"},"content":{"rendered":"","protected":false},"excerpt":{"rendered":"","protected":false},"featured_media":76983,"comment_status":"open","ping_status":"closed","template":"","meta":{"_acf_changed":false,"_et_pb_use_builder":"","_et_pb_old_content":"","_et_gb_content_width":""},"product_brand":[],"product_cat":[1430],"product_tag":[],"class_list":{"0":"post-67385","1":"product","2":"type-product","3":"status-publish","4":"has-post-thumbnail","6":"product_cat-industrial-iot-es","8":"first","9":"instock","10":"shipping-taxable","11":"product-type-simple"},"acf":{"category":"Industrial &amp; IoT","Title_Product":"Pasarela de comunicaciones Regesta Smart NESSUM v2","subtitle":"Conectividad de Banda Ancha sin Interrupciones sobre la Infraestructura el\u00e9ctrica existente de Smart Grids","imgHeader":"https:\/\/pim.teldat.com\/files\/06409663dto8eodt_01bwigmz.webp","header-item1":"Interfaz BPL Nessum con velocidad superior a 100 Mbps","header-item2":"M\u00faltiples WAN (BPL, LTE, Gigabit Ethernet, SFP)","header-item3":"Rango extendido de temperatura (de -20\u00baC a 70\u00b0C)","header-item4":"Cumple con las regulaciones EMC y de seguridad el\u00e9ctrica","header-item5":"Redundancia con Dual-SIM","header-item6":"Integrado en la soluci\u00f3n SD-WAN de Teldat.","header-item7":"Inspecci\u00f3n Profunda de Paquetes (DPI) avanzada de tr\u00e1fico SCADA","imgHeader1":"https:\/\/pim.teldat.com\/files\/06409663226af2f3114485aa4e0a23b4_F1.webp","imgHeader2":"https:\/\/pim.teldat.com\/files\/06409663226af2f3114485aa4e0a23b4_F2.webp","imgHeader3":"https:\/\/pim.teldat.com\/files\/06409663226af2f3114485aa4e0a23b4_F3.webp","imgHeader4":"https:\/\/pim.teldat.com\/files\/06409663226af2f3114485aa4e0a23b4_F4.webp","imgHeader5":"https:\/\/pim.teldat.com\/files\/06409663226af2f3114485aa4e0a23b4_F5.webp","imgHeader6":"https:\/\/pim.teldat.com\/files\/06409663226af2f3114485aa4e0a23b4_F6.webp","intro":"<p>La familia Regesta Smart NESSUM v2 ofrece comunicaciones BPL de alta velocidad sobre red el&eacute;ctrica, aportando flexibilidad, rendimiento y eficiencia para aplicaciones de Smart Grid. Con respuesta r&aacute;pida, dise&ntilde;o robusto y alta eficiencia energ&eacute;tica, es ideal para desplegar comunicaciones de banda ancha entre subestaciones y centros de transformaci&oacute;n.&nbsp;<\/p>\r\n<p>Incorpora capacidades de seguridad esenciales para el sector el&eacute;ctrico, como&nbsp;cifrado del tr&aacute;fico, control de acceso y la posibilidad de activar firmas para&nbsp;monitorizar protocolos ICS, garantizando la integridad de los datos de&nbsp;operaci&oacute;n y mitigando el riesgo de ciberataques.<\/p>","imgintro":"https:\/\/pim.teldat.com\/files\/06409663ddypuoe8_ufp8urqe.webp","competitive_advantage_title":"","competitive_advantage_a1":"Comunicaciones fiables y flexibles","competitive_advantage_b1":"<p>M&uacute;ltiples tecnolog&iacute;as de acceso (NESSUM, LTE, GE, SFP) combinadas con SD-WAN para control centralizado, reparto seguro del tr&aacute;fico y conectividad resiliente.<\/p>","competitive_advantage_a2":"Dise\u00f1o de hardware robusto","competitive_advantage_b2":"<p>Dise&ntilde;o de hardware adaptable para instalaciones desatendidas, con rango de temperatura extendido (-20&ordm;C a 70&ordm;C) e inmunidad el&eacute;ctrica y electromagn&eacute;tica.<\/p>","competitive_advantage_a3":"Comunicaciones PLC de banda ancha Nessum","competitive_advantage_b3":"<p>El BPL Nessum aporta alta velocidad e interoperabilidad sobre la red el&eacute;ctrica existente, facilitando despliegues r&aacute;pidos y fiables en media y baja tensi&oacute;n.<\/p>","competitive_advantage_a4":"Ciberseguridad en Smart Grids","competitive_advantage_b4":"<p>Seguridad OT integrada con firmas para tr&aacute;fico SCADA, detecci&oacute;n de anomal&iacute;as y comunicaciones reforzadas que aseguran operaciones resilientes en Smart Grids.<\/p>","product_sw_hw":"","description":"","description_1":"<div>Los routers Regesta Smart NESSUM v2 son equipos industriales que ofrecen comunicaciones seguras y de alto rendimiento mediante banda ancha por cable el&eacute;ctrico (BPL), proporcionando conectividad de alta velocidad en Smart Grids. Su interfaz BPL &nbsp;una comunicaci&oacute;n fluida entre subestaciones el&eacute;ctricas sin la necesidad de equipos adicionales como concentradores. La teconolog&iacute;a Nessum, ofrecen alta velocidad usando el cableado el&eacute;ctrico existente, simplificando y abaratando la modernizaci&oacute;n de la red.<\/div>\r\n<p>El equipo garantiza m&aacute;ximo rendimiento y seguridad en las comunicaciones gracias al uso simult&aacute;neo de tecnolog&iacute;as BPL, LTE, fibra y Ethernet, combinadas con mecanismos de respaldo, supervisi&oacute;n continua y recuperaci&oacute;n autom&aacute;tica. Adem&aacute;s, la soluci&oacute;n SD\u2011WAN de Teldat permite extender las pol&iacute;ticas corporativas de gesti&oacute;n, seguridad y segmentaci&oacute;n de manera unificada en el entorno OT, asegurando una operaci&oacute;n homog&eacute;nea y simplificada de la red.<\/p>","description_image_1":"https:\/\/pim.teldat.com\/files\/06409663rmnqhr1x_pjve9v7v.webp","description_2":"<p>La familia Regesta Smart PRO v2 permite desplegar conectividad fiable en ubicaciones remotas y desatendidas donde se requieren m&uacute;ltiples rangos de voltaje y un elevado nivel de robustez industrial. Su dise&ntilde;o lo convierte en una soluci&oacute;n &oacute;ptima para escenarios cr&iacute;ticos del sistema el&eacute;ctrico, con operaci&oacute;n 24x7 y tolerancia a condiciones extremas.<\/p>\r\n<p>La familia Regesta Smart PRO v2 ofrecer un extensas capacidades de cifrado, autenticaci&oacute;n y control de acceso, que garantizan comunicaciones protegidas en entornos de misi&oacute;n cr&iacute;tica. Adem&aacute;s, incorpora la posibilidad de habilitar firmas para monitorizar el tr&aacute;fico SCADA, permitiendo detectar patrones an&oacute;malos en protocolos de telecontrol y reforzar la seguridad del sistema el&eacute;ctrico.<\/p>\r\n<p>Combinado con herramientas de gesti&oacute;n SNMP de Teldat o de terceros, y con funciones de autoaprovisionamiento, el equipo facilita despliegues masivos y una operaci&oacute;n altamente eficiente en Smart Grids distribuidas.<\/p>","description_image_2":"","key_feature_long_description_1":"Hasta 2 Interfaces BPL Nessum.","key_feature_text_description_1":"<p>La tecnolog&iacute;a Nessum ofrece velocidad superior a 100 Mbps, en distancias de hasta 1 Km en un solo salto y hasta 10 Km en m&uacute;ltiples saltos. Disponible en media tesi&oacute;n (2 coaxiales) y baja tensi&oacute;n (conector alimentaci&oacute;n).<\/p>","key_feature_long_description_2":"Soporta est\u00e1ndares IEEE1901, ITU-T G.9960.","key_feature_text_description_2":"<div>El soporte de los est&aacute;ndres IEEE 1901 y ITU-T G.9960 garantiza plena interoperabilidad entre fabricantes, facilitando despliegues BPL m&aacute;s r&aacute;pidos, fiables y alineados con los est&aacute;ndares del sector.<\/div>","key_feature_long_description_3":"3 puertos Gigabit Ethernet con VLAN, 802.1X y d\u00faplex.","key_feature_text_description_3":"<p>Los routers Regesta Smart NESSUM v2 disponen de 3 puertos Gigabit Ethernet (2 x 10\/100\/1000 BASE-T + 1 x SFP), que pueden configurarse como interfaz LAN\/WAN.<\/p>","key_feature_long_description_4":"2G\/3G\/4G (SIM-dual).","key_feature_text_description_4":"<p>Interfaz 2G\/3G\/4G integrada con doble bandeja para 2 tarjetas SIM, con backup autom&aacute;tico. Sistema avanzado de Teldat para la monitorizaci&oacute;n proactiva y la recuperaci&oacute;n autom&aacute;tica de las incidencias de la WWAN.<\/p>","key_feature_long_description_5":"Certificado para su uso en entornos el\u00e9ctricos.","key_feature_text_description_5":"<p>Los routers est&aacute;n certificados para su uso en entornos el&eacute;ctricos con certificados de EMC, aislamiento, inmunidad, el&eacute;ctricos, clim&aacute;ticos y mec&aacute;nicos.<\/p>","key_feature_long_description_6":"Rango extendido de temperatura (de -20\u00baC a 70\u00baC).","key_feature_text_description_6":"<p>La carcasa del Regesta Smart NESSUM v2 est&aacute; dise&ntilde;ada para una &oacute;ptima disipaci&oacute;n del calor que garantiza el funcionamiento entre -20&ordm;C y 70&ordm;C con hasta un 93% de humedad. Se puede montar en un carril DIN o en la pared.<\/p>","key_feature_long_description_7":"Certificaci\u00f3n ENS Categor\u00eda Alta.","key_feature_text_description_7":"<p>El certificado ENS Categor&iacute;a Alta y el nivel Aprobado para proyectos clasificados de Seguridad Nacional y OTAN, aseguran el cumplimiento de estrictos requisitos de seguridad obligatorios en infraestructuras cr&iacute;ticas.<\/p>","key_feature_long_description_8":"Integrado con SD-WAN de Teldat.","key_feature_text_description_8":"<p>Integraci&oacute;n nativa con la soluci&oacute;n SD-WAN de Teldat, permitiendo extender pol&iacute;ticas de segmentaci&oacute;n, seguridad y priorizaci&oacute;n de tr&aacute;fico hasta el edge OT, con gesti&oacute;n centralizada y operaci&oacute;n unificada.<\/p>","key_feature_long_description_9":"M\u00faltiples opciones de alimentaci\u00f3n ( AC y MR).","key_feature_text_description_9":"<p>2 opciones de alimentaci&oacute;n: AC (110- 240 VAC), y multirrango (48 VDC, 100-240 VAC) en la que se admiten ambos rangos (AC y DC) en un &uacute;nico modelo para facilitar el despliegue y el mantenimiento.<\/p>","key_feature_long_description_10":"Puerto de consola para gesti\u00f3n fuera de banda y dying gasp opcional.","key_feature_text_description_10":"<p>El puerto de consola facilita la instalaci&oacute;n y el diagn&oacute;stico remoto, mientras que el Dying Gasp opcional env&iacute;a una &uacute;ltima alerta ante p&eacute;rdida de alimentaci&oacute;n para asegurar continuidad en la red.<\/p>","description_datasheet":"","datasheet_file":"https:\/\/pim.teldat.com\/files\/pdf\/140f6969d5213fd0ece03148e62e461e.pdf","imgDatasheet":"","solution_title":"","solution_text":"","solution_related_link":"","solution_image":"","case_study_title":"","case_study_description":"","case_study_link_1":"","case_study_text_1":"","case_study_text_2":"","case_study_link_2":"","case_study_link_3":"","case_study_text_3":"","pim_id":159,"id_en":"","language":""},"wpml_current_locale":"es_ES","wpml_translations":[{"locale":"en_US","id":67376,"slug":"regesta-smart-nessum-industrial-router-vlan-ipsec-ngfw-for-smart-grids","post_title":"Regesta Smart NESSUM v2","href":"https:\/\/www.teldat.com\/regesta-smart-nessum-industrial-router-vlan-ipsec-ngfw-for-smart-grids\/"}],"_links":{"self":[{"href":"https:\/\/www.teldat.com\/es\/wp-json\/wp\/v2\/product\/67385","targetHints":{"allow":["GET"]}}],"collection":[{"href":"https:\/\/www.teldat.com\/es\/wp-json\/wp\/v2\/product"}],"about":[{"href":"https:\/\/www.teldat.com\/es\/wp-json\/wp\/v2\/types\/product"}],"replies":[{"embeddable":true,"href":"https:\/\/www.teldat.com\/es\/wp-json\/wp\/v2\/comments?post=67385"}],"wp:featuredmedia":[{"embeddable":true,"href":"https:\/\/www.teldat.com\/es\/wp-json\/wp\/v2\/media\/76983"}],"wp:attachment":[{"href":"https:\/\/www.teldat.com\/es\/wp-json\/wp\/v2\/media?parent=67385"}],"wp:term":[{"taxonomy":"product_brand","embeddable":true,"href":"https:\/\/www.teldat.com\/es\/wp-json\/wp\/v2\/product_brand?post=67385"},{"taxonomy":"product_cat","embeddable":true,"href":"https:\/\/www.teldat.com\/es\/wp-json\/wp\/v2\/product_cat?post=67385"},{"taxonomy":"product_tag","embeddable":true,"href":"https:\/\/www.teldat.com\/es\/wp-json\/wp\/v2\/product_tag?post=67385"}],"curies":[{"name":"wp","href":"https:\/\/api.w.org\/{rel}","templated":true}]}}