{"id":67409,"date":"2025-04-03T23:28:43","date_gmt":"2025-04-03T21:28:43","guid":{"rendered":"https:\/\/www.teldat.com\/product\/h5-automotive\/"},"modified":"2026-04-15T11:31:34","modified_gmt":"2026-04-15T09:31:34","slug":"h5-automotive-comunicaciones-de-red-wi-fi-7-para-vehiculos-y-transporte","status":"publish","type":"product","link":"https:\/\/www.teldat.com\/es\/producto\/h5-automotive-comunicaciones-de-red-wi-fi-7-para-vehiculos-y-transporte\/","title":{"rendered":"H5-Automotive +"},"content":{"rendered":"","protected":false},"excerpt":{"rendered":"","protected":false},"featured_media":77915,"comment_status":"open","ping_status":"closed","template":"","meta":{"_acf_changed":false,"_et_pb_use_builder":"","_et_pb_old_content":"","_et_gb_content_width":""},"product_brand":[],"product_cat":[1430],"product_tag":[],"class_list":{"0":"post-67409","1":"product","2":"type-product","3":"status-publish","4":"has-post-thumbnail","6":"product_cat-industrial-iot-es","8":"first","9":"instock","10":"shipping-taxable","11":"product-type-simple"},"acf":{"category":"Industrial &amp; IoT - ES","Title_Product":"H5-Automotive +: Router a bordo de Teldat para veh\u00edculos","subtitle":"Plataforma de comunicaciones robusta y multim\u00f3dulo a bordo para veh\u00edculos 5G","imgHeader":"https:\/\/pim.teldat.com\/files\/5878a7abks947bes_ychrut8w.webp","header-item1":"Plataforma de comunicaciones multiservicio","header-item2":"Multiples WAN simult\u00e1neas (agregaci\u00f3n y balanceo)","header-item3":"Protecci\u00f3n de alimentaci\u00f3n. Mejoras en MTBF","header-item4":"Geo-fencing: Configuraci\u00f3n din\u00e1mica acorde a GPS","header-item5":"Aislamiento de servicios basado en est\u00e1ndares","header-item6":"Compatible con SD-WAN y NGFW embedido","header-item7":"Wi-Fi para pasajeros, CCTV, gesti\u00f3n,...","imgHeader1":"https:\/\/pim.teldat.com\/files\/5878a7abbnsdhyxc_j7c1hodc.webp","imgHeader2":"https:\/\/pim.teldat.com\/files\/5878a7abkcpkweaf_q9lrv4vq.webp","imgHeader3":"https:\/\/pim.teldat.com\/files\/5878a7abzolbzpni_heqvhvqz.webp","imgHeader4":"https:\/\/pim.teldat.com\/files\/5878a7abny5voyjr_les4bcyu.webp","imgHeader5":"","imgHeader6":"","intro":"<p>El H5-Automotive+ es la plataforma de comunicaciones ideal para todo tipo de servicios a bordo. Est&aacute; dise&ntilde;ado para servicios cr&iacute;ticos de alta disponibilidad gracias a su doble m&oacute;dulo celular, con monitoreo avanzado y agregaci&oacute;n de ancho de banda, opciones de redundancia y comunicaciones seguras de &uacute;ltima generaci&oacute;n.<\/p>\r\n<p>Su procesador de alta gama garantiza compatibilidad con escenarios de banda ancha y el m&oacute;dulo Wi-Fi 7 es ideal para entornos con alto tr&aacute;fico de pasajeros.<\/p>\r\n<p>Las herramientas de gesti&oacute;n del ecosistema Teldat (Colibri NetManager y HotSpot) simplifican los despliegues masivos y la gesti&oacute;n de soluciones llave en mano.<\/p>","imgintro":"https:\/\/pim.teldat.com\/files\/5878a7ab9mncf1a5_ioni94c0.webp","competitive_advantage_title":"","competitive_advantage_a1":"Uso simult\u00e1neo de varios interfaces WWAN","competitive_advantage_b1":"<p>2 m&oacute;dulos celulares 5G\/4G y enlaces de acceso Wi-Fi7 con agregaci&oacute;n de ancho de banda y balanceo de carga con m&aacute;xima disponibilidad\/continuidad de aplicaciones.<\/p>","competitive_advantage_a2":"Dise\u00f1o de hardware rugerizado","competitive_advantage_b2":"<p>Dise&ntilde;ado para soportar tests exhaustivos de vibraciones y sobretensi&oacute;n. Costes de mantenimiento y ca&iacute;das de servicio m&iacute;nimos. Rango extendido de temperaturas.<\/p>","competitive_advantage_a3":"Automatismos basados en GPS y servicios","competitive_advantage_b3":"<p>Monitorizaci&oacute;n de comunicaciones (disponibilidad y calidad) y posicionamiento para aplicar din&aacute;micamente politicas de routing por servicio, enlace y posici&oacute;n.<\/p>","competitive_advantage_a4":"Software de networking corporativo","competitive_advantage_b4":"<p>Embarca las &uacute;ltimas tecnolog&iacute;as disponibles de redes IP en el veh&iacute;culo, aportando seguridad, calidad y facilidad en despliegues masivos multiservicio.<\/p>","product_sw_hw":"","description":"","description_1":"<p>El H5-Automotive+ es la plataforma de comunicaciones ideal para todo tipo de servicios a bordo. Est&aacute; dise&ntilde;ado para servicios cr&iacute;ticos de alta disponibilidad gracias a su doble m&oacute;dulo celular, con monitoreo avanzado, agregaci&oacute;n de ancho de banda, opciones de redundancia y comunicaciones seguras de &uacute;ltima generaci&oacute;n.<\/p>\r\n<p>Su procesador de alto rendimiento garantiza compatibilidad con escenarios de banda ancha, y su m&oacute;dulo WiFi 7 es ideal para entornos con alto tr&aacute;fico de pasajeros.<\/p>\r\n<p>Para servicios a bordo, el Wi-Fi puede utilizarse como punto de acceso (AP) o cliente, seg&uacute;n la ubicaci&oacute;n. Adem&aacute;s, la funci&oacute;n de apagado retardado permite actualizaciones autom&aacute;ticas en las estaciones de servicio.<\/p>","description_image_1":"https:\/\/pim.teldat.com\/files\/5878a7ab84fb43402106c575658472fa_S1.webp","description_2":"<p>El H5-Automotive+ es la nueva plataforma de comunicaciones multim&oacute;dulo de Teldat para veh&iacute;culos. Ofrece hasta 2 conexiones 5G de banda ancha y Wi-Fi 7, con opciones de redundancia y agregaci&oacute;n, avanzados mecanismos de seguridad en la red y un rango de temperatura de operaci&oacute;n extendido.<\/p>\r\n<p>Basado en un dise&ntilde;o de hardware reforzado, el router es resistente a vibraciones y polvo, e incorpora protecci&oacute;n contra sobretensiones, software m&oacute;vil espec&iacute;fico, configuraciones din&aacute;micas (basadas en la ubicaci&oacute;n y la calidad de la comunicaci&oacute;n) y una funci&oacute;n de apagado retardado. Adem&aacute;s, permite una integraci&oacute;n fluida con cualquier herramienta de gesti&oacute;n de terceros o plataforma de hotspot.<\/p>","description_image_2":"https:\/\/pim.teldat.com\/files\/5878a7ab84fb43402106c575658472fa_S2.webp","key_feature_long_description_1":"2 x 5G\/LTE dual-SIM for operator redundancy","key_feature_text_description_1":"<p>4 ranuras para SIM + compatibilidad con 2 eSIM, lo que permite redundancia y maximiza la disponibilidad de la conexi&oacute;n al utilizar uno de los operadores de telecomunicaciones como respaldo de los dem&aacute;s en un solo m&oacute;dulo.<\/p>","key_feature_long_description_2":"1 x Wi-Fi 7 (802.11be)","key_feature_text_description_2":"<p>M&oacute;dulo Wi-Fi 7 (802.11be) para aumentar la capacidad del servicio Wi-Fi en entornos de alta densidad. Algoritmos inteligentes permiten un buen rendimiento para m&aacute;s de 200 usuarios simult&aacute;neos.<\/p>","key_feature_long_description_3":"Dise\u00f1o de hardware optimizado para entornos a bordo","key_feature_text_description_3":"<p>Rango de temperatura de funcionamiento (-25 a 70&deg;C). Aislamiento de golpes y vibraciones. Rango de voltaje (9 a 36) VDC para conexi&oacute;n directa a bater&iacute;a. Apagado retardado para continuidad tras apagado de veh&iacute;culo.<\/p>","key_feature_long_description_4":"Protecci\u00f3n de alimentaci\u00f3n ISO7637-2 (MTBF mejorado)","key_feature_text_description_4":"<p>Protecci&oacute;n de alimentaci&oacute;n ISO7637-2 que permite conectar el dispositivo a la bater&iacute;a del veh&iacute;culo y lo protege contra fallos por una fuente de alimentaci&oacute;n inestable. Sensor de temperatura para apagado autom&aacute;tico.<\/p>","key_feature_long_description_5":"Agregaci\u00f3n de ancho de banda \/ Balanceo de carga","key_feature_text_description_5":"<p>Uso concurrente de m&uacute;ltiples interfaces WAN (5G, Wi-Fi, sat&eacute;lite, etc.) para distribuir y\/o agregar carga de varios servicios en diferentes interfaces, optimizando las &aacute;reas de cobertura y mejorando el rendimiento.<\/p>","key_feature_long_description_6":"Comunicaciones multiservicio aisladas y seguras","key_feature_text_description_6":"<p>Al utilizar protocolos avanzados con m&uacute;ltiples WAN, permite que los servicios y la gesti&oacute;n de las diferentes soluciones que comparten las comunicaciones se separen l&oacute;gicamente entre s&iacute;.<\/p>","key_feature_long_description_7":"GPS embebido (NMEA) de f\u00e1cil integraci\u00f3n con terceros","key_feature_text_description_7":"<p>Ideal para telemetr&iacute;a y gesti&oacute;n de flotas. El router incorpora un GPS (accesible a trav&eacute;s de un puerto TCP) que proporciona datos de geolocalizaci&oacute;n en tiempo real en formato NMEA.<\/p>","key_feature_long_description_8":"Comportamiento din\u00e1mico basado en ubicaci\u00f3n (GPS)","key_feature_text_description_8":"<p>El dispositivo puede operar de diferente seg&uacute;n su posici&oacute;n GPS. El Wi-Fi tiene modo&nbsp;AP o cliente para sincronizaci&oacute;n de datos en dep&oacute;sitos, mientras que la selecci&oacute;n de SIM optimiza la cobertura y el consumo de datos.<\/p>","key_feature_long_description_9":"Gesti\u00f3n Profesional de Redes","key_feature_text_description_9":"<p>Gesti&oacute;n de red basada en la nube con funcionalidad de aprovisionamiento autom&aacute;tico. Funciones adicionales permiten analizar la calidad del servicio y la disponibilidad a lo largo de la ruta.<\/p>","key_feature_long_description_10":"","key_feature_text_description_10":"","description_datasheet":"","datasheet_file":"https:\/\/pim.teldat.com\/files\/pdf\/5878a7ab84fb43402106c575658472fa.pdf","imgDatasheet":"","solution_title":"","solution_text":"","solution_related_link":"","solution_image":"","case_study_title":"","case_study_description":"","case_study_link_1":"","case_study_text_1":"","case_study_text_2":"","case_study_link_2":"","case_study_link_3":"","case_study_text_3":"","pim_id":167,"id_en":166,"language":""},"wpml_current_locale":"es_ES","wpml_translations":[{"locale":"en_US","id":67403,"slug":"h5-automotive-communication-platform-wi-fi-7-5g-connectivity-for-car-bus-vehicles-and-transport","post_title":"H5-Automotive +","href":"https:\/\/www.teldat.com\/h5-automotive-communication-platform-wi-fi-7-5g-connectivity-for-car-bus-vehicles-and-transport\/"}],"_links":{"self":[{"href":"https:\/\/www.teldat.com\/es\/wp-json\/wp\/v2\/product\/67409","targetHints":{"allow":["GET"]}}],"collection":[{"href":"https:\/\/www.teldat.com\/es\/wp-json\/wp\/v2\/product"}],"about":[{"href":"https:\/\/www.teldat.com\/es\/wp-json\/wp\/v2\/types\/product"}],"replies":[{"embeddable":true,"href":"https:\/\/www.teldat.com\/es\/wp-json\/wp\/v2\/comments?post=67409"}],"wp:featuredmedia":[{"embeddable":true,"href":"https:\/\/www.teldat.com\/es\/wp-json\/wp\/v2\/media\/77915"}],"wp:attachment":[{"href":"https:\/\/www.teldat.com\/es\/wp-json\/wp\/v2\/media?parent=67409"}],"wp:term":[{"taxonomy":"product_brand","embeddable":true,"href":"https:\/\/www.teldat.com\/es\/wp-json\/wp\/v2\/product_brand?post=67409"},{"taxonomy":"product_cat","embeddable":true,"href":"https:\/\/www.teldat.com\/es\/wp-json\/wp\/v2\/product_cat?post=67409"},{"taxonomy":"product_tag","embeddable":true,"href":"https:\/\/www.teldat.com\/es\/wp-json\/wp\/v2\/product_tag?post=67409"}],"curies":[{"name":"wp","href":"https:\/\/api.w.org\/{rel}","templated":true}]}}