{"id":67576,"date":"2025-04-04T09:43:09","date_gmt":"2025-04-04T07:43:09","guid":{"rendered":"https:\/\/www.teldat.com\/product\/modulo-telecontrol-mtc\/"},"modified":"2026-02-11T16:54:09","modified_gmt":"2026-02-11T15:54:09","slug":"modulo-telecontrol-remoto-mtc","status":"publish","type":"product","link":"https:\/\/www.teldat.com\/es\/producto\/modulo-telecontrol-remoto-mtc\/","title":{"rendered":"M\u00f3dulo Telecontrol+ (MTC+)"},"content":{"rendered":"","protected":false},"excerpt":{"rendered":"","protected":false},"featured_media":74289,"comment_status":"open","ping_status":"closed","template":"","meta":{"_acf_changed":false,"_et_pb_use_builder":"","_et_pb_old_content":"","_et_gb_content_width":""},"product_brand":[],"product_cat":[1429],"product_tag":[],"class_list":{"0":"post-67576","1":"product","2":"type-product","3":"status-publish","4":"has-post-thumbnail","6":"product_cat-edge-network-computing-es","8":"first","9":"instock","10":"shipping-taxable","11":"product-type-simple"},"acf":{"category":"Edge Network Computing","Title_Product":"M\u00f3dulo Telecontrol+ (MTC+)","subtitle":"Control de alimentaci\u00f3n el\u00e9ctrica mediante IP","imgHeader":"https:\/\/pim.teldat.com\/files\/c20ad4d76fe97759aa27a0c99bff6710_FHD.webp","header-item1":"Altamente fiable","header-item2":"No requiere puerto en el switch ni direcci\u00f3n IP","header-item3":"Controla hasta 16 dispositivos con un \u00fanico router","header-item4":"Doble conmutaci\u00f3n mec\u00e1nica y electr\u00f3nica","header-item5":"Compatible 110\/220v y con tomas de red mundiales","header-item6":"Controlable por comandos de texto o SNMP","header-item7":"Soporte de altas potencias y cargas reactivas","imgHeader1":"https:\/\/pim.teldat.com\/files\/c20ad4d7vryf70cr_mltmxkx2.webp","imgHeader2":"https:\/\/pim.teldat.com\/files\/c20ad4d7n3gs5eeg_jn80nocu.webp","imgHeader3":"https:\/\/pim.teldat.com\/files\/c20ad4d72rnx7sgo_h6on1gpr.webp","imgHeader4":"https:\/\/pim.teldat.com\/files\/c20ad4d75qpawsim_hwhfobrg.webp","imgHeader5":"https:\/\/pim.teldat.com\/files\/c20ad4d7r5z1bxuc_xfppqgn4.webp","imgHeader6":"https:\/\/pim.teldat.com\/files\/c20ad4d71bprbtmv_qfbozvpo.webp","intro":"<p>El M&oacute;dulo de Telecontrol+ de Teldat permite controlar la alimentaci&oacute;n el&eacute;ctrica de dispositivos a distancia. De gran utilidad para reactivar m&aacute;quinas cr&iacute;ticas en un estado de bloqueo (como pueden ser cajeros remotos) o para activar o desactivar a distancia luces o m&aacute;quina alimentada por la red el&eacute;ctrica.<\/p>\r\n<p>El M&oacute;dulo de Telecontrol+ (MTC+) es un perif&eacute;rico de un router Teldat, gestionado &rdquo;fuera de banda&rdquo; ya que se conecta &uacute;nicamente al puerto de consola de dicho router. Al no precisar conexi&oacute;n Ethernet no consume recursos de infraestructura ni requiere operarios humanos para la puesta en marcha. Tampoco interfiere en la red.<\/p>","imgintro":"https:\/\/pim.teldat.com\/files\/c20ad4d76fe97759aa27a0c99bff6710_FIN.webp","competitive_advantage_title":"","competitive_advantage_a1":"Altamente fiable","competitive_advantage_b1":"<p>No incluye sistema operativo ni capa IP, solo el dispositivo electr&oacute;nico de control por lo que es inmune a fallos de software y totalmente estable.<\/p>","competitive_advantage_a2":"No requiere Ethernet ni direcci\u00f3n IP","competitive_advantage_b2":"<p>No requiere ni ocupa bocas de switch. No precisa reservar y administrar direcci&oacute;n IP. Funciona con independencia de la red, lo que le proporciona m&aacute;s seguridad.<\/p>","competitive_advantage_a3":"Control de hasta 16 dispositivos\/router","competitive_advantage_b3":"<p>Dispone de un puerto de control de entrada y un puerto de control de salida, para conectar MTC+ en cascada, sin ocupar recursos Ethernet ni IP.<\/p>","competitive_advantage_a4":"Doble conmutaci\u00f3n mec\u00e1nica y electr\u00f3nica","competitive_advantage_b4":"<p>Los sistemas basados en rel&eacute; generan chispas internas que acaban quemando los contactos. MTC+ corta electr&oacute;nicamente la corriente antes de la actuaci&oacute;n del rel&eacute;<\/p>","product_sw_hw":"","description":"","description_1":"<p>M&oacute;dulo de Telecontrol+ (MTC+) es un dispositivo que, conectado a un router Teldat, recibe se&ntilde;ales de control desde un puesto de mando para controlar la alimentaci&oacute;n el&eacute;ctrica de dispositivos. Adecuado para sistemas electr&oacute;nicos cr&iacute;ticos y susceptibles de quedar bloqueados (como cajeros u otros sistemas de control).<\/p>\r\n<p>En este tipo de dispositivos, la fiabilidad es clave; por ello MTC+ no incorpora S.O. ni capa IP ni conexi&oacute;n Ethernet, sino que utiliza los recursos del router. De esta forma, la operatividad 24 x 7 queda garantizada.<\/p>\r\n<p>Para mayor fiabilidad, incorpora un mecanismo de control electr&oacute;nico de la corriente adem&aacute;s del tradicional, mec&aacute;nico, para evitar &nbsp;&nbsp;chispas en contactos y maximizando la vida &uacute;til, incluso con cargas m&aacute;s potentes y reactivas.<\/p>\r\n<p>La conexi&oacute;n con el router tiene lugar mediante el puerto de consola. Con capacidad para conectar hasta 16 dispositivos en cascada.<\/p>","description_image_1":"https:\/\/pim.teldat.com\/files\/c20ad4d7ptqgrwk0_afofeg2d.webp","description_2":"<p>El M&oacute;dulo de Telecontrol+ de Teldat permite controlar la alimentaci&oacute;n el&eacute;ctrica de dispositivos a distancia. De gran utilidad para reactivar m&aacute;quinas cr&iacute;ticas en un estado de bloqueo (como pueden ser cajeros remotos), o activar o desactivar a distancia luces o cualquier m&aacute;quina alimentadas por la red.<\/p>\r\n<p>El M&oacute;dulo de Telecontrol+ (MTC+) es un perif&eacute;rico de un router Teldat, gestionado fuera de banda, ya que se conecta &uacute;nicamente al puerto de consola del router. Al no precisar conexi&oacute;n a Ethernet, no consume recursos de infraestructura, ni precisa de operarios humanos para la puesta en marcha. Tampoco interfiere en la red.<\/p>\r\n<p>MTC+ usa los recursos de red IP del router, aumentando as&iacute; la fiabilidad del dispositivo.<\/p>\r\n<p>Es posible conectar hasta 16 MTC+ en cascada a un &uacute;nico router.<\/p>\r\n<p>El control de MTC+ se realiza desde el router, que a su vez recibe comandos dirigidos al MTC+, ya sea mediante consola o SNMP<\/p>","description_image_2":"","key_feature_long_description_1":"Mayor fiabilidad al descargar tareas de red","key_feature_text_description_1":"<p>No incluye sistema operativo ni capa IP. Simplemente integra el sistema el&eacute;ctrico de control. De esta forma, es altamente fiable.<\/p>","key_feature_long_description_2":"No requiere conexi\u00f3n Ethernet","key_feature_text_description_2":"<p>Adem&aacute;s del evidente ahorro que supone en puertos Ethernet de la red, facilita la instalaci&oacute;n y aumenta la fiabilidad al independizarse del estado de la red local.<\/p>","key_feature_long_description_3":"Doble conmutaci\u00f3n mec\u00e1nica y electr\u00f3nica","key_feature_text_description_3":"<p>A diferencia de otros dispositivos de control mec&aacute;nico (rel&eacute;s), el corte de la corriente es electr&oacute;nico, en su paso por cero y sin contracorrientes ni chispazos, maximizando la vida libre y minimizando los fallos.<\/p>","key_feature_long_description_4":"Hasta 16 dispositivos conectables en cascada","key_feature_text_description_4":"<p>Permite el controlar varios dispositivos conectados en serie mediante el puerto de control, sin uso de puertos Ethernet adicionales.<\/p>","key_feature_long_description_5":"Compatible 110\/220v y con tomas de red mundiales","key_feature_text_description_5":"<p>Selecci&oacute;n en el propio dispositivo del voltaje y uso de tomas de corriente est&aacute;ndar con cables independientes, de forma que es v&aacute;lido en cualquier pa&iacute;s del mundo.<\/p>","key_feature_long_description_6":"Controlable por comandos de texto o SNMP","key_feature_text_description_6":"<p>Recibe comandos desde el router procedentes de un puesto de control v&iacute;a consola o mediante SNMP, lo que permite integrarlo en sistemas automatizados.<\/p>","key_feature_long_description_7":"Soporte de altas potencias y cargas reactivas","key_feature_text_description_7":"<p>El dise&ntilde;o de control electr&oacute;nico interno permite controlar cargas reactivas y de alta potencia; especialmente &uacute;til en entornos adversos.<\/p>","key_feature_long_description_8":"","key_feature_text_description_8":"","key_feature_long_description_9":"","key_feature_text_description_9":"","key_feature_long_description_10":"","key_feature_text_description_10":"","description_datasheet":"","datasheet_file":"https:\/\/pim.teldat.com\/files\/pdf\/c51ce410c124a10e0db5e4b97fc2af39.pdf","imgDatasheet":"","solution_title":"Un abanico completo de comunicaciones","solution_text":"<p>Las sucursales peque&ntilde;as pueden tener m&uacute;ltiples servicios de acceso de voz y datos, adem&aacute;s de un puerto de consola en un &uacute;nico equipo muy sencillo de gestionar.<\/p>","solution_related_link":"https:\/\/www.teldat.com\/es\/soluciones\/edge-network-computing\/sucursal-oficina-router-adsl-vdsl-lte-4g-3g-wifi-11n-fibra\/","solution_image":"https:\/\/pim.teldat.com\/files\/c20ad4d76fe97759aa27a0c99bff6710_FSL.jpeg","case_study_title":"M\u00f3dulo Telecontrol+ (MTC+): casos pr\u00e1cticos","case_study_description":"<p>Teldat-V, Teldat-M1 &amp; MTC+: Fiabilidad, seguridad y calidad del servicio gracias al control y monitorizaci&oacute;n de la red de cajeros del cliente.<\/p>","case_study_link_1":"https:\/\/www.teldat.com\/es\/casos-de-exito\/financiero\/conectividad-cajeros-control-remoto-lte-3g-4g\/","case_study_text_1":"","case_study_text_2":"","case_study_link_2":"Connectivity and remote control for ATMs","case_study_link_3":"","case_study_text_3":"","pim_id":13,"id_en":"","language":""},"wpml_current_locale":"es_ES","wpml_translations":[{"locale":"en_US","id":67573,"slug":"teldat-mtc-remote-router-device-restart-electricity","post_title":"Telecontrol+ (MTC+) module","href":"https:\/\/www.teldat.com\/teldat-mtc-remote-router-device-restart-electricity\/"}],"_links":{"self":[{"href":"https:\/\/www.teldat.com\/es\/wp-json\/wp\/v2\/product\/67576","targetHints":{"allow":["GET"]}}],"collection":[{"href":"https:\/\/www.teldat.com\/es\/wp-json\/wp\/v2\/product"}],"about":[{"href":"https:\/\/www.teldat.com\/es\/wp-json\/wp\/v2\/types\/product"}],"replies":[{"embeddable":true,"href":"https:\/\/www.teldat.com\/es\/wp-json\/wp\/v2\/comments?post=67576"}],"wp:featuredmedia":[{"embeddable":true,"href":"https:\/\/www.teldat.com\/es\/wp-json\/wp\/v2\/media\/74289"}],"wp:attachment":[{"href":"https:\/\/www.teldat.com\/es\/wp-json\/wp\/v2\/media?parent=67576"}],"wp:term":[{"taxonomy":"product_brand","embeddable":true,"href":"https:\/\/www.teldat.com\/es\/wp-json\/wp\/v2\/product_brand?post=67576"},{"taxonomy":"product_cat","embeddable":true,"href":"https:\/\/www.teldat.com\/es\/wp-json\/wp\/v2\/product_cat?post=67576"},{"taxonomy":"product_tag","embeddable":true,"href":"https:\/\/www.teldat.com\/es\/wp-json\/wp\/v2\/product_tag?post=67576"}],"curies":[{"name":"wp","href":"https:\/\/api.w.org\/{rel}","templated":true}]}}