{"id":69381,"date":"2025-05-21T16:43:19","date_gmt":"2025-05-21T14:43:19","guid":{"rendered":"https:\/\/www.teldat.com\/product\/windbit-sdlanet-manager\/"},"modified":"2026-02-18T18:42:41","modified_gmt":"2026-02-18T17:42:41","slug":"windbit-sdlanet-manager-solucion-cloud-based-con-integracion-de-ia-y-big-data-wi-fi","status":"publish","type":"product","link":"https:\/\/www.teldat.com\/es\/producto\/windbit-sdlanet-manager-solucion-cloud-based-con-integracion-de-ia-y-big-data-wi-fi\/","title":{"rendered":"Windbit SDLANet Manager"},"content":{"rendered":"","protected":false},"excerpt":{"rendered":"","protected":false},"featured_media":75421,"comment_status":"open","ping_status":"closed","template":"","meta":{"_acf_changed":false,"_et_pb_use_builder":"","_et_pb_old_content":"","_et_gb_content_width":""},"product_brand":[],"product_cat":[1427],"product_tag":[],"class_list":{"0":"post-69381","1":"product","2":"type-product","3":"status-publish","4":"has-post-thumbnail","6":"product_cat-access-products-es","8":"first","9":"instock","10":"shipping-taxable","11":"product-type-simple"},"acf":{"category":"Access Products","Title_Product":"Gesti\u00f3n Inteligente de Red","subtitle":"La soluci\u00f3n para optimizar la implementaci\u00f3n, configuraci\u00f3n y mantenimiento de la red local","imgHeader":"https:\/\/pim.teldat.com\/files\/854d6fae5ee42911677c739ee1734486_FHD.webp","header-item1":"SDLANet Manager hace que las redes sean f\u00e1cilmente visibles y m\u00e1s sencillas","header-item2":"Permite la gesti\u00f3n del todo el ciclo de despliegue de un proyecto de red","header-item3":"Monitorizaci\u00f3n remota de la red 24x7","header-item4":"Gesti\u00f3n de redes cableadas e inal\u00e1mbricas","header-item5":"Sistema de licencias temporales con dos niveles de servicio (B\u00e1sico\/Avanzado)","header-item6":"Planificaci\u00f3n de Wi-Fi (Site Survey), portal cautivo y optimizaci\u00f3n del radio","header-item7":"Identificaci\u00f3n de topolog\u00eda de red y configuraci\u00f3n automatizada de red (ZTP)","imgHeader1":"https:\/\/pim.teldat.com\/files\/854d6fae5ee42911677c739ee1734486_F1.webp","imgHeader2":"https:\/\/pim.teldat.com\/files\/854d6fae5ee42911677c739ee1734486_F2.webp","imgHeader3":"https:\/\/pim.teldat.com\/files\/854d6fae5ee42911677c739ee1734486_F3.webp","imgHeader4":"https:\/\/pim.teldat.com\/files\/854d6fae5ee42911677c739ee1734486_F4.webp","imgHeader5":"","imgHeader6":"","intro":"<p>SDLANet Manager (<span data-olk-copy-source=\"MessageBody\">LNM<\/span>) es una soluci&oacute;n en la nube que ofrece servicios de gesti&oacute;n de red y de ciclo de vida completo que abarcan la planificaci&oacute;n, implementaci&oacute;n, operaci&oacute;n y mantenimiento. Basada en tecnolog&iacute;as de big data, computaci&oacute;n en la nube e inteligencia artificial, <span data-olk-copy-source=\"MessageBody\">LNM<\/span> Cloud mejora la eficiencia de la construcci&oacute;n, gesti&oacute;n y operaci&oacute;n de redes de empresas y socios, y facilita su transformaci&oacute;n digital.<\/p>\r\n<p>Esta herramienta permite la gesti&oacute;n de toda la conectividad interna de una sede, incluyendo switches, puntos de acceso y controladores Wi-Fi en entornos de red de sucursales, campus, remotos y centros de datos.<\/p>","imgintro":"https:\/\/pim.teldat.com\/files\/854d6fae5ee42911677c739ee1734486_FIN.webp","competitive_advantage_title":"","competitive_advantage_a1":"Despliegue de red optimizado","competitive_advantage_b1":"<p>Planificaci&oacute;n y dise&ntilde;o de arquitectura de gesti&oacute;n de TI, descubrimiento autom&aacute;tico de dispositivos y topolog&iacute;a de red, aplicaci&oacute;n de configuraci&oacute;n autom&aacute;tica.<\/p>","competitive_advantage_a2":"Supervisi\u00f3n de red","competitive_advantage_b2":"<p>En estas 5 dimensiones\/puntos clave: cobertura, interferencias, roaming, acceso y autenticaci&oacute;n, se analizan los problemas existentes y se brindan sugerencias.<\/p>","competitive_advantage_a3":"Optimizaci\u00f3n del servicio","competitive_advantage_b3":"<p>SDL analiza y genera autom&aacute;ticamente planes de optimizaci&oacute;n, entrega la configuraci&oacute;n y presenta la situaci&oacute;n de la red antes y despu&eacute;s de la optimizaci&oacute;n.<\/p>","competitive_advantage_a4":"Control de funciones radio avanzadas","competitive_advantage_b4":"<p>Roaming inteligente. En un terminal en riesgo de recibir se&ntilde;ales de mala calidad, la IA lo monitorizar&aacute; en tiempo real para tomar mejores decisiones.<\/p>","product_sw_hw":"","description":"","description_1":"<p>SDLANet Manager (LNM) es una soluci&oacute;n en la nube que ofrece servicios de red inteligentes y de ciclo de vida completo que abarcan la planificaci&oacute;n, implementaci&oacute;n, operaci&oacute;n y mantenimiento de la red. Basada en tecnolog&iacute;as de big data, computaci&oacute;n en la nube e inteligencia artificial, LNM Cloud mejora la eficiencia de la construcci&oacute;n, gesti&oacute;n y operaci&oacute;n de redes de empresas y socios, y facilita su transformaci&oacute;n digital.<\/p>\r\n<p>Esta herramienta permite gestionar toda la conectividad interna de una sede, incluyendo switches, puntos de acceso y controladores Wi-Fi en entornos de red de sucursales, campus, remotos y centros de datos.<\/p>\r\n<p>Proporciona un panel &uacute;nico que facilita la interacci&oacute;n con los equipos de gesti&oacute;n, analizando y optimizando el rendimiento de la red LAN\/WLAN del cliente y detectando ineficiencias debidas a la falta de precisi&oacute;n en la fase inicial de los proyectos. Permite desplegar la red r&aacute;pidamente gracias a la funcionalidad ZTP.<\/p>","description_image_1":"https:\/\/pim.teldat.com\/files\/854d6fae5ee42911677c739ee1734486_S1.webp","description_2":"<p>SDLANet Manager (<span data-olk-copy-source=\"MessageBody\">LNM<\/span>) es una soluci&oacute;n en la nube que ofrece servicios de red inteligentes y de ciclo de vida completo que abarcan la planificaci&oacute;n, implementaci&oacute;n, operaci&oacute;n y mantenimiento de la red. Basada en tecnolog&iacute;as de big data, computaci&oacute;n en la nube e inteligencia artificial, <span data-olk-copy-source=\"MessageBody\">LNM<\/span> Cloud mejora la eficiencia de la construcci&oacute;n, gesti&oacute;n y operaci&oacute;n de redes de empresas y socios, y facilita su transformaci&oacute;n digital.<\/p>\r\n<p>Esta herramienta permite gestionar toda la conectividad interna de una sede, incluyendo switches, puntos de acceso y controladores Wi-Fi en entornos de red de sucursales, campus, remotos y centros de datos.<\/p>\r\n<p>Proporciona un panel &uacute;nico que facilita la interacci&oacute;n con los equipos de gesti&oacute;n, analizando y optimizando el rendimiento de la red LAN\/WLAN del cliente y detectando ineficiencias debidas a la falta de precisi&oacute;n en la fase inicial de los proyectos.&nbsp;&nbsp;<\/p>","description_image_2":"https:\/\/pim.teldat.com\/files\/854d6fae5ee42911677c739ee1734486_S2.webp","key_feature_long_description_1":"La inteligencia en la nube hace que las redes sean visi","key_feature_text_description_1":"<p>La operaci&oacute;n\/mantenimiento (O$M) no se basan &uacute;nicamente en los dispositivos, sino tambi&eacute;n en la experiencia del usuario en la red. Con SDLANet Manager el tiempo necesario para localizar fallas pasa de horas a minutos.<\/p>","key_feature_long_description_2":"Monitorizaci\u00f3n de la estabilidad de los equipos","key_feature_text_description_2":"<p>M&aacute;s de 100 puntos de control basados \u200b\u200ben reglas verifican autom&aacute;ticamente los dispositivos que se conectan o desconectan, as&iacute; como los errores de configuraci&oacute;n y versi&oacute;n.<\/p>","key_feature_long_description_3":"Optimizaci\u00f3n de la se\u00f1al radio en escenarios Wi-fi","key_feature_text_description_3":"<p>Independientemente de los cambios circunstanciales en la red, el riesgo de insuficiencia de la se&ntilde;al Wi-fi se analiza en funci&oacute;n de los registros de conexi&oacute;n de los terminales de red y se optimiza de forma sencilla<\/p>","key_feature_long_description_4":"Experiencia de usuario mejorada","key_feature_text_description_4":"<p>En funci&oacute;n del retraso, la p&eacute;rdida de paquetes, la intensidad de la se&ntilde;al, la utilizaci&oacute;n del canal y otros indicadores, a trav&eacute;s de grupos de entrenamiento de IA supervisado, se mide la experiencia del terminal.<\/p>","key_feature_long_description_5":"Actividad del terminal\/Saturaci\u00f3n de la red","key_feature_text_description_5":"<p>Los riesgos que requieren la expansi&oacute;n de la red se analizan en funci&oacute;n de la actividad actual de los usuarios y la saturaci&oacute;n de los recursos de la red.<\/p>","key_feature_long_description_6":"Switches, access points y controladoras visibles en un","key_feature_text_description_6":"<p>SDLANet Manager proporciona un panel integral para analizar y mejorar las redes LAN cableadas e inal&aacute;mbricas y ofrece reporting\/informes de una sede.<\/p>","key_feature_long_description_7":"NULL","key_feature_text_description_7":"NULL","key_feature_long_description_8":"NULL","key_feature_text_description_8":"NULL","key_feature_long_description_9":"NULL","key_feature_text_description_9":"NULL","key_feature_long_description_10":"NULL","key_feature_text_description_10":"NULL","description_datasheet":"","datasheet_file":"https:\/\/pim.teldat.com\/files\/pdf\/e2c0be24560d78c5e599c2a9c9d0bbd2.pdf","imgDatasheet":"","solution_title":"","solution_text":"","solution_related_link":"","solution_image":"","case_study_title":"","case_study_description":"","case_study_link_1":"","case_study_text_1":"","case_study_text_2":"","case_study_link_2":"","case_study_link_3":"","case_study_text_3":"","pim_id":203,"id_en":"","language":""},"wpml_current_locale":"es_ES","wpml_translations":[{"locale":"en_US","id":69378,"slug":"windbit-sdlanet-manager-cloud-based-solution-ai-big-data-and-cloud-computing","post_title":"Windbit SDLANet Manager","href":"https:\/\/www.teldat.com\/windbit-sdlanet-manager-cloud-based-solution-ai-big-data-and-cloud-computing\/"}],"_links":{"self":[{"href":"https:\/\/www.teldat.com\/es\/wp-json\/wp\/v2\/product\/69381","targetHints":{"allow":["GET"]}}],"collection":[{"href":"https:\/\/www.teldat.com\/es\/wp-json\/wp\/v2\/product"}],"about":[{"href":"https:\/\/www.teldat.com\/es\/wp-json\/wp\/v2\/types\/product"}],"replies":[{"embeddable":true,"href":"https:\/\/www.teldat.com\/es\/wp-json\/wp\/v2\/comments?post=69381"}],"wp:featuredmedia":[{"embeddable":true,"href":"https:\/\/www.teldat.com\/es\/wp-json\/wp\/v2\/media\/75421"}],"wp:attachment":[{"href":"https:\/\/www.teldat.com\/es\/wp-json\/wp\/v2\/media?parent=69381"}],"wp:term":[{"taxonomy":"product_brand","embeddable":true,"href":"https:\/\/www.teldat.com\/es\/wp-json\/wp\/v2\/product_brand?post=69381"},{"taxonomy":"product_cat","embeddable":true,"href":"https:\/\/www.teldat.com\/es\/wp-json\/wp\/v2\/product_cat?post=69381"},{"taxonomy":"product_tag","embeddable":true,"href":"https:\/\/www.teldat.com\/es\/wp-json\/wp\/v2\/product_tag?post=69381"}],"curies":[{"name":"wp","href":"https:\/\/api.w.org\/{rel}","templated":true}]}}