{"id":70684,"date":"2025-07-07T15:32:44","date_gmt":"2025-07-07T13:32:44","guid":{"rendered":"https:\/\/www.teldat.com\/product\/windbit-wap880-iax\/"},"modified":"2026-02-11T18:02:43","modified_gmt":"2026-02-11T17:02:43","slug":"windbit-wap880-iax-punto-de-acceso-wi-fi-6-wpa3-5ghz-lan-inalambrica-vlan-escenarios-corporativos-y-de-oficina-remota","status":"publish","type":"product","link":"https:\/\/www.teldat.com\/es\/producto\/windbit-wap880-iax-punto-de-acceso-wi-fi-6-wpa3-5ghz-lan-inalambrica-vlan-escenarios-corporativos-y-de-oficina-remota\/","title":{"rendered":"Windbit WAP880-Iax"},"content":{"rendered":"","protected":false},"excerpt":{"rendered":"","protected":false},"featured_media":70686,"comment_status":"open","ping_status":"closed","template":"","meta":{"_acf_changed":false,"_et_pb_use_builder":"","_et_pb_old_content":"","_et_gb_content_width":""},"product_brand":[],"product_cat":[1427],"product_tag":[],"class_list":{"0":"post-70684","1":"product","2":"type-product","3":"status-publish","4":"has-post-thumbnail","6":"product_cat-access-products-es","8":"first","9":"instock","10":"shipping-taxable","11":"product-type-simple"},"acf":{"category":"Access Products","Title_Product":"Punto de acceso Wi-fi 6 modelo WAP880-Iax","subtitle":"Access point interior de alto rendimiento","imgHeader":"https:\/\/pim.teldat.com\/files\/eb163727plxr89ig_vysjw3hq.webp","header-item1":"Puerto Combo de alta velocidad hasta 5Gbps, cobre u \u00f3ptico","header-item2":"Alto rendimiento gracias a las tecnologias QAM\/OFDMA","header-item3":"Gesti\u00f3n flexible(Nube\/Controlador\/Aut\u00f3nomo)","header-item4":"Elevada Seguridad (WPA3) y Confiabilidad","header-item5":"Minimizaci\u00f3n de interferencias y hasta 1536 clientes conectados","header-item6":"Dynamic Frequency Selection (DFS)","header-item7":"AI Radio, 2.4 GHz\/5 GHz an\u00e1lisis espectral","imgHeader1":"https:\/\/pim.teldat.com\/files\/eb1637279ovduizk_wdxvwnbs.webp","imgHeader2":"https:\/\/pim.teldat.com\/files\/eb163727b2chleep_fck9tt54.webp","imgHeader3":"https:\/\/pim.teldat.com\/files\/eb163727jcxr6ynv_igqerabu.webp","imgHeader4":"https:\/\/pim.teldat.com\/files\/eb163727zvfvwf3e_anwaarh9.webp","imgHeader5":"","imgHeader6":"","intro":"<p>El WAP880-Iax es un punto de acceso inal&aacute;mbrico Wi-Fi 6 Quad-Radio y que ofrece un alto rendimiento de hasta 7,780 Gbps de velocidad m&aacute;xima de datos y tecnolog&iacute;a de encriptaci&oacute;n de nivel empresarial incluyendo WPA3. Debido al modo de gesti&oacute;n de nube h&iacute;brida y al dise&ntilde;o de acceso de alta densidad, es adecuado para una implementaci&oacute;n flexible en escenarios corporativos de oficina remota como en centros de educaci&oacute;n, organismos p&uacute;blicos, turismo y restauraci&oacute;n, donde se requiera alta capacidad de terminales conectados con una experiencia de usuario de alta gama.<\/p>","imgintro":"https:\/\/pim.teldat.com\/files\/eb163727zhl6bccv_kh0jcdjj.webp","competitive_advantage_title":"","competitive_advantage_a1":"Tecnologia en alta densidad de usuarios","competitive_advantage_b1":"<p>Equipos de rango corporativo con triple radio Wi-Fi 6 y hasta 8 flujos de datos, soluci&oacute;n &oacute;ptima para escenarios de alta densidad.<\/p>","competitive_advantage_a2":"Inteligencia para la optimizaci\u00f3n Wi-Fi","competitive_advantage_b2":"<p>Con el m&oacute;dulo de radio IA del equipo, se escanea el entorno AP en tiempo real, permitiendo una optimizaci&oacute;n inteligente de la red.<\/p>","competitive_advantage_a3":"Administraci\u00f3n simple y eficiente","competitive_advantage_b3":"<p>Flexible para todos los escenarios: Configuraci&oacute;n web en modo punto de acceso aut&oacute;nomo, o gesti&oacute;n en la nube o preparado para un controlador de LAN inal&aacute;mbrica<\/p>","competitive_advantage_a4":"Portal cautivo, planificaci\u00f3n radio, IA","competitive_advantage_b4":"La soluci\u00f3n de gesti\u00f3n incorpora herramientas que no es necesario externalizar, lo que permite una reducci\u00f3n considerable de costes.","product_sw_hw":"","description":"","description_1":"<p>El WAP880-Iax es un punto de acceso inal&aacute;mbrico Wi-Fi 6 quad-radio, con un alto rendimiento de hasta 7,78 Gbps de velocidad m&aacute;xima de datos y tecnolog&iacute;a de encriptaci&oacute;n de nivel empresarial.<br>Es un dispositivo con hasta 8 flujos MIMO, con dise&ntilde;o de doble banda (2,4 GHz + 5 GHz), con acceso de alta velocidad de modulaci&oacute;n de amplitud en cuadratura (QAM) 1024 y acceso m&uacute;ltiple por divisi&oacute;n de frecuencia ortogonal (OFDMA).<\/p>\r\n<p>Debido al modo de gesti&oacute;n de nube h&iacute;brida y al dise&ntilde;o de acceso de alta densidad, es adecuado para una implementaci&oacute;n flexible en escenarios corporativos de oficina remota o en educaci&oacute;n, organismos p&uacute;blicos, turismo y restauraci&oacute;n.<\/p>\r\n<p>El AP incorpora un m&oacute;dulo de radio para IA que analiza el ecosistema radio que rodea al equipo y facilita informaci&oacute;n bigdata para implementar mejoras de eficiencia en los procesos de optimizaci&oacute;n del sistema.<\/p>","description_image_1":"https:\/\/pim.teldat.com\/files\/eb16372742jhffzo_ip2wsbsk.webp","description_2":"<p>El WAP880-Iax es un punto de acceso inal&aacute;mbrico Wi-Fi 6 quad-radio, con un alto rendimiento de hasta 7,78 Gbps de velocidad m&aacute;xima de datos y tecnolog&iacute;a de encriptaci&oacute;n de nivel empresarial.<br>Es un dispositivo con hasta 8 flujos MIMO, con dise&ntilde;o de doble banda (2,4 GHz + 5 GHz), con acceso de alta velocidad de modulaci&oacute;n de amplitud en cuadratura (QAM) 1024 y acceso m&uacute;ltiple por divisi&oacute;n de frecuencia ortogonal (OFDMA).<\/p>\r\n<p>Debido al modo de gesti&oacute;n de nube h&iacute;brida y al dise&ntilde;o de acceso de alta densidad, es adecuado para una implementaci&oacute;n flexible en escenarios corporativos de oficina remota o en educaci&oacute;n, organismos p&uacute;blicos, turismo y restauraci&oacute;n.<\/p>\r\n<p>El AP incorpora un m&oacute;dulo de radio para IA que analiza el ecosistema radio que rodea al equipo y facilita informaci&oacute;n bigdata para implementar mejoras de eficiencia en los procesos de optimizaci&oacute;n del sistema.<\/p>","description_image_2":"","key_feature_long_description_1":"Alta velocidad de acceso radio 1024-QAM","key_feature_text_description_1":"Con modulaci\u00f3n 1024-OAM y 802.11ax, la velocidad m\u00e1xima de acceso a 5 GHz puede alcanzar los 7,2 Gbps. Con las tres radios activadas simult\u00e1neamente, se llega hasta 7,78 Gbps, una experiencia top de alta velocidad.","key_feature_long_description_2":"Alta densidad de usuarios gracias a OFDMA","key_feature_text_description_2":"OFDMA permite que m\u00faltiples usuarios reciban\/env\u00eden paquetes simult\u00e1neamente a trav\u00e9s del AP, minimizando la contenci\u00f3n de usuarios y el reenv\u00edo de datos, lo que reduce la latencia y mejora la eficiencia de la red.","key_feature_long_description_3":"Elevada seguridad y confiabilidad","key_feature_text_description_3":"<p>Tecnolog&iacute;as de encriptaci&oacute;n y autenticaci&oacute;n que incluyen WiFi Protected Access 3 (WPA3), seguridad abierta mejorada, 802.1X y clave privada precompartida (PPSK), lo que mejora la seguridad de los datos.<\/p>","key_feature_long_description_4":"Calidad de se\u00f1al mejorada","key_feature_text_description_4":"<p>Admite diversidad de cambio\/retardo c&iacute;clico (CDD\/CSD), combinaci&oacute;n de relaci&oacute;n m&aacute;xima (MRC), codificaci&oacute;n de bloques de espacio-tiempo (STBC) y verificaci&oacute;n de paridad de baja densidad (LDPC)<\/p>","key_feature_long_description_5":"Amplitud de canal de hasta 160Mhz","key_feature_text_description_5":"<p>Los canales pueden ser de 20 MHz, 40 MHz, 80 MHz y 160 MHz.<\/p>","key_feature_long_description_6":"Alto n\u00famero de BSSIDs","key_feature_text_description_6":"<p>Los administradores de red pueden encriptar y aislar por separado VLAN o subredes del mismo SSID, con modos de autenticaci&oacute;n espec&iacute;ficos para cada SSID. Admite hasta 48 (16 BSSID por radio).<\/p>","key_feature_long_description_7":"Sistema inal\u00e1mbrico de detecci\u00f3n de intrusos (WIDS)","key_feature_text_description_7":"<p>Y aislamiento de usuarios, detecci&oacute;n y contenci&oacute;n de puntos de acceso no autorizados. Pol&iacute;tica de protecci&oacute;n de CPU (CPP). Pol&iacute;tica de protecci&oacute;n de la base de la red (NFPP).<\/p>","key_feature_long_description_8":"Servicios IPv4\/IPv6","key_feature_text_description_8":"<p>Servidor DHCPv4, NAT4, descubrimiento de vecinos (ND), ICMPv6, cliente DHCP IPv6, enrutamiento est&aacute;tico, cliente PPPoE, IPsec VPN<\/p>","key_feature_long_description_9":"Alimenta otros dispositivos IoT","key_feature_text_description_9":"<p>Si se alimenta con 802.3bt (PoE++), el AP puede suministrar energ&iacute;a a un dispositivo externo.<br \/>- USB: hasta 1A\/5W a un dispositivo conectado.<br \/> -LAN 2: hasta 48V\/12,95W a una unidad IoT.<\/p>","key_feature_long_description_10":"","key_feature_text_description_10":"","description_datasheet":"","datasheet_file":"https:\/\/www.teldat.com\/wp-content\/uploads\/2025\/10\/WAP880_ESP.pdf","imgDatasheet":"","solution_title":"","solution_text":"","solution_related_link":"","solution_image":"","case_study_title":"","case_study_description":"","case_study_link_1":"","case_study_text_1":"","case_study_text_2":"","case_study_link_2":"","case_study_link_3":"","case_study_text_3":"","pim_id":212,"id_en":"","language":""},"wpml_current_locale":"es_ES","wpml_translations":[{"locale":"en_US","id":70681,"slug":"windbit-wap880-iax-access-point-wi-fi-6-network-and-wlan-connectivity-cloud-management-lan-controller","post_title":"Windbit WAP880-Iax","href":"https:\/\/www.teldat.com\/windbit-wap880-iax-access-point-wi-fi-6-network-and-wlan-connectivity-cloud-management-lan-controller\/"}],"_links":{"self":[{"href":"https:\/\/www.teldat.com\/es\/wp-json\/wp\/v2\/product\/70684","targetHints":{"allow":["GET"]}}],"collection":[{"href":"https:\/\/www.teldat.com\/es\/wp-json\/wp\/v2\/product"}],"about":[{"href":"https:\/\/www.teldat.com\/es\/wp-json\/wp\/v2\/types\/product"}],"replies":[{"embeddable":true,"href":"https:\/\/www.teldat.com\/es\/wp-json\/wp\/v2\/comments?post=70684"}],"wp:featuredmedia":[{"embeddable":true,"href":"https:\/\/www.teldat.com\/es\/wp-json\/wp\/v2\/media\/70686"}],"wp:attachment":[{"href":"https:\/\/www.teldat.com\/es\/wp-json\/wp\/v2\/media?parent=70684"}],"wp:term":[{"taxonomy":"product_brand","embeddable":true,"href":"https:\/\/www.teldat.com\/es\/wp-json\/wp\/v2\/product_brand?post=70684"},{"taxonomy":"product_cat","embeddable":true,"href":"https:\/\/www.teldat.com\/es\/wp-json\/wp\/v2\/product_cat?post=70684"},{"taxonomy":"product_tag","embeddable":true,"href":"https:\/\/www.teldat.com\/es\/wp-json\/wp\/v2\/product_tag?post=70684"}],"curies":[{"name":"wp","href":"https:\/\/api.w.org\/{rel}","templated":true}]}}