{"id":73884,"date":"2025-12-01T11:11:02","date_gmt":"2025-12-01T10:11:02","guid":{"rendered":"https:\/\/www.teldat.com\/product\/windbit-wap421-ibe\/"},"modified":"2026-04-15T12:44:28","modified_gmt":"2026-04-15T10:44:28","slug":"windbit-wap421-ibe-router-punto-acceso-wi-fi-7-dual-radio-wpa3-ipv4-ipv6","status":"publish","type":"product","link":"https:\/\/www.teldat.com\/es\/producto\/windbit-wap421-ibe-router-punto-acceso-wi-fi-7-dual-radio-wpa3-ipv4-ipv6\/","title":{"rendered":"Windbit WAP421-IBE"},"content":{"rendered":"","protected":false},"excerpt":{"rendered":"","protected":false},"featured_media":77939,"comment_status":"open","ping_status":"closed","template":"","meta":{"_acf_changed":false,"_et_pb_use_builder":"","_et_pb_old_content":"","_et_gb_content_width":""},"product_brand":[],"product_cat":[1427],"product_tag":[],"class_list":{"0":"post-73884","1":"product","2":"type-product","3":"status-publish","4":"has-post-thumbnail","6":"product_cat-access-products-es","8":"first","9":"instock","10":"shipping-taxable","11":"product-type-simple"},"acf":{"category":"Access Products - ES","Title_Product":"Punto de acceso Wi-fi 7 modelo WAP421-IBE","subtitle":"Access point interior de alto rendimiento","imgHeader":"https:\/\/pim.teldat.com\/files\/bcbe3365dbhyabqr_u8u3z5nm.webp","header-item1":"Puerto Combo de alta velocidad hasta 2.5Gbps, cobre u \u00f3ptico","header-item2":"Alto rendimiento gracias a las tecnolog\u00edas 4096-QAM y OFDMA","header-item3":"Gesti\u00f3n flexible(Nube\/Controlador\/Aut\u00f3nomo)","header-item4":"Elevada Seguridad (WPA3) y Confiabilidad","header-item5":"Minimizaci\u00f3n de interferencias y hasta 256 clientes conectados","header-item6":"Dynamic Frequency Selection (DFS)","header-item7":"Gesti\u00f3n din\u00e1mica de radio 2,4 GHz\/5 GHz con optimizaci\u00f3n espectral","imgHeader1":"https:\/\/pim.teldat.com\/files\/bcbe3365nvxbg4k4_eksdqbtd.webp","imgHeader2":"https:\/\/pim.teldat.com\/files\/bcbe3365fxad7ln5_czir6quf.webp","imgHeader3":"https:\/\/pim.teldat.com\/files\/bcbe3365pu2omjsp_mpnwabqy.webp","imgHeader4":"https:\/\/pim.teldat.com\/files\/bcbe3365xbub7mr1_bft3n12a.webp","imgHeader5":"https:\/\/pim.teldat.com\/files\/bcbe3365mpuv2puh_xgld006h.webp","imgHeader6":"https:\/\/pim.teldat.com\/files\/bcbe3365ccnp69pj_jzl7q8v0.webp","intro":"<p>El WAP421-Ibe es un punto de acceso inal&aacute;mbrico Wi-Fi 7 Dual-Radio que ofrece un alto rendimiento de hasta 3,570 Gbps de velocidad m&aacute;xima de datos y tecnolog&iacute;a de encriptaci&oacute;n de nivel empresarial incluyendo WPA3.<\/p>\r\n<p><br data-start=\"525\" data-end=\"528\">Debido al modo de gesti&oacute;n de nube h&iacute;brida y al dise&ntilde;o de acceso de alta densidad, es adecuado para una implementaci&oacute;n flexible en escenarios corporativos de oficina remota como centros de educaci&oacute;n, organismos p&uacute;blicos, entornos empresariales y retail, donde se requiera alta capacidad de terminales conectados con una experiencia de usuario de nueva generaci&oacute;n.<\/p>","imgintro":"https:\/\/pim.teldat.com\/files\/bcbe3365ddbhaiob_cvx8tgvn.webp","competitive_advantage_title":"","competitive_advantage_a1":"Tecnolog\u00eda Wi-Fi 7 de alto rendimiento","competitive_advantage_b1":"<p>Equipo corporativo con doble radio Wi-Fi 7 (2&times;2 MIMO) y tecnolog&iacute;as OFDMA y 4096-QAM, ideal para escenarios de alta densidad<\/p>","competitive_advantage_a2":"Optimizaci\u00f3n autom\u00e1tica de la red Wi-Fi","competitive_advantage_b2":"<p>El equipo ajusta de forma din&aacute;mica los canales y la potencia de transmisi&oacute;n, optimizando el entorno radio y mejorando la eficiencia inal&aacute;mbrica.<\/p>","competitive_advantage_a3":"Administraci\u00f3n simple y eficiente","competitive_advantage_b3":"<p>Flexible para todos los escenarios: Configuraci&oacute;n web en modo punto de acceso aut&oacute;nomo, o gesti&oacute;n en la nube o preparado para un controlador de LAN inal&aacute;mbrica<\/p>","competitive_advantage_a4":"Portal cautivo y gesti\u00f3n centralizada","competitive_advantage_b4":"<p>La plataforma de administraci&oacute;n incorpora portal cautivo y herramientas integradas, evitando soluciones externas y reduciendo costes operativos.<\/p>","product_sw_hw":"","description":"","description_1":"<p data-start=\"258\" data-end=\"469\">El WAP421-Ibe es un punto de acceso inal&aacute;mbrico Wi-Fi 7 Dual-Radio, que ofrece un alto rendimiento de hasta 3,57 Gbps de velocidad m&aacute;xima de datos y tecnolog&iacute;a de encriptaci&oacute;n de nivel empresarial.<\/p>\r\n<p data-start=\"471\" data-end=\"702\">Es un dispositivo con dise&ntilde;o de doble radio, con soporte de los est&aacute;ndares IEEE 802.11be, 802.11ax, 802.11ac y 802.11n, eliminando los cuellos de botella de rendimiento y ofreciendo acceso inal&aacute;mbrico estable y eficiente.<\/p>\r\n<p data-start=\"704\" data-end=\"982\">Gracias al modo de gesti&oacute;n de nube h&iacute;brida y al dise&ntilde;o de acceso de alta densidad, es adecuado para una implementaci&oacute;n flexible en educaci&oacute;n, administraci&oacute;n p&uacute;blica, finanzas y empresa, garantizando conectividad de alta calidad y experiencia de usuario optimizada.<\/p>\r\n<p data-start=\"984\" data-end=\"1202\">El WAP421-Ibe puede instalarse en pared o techo y admite alimentaci&oacute;n PoE o local, siendo ideal para oficinas, salas de reuniones o pasillos, donde se requiera cobertura Wi-Fi estable, segura y eficiente.<\/p>","description_image_1":"https:\/\/pim.teldat.com\/files\/bcbe33650xvz2pqa_nn6mynyg.webp","description_2":"","description_image_2":"https:\/\/pim.teldat.com\/files\/bcbe3365zmk5pnx0_uorybgx7.webp","key_feature_long_description_1":"Alta velocidad de acceso radio 1024-QAM","key_feature_text_description_1":"<p>Con modulaci&oacute;n 4096-QAM y 802.11be, la velocidad m&aacute;xima de acceso puede alcanzar los 3,57 Gbps. Con ambas radios activadas simult&aacute;neamente, se obtiene una experiencia Wi-Fi 7 de alta velocidad y gran eficiencia.<\/p>","key_feature_long_description_2":"Alta densidad de usuarios gracias a OFDMA","key_feature_text_description_2":"OFDMA permite que m\u00faltiples usuarios reciban\/env\u00eden paquetes simult\u00e1neamente a trav\u00e9s del AP, minimizando la contenci\u00f3n de usuarios y el reenv\u00edo de datos, lo que reduce la latencia y mejora la eficiencia de la red.","key_feature_long_description_3":"Elevada seguridad y confiabilidad","key_feature_text_description_3":"<p>Tecnolog&iacute;as de encriptaci&oacute;n y autenticaci&oacute;n que incluyen WPA3, 802.1X y PPSK, garantizando comunicaciones seguras, control de acceso avanzado y protecci&oacute;n integral de los datos en entornos corporativos.<\/p>","key_feature_long_description_4":"Calidad de se\u00f1al mejorada","key_feature_text_description_4":"<p>Admite diversidad de cambio\/retardo c&iacute;clico (CDD\/CSD), combinaci&oacute;n de relaci&oacute;n m&aacute;xima (MRC), codificaci&oacute;n de bloques de espacio-tiempo (STBC) y verificaci&oacute;n de paridad de baja densidad (LDPC).<\/p>","key_feature_long_description_5":"Amplitud de canal de hasta 160Mhz","key_feature_text_description_5":"<p>Los canales pueden ser de 20 MHz, 40 MHz, 80 MHz y 160 MHz.<\/p>","key_feature_long_description_6":"Alto n\u00famero de BSSIDs","key_feature_text_description_6":"<p>Los administradores de red pueden encriptar y aislar por separado VLAN o subredes del mismo SSID, con modos de autenticaci&oacute;n espec&iacute;ficos para cada SSID. Admite hasta 32 (16 BSSID por radio).<\/p>","key_feature_long_description_7":"Sistema inal\u00e1mbrico de detecci\u00f3n de intrusos (WIDS)","key_feature_text_description_7":"<p>Y aislamiento de usuarios, detecci&oacute;n y contenci&oacute;n de puntos de acceso no autorizados. Pol&iacute;tica de protecci&oacute;n de CPU (CPP). Pol&iacute;tica de protecci&oacute;n de la base de la red (NFPP).<\/p>","key_feature_long_description_8":"Servicios IPv4\/IPv6","key_feature_text_description_8":"<p>Servidor DHCPv4, NAT4, descubrimiento de vecinos (ND), ICMPv6, cliente DHCP IPv6, enrutamiento est&aacute;tico, cliente PPPoE, IPsec VPN.<\/p>","key_feature_long_description_9":"","key_feature_text_description_9":"","key_feature_long_description_10":"","key_feature_text_description_10":"","description_datasheet":"","datasheet_file":"https:\/\/pim.teldat.com\/files\/pdf\/bcbe3365e6ac95ea2c0343a2395834dd.pdf","imgDatasheet":"","solution_title":"","solution_text":"","solution_related_link":"","solution_image":"","case_study_title":"","case_study_description":"","case_study_link_1":"","case_study_text_1":"","case_study_text_2":"","case_study_link_2":"","case_study_link_3":"","case_study_text_3":"","pim_id":222,"id_en":223,"language":""},"wpml_current_locale":"es_ES","wpml_translations":[{"locale":"en_US","id":73881,"slug":"windbit-wap421-ibe-wi-fi-7-access-point-mid-enterprises-wpa3-ipv4-ipv6","post_title":"Windbit WAP421-IBE","href":"https:\/\/www.teldat.com\/windbit-wap421-ibe-wi-fi-7-access-point-mid-enterprises-wpa3-ipv4-ipv6\/"}],"_links":{"self":[{"href":"https:\/\/www.teldat.com\/es\/wp-json\/wp\/v2\/product\/73884","targetHints":{"allow":["GET"]}}],"collection":[{"href":"https:\/\/www.teldat.com\/es\/wp-json\/wp\/v2\/product"}],"about":[{"href":"https:\/\/www.teldat.com\/es\/wp-json\/wp\/v2\/types\/product"}],"replies":[{"embeddable":true,"href":"https:\/\/www.teldat.com\/es\/wp-json\/wp\/v2\/comments?post=73884"}],"wp:featuredmedia":[{"embeddable":true,"href":"https:\/\/www.teldat.com\/es\/wp-json\/wp\/v2\/media\/77939"}],"wp:attachment":[{"href":"https:\/\/www.teldat.com\/es\/wp-json\/wp\/v2\/media?parent=73884"}],"wp:term":[{"taxonomy":"product_brand","embeddable":true,"href":"https:\/\/www.teldat.com\/es\/wp-json\/wp\/v2\/product_brand?post=73884"},{"taxonomy":"product_cat","embeddable":true,"href":"https:\/\/www.teldat.com\/es\/wp-json\/wp\/v2\/product_cat?post=73884"},{"taxonomy":"product_tag","embeddable":true,"href":"https:\/\/www.teldat.com\/es\/wp-json\/wp\/v2\/product_tag?post=73884"}],"curies":[{"name":"wp","href":"https:\/\/api.w.org\/{rel}","templated":true}]}}