{"id":74945,"date":"2026-02-10T12:25:52","date_gmt":"2026-02-10T11:25:52","guid":{"rendered":"https:\/\/www.teldat.com\/product\/windbit-sde-11k-serie\/"},"modified":"2026-02-27T12:48:33","modified_gmt":"2026-02-27T11:48:33","slug":"windbit-sde-11k-series-wi-fi-7-sd-wan-gestionado-xdr-conexion-5g","status":"publish","type":"product","link":"https:\/\/www.teldat.com\/es\/producto\/windbit-sde-11k-series-wi-fi-7-sd-wan-gestionado-xdr-conexion-5g\/","title":{"rendered":"Windbit SDE-11K Series"},"content":{"rendered":"","protected":false},"excerpt":{"rendered":"","protected":false},"featured_media":74943,"comment_status":"open","ping_status":"closed","template":"","meta":{"_acf_changed":false,"_et_pb_use_builder":"","_et_pb_old_content":"","_et_gb_content_width":""},"product_brand":[],"product_cat":[1429],"product_tag":[],"class_list":{"0":"post-74945","1":"product","2":"type-product","3":"status-publish","4":"has-post-thumbnail","6":"product_cat-edge-network-computing-es","8":"first","9":"instock","10":"shipping-taxable","11":"product-type-simple"},"acf":{"category":"Edge Network Computing","Title_Product":"Windbit SDE-11K: Edge Router para Oficina Remota","subtitle":"Plataforma de procesamiento de red de alta gama","imgHeader":"https:\/\/pim.teldat.com\/files\/979d472axnlkwcrf_bfa2whbz.webp","header-item1":"Listo para servicios agregados de 20 Gbps","header-item2":"Router tradicional o SD-WAN edge","header-item3":"Basado en la conocida arquitectura x86","header-item4":"Soluci\u00f3n \u00f3ptima para gran oficina, sucursal de coordinaci\u00f3n, o infraestructura de centros de datos","header-item5":"Fuente de alimentaci\u00f3n redundante (opcional)","header-item6":"Modelos 5G para respaldo de alta calidad con eSIM","header-item7":"Dying Gasp (Opci\u00f3n de f\u00e1brica)","imgHeader1":"https:\/\/pim.teldat.com\/files\/SDE_11K-_-Front-1.webp","imgHeader2":"https:\/\/pim.teldat.com\/files\/979d472a56uf8ttr_rggka4pr.webp","imgHeader3":"https:\/\/pim.teldat.com\/files\/979d472arjgzsdkb_uykmtzwi.webp","imgHeader4":"https:\/\/pim.teldat.com\/files\/979d472aawattrmm_lgteb7fr.webp","imgHeader5":"https:\/\/pim.teldat.com\/files\/979d472afpnguenw_m2u2c9fb.webp","imgHeader6":"","intro":"<p>El SDE-11K es una plataforma potente y flexible gracias a una arquitectura de hardware optimizada que incluye varias interfaces de 10 Gbps. Este nuevo dispositivo, con arquitectura Intel, ofrece alto rendimiento y bajas latencias de procesamiento, lo que lo convierte en la soluci&oacute;n ideal para sedes centrales o oficinas principales con altas exigencias para un gran n&uacute;mero de usuarios.La innovaci&oacute;n en hardware y la evoluci&oacute;n del software en este dispositivo ofrecen a los clientes un alto nivel de productividad y una excelente experiencia de usuario.<\/p>","imgintro":"https:\/\/pim.teldat.com\/files\/979d472aeukmuc8q_etha8ovl.webp","competitive_advantage_title":"","competitive_advantage_a1":"Edge flexible para multitud de servicios","competitive_advantage_b1":"<p>Es la soluci&oacute;n perfecta como router o edge SD-WAN para escenarios multi-WAN o multi-LAN, admitiendo una amplia variedad de configuraciones de conectividad.<\/p>","competitive_advantage_a2":"Seguridad embebida o en la nube","competitive_advantage_b2":"<p>El nuevo SDE-11K est&aacute; integrado con la arquitectura Teldat SASE, incluyendo gateway web seguro (SWG) y firewall de nivel 7 (NGFW).<\/p>","competitive_advantage_a3":"Detecci\u00f3n y respuesta extendidas (XDR)","competitive_advantage_b3":"<p>El SDE-11K permite a los equipos de TI tener visibilidad y control sobre las aplicaciones de sus redes f&iacute;sicas y virtuales en la nube gracias a la soluci&oacute;n XDR<\/p>","competitive_advantage_a4":"Conectividad 100% entornos cr\u00edticos","competitive_advantage_b4":"<p>Modelos SDE-11K con access point embebido Wi-Fi 7 para movilidad local sin cables y\/o backup de alta calidad 5G en caso de caida de la WAN<\/p>","product_sw_hw":"","description":"","description_1":"<p>El SDE-11K es una plataforma potente y flexible gracias a una arquitectura de hardware optimizada que incluye varias interfaces de 10 Gbps.&nbsp;Este nuevo dispositivo, con arquitectura Intel, ofrece alto rendimiento y bajas latencias de procesamiento, lo que lo convierte en la soluci&oacute;n ideal para sedes centrales o oficinas principales con altas exigencias para un gran n&uacute;mero de usuarios.<\/p>","description_image_1":"https:\/\/pim.teldat.com\/files\/979d472aiyclgufl_szb6nylc.webp","description_2":"<p>La innovaci&oacute;n en hardware y la evoluci&oacute;n del software en este dispositivo ofrecen a los clientes un alto nivel de productividad y una excelente experiencia de usuario. Es un dispositivo de nivel operador que puede migrar a SD-WAN o servicios seguros f&aacute;cilmente, ofreciendo todas las ventajas de Teldat SD-WAN a los administradores de TI.<\/p>","description_image_2":"https:\/\/pim.teldat.com\/files\/979d472apkx1vmft_lytt6sjl.webp","key_feature_long_description_1":"Alto rendimiento para servicios de enrutamiento avanzados","key_feature_text_description_1":"<p>El SDE-11K es un equipo orientado a escenarios de hasta 20 Gbps. agregado, con clasificaci&oacute;n de servicios y QoS, gracias a su potente arquitectura multin&uacute;cleo de hardware.<\/p>","key_feature_long_description_2":"Conectividad m\u00faltiple para alta disponibilidad","key_feature_text_description_2":"<p>Cuatro interfaces de 10 Gbps disponibles en cualquier tipo de configuraci&oacute;n, como puertos WAN o LAN. Adem&aacute;s, cuatro interfaces RJ45 GE ofrecen total flexibilidad en cualquier escenario.<\/p>","key_feature_long_description_3":"Soluciones de seguridad corporativa en la nube","key_feature_text_description_3":"<p>&nbsp;SDE-11K admite funciones de seguridad de software y servicios en la nube adicionales como be.Safe Smart para requisitos de software en seguridad y be.Safe Premium para una protecci&oacute;n completa contra amenazas.<\/p>","key_feature_long_description_4":"Puerto de consola para gesti\u00f3n fuera de banda","key_feature_text_description_4":"<p>Los servicios gestionados por operadores\/integradores requieren gesti&oacute;n fuera de banda para evitar interferencias con las redes de los clientes. Hay un puerto de consola disponible para admon. local con acceso seguro.<\/p>","key_feature_long_description_5":"Soporte de Dying Gasp","key_feature_text_description_5":"<p>La notificaci&oacute;n de alarma por fallo de alimentaci&oacute;n facilita el diagn&oacute;stico y acelera la resoluci&oacute;n de incidentes, optimizando los SLA comprometidos.<\/p>","key_feature_long_description_6":"Fuente de alimentaci\u00f3n redundante.","key_feature_text_description_6":"<p>Los servicios cr&iacute;ticos deben estar disponibles las 24 horas, los 7 d&iacute;as de la semana, los 365 d&iacute;as del a&ntilde;o. Para estos escenarios es obligatorio disponer de equipos con doble fuente de alimentaci&oacute;n.<\/p>","key_feature_long_description_7":"Sistema operativo para servicios corporativos","key_feature_text_description_7":"<p>El software del SDE-11K es el sistema operativo est&aacute;ndar de Teldat, validado en numerosos procesos de homologaci&oacute;n para servicios corporativos en todo el mundo.<\/p>","key_feature_long_description_8":"","key_feature_text_description_8":"","key_feature_long_description_9":"","key_feature_text_description_9":"","key_feature_long_description_10":"","key_feature_text_description_10":"","description_datasheet":"","datasheet_file":"https:\/\/pim.teldat.com\/files\/pdf\/d1c38a09acc34845c6be3a127a5aacaf.pdf","imgDatasheet":"","solution_title":"","solution_text":"","solution_related_link":"","solution_image":"","case_study_title":"","case_study_description":"","case_study_link_1":"","case_study_text_1":"","case_study_text_2":"","case_study_link_2":"","case_study_link_3":"","case_study_text_3":"","pim_id":225,"id_en":"","language":""},"wpml_current_locale":"es_ES","wpml_translations":[{"locale":"en_US","id":74942,"slug":"windbit-sde-11k-series-wi-fi-7-managed-sd-wan-5g-networks","post_title":"Windbit SDE-11K Series","href":"https:\/\/www.teldat.com\/windbit-sde-11k-series-wi-fi-7-managed-sd-wan-5g-networks\/"}],"_links":{"self":[{"href":"https:\/\/www.teldat.com\/es\/wp-json\/wp\/v2\/product\/74945","targetHints":{"allow":["GET"]}}],"collection":[{"href":"https:\/\/www.teldat.com\/es\/wp-json\/wp\/v2\/product"}],"about":[{"href":"https:\/\/www.teldat.com\/es\/wp-json\/wp\/v2\/types\/product"}],"replies":[{"embeddable":true,"href":"https:\/\/www.teldat.com\/es\/wp-json\/wp\/v2\/comments?post=74945"}],"wp:featuredmedia":[{"embeddable":true,"href":"https:\/\/www.teldat.com\/es\/wp-json\/wp\/v2\/media\/74943"}],"wp:attachment":[{"href":"https:\/\/www.teldat.com\/es\/wp-json\/wp\/v2\/media?parent=74945"}],"wp:term":[{"taxonomy":"product_brand","embeddable":true,"href":"https:\/\/www.teldat.com\/es\/wp-json\/wp\/v2\/product_brand?post=74945"},{"taxonomy":"product_cat","embeddable":true,"href":"https:\/\/www.teldat.com\/es\/wp-json\/wp\/v2\/product_cat?post=74945"},{"taxonomy":"product_tag","embeddable":true,"href":"https:\/\/www.teldat.com\/es\/wp-json\/wp\/v2\/product_tag?post=74945"}],"curies":[{"name":"wp","href":"https:\/\/api.w.org\/{rel}","templated":true}]}}