{"id":77138,"date":"2026-03-30T16:07:56","date_gmt":"2026-03-30T14:07:56","guid":{"rendered":"https:\/\/www.teldat.com\/product\/windbit-wap841-ibe\/"},"modified":"2026-04-15T12:57:12","modified_gmt":"2026-04-15T10:57:12","slug":"windbit-wap841-ibe-punto-acceso-wi-fi-7-quad-radio-ia-radio","status":"publish","type":"product","link":"https:\/\/www.teldat.com\/es\/producto\/windbit-wap841-ibe-punto-acceso-wi-fi-7-quad-radio-ia-radio\/","title":{"rendered":"Windbit WAP841-IBE"},"content":{"rendered":"","protected":false},"excerpt":{"rendered":"","protected":false},"featured_media":77943,"comment_status":"open","ping_status":"closed","template":"","meta":{"_acf_changed":false,"_et_pb_use_builder":"","_et_pb_old_content":"","_et_gb_content_width":""},"product_brand":[],"product_cat":[1427],"product_tag":[],"class_list":{"0":"post-77138","1":"product","2":"type-product","3":"status-publish","4":"has-post-thumbnail","6":"product_cat-access-products-es","8":"first","9":"instock","10":"shipping-taxable","11":"product-type-simple"},"acf":{"category":"Access Products - ES","Title_Product":"Punto de acceso Wi-fi 7 Quad-Radio","subtitle":"Radio IA integrado","imgHeader":"https:\/\/pim.teldat.com\/files\/289dff072vzmrhmx_2fghvlsd.webp","header-item1":"Funcionamiento simult\u00e1neo en las bandas de 2,4 GHz, 5 GHz y 6 GHz.","header-item2":"Soporte para modulaci\u00f3n avanzada, anchos de banda de canal \u00e1mplios, OFDMA y MLO.","header-item3":"Hasta 8 flujos espaciales que ofrecen un rendimiento inal\u00e1mbrico agregado de hasta 9,3 Gbps.","header-item4":"Conectividad multigigabit, incluidas interfaces Ethernet de alta velocidad de hasta 10 GbE.","header-item5":"M\u00f3dulo con IA para an\u00e1lisis radio en tiempo real: m\u00e1s seguridad y mejor experiencia de usuario","header-item6":"Optimizaci\u00f3n avanzada de RF:selecci\u00f3n din\u00e1mica de canales y control adaptativo de la potencia de Tx.","header-item7":"Seguridad de nivel empresarial, compatibles con autenticaci\u00f3n moderna, cifrado y acceso seguro.","imgHeader1":"https:\/\/pim.teldat.com\/files\/289dff07uwdrg3gi_mmduoe7v.webp","imgHeader2":"https:\/\/pim.teldat.com\/files\/289dff07oz2cad6h_zt1zwc1v.webp","imgHeader3":"https:\/\/pim.teldat.com\/files\/289dff07cynipvp3_idhjdnje.webp","imgHeader4":"https:\/\/pim.teldat.com\/files\/289dff07rrmas1oj_jrkycvwg.webp","imgHeader5":"https:\/\/pim.teldat.com\/files\/289dff07g6hvlcvj_cvaus4ku.webp","imgHeader6":"https:\/\/pim.teldat.com\/files\/289dff07efq643cw_echcnply.webp","intro":"<p>El Windbit WAP841-IBE es un punto de acceso inal&aacute;mbrico de &uacute;ltima generaci&oacute;n para empresas, dise&ntilde;ado para satisfacer las exigencias de entornos Wi-Fi 7 de alta densidad y alto rendimiento. Basado en una arquitectura de hardware moderna, ofrece conectividad inal&aacute;mbrica fiable y de alto rendimiento para empresas, campus universitarios, hoteles y espacios p&uacute;blicos.<\/p>\r\n<p>Preparado para la escalabilidad, la fiabilidad a largo plazo, el Windbit WAP841-IBE es la soluci&oacute;n ideal para organizaciones que buscan actualizar sus redes inal&aacute;mbricas con un AP para el futturo, combinando rendimiento, estabilidad y seguridad.<\/p>","imgintro":"https:\/\/pim.teldat.com\/files\/289dff07wis7gyyq_cov3zdhz.webp","competitive_advantage_title":"","competitive_advantage_a1":"Capacidad inal\u00e1mbrica ultra alta.","competitive_advantage_b1":"<p>La arquitectura de cuatro radios y las caracter&iacute;sticas de la clase Wi-Fi 7 ofrecen un alto rendimiento agregado y excelente experiencia de usuario<\/p>","competitive_advantage_a2":"Optimizaci\u00f3n autom\u00e1tica de la red Wi-Fi","competitive_advantage_b2":"<p>El dispositivo ajusta din&aacute;micamente los canales y la potencia de transmisi&oacute;n, optimizando el entorno radioel&eacute;ctrico y mejorando la eficiencia inal&aacute;mbrica.<\/p>","competitive_advantage_a3":"Administraci\u00f3n sencilla y eficiente","competitive_advantage_b3":"<p>Flexible en cualquier escenario: configuraci&oacute;n web en modo punto de acceso independiente, gesti&oacute;n en la nube o compatible con un controlador de red inal&aacute;mbrica.<\/p>","competitive_advantage_a4":"Portal cautivo, gesti\u00f3n centralizada","competitive_advantage_b4":"<p>La plataforma de gesti&oacute;n incorpora un portal cautivo y herramientas integradas, evitando soluciones externas y reduciendo los costes operativos.<\/p>","product_sw_hw":"","description":"","description_1":"<p>El Windbit WAP841-IBE es un punto de acceso empresarial de alto rendimiento para interiores, dise&ntilde;ado para redes inal&aacute;mbricas ultradensas de nueva generaci&oacute;n. Basado en una arquitectura de cuatro radios que opera en las bandas de 2,4 GHz, 5 GHz y 6 GHz simult&aacute;neamente.<\/p>\r\n<p>La plataforma incorpora tecnolog&iacute;as avanzadas de clase Wi-Fi 7, incluyendo modulaci&oacute;n de orden superior, anchos de banda de canal amplios, OFDMA, MU-MIMO y conceptos de operaci&oacute;n de enlace m&uacute;ltiple para maximizar la eficiencia espectral y reducir la latencia bajo cargas pesadas. La gesti&oacute;n inteligente de RF permite la asignaci&oacute;n din&aacute;mica de canales, el control de potencia adaptativo y la programaci&oacute;n con detecci&oacute;n de interferencias.<\/p>\r\n<p>El WAP841-IBE integra interfaces multigigabit hasta 10G, lo que garantiza capacidad suficiente para tr&aacute;fico inal&aacute;mbrico de alto rendimiento. Admite alimentaci&oacute;n PoE\/PoE+\/PoE++ y puede gestionar hasta 768 dispositivos de cliente simult&aacute;neos.<\/p>","description_image_1":"https:\/\/pim.teldat.com\/files\/289dff07jmbh9xoz_nshktsrd.webp","description_2":"<p>El Windbit WAP841-IBE es un punto de acceso empresarial de alto rendimiento para interiores, dise&ntilde;ado para redes inal&aacute;mbricas ultradensas de nueva generaci&oacute;n. Basado en una arquitectura de cuatro radios que opera en las bandas de 2,4 GHz, 5 GHz y 6 GHz simult&aacute;neamente.<\/p>\r\n<p>La plataforma incorpora tecnolog&iacute;as avanzadas de clase Wi-Fi 7, incluyendo modulaci&oacute;n de orden superior, anchos de banda de canal amplios, OFDMA, MU-MIMO y conceptos de operaci&oacute;n de enlace m&uacute;ltiple para maximizar la eficiencia espectral y reducir la latencia bajo cargas pesadas. La gesti&oacute;n inteligente de RF permite la asignaci&oacute;n din&aacute;mica de canales, el control de potencia adaptativo y la programaci&oacute;n con detecci&oacute;n de interferencias.<\/p>\r\n<p>El WAP841-IBE integra interfaces multigigabit hasta 10G, lo que garantiza capacidad suficiente para tr&aacute;fico inal&aacute;mbrico de alto rendimiento. Admite alimentaci&oacute;n PoE\/PoE+\/PoE++ y puede gestionar hasta 768 dispositivos de cliente simult&aacute;neos.<\/p>","description_image_2":"https:\/\/pim.teldat.com\/files\/289dff07xx8gby4t_lzxvx9fg.webp","key_feature_long_description_1":"Tecnolog\u00eda avanzada 4096-QAM","key_feature_text_description_1":"<p>Con la modulaci&oacute;n 4096-QAM y el est&aacute;ndar 802.11be, la velocidad m&aacute;xima de acceso puede alcanzar los 9335 Gbps. Al activar simult&aacute;neamente todas las radios, se logra una experiencia Wi-Fi 7 de alta velocidad y eficiencia.<\/p>","key_feature_long_description_2":"Acceso M\u00faltiple por Divisi\u00f3n de Frecuencia Ortogonal (OFDMA)","key_feature_text_description_2":"<p>OFDMA permite que varios usuarios reciban y env&iacute;en paquetes simult&aacute;neamente a trav&eacute;s del punto de acceso, minimizando la contenci&oacute;n de usuarios y el reenv&iacute;o de datos, reduciendo latencia y mejorando la eficiencia.<\/p>","key_feature_long_description_3":"Alta seguridad y fiabilidad","key_feature_text_description_3":"<p>Tecnolog&iacute;as de cifrado y autenticaci&oacute;n, como WPA3, 802.1X y PPSK, que garantizan comunicaciones seguras, control de acceso avanzado y protecci&oacute;n integral de datos en entornos corporativos.<\/p>","key_feature_long_description_4":"Mejora de la calidad de la se\u00f1al","key_feature_text_description_4":"<p>Admite diversidad de desplazamiento\/retardo c&iacute;clico (CDD\/CSD), combinaci&oacute;n de relaci&oacute;n m&aacute;xima (MRC), codificaci&oacute;n de bloques espacio-temporales (STBC) y comprobaci&oacute;n de paridad de baja densidad (LDPC).<\/p>","key_feature_long_description_5":"Ancho de canal de hasta 320 MHz","key_feature_text_description_5":"<p>Los canales pueden ser de 20 MHz, 40 MHz, 80 MHz, 160 MHz y 320 MHz.<\/p>","key_feature_long_description_6":"Gran cantidad de BSSIDs","key_feature_text_description_6":"<p>Los administradores de red pueden cifrar y aislar VLAN o subredes independientes del mismo SSID, con m&eacute;todos de autenticaci&oacute;n espec&iacute;ficos para cada uno. Admite hasta 48 (16 BSSID por radio)<\/p>","key_feature_long_description_7":"Sistema de detecci\u00f3n de intrusos inal\u00e1mbricos (WIDS)","key_feature_text_description_7":"<p>Aislamiento de usuarios, detecci&oacute;n y contenci&oacute;n de puntos de acceso no autorizados. Otros m&eacute;todos de seguridad: Pol&iacute;tica de protecci&oacute;n de la CPU (CPP). Pol&iacute;tica de protecci&oacute;n de la infraestructura de red (NFPP).<\/p>","key_feature_long_description_8":"Servicios IPv4\/IPv6","key_feature_text_description_8":"<p>DHCPv4 server, NAT4, neighbor discovery (ND), ICMPv6, IPv6 DHCP client, static routing, PPPoE client, IPsec VPN.<\/p>","key_feature_long_description_9":"","key_feature_text_description_9":"","key_feature_long_description_10":"","key_feature_text_description_10":"","description_datasheet":"","datasheet_file":"https:\/\/pim.teldat.com\/files\/pdf\/289dff07669d7a23de0ef88d2f7129e7.pdf","imgDatasheet":"","solution_title":"","solution_text":"","solution_related_link":"","solution_image":"","case_study_title":"","case_study_description":"","case_study_link_1":"","case_study_text_1":"","case_study_text_2":"","case_study_link_2":"","case_study_link_3":"","case_study_text_3":"","pim_id":234,"id_en":233,"language":""},"wpml_current_locale":"es_ES","wpml_translations":[{"locale":"en_US","id":77135,"slug":"windbit-wap841-ibe-wi-fi-7-quad-radio-access-point-ai-radio","post_title":"Windbit WAP841-IBE","href":"https:\/\/www.teldat.com\/windbit-wap841-ibe-wi-fi-7-quad-radio-access-point-ai-radio\/"}],"_links":{"self":[{"href":"https:\/\/www.teldat.com\/es\/wp-json\/wp\/v2\/product\/77138","targetHints":{"allow":["GET"]}}],"collection":[{"href":"https:\/\/www.teldat.com\/es\/wp-json\/wp\/v2\/product"}],"about":[{"href":"https:\/\/www.teldat.com\/es\/wp-json\/wp\/v2\/types\/product"}],"replies":[{"embeddable":true,"href":"https:\/\/www.teldat.com\/es\/wp-json\/wp\/v2\/comments?post=77138"}],"wp:featuredmedia":[{"embeddable":true,"href":"https:\/\/www.teldat.com\/es\/wp-json\/wp\/v2\/media\/77943"}],"wp:attachment":[{"href":"https:\/\/www.teldat.com\/es\/wp-json\/wp\/v2\/media?parent=77138"}],"wp:term":[{"taxonomy":"product_brand","embeddable":true,"href":"https:\/\/www.teldat.com\/es\/wp-json\/wp\/v2\/product_brand?post=77138"},{"taxonomy":"product_cat","embeddable":true,"href":"https:\/\/www.teldat.com\/es\/wp-json\/wp\/v2\/product_cat?post=77138"},{"taxonomy":"product_tag","embeddable":true,"href":"https:\/\/www.teldat.com\/es\/wp-json\/wp\/v2\/product_tag?post=77138"}],"curies":[{"name":"wp","href":"https:\/\/api.w.org\/{rel}","templated":true}]}}